{"id":10940,"date":"2024-11-15T10:39:15","date_gmt":"2024-11-15T10:39:15","guid":{"rendered":"https:\/\/www.ausrosgimnazija.kalveliai.vilniausr.lm.lt\/?page_id=10940"},"modified":"2025-03-13T15:03:13","modified_gmt":"2025-03-13T15:03:13","slug":"projektai-2024-2025-m-m","status":"publish","type":"page","link":"https:\/\/www.ausros.vilniausr.lm.lt\/?page_id=10940","title":{"rendered":"Projektai 2024-2025 m. m."},"content":{"rendered":"\n<ul class=\"wp-block-list\">\n<li><strong>eTwinning projektas\u201c Let&#8217;s exchange our cultures!\u201c (\u201eKeiskim\u0117s savo kult\u016bra!\u201c).<\/strong><\/li>\n<\/ul>\n\n\n\n<p><strong>Vykdymo trukm\u0117<\/strong> \u2013&nbsp; 2024 lapkritis \u2013 2025 m. bir\u017eelis<\/p>\n\n\n\n<p><strong>Tikslas<\/strong> \u2013 siekiama, kad mokiniai susipa\u017eint\u0173 su skirting\u0173 \u0161ali\u0173 Kal\u0117d\u0173 ir Velyk\u0173 tradicijomis.<\/p>\n\n\n\n<p><a><strong>U\u017edaviniai<\/strong><\/a><strong>:<\/strong><\/p>\n\n\n\n<p>1. Pristatyti savo \u0161alies ir susipa\u017einti su kit\u0173 \u0161ali\u0173 Kal\u0117d\u0173 ir Velyk\u0173 tradicijomis.<\/p>\n\n\n\n<p>2. Vartoti ir lavinti savo gimtosios ir angl\u0173 kalbos \u012fg\u016bd\u017eius.<\/p>\n\n\n\n<p>3. Pagaminti kal\u0117dinius bei velykinius atvirukus ir i\u0161si\u0173sti juos kit\u0173 \u0161ali\u0173 mokiniams.<\/p>\n\n\n\n<p>4. Tobulinti IKT \u012fg\u016bd\u017eius.<\/p>\n\n\n\n<p><strong>Dalyviai<\/strong> \u2013 3 ir 4 klasi\u0173 mokiniai, pradinio ugdymo mokytojos Ana Kairien\u0117 ir Jolanta Pa\u0161utien\u0117. Partneriai: mokiniai ir mokytojai i\u0161 Lenkijos, Graikijos, Rumunijos, Italijos, Turkijos, \u010cekijos, Ispanijos, Suomijos.<\/p>\n\n\n\n<ul class=\"wp-block-list\">\n<li><strong>Respublikinis <\/strong><strong>kult\u016bros projektas, skatinantis tautini\u0173 ma\u017eum\u0173 kult\u016br\u0173 pl\u0117tot\u0119 \u201eTalentas tautyb\u0117s neklausia\u201c.<\/strong><\/li>\n<\/ul>\n\n\n\n<p><strong>Vykdymo trukm\u0117<\/strong> \u2013 2025 m. sausis \u2013 bir\u017eelis<\/p>\n\n\n\n<p><strong>Tikslai:<\/strong><\/p>\n\n\n\n<ol class=\"wp-block-list\">\n<li>Skatinti tarpkult\u016brin\u012f dialog\u0105 tarp Lietuvos mokykl\u0173 lietuvi\u0173 ir lenk\u0173 d\u0117stomomis kalbomis bei lietuvi\u0173 ir lenk\u0173 (tautin\u0117s ma\u017eumos) bendruomeni\u0173.<\/li>\n\n\n\n<li>Stiprinti mokini\u0173 kult\u016brin\u012f ir literat\u016brin\u012f supratim\u0105, remiantis Adomo Mickevi\u010diaus biografija ir k\u016bryba.<\/li>\n<\/ol>\n\n\n\n<p><strong>U\u017edaviniai:<\/strong><\/p>\n\n\n\n<ol class=\"wp-block-list\">\n<li>T\u0119sti ir pl\u0117toti pa\u017eint\u012f su lenk\u0173 kult\u016bros istorija.<\/li>\n\n\n\n<li>Rinkti ir kaupti informacij\u0105 apie lenk\u0173 kalba k\u016brusio poeto Adomo Mickevi\u010diaus gyvenim\u0105 ir k\u016bryb\u0105, aplankant su Adomu Mickevi\u010diumi susijusius objektus Vilniuje.<\/li>\n\n\n\n<li>U\u017emegzti ry\u0161\u012f su Vilniaus r. Kalveli\u0173 Stanislavo Moniu\u0161kos gimnazija.<\/li>\n\n\n\n<li>Stiprinti ry\u0161\u012f su Vilniaus r. Paken\u0117s \u010ceslovo Milo\u0161o pagrindine mokykla, Vilniaus r. \u0160umsko pagrindine mokykla ir VRSCB Kalveli\u0173 strukt\u016briniu padaliniu.<\/li>\n\n\n\n<li>Dalyvaujant Vilniaus apskrities Adomo Mickevi\u010diaus vie\u0161osios bibliotekos organizuojamoje edukacijoje \u201eTapk kompozitoriumi\u201c sukurti Adomo Mickevi\u010diaus k\u016brini\u0173 muzikin\u012f fon\u0105.<\/li>\n\n\n\n<li>\u012evertinti lenk\u0173 k\u016br\u0117jo k\u016brybin\u012f originalum\u0105 stebint spektakl\u012f.<\/li>\n\n\n\n<li>Naudojant DI sukurti A. Mickevi\u010diaus k\u016brini\u0173 iliustracijas.<\/li>\n\n\n\n<li>Kartu su projekto partneriais organizuoti kult\u016brin\u0119 popiet\u0119 \u201eTalentas tautyb\u0117s neklausia\u201c Vilniaus r. Kalveli\u0173 \u201eAu\u0161ros\u201c gimnazijoje.<\/li>\n<\/ol>\n\n\n\n<p><strong>Dalyviai<\/strong> \u2013 5-8, I-IV G kl. mokiniai.<\/p>\n\n\n\n<p>Partneriai: Vilniaus r. Kalveli\u0173 Stanislavo Moniu\u0161kos gimnazija, &nbsp;Paken\u0117s \u010ceslovo Milo\u0161o pagrindin\u0117 mokykla,&nbsp; \u0160umsko pagrindin\u0117 mokykla ir VRSCB Kalveli\u0173 strukt\u016brinis padalinys.<\/p>\n\n\n\n<ul class=\"wp-block-list\">\n<li><strong>Vilniaus r. projektas<\/strong><em> <\/em><strong>\u201eDalyvaujamasis biud\u017eetas mokyklose\u201c.<\/strong><\/li>\n<\/ul>\n\n\n\n<p><strong>Vykdymo trukm\u0117 \u2013<\/strong>&nbsp; 2024-2025 m. m.<\/p>\n\n\n\n<p><strong>Tikslas <\/strong>\u2013 \u012fgyvendinti dalyvaujam\u0105j\u012f biud\u017eet\u0105 Kalveli\u0173 \u201eAu\u0161ros\u201c gimnazijoje, kuris tapt\u0173 dar vienu geruoju pavyzd\u017eiu Lietuvoje, kai visi gimnazijos moksleiviai yra \u012ftraukiami \u012f vie\u0161\u0173j\u0173 sprendim\u0173 pri\u0117mim\u0105 gimnazijoje ir prisideda prie gimnazijos biud\u017eeto dalies paskirstymo.<\/p>\n\n\n\n<p><strong>Dalyviai \u2013<\/strong> 3-8, I-IV G kl. mokiniai.<\/p>\n\n\n\n<ul class=\"wp-block-list\">\n<li><strong>Tarpgimnazinis projektas \u201eDvi mokyklos \u2013 viena draugyst\u0117\u201c<\/strong><\/li>\n<\/ul>\n\n\n\n<p><strong>Vykdymo trukm\u0117<\/strong> \u2013&nbsp; 2025 m. kovas &#8211; gegu\u017e\u0117<\/p>\n\n\n\n<p><strong>Tikslas <\/strong>\u2013 siekiama, kad mokiniai susipa\u017eint\u0173 ir prad\u0117t\u0173 bendrauti su bendraam\u017eiais i\u0161 bendradarbiaujan\u010dios gimnazijos.<\/p>\n\n\n\n<p><strong>U\u017edaviniai:<\/strong><\/p>\n\n\n\n<p>1. Pristatyti savo mokykl\u0105, save ir susipa\u017einti su kitos mokyklos bendraam\u017eiais.<\/p>\n\n\n\n<p>2. Vartoti ir lavinti lietuvi\u0173 kalbos \u012fg\u016bd\u017eius.<\/p>\n\n\n\n<p>3. Para\u0161yti lai\u0161k\u0105 draugui i\u0161 kitos mokyklos.<\/p>\n\n\n\n<p>4. Pagaminti velykinius atvirukus ir i\u0161si\u0173sti juos bendradarbiaujan\u010dios gimnazijos 3 klas\u0117s mokiniams.<\/p>\n\n\n\n<p>4. Tobulinti IKT \u012fg\u016bd\u017eius.<\/p>\n\n\n\n<p><strong>Dalyviai <\/strong>\u2013 Vilniaus r. Kalveli\u0173 \u201eAu\u0161ros\u201c gimnazijos 3 klas\u0117s mokiniai ir mokytoja Ana Kairien\u0117. Partneriai: Vilniaus r. Rudaminos \u201eRyto\u201c gimnazijos 3 klas\u0117s mokiniai ir mokytojai Roberta Seniutien\u0117.<\/p>\n\n\n\n<ul class=\"wp-block-list\">\n<li><strong>Gimnazijos projektas <\/strong><strong>\u201eKalb\u0117k, kurk ir dom\u0117kis\u201c.<\/strong><\/li>\n<\/ul>\n\n\n\n<p><strong>Vykdymo trukm\u0117<\/strong> \u2013&nbsp; 2024 m. rugs\u0117jo 23-26 d.<\/p>\n\n\n\n<p><strong>Tikslas <\/strong>\u2013 &nbsp;skatinti mokinius dom\u0117tis Europos kalb\u0173 ir kult\u016br\u0173 \u012fvairove; motyvuoti bendruomen\u0119 mokytis daugiau kalb\u0173 bet kuriame am\u017eiuje; ugdyti pagarb\u0105 visoms Europos, region\u0173 ir tautini\u0173 ma\u017eum\u0173 kalboms.<\/p>\n\n\n\n<p><strong>U\u017edaviniai \u2013<\/strong>&nbsp; skatinti mokini\u0173 nor\u0105 pa\u017einti kuo daugiau Europos \u0161ali\u0173 bei j\u0173 kalbas; skatinti mokinius pa\u017einti daugiau kalb\u0173 ir taip ugdyti tarpkult\u016brinio bendradarbiavimo ir supratimo geb\u0117jimus; skatinti mokini\u0173 susidom\u0117jim\u0105 mokslu bei ugdyti&nbsp; problem\u0173 sprendimo, tyrin\u0117jimo, mok\u0117jimo mokytis kompetencijas.<\/p>\n\n\n\n<p><strong>Dalyviai <\/strong>\u2013 1-4, 5-8, I-IV G kl. mokiniai. &nbsp;<\/p>\n\n\n\n<ul class=\"wp-block-list\">\n<li><strong>Gimnazijos\u00a0 projektas \u201e\u017dodis virsta vaizdu\u201c.<\/strong><\/li>\n<\/ul>\n\n\n\n<p><strong>Vykdymo trukm\u0117&nbsp;\u2013 <\/strong>rugs\u0117jo 16-26 d.<\/p>\n\n\n\n<p><strong>Tikslas&nbsp;\u2013 <\/strong>populiarinti poezijos skaitym\u0105,&nbsp; lavinti asmens vaizduot\u0119 ir pasaulio suvokim\u0105, ugdyti mokini\u0173 k\u016brybi\u0161kum\u0105 ir emocin\u012f intelekt\u0105.<\/p>\n\n\n\n<p><strong>U\u017edavinys&nbsp;\u2013&nbsp; <\/strong>pasitelkiant savo literat\u016bros \u017einias, dail\u0117s, muzikos ir kitus gabumus \u017eod\u012f paversti vaizdu, parengti ne ilgesn\u012f kaip 5\u20137 min. pasirinkto eil\u0117ra\u0161\u010dio vaizdo pristatym\u0105.<\/p>\n\n\n\n<p><strong>Dalyviai&nbsp;\u2013 <\/strong>I G kl. mokiniai.<\/p>\n\n\n\n<ul class=\"wp-block-list\">\n<li><strong>Tarpmokyklinis projektas ,,Lietuvi\u0173 ir Lenk\u0173 liaudies meno simbolika\u201c<\/strong><\/li>\n<\/ul>\n\n\n\n<p><strong>Vykdymo trukm\u0117<\/strong> \u2013&nbsp; 2024 m. spalio 1 d \u2013 2025 m gegu\u017e\u0117s 30 d.<\/p>\n\n\n\n<p><strong>Tikslas <\/strong>\u2013puosel\u0117ti etnin\u0117s kult\u016bros t\u0119stinum\u0105 per liaudies k\u016brybos turtus.<\/p>\n\n\n\n<p><strong>U\u017edaviniai <\/strong>\u2013supa\u017eindinti su Lietuvos ir Lenkijos liaudies ra\u0161t\u0173 ir ornament\u0173 simbolika; pa\u017einti, suprasti ir analizuoti ornament\u0173 simbolin\u0119 kalb\u0105; naudoti \u012fvairi\u0173 tautini\u0173 ra\u0161t\u0173 ir j\u0173 element\u0173 antspaudus, kurti savo ra\u0161tus ir ornamentus; stiprinti ugdytini\u0173 tarpmokyklinius ry\u0161ius puosel\u0117jant etnin\u0117s kult\u016bros t\u0119stinum\u0105.<\/p>\n\n\n\n<p><strong>Dalyviai <\/strong>\u2013Vilniaus r. Kalveli\u0173 ,,Au\u0161ros\u201c ir Vilniaus r. Kalveli\u0173 Stanislavo Moniu\u0161kos gimnazij\u0173 5-8 ir I-II G klasi\u0173 mokiniai.<\/p>\n\n\n\n<ul class=\"wp-block-list\">\n<li><strong>Gimnazijos projektas <\/strong><strong>\u201ePyrag\u0173 diena\u201c.<\/strong><\/li>\n<\/ul>\n\n\n\n<p><strong>Vykdymo trukm\u0117 \u2013<\/strong>&nbsp; 2024-11-06<\/p>\n\n\n\n<p><strong>Tikslas ir u\u017edaviniai: <\/strong>pad\u0117ti tiems, kam pagalbos ir paramos \u0161iuo metu labai reikia \u2013 &nbsp;organizacijos \u201eGelb\u0117kit vaikus\u201c globojamiems vaikams.<\/p>\n\n\n\n<p>&nbsp;<strong>Dalyviai <\/strong>\u2013&nbsp; Kalveli\u0173 \u201eAu\u0161ros\u201c gimnazijos bendruomen\u0117.<\/p>\n\n\n\n<ul class=\"wp-block-list\">\n<li><strong>Gimnazijos projektas \u201eSkaitau draugui\u201c.<\/strong><\/li>\n<\/ul>\n\n\n\n<p><strong>Vykdymo trukm\u0117<\/strong> \u2013&nbsp; 2024-2025 m. m.<\/p>\n\n\n\n<p><strong>Tikslas<\/strong> \u2013 ugdyti s\u0105moning\u0105 skaitytoj\u0105 ir klausytoj\u0105.<\/p>\n\n\n\n<p><strong>U\u017edaviniai <\/strong>\u2013 pagal mokini\u0173 geb\u0117jimus skaityti lietuvi\u0173 ir u\u017esienio autori\u0173 knygas; dalytis skaitymo patirtimi ir aktyviai i\u0161sakyti nuomon\u0119 apie perskaityt\u0105 tekst\u0105; tobulinti savo skaitymo ir klausymo geb\u0117jimus; patirti skaitymo naud\u0105 ir teikiam\u0105 d\u017eiaugsm\u0105, malonum\u0105.<\/p>\n\n\n\n<p><strong>Dalyviai <\/strong>\u2013 1-4 klasi\u0173 mokiniai, prie\u0161mokyklinio ugdymo grup\u0117s vaikai.<\/p>\n\n\n\n<ul class=\"wp-block-list\">\n<li><strong>Gimnazijos projektas <\/strong><strong>\u201eTaisykli\u0173 labirintai\u201c.<\/strong><\/li>\n<\/ul>\n\n\n\n<p><strong>Vykdymo trukm\u0117 \u2013<\/strong>&nbsp; 2025 m. sausio-bir\u017eelio m\u0117n.<\/p>\n\n\n\n<p><strong>Tikslas <\/strong>\u2013 gilinti lietuvi\u0173 kalbos ra\u0161ybos ir skyrybos \u017einias.<\/p>\n\n\n\n<p><strong>U\u017edaviniai <\/strong>\u2013 parengti skaitmenin\u0119 priemon\u0119, padedan\u010di\u0105 nustatyti, kas skiriama skyrybos \u017eenklais; sudaryti taisyklingai para\u0161yt\u0173 \u017eod\u017ei\u0173 labirintus; sukurti vaizdo \u012fra\u0161\u0105.<\/p>\n\n\n\n<p><strong>Dalyviai <\/strong>\u2013&nbsp; II G klas\u0117s mokiniai.<\/p>\n\n\n\n<ul class=\"wp-block-list\">\n<li><strong>Gimnazijos projektas\u00a0\u201eHome remedies\u201c.<\/strong><\/li>\n<\/ul>\n\n\n\n<p><strong>Vykdymo trukm\u0117 \u2013<\/strong>&nbsp; 2025 m. sausio 28 d. &#8211; vasario 6 d.<\/p>\n\n\n\n<p><strong>Tikslai:<\/strong><\/p>\n\n\n\n<ol class=\"wp-block-list\">\n<li>I\u0161mokyti mokinius tyrin\u0117ti ir pristatyti naminius vaistus, naudojant angl\u0173 kalb\u0105.<\/li>\n\n\n\n<li>Skatinti k\u016brybi\u0161kum\u0105 ir geb\u0117jim\u0105 pristatyti informacij\u0105 tiek ra\u0161tu, tiek \u017eod\u017eiu.<\/li>\n\n\n\n<li>Suteikti mokiniams \u017eini\u0173 apie nat\u016bralias gydymo priemones ir j\u0173 naudojim\u0105.<\/li>\n\n\n\n<li>Pl\u0117toti bendravimo ir bendradarbiavimo \u012fg\u016bd\u017eius, dirbant grup\u0117se arba individualiai.<\/li>\n<\/ol>\n\n\n\n<p><strong>U\u017edaviniai:<\/strong><\/p>\n\n\n\n<ol class=\"wp-block-list\">\n<li>Parengti ir pristatyti tris naminius vaistus, apib\u016bdinant j\u0173 sud\u0117t\u012f, paruo\u0161imo b\u016bd\u0105 ir vartojimo instrukcijas.<\/li>\n\n\n\n<li>Paai\u0161kinti, kaip kiekvienas vaistas veikia ir kokias problemas jis gali pad\u0117ti spr\u0119sti.<\/li>\n\n\n\n<li>Parengti prezentacij\u0105 arba plakat\u0105, ai\u0161kiai ir patraukliai perteikiant informacij\u0105.<\/li>\n\n\n\n<li>Pristatyti savo darbo rezultatus klas\u0117je, atsakyti \u012f klausimus ir diskutuoti su kitais mokiniais apie pristatytus vaistus.<\/li>\n<\/ol>\n\n\n\n<p>\u0160is projektas skatins mokinius tyrin\u0117ti ir dalintis \u017einiomis apie nat\u016bralius b\u016bdus gydytis, taip pat pad\u0117s gerinti j\u0173 kalbos \u012fg\u016bd\u017eius ir pasitik\u0117jim\u0105 vie\u0161u kalb\u0117jimu.<\/p>\n\n\n\n<p><strong>Dalyviai&nbsp;<\/strong>\u2013&nbsp; 6 klas\u0117s mokiniai.<\/p>\n\n\n\n<p>Atnaujinta: 2025-03-13<\/p>\n","protected":false},"excerpt":{"rendered":"<p>Vykdymo trukm\u0117 \u2013&nbsp; 2024 lapkritis \u2013 2025 m. bir\u017eelis Tikslas \u2013 siekiama, kad mokiniai susipa\u017eint\u0173 su skirting\u0173 \u0161ali\u0173 Kal\u0117d\u0173 ir Velyk\u0173 tradicijomis. U\u017edaviniai: 1. Pristatyti savo \u0161alies ir susipa\u017einti su kit\u0173 \u0161ali\u0173 Kal\u0117d\u0173 ir Velyk\u0173 tradicijomis. 2. Vartoti ir lavinti <a href=\"https:\/\/www.ausros.vilniausr.lm.lt\/?page_id=10940\" class=\"read-more\">Daugiau &#8230;<\/a><\/p>\n","protected":false},"author":3,"featured_media":0,"parent":0,"menu_order":0,"comment_status":"closed","ping_status":"closed","template":"","meta":{"footnotes":""},"class_list":["post-10940","page","type-page","status-publish","hentry"],"_links":{"self":[{"href":"https:\/\/www.ausros.vilniausr.lm.lt\/index.php?rest_route=\/wp\/v2\/pages\/10940","targetHints":{"allow":["GET"]}}],"collection":[{"href":"https:\/\/www.ausros.vilniausr.lm.lt\/index.php?rest_route=\/wp\/v2\/pages"}],"about":[{"href":"https:\/\/www.ausros.vilniausr.lm.lt\/index.php?rest_route=\/wp\/v2\/types\/page"}],"author":[{"embeddable":true,"href":"https:\/\/www.ausros.vilniausr.lm.lt\/index.php?rest_route=\/wp\/v2\/users\/3"}],"replies":[{"embeddable":true,"href":"https:\/\/www.ausros.vilniausr.lm.lt\/index.php?rest_route=%2Fwp%2Fv2%2Fcomments&post=10940"}],"version-history":[{"count":4,"href":"https:\/\/www.ausros.vilniausr.lm.lt\/index.php?rest_route=\/wp\/v2\/pages\/10940\/revisions"}],"predecessor-version":[{"id":11729,"href":"https:\/\/www.ausros.vilniausr.lm.lt\/index.php?rest_route=\/wp\/v2\/pages\/10940\/revisions\/11729"}],"wp:attachment":[{"href":"https:\/\/www.ausros.vilniausr.lm.lt\/index.php?rest_route=%2Fwp%2Fv2%2Fmedia&parent=10940"}],"curies":[{"name":"wp","href":"https:\/\/api.w.org\/{rel}","templated":true}]}}