{"id":113,"date":"2019-08-31T12:46:23","date_gmt":"2019-08-31T12:46:23","guid":{"rendered":"http:\/\/localhost:8080\/wordpress\/?page_id=113"},"modified":"2025-03-27T17:02:09","modified_gmt":"2025-03-27T17:02:09","slug":"kontaktine-informacija","status":"publish","type":"page","link":"https:\/\/www.ausros.vilniausr.lm.lt\/?page_id=113","title":{"rendered":"Kontaktin\u0117 informacija"},"content":{"rendered":"\n<h2 class=\"wp-block-heading\"><strong>Vilniaus rajono Kalveli\u0173 \u201eAu\u0161ros\u201c gimnazija<\/strong> <\/h2>\n\n\n\n<p><strong>Adresas:<\/strong> Margi\u0173 g. 1a, Kalveli\u0173 k., Vilniaus r. LT-13150 <br><strong>Telefonas:&nbsp; <\/strong>0 (5) 2495179 <br><strong>Elektroninis pa\u0161tas: <\/strong><a href=\"mailto:kalveliai2@gmail.com\">info@ausros.vilniausr.lm.lt<\/a><\/p>\n\n\n\n<p><strong>Interneto svetain\u0117s adresas: <\/strong>http:\/\/www.ausrosgimnazija.kalveliai.vilniausr.lm.lt                             <\/p>\n\n\n\n<p><strong>Gimnazijos teisin\u0117 forma:<\/strong> biud\u017eetin\u0117 \u012fstaiga.                                          <\/p>\n\n\n\n<p><strong>\u012estaigos kodas:<\/strong> 191824413, ne PVM mok\u0117toja.                                                                                  <\/p>\n\n\n\n<p>Duomenys kaupiami&nbsp; ir saugomi Juridini\u0173 asmen\u0173 registre.&nbsp;                 <\/p>\n\n\n\n<p>Gimnazijos savininkas \u2013 Vilniaus rajono savivaldyb\u0117, identifikavimo kodas 111104987, LT-09318, Rinktin\u0117s g. 50, Vilnius.                                             Vykdomos \u0161vietimo programos &#8211; prie\u0161mokyklinio, pradinio, pagrindinio, vidurinio ir neformaliojo vaik\u0173 \u0161vietimo programos.<\/p>\n\n\n\n<p><strong>Mokomoji kalba:&nbsp;<\/strong>lietuvi\u0173 <\/p>\n\n\n\n<h2 class=\"wp-block-heading\">Darbuotojas, atsakingas u\u017e asmen\u0173 aptarnavim\u0105 <\/h2>\n\n\n\n<p><strong>Ra\u0161tin\u0117s ved\u0117ja:  <\/strong>Diana Iljeitien\u0117 <br><strong>Telefonas:&nbsp; <\/strong>0 (5) 2495179 <br><strong>Elektroninis pa\u0161tas: <\/strong><a href=\"mailto:kalveliai2@gmail.com\">rastine@ausros.vilniausr.lm.lt<\/a><\/p>\n\n\n\n<figure class=\"wp-block-table\"><table><tbody><tr><td><strong>Darbo laikas<\/strong><\/td><td><strong>Piet\u0173 pertrauka<\/strong><\/td><\/tr><tr><td>8.00 \u2013 12.00 <br>12.30 \u2013 16.30<\/td><td>12.00 \u2013 12.30<\/td><\/tr><\/tbody><\/table><\/figure>\n\n\n\n<p>Gimnazijoje valstybin\u0117s kalbos nemokantys asmenys gali b\u016bti aptarnaujami lenk\u0173, rus\u0173 kalbomis. <\/p>\n\n\n\n<p>Atnaujinta: 2025-03-27<\/p>\n","protected":false},"excerpt":{"rendered":"<p>Vilniaus rajono Kalveli\u0173 \u201eAu\u0161ros\u201c gimnazija Adresas: Margi\u0173 g. 1a, Kalveli\u0173 k., Vilniaus r. LT-13150 Telefonas:&nbsp; 0 (5) 2495179 Elektroninis pa\u0161tas: info@ausros.vilniausr.lm.lt Interneto svetain\u0117s adresas: http:\/\/www.ausrosgimnazija.kalveliai.vilniausr.lm.lt Gimnazijos teisin\u0117 forma: biud\u017eetin\u0117 \u012fstaiga. \u012estaigos kodas: 191824413, ne PVM mok\u0117toja. Duomenys kaupiami&nbsp; ir saugomi <a href=\"https:\/\/www.ausros.vilniausr.lm.lt\/?page_id=113\" class=\"read-more\">Daugiau &#8230;<\/a><\/p>\n","protected":false},"author":3,"featured_media":0,"parent":0,"menu_order":0,"comment_status":"closed","ping_status":"closed","template":"","meta":{"footnotes":""},"class_list":["post-113","page","type-page","status-publish","hentry"],"_links":{"self":[{"href":"https:\/\/www.ausros.vilniausr.lm.lt\/index.php?rest_route=\/wp\/v2\/pages\/113","targetHints":{"allow":["GET"]}}],"collection":[{"href":"https:\/\/www.ausros.vilniausr.lm.lt\/index.php?rest_route=\/wp\/v2\/pages"}],"about":[{"href":"https:\/\/www.ausros.vilniausr.lm.lt\/index.php?rest_route=\/wp\/v2\/types\/page"}],"author":[{"embeddable":true,"href":"https:\/\/www.ausros.vilniausr.lm.lt\/index.php?rest_route=\/wp\/v2\/users\/3"}],"replies":[{"embeddable":true,"href":"https:\/\/www.ausros.vilniausr.lm.lt\/index.php?rest_route=%2Fwp%2Fv2%2Fcomments&post=113"}],"version-history":[{"count":30,"href":"https:\/\/www.ausros.vilniausr.lm.lt\/index.php?rest_route=\/wp\/v2\/pages\/113\/revisions"}],"predecessor-version":[{"id":11807,"href":"https:\/\/www.ausros.vilniausr.lm.lt\/index.php?rest_route=\/wp\/v2\/pages\/113\/revisions\/11807"}],"wp:attachment":[{"href":"https:\/\/www.ausros.vilniausr.lm.lt\/index.php?rest_route=%2Fwp%2Fv2%2Fmedia&parent=113"}],"curies":[{"name":"wp","href":"https:\/\/api.w.org\/{rel}","templated":true}]}}