{"id":118,"date":"2019-08-31T13:01:39","date_gmt":"2019-08-31T13:01:39","guid":{"rendered":"http:\/\/localhost:8080\/wordpress\/?page_id=118"},"modified":"2026-03-04T09:33:02","modified_gmt":"2026-03-04T09:33:02","slug":"vadovas","status":"publish","type":"page","link":"https:\/\/www.ausros.vilniausr.lm.lt\/?page_id=118","title":{"rendered":"Direktor\u0117"},"content":{"rendered":"\n<h2 class=\"wp-block-heading has-text-align-center\"><strong>Irena Veli\u010dkien\u0117<\/strong><\/h2>\n\n\n<div class=\"wp-block-image\">\n<figure class=\"aligncenter size-large is-resized\"><img loading=\"lazy\" decoding=\"async\" width=\"741\" height=\"1024\" src=\"http:\/\/www.ausrosgimnazija.kalveliai.vilniausr.lm.lt\/wp-content\/uploads\/2022\/10\/DSC_0360-741x1024.jpg\" alt=\"\" class=\"wp-image-6165\" style=\"width:317px;height:437px\" srcset=\"https:\/\/www.ausros.vilniausr.lm.lt\/wp-content\/uploads\/2022\/10\/DSC_0360-741x1024.jpg 741w, https:\/\/www.ausros.vilniausr.lm.lt\/wp-content\/uploads\/2022\/10\/DSC_0360-217x300.jpg 217w, https:\/\/www.ausros.vilniausr.lm.lt\/wp-content\/uploads\/2022\/10\/DSC_0360-768x1061.jpg 768w, https:\/\/www.ausros.vilniausr.lm.lt\/wp-content\/uploads\/2022\/10\/DSC_0360-1112x1536.jpg 1112w, https:\/\/www.ausros.vilniausr.lm.lt\/wp-content\/uploads\/2022\/10\/DSC_0360-1483x2048.jpg 1483w, https:\/\/www.ausros.vilniausr.lm.lt\/wp-content\/uploads\/2022\/10\/DSC_0360-195x270.jpg 195w, https:\/\/www.ausros.vilniausr.lm.lt\/wp-content\/uploads\/2022\/10\/DSC_0360-scaled.jpg 1853w\" sizes=\"auto, (max-width: 741px) 100vw, 741px\" \/><\/figure>\n<\/div>\n\n\n<p><strong>Mokomasis dalykas:<\/strong> rus\u0173 kalba (u\u017esienio)<\/p>\n\n\n\n<p><strong>I\u0161silavinimas:<\/strong> auk\u0161tasis universitetinis <\/p>\n\n\n\n<p> <strong>Mokytojo kvalifikacin\u0117 kategorija:<\/strong> vokie\u010di\u0173 kalbos vyresn. mokytoja, rus\u0173 kalbos mokytoja metodinink\u0117 <\/p>\n\n\n\n<div class=\"wp-block-file\"><a id=\"wp-block-file--media-61673fbb-cad4-4648-ab4a-4f60ef16d15f\" href=\"http:\/\/www.ausrosgimnazija.kalveliai.vilniausr.lm.lt\/wp-content\/uploads\/2022\/10\/Veli\u010dkien\u0117-PA.pdf\">Direktoriaus  pareigyb\u0117s apra\u0161ymas <\/a><\/div>\n\n\n\n<p><strong>El.pa\u0161tas:<\/strong> i<a href=\"mailto:rena.velickiene@ausros.vilniausr.lm.lt\">rena.velickiene@ausros.vilniausr.lm.lt<\/a><\/p>\n\n\n\n<p><strong>Telefonas: <\/strong>+370 616 27421<\/p>\n\n\n\n<p><strong>Pedagoginis sta\u017eas:<\/strong> 38 metai<\/p>\n\n\n\n<p><strong>Vadybinis sta\u017eas:<\/strong> 31 metai<\/p>\n\n\n\n<div class=\"wp-block-file\"><a id=\"wp-block-file--media-c5a7a206-87f0-4baf-b11a-e7e0e580fc99\" href=\"http:\/\/www.ausrosgimnazija.kalveliai.vilniausr.lm.lt\/wp-content\/uploads\/2022\/10\/Gyvenimo-apra\u0161ymas.doc\">Gyvenimo apra\u0161ymas<\/a><\/div>\n\n\n\n<hr class=\"wp-block-separator has-css-opacity\"\/>\n\n\n\n<h2 class=\"wp-block-heading\">Met\u0173 veiklos ataskaita<\/h2>\n\n\n\n<div class=\"wp-block-file\"><a id=\"wp-block-file--media-73069ec1-5633-4f2c-850d-e6aefb67ebff\" href=\"https:\/\/www.ausros.vilniausr.lm.lt\/wp-content\/uploads\/2026\/03\/2025-m.-direktoriaus-veiklos-ataskaita.pdf\" target=\"_blank\" rel=\"noreferrer noopener\">2025 m. direktoriaus veiklos ataskaita<\/a><\/div>\n\n\n\n<div class=\"wp-block-file\"><a id=\"wp-block-file--media-aa550977-fa31-4485-9e8a-ec42df8ed3ee\" href=\"https:\/\/www.ausrosgimnazija.kalveliai.vilniausr.lm.lt\/wp-content\/uploads\/2025\/02\/2024-METU-VEIKLOS-ATASKAITA.pdf\" target=\"_blank\" rel=\"noreferrer noopener\">2024 m. direktoriaus veiklos ataskaita<\/a><\/div>\n\n\n\n<div class=\"wp-block-file\"><a id=\"wp-block-file--media-a02ad8fc-9641-4e5b-b0c2-398c73f5294e\" href=\"https:\/\/www.ausrosgimnazija.kalveliai.vilniausr.lm.lt\/wp-content\/uploads\/2024\/01\/Direktores-2023-m.-veiklos-ataskaita-1.pdf\">2023 m. direktoriaus veiklos ataskaita<\/a><\/div>\n\n\n\n<div class=\"wp-block-file\"><a id=\"wp-block-file--media-ebc92770-0ada-4560-a0a0-a35dda9bb1a2\" href=\"https:\/\/www.ausrosgimnazija.kalveliai.vilniausr.lm.lt\/wp-content\/uploads\/2024\/01\/2022-m.pdf\">2022 m. direktoriaus veiklos ataskaita<\/a><\/div>\n\n\n\n<div class=\"wp-block-file\"><a id=\"wp-block-file--media-b9915f9d-1a35-4e6a-a517-b5b32c46427e\" href=\"http:\/\/www.ausrosgimnazija.kalveliai.vilniausr.lm.lt\/wp-content\/uploads\/2022\/09\/direktor\u0117s-veiklos-ataskaita-2022.pdf\">2021 m. direktoriaus veiklos ataskaita<\/a><\/div>\n\n\n\n<div class=\"wp-block-file\"><a id=\"wp-block-file--media-7d043417-58f4-4ee9-93d3-5dc9372d0c4f\" href=\"http:\/\/www.ausrosgimnazija.kalveliai.vilniausr.lm.lt\/wp-content\/uploads\/2022\/01\/Kalveli\u0173-Au\u0161ros-gimnazija-2.pdf\">2020 m. direktoriaus veiklos ataskaita\ufeff<\/a><\/div>\n\n\n\n<div class=\"wp-block-file\"><a id=\"wp-block-file--media-a827aff6-6333-410e-89e6-d2fe7fff6e7d\" href=\"http:\/\/www.ausrosgimnazija.kalveliai.vilniausr.lm.lt\/wp-content\/uploads\/2022\/01\/Kalveli\u0173-Au\u0161ros-gimnazija.pdf\">2019 m. direktoriaus veiklos ataskaita\ufeff<\/a><\/div>\n\n\n\n<div class=\"wp-block-file\"><a id=\"wp-block-file--media-234dbc35-e08b-4d69-880b-8c9874a05229\" href=\"http:\/\/www.ausrosgimnazija.kalveliai.vilniausr.lm.lt\/wp-content\/uploads\/2022\/01\/Kalveliu_Ausros_gimnazija-1.pdf\">2018 m. direktoriaus veiklos ataskaita\ufeff<\/a><\/div>\n\n\n\n<div class=\"wp-block-file\"><a id=\"wp-block-file--media-b2539d04-25fb-47b7-809b-0b81ebc04e95\" href=\"http:\/\/www.ausrosgimnazija.kalveliai.vilniausr.lm.lt\/wp-content\/uploads\/2022\/10\/2017-m.-direktoriaus-veiklos-ataskaita.pdf\">2017 m. direktoriaus veiklos ataskaita<\/a><\/div>\n\n\n\n<p>Atnaujinta: 2026-01-20<\/p>\n","protected":false},"excerpt":{"rendered":"<p>Irena Veli\u010dkien\u0117 Mokomasis dalykas: rus\u0173 kalba (u\u017esienio) I\u0161silavinimas: auk\u0161tasis universitetinis Mokytojo kvalifikacin\u0117 kategorija: vokie\u010di\u0173 kalbos vyresn. mokytoja, rus\u0173 kalbos mokytoja metodinink\u0117 El.pa\u0161tas: irena.velickiene@ausros.vilniausr.lm.lt Telefonas: +370 616 27421 Pedagoginis sta\u017eas: 38 metai Vadybinis sta\u017eas: 31 metai Met\u0173 veiklos ataskaita Atnaujinta: 2026-01-20<\/p>\n","protected":false},"author":3,"featured_media":0,"parent":0,"menu_order":0,"comment_status":"closed","ping_status":"closed","template":"","meta":{"footnotes":""},"class_list":["post-118","page","type-page","status-publish","hentry"],"_links":{"self":[{"href":"https:\/\/www.ausros.vilniausr.lm.lt\/index.php?rest_route=\/wp\/v2\/pages\/118","targetHints":{"allow":["GET"]}}],"collection":[{"href":"https:\/\/www.ausros.vilniausr.lm.lt\/index.php?rest_route=\/wp\/v2\/pages"}],"about":[{"href":"https:\/\/www.ausros.vilniausr.lm.lt\/index.php?rest_route=\/wp\/v2\/types\/page"}],"author":[{"embeddable":true,"href":"https:\/\/www.ausros.vilniausr.lm.lt\/index.php?rest_route=\/wp\/v2\/users\/3"}],"replies":[{"embeddable":true,"href":"https:\/\/www.ausros.vilniausr.lm.lt\/index.php?rest_route=%2Fwp%2Fv2%2Fcomments&post=118"}],"version-history":[{"count":48,"href":"https:\/\/www.ausros.vilniausr.lm.lt\/index.php?rest_route=\/wp\/v2\/pages\/118\/revisions"}],"predecessor-version":[{"id":13505,"href":"https:\/\/www.ausros.vilniausr.lm.lt\/index.php?rest_route=\/wp\/v2\/pages\/118\/revisions\/13505"}],"wp:attachment":[{"href":"https:\/\/www.ausros.vilniausr.lm.lt\/index.php?rest_route=%2Fwp%2Fv2%2Fmedia&parent=118"}],"curies":[{"name":"wp","href":"https:\/\/api.w.org\/{rel}","templated":true}]}}