{"id":1263,"date":"2019-10-24T14:35:07","date_gmt":"2019-10-24T14:35:07","guid":{"rendered":"http:\/\/www.ausrosgimnazija.kalveliai.vilniausr.lm.lt\/?page_id=1263"},"modified":"2022-10-21T13:17:10","modified_gmt":"2022-10-21T13:17:10","slug":"projektas-mokyklu-aprupinimas-gamtos-ir-technologiniu-mokslu-priemonemis","status":"publish","type":"page","link":"https:\/\/www.ausros.vilniausr.lm.lt\/?page_id=1263","title":{"rendered":"\ufeffProjektas \u201eMokykl\u0173 apr\u016bpinimas gamtos ir technologini\u0173 moksl\u0173 priemon\u0117mis\u201c"},"content":{"rendered":"\n<ul class=\"wp-block-list\"><li><strong>Projektas <\/strong>\u201eMokykl\u0173 apr\u016bpinimas gamtos ir technologini\u0173 moksl\u0173 priemon\u0117mis\u201c (projekto kodas Nr. 09.1.3 \u2013 CPVA_V_704-02-0001).<\/li><\/ul>\n\n\n\n<p>Vykdymo trukm\u0117 \u2013&nbsp; 2017-2020 m.<\/p>\n\n\n\n<p>Tikslas \u2013 didinti bendrojo ugdymo \u012fstaig\u0173 tinklo veiklos efektyvum\u0105.<\/p>\n\n\n\n<p>U\u017edavinys \u2013&nbsp; modernizuoti gamtos ir technologini\u0173 moksl\u0173 mokymo(si) aplink\u0105.<\/p>\n\n\n\n<p>Projekto metu gimnazija bus apr\u016bpinta gamtos ir technologini\u0173 moksl\u0173 (GTM) mokymo priemoni\u0173 bei \u012frangos komplektais pagal mokini\u0173 skai\u010di\u0173.<\/p>\n\n\n\n<p>Nuo 2017 met\u0173 kovo 22 d. iki \u0161i\u0173 met\u0173 liepos m\u0117nesio Kalveli\u0173 \u201eAu\u0161ros\u201c gimnazija, bendradarbiaujant su \u0160vietimo, mokslo ir sporto ministerija, \u0160vietimo apr\u016bpinimo centru, ir ES paramos fondu, dalyvauja projekte \u201eMokykl\u0173 apr\u016bpinimas gamtos ir technologini\u0173 moksl\u0173 priemon\u0117mis\u201c, kurio metu gimnazija modernizavo gamtos ir technologij\u0173 moksl\u0173 mokymosi aplink\u0105. Gimnazija praturtino savo laboratorin\u0117s \u012frangos, priemoni\u0173 \u012fvairov\u0119 ir darb\u0173 metodikas.&nbsp; <\/p>\n\n\n\n<p>Projektui \u012fgyvendinti skirtos\nEuropos regionin\u0117s pl\u0117tros fondo ir Lietuvos Respublikos valstyb\u0117s biud\u017eeto\nl\u0117\u0161os.<strong><\/strong><\/p>\n\n\n\n<p>Pasaulio\npa\u017einimas apima visas svarbiausias vaikui visuomenin\u0117s (socialin\u0117s) ir gamtin\u0117s\naplinkos sritis. Viena i\u0161 toki\u0173 sri\u010di\u0173 yra gamtamokslinis ugdymas.<\/p>\n\n\n\n<p>Pradin\u0117se\nklas\u0117se gamtamokslinio ugdymo veiklos sudaro s\u0105lygas ugdytis praktinius gamtamokslinius\ngeb\u0117jimus. Gamtamoksliniu ugdymu pradin\u0117je mokykloje siekiama, kad vaikai \u012fgyt\u0173\nb\u016btiniausi\u0173 \u017eini\u0173 apie aplink\u0105, juos supan\u010di\u0105 gamt\u0105, i\u0161siugdyt\u0173 reikaling\u0173\ngeb\u0117jim\u0173 pa\u017einti pasaul\u012f, i\u0161siugdyt\u0173 vertybines nuostatas, laiduojan\u010dias\nmoral\u0173, atsaking\u0105 santyk\u012f su aplinka, gyv\u0105ja ir negyv\u0105ja gamta. <\/p>\n\n\n\n<p>Dalis\n(1\/4) pasaulio pa\u017einimo dalykui numatyto laiko skiriama steb\u0117jimams, bandymams,\ntyrin\u0117jimams palankioje aplinkoje, nat\u016bralioje gamtin\u0117je (pvz., parke, mi\u0161ke,\nprie vandens telkinio ar pan.) aplinkoje. Gautos priemon\u0117s naudojamos per\n\u012fvairi\u0173 dalyk\u0173 pamokas: pasaulio pa\u017einimo, matematikos, fizinio ugdymo. <\/p>\n\n\n\n<p>Priemon\u0117s\nsaugomos u\u017edarose spintose ir, prireikus j\u0173 bandymams, tyrin\u0117jimams, jos naudojamos\nklas\u0117je, gamtoje, stadione. <\/p>\n\n\n\n<p>Yra parengtas stendas, kuriame demonstruojamos nuotraukos i\u0161 pamok\u0173, kuriose buvo panaudotos priemon\u0117s, skirtos gamtamoksliniam ugdymui. <\/p>\n\n\n\n<div class=\"wp-block-envira-envira-gallery\"><div id=\"envira-gallery-wrap-1382\" class=\"envira-gallery-wrap envira-gallery-theme-base envira-lightbox-theme-base_dark\" itemscope itemtype=\"https:\/\/schema.org\/ImageGallery\"><div data-row-height=\"100\" data-gallery-theme=\"normal\" id=\"envira-gallery-1382\" class=\"envira-gallery-public envira-gallery-justified-public envira-gallery-0-columns envira-clear enviratope envira-gallery-css-animations\" data-envira-columns=\"0\"><div id=\"envira-gallery-item-1383\" class=\"envira-gallery-item enviratope-item envira-gallery-item-1 envira-lazy-load\" style=\"padding-left: 1px; padding-bottom: 1px; padding-right: 1px;\"  itemscope itemtype=\"https:\/\/schema.org\/ImageObject\"><div class=\"envira-gallery-item-inner\"><div class=\"envira-gallery-position-overlay  envira-gallery-top-left\"><\/div><div class=\"envira-gallery-position-overlay  envira-gallery-top-right\"><\/div><div class=\"envira-gallery-position-overlay  envira-gallery-bottom-left\"><\/div><div class=\"envira-gallery-position-overlay  envira-gallery-bottom-right\"><\/div><a href=\"http:\/\/www.ausrosgimnazija.kalveliai.vilniausr.lm.lt\/wp-content\/uploads\/2019\/10\/Slide1.jpg\" class=\"envira-gallery-1382 envira-gallery-link\" rel=\"enviragallery1382\" title=\"Slide1\" data-envira-caption=\"Slide1\" data-envira-retina=\"\" data-thumbnail=\"\"  itemprop=\"contentUrl\"><img decoding=\"async\" id=\"envira-gallery-image-1383\" class=\"envira-gallery-image envira-gallery-image-1 envira-normal envira-lazy\" data-envira-index=\"1\" src=\"https:\/\/www.ausros.vilniausr.lm.lt\/wp-content\/uploads\/2019\/10\/Slide1-640x480.jpg\" data-envira-src=\"https:\/\/www.ausros.vilniausr.lm.lt\/wp-content\/uploads\/2019\/10\/Slide1-640x480.jpg\" data-envira-gallery-id=\"1382\" data-envira-item-id=\"1383\" data-envira-caption=\"Slide1\" alt=\"\" title=\"Slide1\"  itemprop=\"thumbnailUrl\" data-envira-srcset=\"https:\/\/www.ausros.vilniausr.lm.lt\/wp-content\/uploads\/2019\/10\/Slide1-640x480.jpg 400w,https:\/\/www.ausros.vilniausr.lm.lt\/wp-content\/uploads\/2019\/10\/Slide1-640x480.jpg 2x\" data-envira-width=\"300\" data-envira-height=\"225\" srcset=\"data:image\/gif;base64,R0lGODlhAQABAIAAAP\/\/\/\/\/\/\/yH5BAEKAAEALAAAAAABAAEAAAICTAEAOw==\" data-safe-src=\"data:image\/gif;base64,R0lGODlhAQABAIAAAP\/\/\/\/\/\/\/yH5BAEKAAEALAAAAAABAAEAAAICTAEAOw==\" \/><\/a><\/div><\/div><div id=\"envira-gallery-item-1384\" class=\"envira-gallery-item enviratope-item envira-gallery-item-2 envira-lazy-load\" style=\"padding-left: 1px; padding-bottom: 1px; padding-right: 1px;\"  itemscope itemtype=\"https:\/\/schema.org\/ImageObject\"><div class=\"envira-gallery-item-inner\"><div class=\"envira-gallery-position-overlay  envira-gallery-top-left\"><\/div><div class=\"envira-gallery-position-overlay  envira-gallery-top-right\"><\/div><div class=\"envira-gallery-position-overlay  envira-gallery-bottom-left\"><\/div><div class=\"envira-gallery-position-overlay  envira-gallery-bottom-right\"><\/div><a href=\"http:\/\/www.ausrosgimnazija.kalveliai.vilniausr.lm.lt\/wp-content\/uploads\/2019\/10\/Slide2.jpg\" class=\"envira-gallery-1382 envira-gallery-link\" rel=\"enviragallery1382\" title=\"Slide2\" data-envira-caption=\"Slide2\" data-envira-retina=\"\" data-thumbnail=\"\"  itemprop=\"contentUrl\"><img decoding=\"async\" id=\"envira-gallery-image-1384\" class=\"envira-gallery-image envira-gallery-image-2 envira-normal envira-lazy\" data-envira-index=\"2\" src=\"https:\/\/www.ausros.vilniausr.lm.lt\/wp-content\/uploads\/2019\/10\/Slide2-640x480.jpg\" data-envira-src=\"https:\/\/www.ausros.vilniausr.lm.lt\/wp-content\/uploads\/2019\/10\/Slide2-640x480.jpg\" data-envira-gallery-id=\"1382\" data-envira-item-id=\"1384\" data-envira-caption=\"Slide2\" alt=\"\" title=\"Slide2\"  itemprop=\"thumbnailUrl\" data-envira-srcset=\"https:\/\/www.ausros.vilniausr.lm.lt\/wp-content\/uploads\/2019\/10\/Slide2-640x480.jpg 400w,https:\/\/www.ausros.vilniausr.lm.lt\/wp-content\/uploads\/2019\/10\/Slide2-640x480.jpg 2x\" data-envira-width=\"300\" data-envira-height=\"225\" srcset=\"data:image\/gif;base64,R0lGODlhAQABAIAAAP\/\/\/\/\/\/\/yH5BAEKAAEALAAAAAABAAEAAAICTAEAOw==\" data-safe-src=\"data:image\/gif;base64,R0lGODlhAQABAIAAAP\/\/\/\/\/\/\/yH5BAEKAAEALAAAAAABAAEAAAICTAEAOw==\" \/><\/a><\/div><\/div><div id=\"envira-gallery-item-1385\" class=\"envira-gallery-item enviratope-item envira-gallery-item-3 envira-lazy-load\" style=\"padding-left: 1px; padding-bottom: 1px; padding-right: 1px;\"  itemscope itemtype=\"https:\/\/schema.org\/ImageObject\"><div class=\"envira-gallery-item-inner\"><div class=\"envira-gallery-position-overlay  envira-gallery-top-left\"><\/div><div class=\"envira-gallery-position-overlay  envira-gallery-top-right\"><\/div><div class=\"envira-gallery-position-overlay  envira-gallery-bottom-left\"><\/div><div class=\"envira-gallery-position-overlay  envira-gallery-bottom-right\"><\/div><a href=\"http:\/\/www.ausrosgimnazija.kalveliai.vilniausr.lm.lt\/wp-content\/uploads\/2019\/10\/Slide3.jpg\" class=\"envira-gallery-1382 envira-gallery-link\" rel=\"enviragallery1382\" title=\"Slide3\" data-envira-caption=\"Slide3\" data-envira-retina=\"\" data-thumbnail=\"\"  itemprop=\"contentUrl\"><img decoding=\"async\" id=\"envira-gallery-image-1385\" class=\"envira-gallery-image envira-gallery-image-3 envira-normal envira-lazy\" data-envira-index=\"3\" src=\"https:\/\/www.ausros.vilniausr.lm.lt\/wp-content\/uploads\/2019\/10\/Slide3-640x480.jpg\" data-envira-src=\"https:\/\/www.ausros.vilniausr.lm.lt\/wp-content\/uploads\/2019\/10\/Slide3-640x480.jpg\" data-envira-gallery-id=\"1382\" data-envira-item-id=\"1385\" data-envira-caption=\"Slide3\" alt=\"\" title=\"Slide3\"  itemprop=\"thumbnailUrl\" data-envira-srcset=\"https:\/\/www.ausros.vilniausr.lm.lt\/wp-content\/uploads\/2019\/10\/Slide3-640x480.jpg 400w,https:\/\/www.ausros.vilniausr.lm.lt\/wp-content\/uploads\/2019\/10\/Slide3-640x480.jpg 2x\" data-envira-width=\"300\" data-envira-height=\"225\" srcset=\"data:image\/gif;base64,R0lGODlhAQABAIAAAP\/\/\/\/\/\/\/yH5BAEKAAEALAAAAAABAAEAAAICTAEAOw==\" data-safe-src=\"data:image\/gif;base64,R0lGODlhAQABAIAAAP\/\/\/\/\/\/\/yH5BAEKAAEALAAAAAABAAEAAAICTAEAOw==\" \/><\/a><\/div><\/div><div id=\"envira-gallery-item-1386\" class=\"envira-gallery-item enviratope-item envira-gallery-item-4 envira-lazy-load\" style=\"padding-left: 1px; padding-bottom: 1px; padding-right: 1px;\"  itemscope itemtype=\"https:\/\/schema.org\/ImageObject\"><div class=\"envira-gallery-item-inner\"><div class=\"envira-gallery-position-overlay  envira-gallery-top-left\"><\/div><div class=\"envira-gallery-position-overlay  envira-gallery-top-right\"><\/div><div class=\"envira-gallery-position-overlay  envira-gallery-bottom-left\"><\/div><div class=\"envira-gallery-position-overlay  envira-gallery-bottom-right\"><\/div><a href=\"http:\/\/www.ausrosgimnazija.kalveliai.vilniausr.lm.lt\/wp-content\/uploads\/2019\/10\/1-1.png\" class=\"envira-gallery-1382 envira-gallery-link\" rel=\"enviragallery1382\" title=\"1\" data-envira-caption=\"1\" data-envira-retina=\"\" data-thumbnail=\"\"  itemprop=\"contentUrl\"><img decoding=\"async\" id=\"envira-gallery-image-1386\" class=\"envira-gallery-image envira-gallery-image-4 envira-normal envira-lazy\" data-envira-index=\"4\" src=\"https:\/\/www.ausros.vilniausr.lm.lt\/wp-content\/uploads\/2019\/10\/1-1-1024x605-640x480.png\" data-envira-src=\"https:\/\/www.ausros.vilniausr.lm.lt\/wp-content\/uploads\/2019\/10\/1-1-1024x605-640x480.png\" data-envira-gallery-id=\"1382\" data-envira-item-id=\"1386\" data-envira-caption=\"1\" alt=\"\" title=\"1\"  itemprop=\"thumbnailUrl\" data-envira-srcset=\"https:\/\/www.ausros.vilniausr.lm.lt\/wp-content\/uploads\/2019\/10\/1-1-1024x605-640x480.png 400w,https:\/\/www.ausros.vilniausr.lm.lt\/wp-content\/uploads\/2019\/10\/1-1-1024x605-640x480.png 2x\" data-envira-width=\"300\" data-envira-height=\"177\" srcset=\"data:image\/gif;base64,R0lGODlhAQABAIAAAP\/\/\/\/\/\/\/yH5BAEKAAEALAAAAAABAAEAAAICTAEAOw==\" data-safe-src=\"data:image\/gif;base64,R0lGODlhAQABAIAAAP\/\/\/\/\/\/\/yH5BAEKAAEALAAAAAABAAEAAAICTAEAOw==\" \/><\/a><\/div><\/div><div id=\"envira-gallery-item-1387\" class=\"envira-gallery-item enviratope-item envira-gallery-item-5 envira-lazy-load\" style=\"padding-left: 1px; padding-bottom: 1px; padding-right: 1px;\"  itemscope itemtype=\"https:\/\/schema.org\/ImageObject\"><div class=\"envira-gallery-item-inner\"><div class=\"envira-gallery-position-overlay  envira-gallery-top-left\"><\/div><div class=\"envira-gallery-position-overlay  envira-gallery-top-right\"><\/div><div class=\"envira-gallery-position-overlay  envira-gallery-bottom-left\"><\/div><div class=\"envira-gallery-position-overlay  envira-gallery-bottom-right\"><\/div><a href=\"http:\/\/www.ausrosgimnazija.kalveliai.vilniausr.lm.lt\/wp-content\/uploads\/2019\/10\/2-1.png\" class=\"envira-gallery-1382 envira-gallery-link\" rel=\"enviragallery1382\" title=\"2\" data-envira-caption=\"2\" data-envira-retina=\"\" data-thumbnail=\"\"  itemprop=\"contentUrl\"><img decoding=\"async\" id=\"envira-gallery-image-1387\" class=\"envira-gallery-image envira-gallery-image-5 envira-normal envira-lazy\" data-envira-index=\"5\" src=\"https:\/\/www.ausros.vilniausr.lm.lt\/wp-content\/uploads\/2019\/10\/2-1-1024x632-640x480.png\" data-envira-src=\"https:\/\/www.ausros.vilniausr.lm.lt\/wp-content\/uploads\/2019\/10\/2-1-1024x632-640x480.png\" data-envira-gallery-id=\"1382\" data-envira-item-id=\"1387\" data-envira-caption=\"2\" alt=\"\" title=\"2\"  itemprop=\"thumbnailUrl\" data-envira-srcset=\"https:\/\/www.ausros.vilniausr.lm.lt\/wp-content\/uploads\/2019\/10\/2-1-1024x632-640x480.png 400w,https:\/\/www.ausros.vilniausr.lm.lt\/wp-content\/uploads\/2019\/10\/2-1-1024x632-640x480.png 2x\" data-envira-width=\"300\" data-envira-height=\"185\" srcset=\"data:image\/gif;base64,R0lGODlhAQABAIAAAP\/\/\/\/\/\/\/yH5BAEKAAEALAAAAAABAAEAAAICTAEAOw==\" data-safe-src=\"data:image\/gif;base64,R0lGODlhAQABAIAAAP\/\/\/\/\/\/\/yH5BAEKAAEALAAAAAABAAEAAAICTAEAOw==\" \/><\/a><\/div><\/div><\/div><\/div><noscript><img decoding=\"async\" src=\"https:\/\/www.ausros.vilniausr.lm.lt\/wp-content\/uploads\/2019\/10\/Slide1.jpg\" alt=\"\" \/><img decoding=\"async\" src=\"https:\/\/www.ausros.vilniausr.lm.lt\/wp-content\/uploads\/2019\/10\/Slide2.jpg\" alt=\"\" \/><img decoding=\"async\" src=\"https:\/\/www.ausros.vilniausr.lm.lt\/wp-content\/uploads\/2019\/10\/Slide3.jpg\" alt=\"\" \/><img decoding=\"async\" src=\"https:\/\/www.ausros.vilniausr.lm.lt\/wp-content\/uploads\/2019\/10\/1-1.png\" alt=\"\" \/><img decoding=\"async\" src=\"https:\/\/www.ausros.vilniausr.lm.lt\/wp-content\/uploads\/2019\/10\/2-1.png\" alt=\"\" \/><\/noscript><\/div>\n\n\n<p><!--EndFragment--><\/p>\n<p><\/p>","protected":false},"excerpt":{"rendered":"<p>Projektas \u201eMokykl\u0173 apr\u016bpinimas gamtos ir technologini\u0173 moksl\u0173 priemon\u0117mis\u201c (projekto kodas Nr. 09.1.3 \u2013 CPVA_V_704-02-0001). Vykdymo trukm\u0117 \u2013&nbsp; 2017-2020 m. Tikslas \u2013 didinti bendrojo ugdymo \u012fstaig\u0173 tinklo veiklos efektyvum\u0105. U\u017edavinys \u2013&nbsp; modernizuoti gamtos ir technologini\u0173 moksl\u0173 mokymo(si) aplink\u0105. Projekto metu gimnazija <a href=\"https:\/\/www.ausros.vilniausr.lm.lt\/?page_id=1263\" class=\"read-more\">Daugiau &#8230;<\/a><\/p>\n","protected":false},"author":3,"featured_media":0,"parent":0,"menu_order":0,"comment_status":"closed","ping_status":"closed","template":"","meta":{"footnotes":""},"class_list":["post-1263","page","type-page","status-publish","hentry"],"_links":{"self":[{"href":"https:\/\/www.ausros.vilniausr.lm.lt\/index.php?rest_route=\/wp\/v2\/pages\/1263","targetHints":{"allow":["GET"]}}],"collection":[{"href":"https:\/\/www.ausros.vilniausr.lm.lt\/index.php?rest_route=\/wp\/v2\/pages"}],"about":[{"href":"https:\/\/www.ausros.vilniausr.lm.lt\/index.php?rest_route=\/wp\/v2\/types\/page"}],"author":[{"embeddable":true,"href":"https:\/\/www.ausros.vilniausr.lm.lt\/index.php?rest_route=\/wp\/v2\/users\/3"}],"replies":[{"embeddable":true,"href":"https:\/\/www.ausros.vilniausr.lm.lt\/index.php?rest_route=%2Fwp%2Fv2%2Fcomments&post=1263"}],"version-history":[{"count":7,"href":"https:\/\/www.ausros.vilniausr.lm.lt\/index.php?rest_route=\/wp\/v2\/pages\/1263\/revisions"}],"predecessor-version":[{"id":6730,"href":"https:\/\/www.ausros.vilniausr.lm.lt\/index.php?rest_route=\/wp\/v2\/pages\/1263\/revisions\/6730"}],"wp:attachment":[{"href":"https:\/\/www.ausros.vilniausr.lm.lt\/index.php?rest_route=%2Fwp%2Fv2%2Fmedia&parent=1263"}],"curies":[{"name":"wp","href":"https:\/\/api.w.org\/{rel}","templated":true}]}}