{"id":1299,"date":"2019-10-25T04:15:24","date_gmt":"2019-10-25T04:15:24","guid":{"rendered":"http:\/\/www.ausrosgimnazija.kalveliai.vilniausr.lm.lt\/?page_id=1299"},"modified":"2019-10-25T04:26:42","modified_gmt":"2019-10-25T04:26:42","slug":"projektas-dainiu-dialogai-pietryciu-lietuvoje","status":"publish","type":"page","link":"https:\/\/www.ausros.vilniausr.lm.lt\/?page_id=1299","title":{"rendered":"Projektas \u201eDaini\u0173 dialogai Pietry\u010di\u0173 Lietuvoje\u201d"},"content":{"rendered":"<p>\n<\/p><p><!--StartFragment--><\/p>\n\n\n<ul class=\"wp-block-list\"><li><strong>Projektas \u201eDaini\u0173 dialogai Pietry\u010di\u0173 Lietuvoje\u201d<\/strong> (kartu su \u0160vietimo draugija \u201eRytas\u201d vykdomas).<\/li><\/ul>\n\n\n\n<p>Vykdymo trukm\u0117 \u2013&nbsp; 2019 m.<\/p>\n\n\n\n<p>U\u017edaviniai \u2013 pl\u0117sti mokini\u0173 literat\u016brin\u012f akirat\u012f, skatinti skaitymo kult\u016br\u0105, tvirtinti ra\u0161tingumo bei k\u016brybi\u0161kumo pamatus, prisid\u0117ti prie lietuvi\u0173 literat\u016bros populiarinimo.<\/p>\n\n\n\n<p>Dalyviai&nbsp; \u2013 II-IV G klasi\u0173 mokiniai.<\/p>\n\n\n<p><!--EndFragment--><\/p>\n<p><\/p>","protected":false},"excerpt":{"rendered":"<p>Projektas \u201eDaini\u0173 dialogai Pietry\u010di\u0173 Lietuvoje\u201d (kartu su \u0160vietimo draugija \u201eRytas\u201d vykdomas). Vykdymo trukm\u0117 \u2013&nbsp; 2019 m. U\u017edaviniai \u2013 pl\u0117sti mokini\u0173 literat\u016brin\u012f akirat\u012f, skatinti skaitymo kult\u016br\u0105, tvirtinti ra\u0161tingumo bei k\u016brybi\u0161kumo pamatus, prisid\u0117ti prie lietuvi\u0173 literat\u016bros populiarinimo. Dalyviai&nbsp; \u2013 II-IV G klasi\u0173 <a href=\"https:\/\/www.ausros.vilniausr.lm.lt\/?page_id=1299\" class=\"read-more\">Daugiau &#8230;<\/a><\/p>\n","protected":false},"author":3,"featured_media":0,"parent":0,"menu_order":0,"comment_status":"closed","ping_status":"closed","template":"","meta":{"footnotes":""},"class_list":["post-1299","page","type-page","status-publish","hentry"],"_links":{"self":[{"href":"https:\/\/www.ausros.vilniausr.lm.lt\/index.php?rest_route=\/wp\/v2\/pages\/1299","targetHints":{"allow":["GET"]}}],"collection":[{"href":"https:\/\/www.ausros.vilniausr.lm.lt\/index.php?rest_route=\/wp\/v2\/pages"}],"about":[{"href":"https:\/\/www.ausros.vilniausr.lm.lt\/index.php?rest_route=\/wp\/v2\/types\/page"}],"author":[{"embeddable":true,"href":"https:\/\/www.ausros.vilniausr.lm.lt\/index.php?rest_route=\/wp\/v2\/users\/3"}],"replies":[{"embeddable":true,"href":"https:\/\/www.ausros.vilniausr.lm.lt\/index.php?rest_route=%2Fwp%2Fv2%2Fcomments&post=1299"}],"version-history":[{"count":2,"href":"https:\/\/www.ausros.vilniausr.lm.lt\/index.php?rest_route=\/wp\/v2\/pages\/1299\/revisions"}],"predecessor-version":[{"id":1318,"href":"https:\/\/www.ausros.vilniausr.lm.lt\/index.php?rest_route=\/wp\/v2\/pages\/1299\/revisions\/1318"}],"wp:attachment":[{"href":"https:\/\/www.ausros.vilniausr.lm.lt\/index.php?rest_route=%2Fwp%2Fv2%2Fmedia&parent=1299"}],"curies":[{"name":"wp","href":"https:\/\/api.w.org\/{rel}","templated":true}]}}