{"id":1433,"date":"2019-11-08T10:35:08","date_gmt":"2019-11-08T10:35:08","guid":{"rendered":"http:\/\/www.ausrosgimnazija.kalveliai.vilniausr.lm.lt\/?page_id=1433"},"modified":"2025-09-15T16:17:37","modified_gmt":"2025-09-15T16:17:37","slug":"direktoriaus-pavaduotojas-ugdymui","status":"publish","type":"page","link":"https:\/\/www.ausros.vilniausr.lm.lt\/?page_id=1433","title":{"rendered":"Direktoriaus pavaduotojas ugdymui"},"content":{"rendered":"\n<h2 class=\"wp-block-heading has-text-align-center\"><strong>Nina Ba\u0161ajevien\u0117<\/strong><\/h2>\n\n\n<div class=\"wp-block-image\">\n<figure class=\"aligncenter size-large is-resized\"><img loading=\"lazy\" decoding=\"async\" width=\"1024\" height=\"909\" src=\"http:\/\/www.ausrosgimnazija.kalveliai.vilniausr.lm.lt\/wp-content\/uploads\/2022\/10\/DSC_0352-1-1024x909.jpg\" alt=\"\" class=\"wp-image-6253\" style=\"width:431px;height:382px\" srcset=\"https:\/\/www.ausros.vilniausr.lm.lt\/wp-content\/uploads\/2022\/10\/DSC_0352-1-1024x909.jpg 1024w, https:\/\/www.ausros.vilniausr.lm.lt\/wp-content\/uploads\/2022\/10\/DSC_0352-1-300x266.jpg 300w, https:\/\/www.ausros.vilniausr.lm.lt\/wp-content\/uploads\/2022\/10\/DSC_0352-1-768x682.jpg 768w, https:\/\/www.ausros.vilniausr.lm.lt\/wp-content\/uploads\/2022\/10\/DSC_0352-1-1536x1363.jpg 1536w, https:\/\/www.ausros.vilniausr.lm.lt\/wp-content\/uploads\/2022\/10\/DSC_0352-1-2048x1818.jpg 2048w, https:\/\/www.ausros.vilniausr.lm.lt\/wp-content\/uploads\/2022\/10\/DSC_0352-1-304x270.jpg 304w\" sizes=\"auto, (max-width: 1024px) 100vw, 1024px\" \/><\/figure>\n<\/div>\n\n\n<p><strong>Mokomasis dalykas:<\/strong>&nbsp;lietuvi\u0173 kalba ir literat\u016bra<\/p>\n\n\n\n<p><strong>I\u0161silavinimas:<\/strong>&nbsp;auk\u0161tasis universitetinis<\/p>\n\n\n\n<p><strong>Mokytojo kvalifikacin\u0117 kategorija:<\/strong>&nbsp;lietuvi\u0173 kalbos ir literat\u016bros&nbsp; mokytoja metodinink\u0117<\/p>\n\n\n\n<div class=\"wp-block-file\"><a id=\"wp-block-file--media-621cf1cf-652f-4311-9b6d-8e4ecfe75a25\" href=\"http:\/\/www.ausrosgimnazija.kalveliai.vilniausr.lm.lt\/wp-content\/uploads\/2022\/10\/Direktoriaus-pavaduotojo-ugdymui-pareigybes-aprasymas.pdf\">Direktoriaus pavaduotojo ugdymui pareigyb\u0117s apra\u0161ymas<\/a><\/div>\n\n\n\n<p><strong>El. pa\u0161tas:<\/strong> <a href=\"mailto:nina.basajeviene@ausros.vilniausr.lm.lt\">nina.basajeviene@ausros.vilniausr.lm.lt<\/a><\/p>\n\n\n\n<p><strong>Telefonas:&nbsp;<\/strong>0 52495179<\/p>\n\n\n\n<p><strong>Pedagoginis sta\u017eas:<\/strong>\u00a036 metai<\/p>\n\n\n\n<p><strong>Vadybinis sta\u017eas:<\/strong>\u00a014 met\u0173<\/p>\n\n\n\n<div class=\"wp-block-file\"><a id=\"wp-block-file--media-d8e7c5c7-c21e-4d9f-ae10-ebf3a046fff0\" href=\"https:\/\/www.ausrosgimnazija.kalveliai.vilniausr.lm.lt\/wp-content\/uploads\/2023\/02\/CV-Ninos.pdf\">Gyvenimo apra\u0161ymas<\/a><\/div>\n\n\n\n<p>Atnaujinta: 2025-09-01<\/p>\n","protected":false},"excerpt":{"rendered":"<p>Nina Ba\u0161ajevien\u0117 Mokomasis dalykas:&nbsp;lietuvi\u0173 kalba ir literat\u016bra I\u0161silavinimas:&nbsp;auk\u0161tasis universitetinis Mokytojo kvalifikacin\u0117 kategorija:&nbsp;lietuvi\u0173 kalbos ir literat\u016bros&nbsp; mokytoja metodinink\u0117 El. pa\u0161tas: nina.basajeviene@ausros.vilniausr.lm.lt Telefonas:&nbsp;0 52495179 Pedagoginis sta\u017eas:\u00a036 metai Vadybinis sta\u017eas:\u00a014 met\u0173 Atnaujinta: 2025-09-01<\/p>\n","protected":false},"author":3,"featured_media":0,"parent":0,"menu_order":0,"comment_status":"closed","ping_status":"closed","template":"","meta":{"footnotes":""},"class_list":["post-1433","page","type-page","status-publish","hentry"],"_links":{"self":[{"href":"https:\/\/www.ausros.vilniausr.lm.lt\/index.php?rest_route=\/wp\/v2\/pages\/1433","targetHints":{"allow":["GET"]}}],"collection":[{"href":"https:\/\/www.ausros.vilniausr.lm.lt\/index.php?rest_route=\/wp\/v2\/pages"}],"about":[{"href":"https:\/\/www.ausros.vilniausr.lm.lt\/index.php?rest_route=\/wp\/v2\/types\/page"}],"author":[{"embeddable":true,"href":"https:\/\/www.ausros.vilniausr.lm.lt\/index.php?rest_route=\/wp\/v2\/users\/3"}],"replies":[{"embeddable":true,"href":"https:\/\/www.ausros.vilniausr.lm.lt\/index.php?rest_route=%2Fwp%2Fv2%2Fcomments&post=1433"}],"version-history":[{"count":28,"href":"https:\/\/www.ausros.vilniausr.lm.lt\/index.php?rest_route=\/wp\/v2\/pages\/1433\/revisions"}],"predecessor-version":[{"id":12559,"href":"https:\/\/www.ausros.vilniausr.lm.lt\/index.php?rest_route=\/wp\/v2\/pages\/1433\/revisions\/12559"}],"wp:attachment":[{"href":"https:\/\/www.ausros.vilniausr.lm.lt\/index.php?rest_route=%2Fwp%2Fv2%2Fmedia&parent=1433"}],"curies":[{"name":"wp","href":"https:\/\/api.w.org\/{rel}","templated":true}]}}