{"id":1435,"date":"2019-11-08T10:35:23","date_gmt":"2019-11-08T10:35:23","guid":{"rendered":"http:\/\/www.ausrosgimnazija.kalveliai.vilniausr.lm.lt\/?page_id=1435"},"modified":"2026-01-07T11:10:39","modified_gmt":"2026-01-07T11:10:39","slug":"direktoriaus-pavaduotojas-ukio-reikalams","status":"publish","type":"page","link":"https:\/\/www.ausros.vilniausr.lm.lt\/?page_id=1435","title":{"rendered":"L.e. direktoriaus pavaduotojas \u016bkio reikalams"},"content":{"rendered":"\n<h2 class=\"wp-block-heading has-text-align-center\">Viktorija Jara\u0161\u016bnien\u0117<\/h2>\n\n\n\n<div class=\"wp-block-file\"><a id=\"wp-block-file--media-2167c9c5-ebfe-4859-a7a8-69c3c4ff0550\" href=\"http:\/\/www.ausrosgimnazija.kalveliai.vilniausr.lm.lt\/wp-content\/uploads\/2022\/10\/Direktoriaus-pavaduotojo-ukio-reikalamas-pareigybes-aprasymas.pdf\">Direktoriaus pavaduotojo \u016bkio reikalamas pareigyb\u0117s apra\u0161ymas<\/a><\/div>\n\n\n\n<p class=\"has-text-align-left\"><strong>Telefonas: <\/strong>(0 5) 2495179<\/p>\n\n\n\n<p><strong>El.pa\u0161tas: <\/strong><a href=\"mailto:julija.petrulevic@ausros.vilniausr.lm.lt\">viktorija.jarasuniene<\/a><a href=\"mailto:julija.petrulevic@ausros.vilniausr.lm.lt\">@ausros.vilniausr.lm.lt<\/a><\/p>\n\n\n\n<p><strong>I\u0161silavinimas: <\/strong>Auk\u0161tasis<\/p>\n\n\n\n<p><strong>Darbo sta\u017eas:<\/strong>\u00a0<\/p>\n\n\n\n<p>Atnaujinta: 2026-01-02<\/p>\n\n\n\n<p><\/p>\n","protected":false},"excerpt":{"rendered":"<p>Viktorija Jara\u0161\u016bnien\u0117 Telefonas: (0 5) 2495179 El.pa\u0161tas: viktorija.jarasuniene@ausros.vilniausr.lm.lt I\u0161silavinimas: Auk\u0161tasis Darbo sta\u017eas:\u00a0 Atnaujinta: 2026-01-02<\/p>\n","protected":false},"author":3,"featured_media":0,"parent":0,"menu_order":0,"comment_status":"closed","ping_status":"closed","template":"","meta":{"footnotes":""},"class_list":["post-1435","page","type-page","status-publish","hentry"],"_links":{"self":[{"href":"https:\/\/www.ausros.vilniausr.lm.lt\/index.php?rest_route=\/wp\/v2\/pages\/1435","targetHints":{"allow":["GET"]}}],"collection":[{"href":"https:\/\/www.ausros.vilniausr.lm.lt\/index.php?rest_route=\/wp\/v2\/pages"}],"about":[{"href":"https:\/\/www.ausros.vilniausr.lm.lt\/index.php?rest_route=\/wp\/v2\/types\/page"}],"author":[{"embeddable":true,"href":"https:\/\/www.ausros.vilniausr.lm.lt\/index.php?rest_route=\/wp\/v2\/users\/3"}],"replies":[{"embeddable":true,"href":"https:\/\/www.ausros.vilniausr.lm.lt\/index.php?rest_route=%2Fwp%2Fv2%2Fcomments&post=1435"}],"version-history":[{"count":21,"href":"https:\/\/www.ausros.vilniausr.lm.lt\/index.php?rest_route=\/wp\/v2\/pages\/1435\/revisions"}],"predecessor-version":[{"id":13241,"href":"https:\/\/www.ausros.vilniausr.lm.lt\/index.php?rest_route=\/wp\/v2\/pages\/1435\/revisions\/13241"}],"wp:attachment":[{"href":"https:\/\/www.ausros.vilniausr.lm.lt\/index.php?rest_route=%2Fwp%2Fv2%2Fmedia&parent=1435"}],"curies":[{"name":"wp","href":"https:\/\/api.w.org\/{rel}","templated":true}]}}