{"id":197,"date":"2019-09-30T17:49:07","date_gmt":"2019-09-30T17:49:07","guid":{"rendered":"http:\/\/localhost:8080\/wordpress\/?page_id=197"},"modified":"2025-03-03T07:53:47","modified_gmt":"2025-03-03T07:53:47","slug":"gimnazijos-istorija","status":"publish","type":"page","link":"https:\/\/www.ausros.vilniausr.lm.lt\/?page_id=197","title":{"rendered":"Gimnazijos istorija"},"content":{"rendered":"\n<p><strong>1939-1940<\/strong> metais Kalveliuose veik\u0117 lietuvi\u0161kos klas\u0117s.<\/p>\n\n\n\n<p><strong>1967<\/strong> metais Kalveli\u0173 vidurin\u0117je mokykloje (d\u0117stoma lenk\u0173 \u2013 rus\u0173 mokom\u0105ja kalba) v\u0117l \u012fsteigtos 1-4 lietuvi\u0161kos klas\u0117s, kuriose mokosi 10 mokini\u0173 (mokytoja A. Pi\u0161\u010dakien\u0117).<\/p>\n\n\n\n<p><strong>1971<\/strong> m. lietuvi\u0161kos klas\u0117s buvo likviduotos.<\/p>\n\n\n\n<p><strong>1987<\/strong> m. \u012f lietuvi\u0161kas klases at\u0117jo 7 pradinukai (mokytoja R. Skripkien\u0117).\nAtk\u016brus Lietuvos nepriklausomyb\u0119 (1990 m.), lietuvi\u0161ka pradin\u0117 mokykla i\u0161augo \u012f pagrindin\u0119.<\/p>\n\n\n\n<p><strong>1993<\/strong> m.lietuvi\u0161kos klas\u0117s atskirtos nuo Kalveli\u0173 vidurin\u0117s mokyklos rus\u0173 ir lenk\u0173 klasi\u0173 ir perkeltos \u012f vaik\u0173 dar\u017eelio antrojo auk\u0161to patalpas: \u012fsteigta Kalveli\u0173 pagrindin\u0117 mokykla (lietuvi\u0173 mokom\u0105ja kalba), kurioje mokosi 39 1-7 klasi\u0173 mokiniai ir dirba 6 mokytojai: A Pi\u0161\u010dakien\u0117, R. Skripkien\u0117, N. Janu\u0161auskien\u0117, J. Pa\u0161utien\u0117, R. Dikait\u0117 ir A. Kazlionkait\u0117. Mokyklos direktore paskirta Albina Pi\u0161\u010dakien\u0117.<\/p>\n\n\n\n<p><strong>1997<\/strong> m. liepos 30 d. Vilniaus rajono savivaldyb\u0117s Tarybos sprendimu Nr. 26 Kalveli\u0173 pagrindin\u0117 mokykla buvo <em>reorganizuota<\/em> \u012f vidurin\u0119. Ji pavadinta Kalveli\u0173 2-\u0105ja vidurine mokykla.<\/p>\n\n\n\n<p><strong>1996 <\/strong>metais prad\u0117tas spr\u0119sti naujos mokyklos statybos klausimas Vilniaus rajono savivaldyb\u0117s Valdyba 1997-07-07 sprendimu Nr. 193 pritaria detalaus plano projektui, vidurin\u0117s mokyklos statybai.<\/p>\n\n\n\n<p>Mokykla buvo statoma 1997-2005 m.\n<strong>2001<\/strong>m. atidarytas naujas pradini\u0173 klasi\u0173 korpusas\n<strong>2003 <\/strong>m.- II korpusas\n<strong>2005<\/strong> m.- III korpusas<\/p>\n\n\n\n<p><strong>2012<\/strong> m. mokyklos direktore paskirta Irena Veli\u010dkien\u0117.<\/p>\n\n\n\n<p><strong>2012<\/strong> m. suteiktas gimnazijos statusas. Kalveli\u0173 2-oji vidurin\u0117 mokykla reorganizuota \u012f Kalveli\u0173 &#8222;Au\u0161ros&#8221; gimnazij\u0105.<\/p>\n\n\n\n<p>\u0160iuo metu mokykloje yra 13 klasi\u0173 komplekt\u0173: prie\u0161mokyklinio ugdymo grup\u0117\u2013 1 komplektas, pradinio ugdymo programa 1-4 klas\u0117se \u2013 4 komplektai, pagrindinio ugdymo programa 5-8, IG-IIG klas\u0117se&nbsp;\u2013 6 komplektai,vidurinio ugdymo programa IIIG-IVG klas\u0117se &#8211; 2 komplektai.<\/p>\n\n\n\n<p>Atnaujinta: 2025-03-01<\/p>\n","protected":false},"excerpt":{"rendered":"<p>1939-1940 metais Kalveliuose veik\u0117 lietuvi\u0161kos klas\u0117s. 1967 metais Kalveli\u0173 vidurin\u0117je mokykloje (d\u0117stoma lenk\u0173 \u2013 rus\u0173 mokom\u0105ja kalba) v\u0117l \u012fsteigtos 1-4 lietuvi\u0161kos klas\u0117s, kuriose mokosi 10 mokini\u0173 (mokytoja A. Pi\u0161\u010dakien\u0117). 1971 m. lietuvi\u0161kos klas\u0117s buvo likviduotos. 1987 m. \u012f lietuvi\u0161kas klases <a href=\"https:\/\/www.ausros.vilniausr.lm.lt\/?page_id=197\" class=\"read-more\">Daugiau &#8230;<\/a><\/p>\n","protected":false},"author":3,"featured_media":0,"parent":0,"menu_order":0,"comment_status":"closed","ping_status":"closed","template":"","meta":{"footnotes":""},"class_list":["post-197","page","type-page","status-publish","hentry"],"_links":{"self":[{"href":"https:\/\/www.ausros.vilniausr.lm.lt\/index.php?rest_route=\/wp\/v2\/pages\/197","targetHints":{"allow":["GET"]}}],"collection":[{"href":"https:\/\/www.ausros.vilniausr.lm.lt\/index.php?rest_route=\/wp\/v2\/pages"}],"about":[{"href":"https:\/\/www.ausros.vilniausr.lm.lt\/index.php?rest_route=\/wp\/v2\/types\/page"}],"author":[{"embeddable":true,"href":"https:\/\/www.ausros.vilniausr.lm.lt\/index.php?rest_route=\/wp\/v2\/users\/3"}],"replies":[{"embeddable":true,"href":"https:\/\/www.ausros.vilniausr.lm.lt\/index.php?rest_route=%2Fwp%2Fv2%2Fcomments&post=197"}],"version-history":[{"count":4,"href":"https:\/\/www.ausros.vilniausr.lm.lt\/index.php?rest_route=\/wp\/v2\/pages\/197\/revisions"}],"predecessor-version":[{"id":11469,"href":"https:\/\/www.ausros.vilniausr.lm.lt\/index.php?rest_route=\/wp\/v2\/pages\/197\/revisions\/11469"}],"wp:attachment":[{"href":"https:\/\/www.ausros.vilniausr.lm.lt\/index.php?rest_route=%2Fwp%2Fv2%2Fmedia&parent=197"}],"curies":[{"name":"wp","href":"https:\/\/api.w.org\/{rel}","templated":true}]}}