{"id":200,"date":"2019-09-30T18:02:39","date_gmt":"2019-09-30T18:02:39","guid":{"rendered":"http:\/\/localhost:8080\/wordpress\/?page_id=200"},"modified":"2023-03-02T06:45:25","modified_gmt":"2023-03-02T06:45:25","slug":"vizija-misija","status":"publish","type":"page","link":"https:\/\/www.ausros.vilniausr.lm.lt\/?page_id=200","title":{"rendered":"Vizija, misija"},"content":{"rendered":"\n<p><strong>Vizija<\/strong><\/p>\n\n\n\n<p>Kalveli\u0173 \u201cAu\u0161ros\u201c gimnazija \u2013moderni, saugi, nuolat besimokanti, tenkinanti augan\u010dius mokini\u0173 poreikius bei stiprinanti tauti\u0161kum\u0105 ir pilieti\u0161kum\u0105 daugiakult\u016br\u0117je aplinkoje gimnazija.&nbsp;  <\/p>\n\n\n\n<p><strong>Misija<\/strong><\/p>\n\n\n\n<p>Gimnazija ugdo toleranti\u0161k\u0105, k\u016brybi\u0161k\u0105, turint\u012f tapatumo jausm\u0105 mokin\u012f, padeda \u012fgyti kompetencij\u0173, b\u016btin\u0173 tolimesniam, socialiai saugiam&nbsp; gyvenimui. <\/p>\n\n\n\n<p><strong>Filosofija<\/strong><\/p>\n\n\n\n<p>Neu\u017etenka \u017einoti, reikia panaudoti \u017einias, neu\u017etenka egzistuoti, reikia b\u016bti, neu\u017etenka nor\u0117ti, reikia veikti.<\/p>\n\n\n\n<p class=\"has-text-align-center\">                                                                     Johanas Volfgangas G\u0117t\u0117 <\/p>\n\n\n\n<p><strong>Vertyb\u0117s<\/strong><\/p>\n\n\n\n<ul class=\"wp-block-list\">\n<li>Atsakomyb\u0117<\/li>\n\n\n\n<li> Tobul\u0117jimas <\/li>\n\n\n\n<li> Veiklumas <\/li>\n\n\n\n<li> Savigarba ir tolerancija <\/li>\n\n\n\n<li> Pilieti\u0161kumas <\/li>\n\n\n\n<li> K\u016brybi\u0161kumas  <\/li>\n<\/ul>\n\n\n\n<p><strong>Prioritetai <\/strong><\/p>\n\n\n\n<ul class=\"wp-block-list\">\n<li>Skirting\u0173 geb\u0117jim\u0173 mokini\u0173 mokymosi motyvacijos, atsakomyb\u0117s u\u017e savo mokym\u0105si k\u0117limas ir pa\u017eangos siekimas.<\/li>\n\n\n\n<li>Mokini\u0173 emocin\u0117s savijautos, sav\u0119s pa\u017einimo gerinimas. <\/li>\n\n\n\n<li>Pilieti\u0161kumo ir tautinio tapatumo ugdymas daugiakult\u016br\u0117je aplinkoje. <\/li>\n<\/ul>\n\n\n\n<p><strong>Strateginis tikslas: <\/strong>veiksmingo ir kokybi\u0161ko ugdymo(si) u\u017etikrinimas.<\/p>\n\n\n\n<p><strong>1.&nbsp;&nbsp;&nbsp;&nbsp;&nbsp; <\/strong><strong>Tikslas: <\/strong>organizuoti mokym\u0105(si) atsi\u017evelgiant \u012f mokini\u0173 skirtybes, j\u0173 \u012fvairov\u0119, asmens ypatumus.<\/p>\n\n\n\n<p><strong>&nbsp;&nbsp;&nbsp;&nbsp;&nbsp;&nbsp;&nbsp;&nbsp;&nbsp;&nbsp; U\u017edaviniai:<\/strong><\/p>\n\n\n\n<p><strong>1.1.&nbsp;&nbsp;&nbsp; <\/strong><strong>&nbsp;<\/strong>Sudaryti palankias s\u0105lygas kiekvienam mokiniui ugdytis pagal j\u0173 poreikius ir galimybes.<\/p>\n\n\n\n<p><strong>1.2.<\/strong>Diegti atnaujint\u0105 ugdymo turin\u012f (UTA) pagal naujas atnaujintas Bendr\u0105sias programas.<\/p>\n\n\n\n<p><strong>1.3.<\/strong>Stiprinti mokini\u0173 dom\u0117jim\u0105si STEAM dalykais.<\/p>\n\n\n\n<p><strong>&nbsp;&nbsp;&nbsp;&nbsp;&nbsp;&nbsp;&nbsp;&nbsp;&nbsp;&nbsp;&nbsp; Strateginis tikslas: <\/strong>tikslingo ir \u012fvairiapusi\u0161ko mokymosi virtualioje aplinkoje organizavimas.<\/p>\n\n\n\n<p>2.\u00a0\u00a0\u00a0\u00a0\u00a0<strong> Tikslas<\/strong> \u2013 efektyviai naudoti esam\u0105 IKT i\u0161tekli\u0173 baz\u0119.<\/p>\n\n\n\n<p><strong>2.1.<\/strong><strong>U\u017edavinys \u2013 <\/strong>sudaryti s\u0105lygas mokiniams ir mokytojams dirbti modernioje aplinkoje.<\/p>\n\n\n\n<p>3.&nbsp;&nbsp;&nbsp;&nbsp;&nbsp; <strong>Tikslas \u2013 <\/strong>gerinti mokini\u0173 emocin\u0119 savijaut\u0105, sav\u0119s pa\u017einim\u0105.<\/p>\n\n\n\n<p><strong>3.1.<\/strong> &nbsp;<strong>U\u017edavinys \u2013<\/strong> puosel\u0117ti pozityvias vertybes ir kurti saugi\u0105 aplink\u0105.<\/p>\n\n\n\n<p>Atnaujinta: 2022-09-01<\/p>\n","protected":false},"excerpt":{"rendered":"<p>Vizija Kalveli\u0173 \u201cAu\u0161ros\u201c gimnazija \u2013moderni, saugi, nuolat besimokanti, tenkinanti augan\u010dius mokini\u0173 poreikius bei stiprinanti tauti\u0161kum\u0105 ir pilieti\u0161kum\u0105 daugiakult\u016br\u0117je aplinkoje gimnazija.&nbsp; Misija Gimnazija ugdo toleranti\u0161k\u0105, k\u016brybi\u0161k\u0105, turint\u012f tapatumo jausm\u0105 mokin\u012f, padeda \u012fgyti kompetencij\u0173, b\u016btin\u0173 tolimesniam, socialiai saugiam&nbsp; gyvenimui. Filosofija Neu\u017etenka \u017einoti, <a href=\"https:\/\/www.ausros.vilniausr.lm.lt\/?page_id=200\" class=\"read-more\">Daugiau &#8230;<\/a><\/p>\n","protected":false},"author":3,"featured_media":0,"parent":0,"menu_order":0,"comment_status":"closed","ping_status":"closed","template":"","meta":{"footnotes":""},"class_list":["post-200","page","type-page","status-publish","hentry"],"_links":{"self":[{"href":"https:\/\/www.ausros.vilniausr.lm.lt\/index.php?rest_route=\/wp\/v2\/pages\/200","targetHints":{"allow":["GET"]}}],"collection":[{"href":"https:\/\/www.ausros.vilniausr.lm.lt\/index.php?rest_route=\/wp\/v2\/pages"}],"about":[{"href":"https:\/\/www.ausros.vilniausr.lm.lt\/index.php?rest_route=\/wp\/v2\/types\/page"}],"author":[{"embeddable":true,"href":"https:\/\/www.ausros.vilniausr.lm.lt\/index.php?rest_route=\/wp\/v2\/users\/3"}],"replies":[{"embeddable":true,"href":"https:\/\/www.ausros.vilniausr.lm.lt\/index.php?rest_route=%2Fwp%2Fv2%2Fcomments&post=200"}],"version-history":[{"count":8,"href":"https:\/\/www.ausros.vilniausr.lm.lt\/index.php?rest_route=\/wp\/v2\/pages\/200\/revisions"}],"predecessor-version":[{"id":7693,"href":"https:\/\/www.ausros.vilniausr.lm.lt\/index.php?rest_route=\/wp\/v2\/pages\/200\/revisions\/7693"}],"wp:attachment":[{"href":"https:\/\/www.ausros.vilniausr.lm.lt\/index.php?rest_route=%2Fwp%2Fv2%2Fmedia&parent=200"}],"curies":[{"name":"wp","href":"https:\/\/api.w.org\/{rel}","templated":true}]}}