{"id":204,"date":"2019-09-30T18:09:03","date_gmt":"2019-09-30T18:09:03","guid":{"rendered":"http:\/\/localhost:8080\/wordpress\/?page_id=204"},"modified":"2025-09-16T08:42:06","modified_gmt":"2025-09-16T08:42:06","slug":"mokiniu-priemimas","status":"publish","type":"page","link":"https:\/\/www.ausros.vilniausr.lm.lt\/?page_id=204","title":{"rendered":"Vaik\u0173 pri\u0117mimas \u012f gimnazij\u0105"},"content":{"rendered":"\n<h2 class=\"wp-block-heading\">Nuo 2025 met\u0173 kovo 3. skelbiamas vaik\u0173 pri\u0117mimas \u012f prie\u0161mokyklinio ugdymo grup\u0119 2025-2026 mokslo metams.<\/h2>\n\n\n\n<p><a href=\"https:\/\/vrsa.lt\/svietimas\/naujienos\/463\/prasidejo-prasymu-teikimas-mokytis-pagal-bendrojo-ugdymo-programas-2025-2026-mokslo-metams:6295\">DAUGIAU INFORMACIJOS RASITE \u010cIA<\/a><\/p>\n\n\n\n<p>Pra\u0161ymai priimti vaikus \u012f Vilniaus rajono savivaldyb\u0117s \u0161vietimo \u012fstaig\u0173 ikimokyklinio ir prie\u0161mokyklinio ugdymo grupes teikiami informacin\u0117je sistemoje&nbsp;<a href=\"http:\/\/www.registruok.lt\/\" target=\"_blank\" rel=\"noreferrer noopener\">www.registruok.lt<\/a>&nbsp;&gt;&nbsp;<a href=\"https:\/\/www.registruok.lt\/go.php\/VILNIAUS-RAJONO-SAVIVALDYBE19015221898\" target=\"_blank\" rel=\"noreferrer noopener\">Vilniaus rajono savivaldyb\u0117.<\/a><\/p>\n\n\n\n<p>Vilniaus rajono registracija \u012f ikimokyklinio ir prie\u0161mokyklinio ugdymo grupes&nbsp;<\/p>\n\n\n\n<p><a href=\"https:\/\/www.registruok.lt\/go.php\/VILNIAUS-RAJONO-SAVIVALDYBE19015221898\">https:\/\/www.registruok.lt\/go.php\/VILNIAUS-RAJONO-SAVIVALDYBE19015221898<\/a><\/p>\n\n\n\n<p>Daugiau informacijos apie vaik\u0173 pri\u0117mim\u0105 \u012f Vilniaus rajono \u0161vietimo \u012fstaig\u0173 ikimokyklinio ir prie\u0161mokyklinio ugdymo grupes galima rasti \u0161iuo interneto adresu <a href=\"https:\/\/www.vrsa.lt\/svietimas\/ikimokyklinis-ir-priesmokyklinis-ugdymas\/437\">https:\/\/www.vrsa.lt\/svietimas\/ikimokyklinis-ir-priesmokyklinis-ugdymas\/437<\/a><\/p>\n\n\n\n<p>Centralizuoto vaik\u0173 pri\u0117mimo \u012f \u0160vietimo, mokslo ir sporto ministerijos ir Vilniaus rajono savivaldyb\u0117s \u0161vietimo \u012fstaig\u0173 ikimokyklinio ir prie\u0161mokyklinio ugdymo grupes organizavimo tvarkos apra\u0161as bei aptarnavimo teritorijos<a href=\"https:\/\/www.e-tar.lt\/portal\/lt\/legalAct\/c421e3b0708511edbc04912defe897d1\">https:\/\/www.e-tar.lt\/portal\/lt\/legalAct\/c421e3b0708511edbc04912defe897d1<\/a><\/p>\n\n\n\n<p><strong><a href=\"https:\/\/www.ausrosgimnazija.kalveliai.vilniausr.lm.lt\/wp-content\/uploads\/2023\/09\/del-priemimo-i-mokykla.pdf\" data-type=\"link\" data-id=\"https:\/\/www.ausrosgimnazija.kalveliai.vilniausr.lm.lt\/wp-content\/uploads\/2023\/09\/del-priemimo-i-mokykla.pdf\">PRA\u0160YMAS D\u0116L PRI\u0116MIMO \u012e GIMNAZIJ\u0104<\/a><\/strong><\/p>\n\n\n\n<h3 class=\"wp-block-heading\"><strong>INFORMACIJA APIE PRI\u0116MIM\u0104 \u012e BENDROJO UGDYMO PROGRAMAS<\/strong><\/h3>\n\n\n\n<figure class=\"wp-block-table\"><table class=\"has-fixed-layout\"><tbody><tr><td class=\"has-text-align-center\" data-align=\"center\"><strong>Klas\u0117<\/strong><\/td><td class=\"has-text-align-center\" data-align=\"center\"><strong>Laisvos vietos<\/strong> <strong>2025-07-17<\/strong><\/td><\/tr><tr><td class=\"has-text-align-center\" data-align=\"center\">1<\/td><td class=\"has-text-align-center\" data-align=\"center\">7<\/td><\/tr><tr><td class=\"has-text-align-center\" data-align=\"center\">2<\/td><td class=\"has-text-align-center\" data-align=\"center\">1<\/td><\/tr><tr><td class=\"has-text-align-center\" data-align=\"center\">3<\/td><td class=\"has-text-align-center\" data-align=\"center\">3<\/td><\/tr><tr><td class=\"has-text-align-center\" data-align=\"center\">4<\/td><td class=\"has-text-align-center\" data-align=\"center\">10<\/td><\/tr><tr><td class=\"has-text-align-center\" data-align=\"center\">5<\/td><td class=\"has-text-align-center\" data-align=\"center\">13<\/td><\/tr><tr><td class=\"has-text-align-center\" data-align=\"center\">6<\/td><td class=\"has-text-align-center\" data-align=\"center\">7<\/td><\/tr><tr><td class=\"has-text-align-center\" data-align=\"center\">7<\/td><td class=\"has-text-align-center\" data-align=\"center\">8<\/td><\/tr><tr><td class=\"has-text-align-center\" data-align=\"center\">8<\/td><td class=\"has-text-align-center\" data-align=\"center\">17<\/td><\/tr><tr><td class=\"has-text-align-center\" data-align=\"center\">9 (I gimn.)<\/td><td class=\"has-text-align-center\" data-align=\"center\">17<\/td><\/tr><tr><td class=\"has-text-align-center\" data-align=\"center\">10 (II gimn.)<\/td><td class=\"has-text-align-center\" data-align=\"center\">11<\/td><\/tr><\/tbody><\/table><\/figure>\n\n\n\n<hr class=\"wp-block-separator has-alpha-channel-opacity\"\/>\n\n\n\n<p>Atnaujinta: 2025-09-16<\/p>\n","protected":false},"excerpt":{"rendered":"<p>Nuo 2025 met\u0173 kovo 3. skelbiamas vaik\u0173 pri\u0117mimas \u012f prie\u0161mokyklinio ugdymo grup\u0119 2025-2026 mokslo metams. DAUGIAU INFORMACIJOS RASITE \u010cIA Pra\u0161ymai priimti vaikus \u012f Vilniaus rajono savivaldyb\u0117s \u0161vietimo \u012fstaig\u0173 ikimokyklinio ir prie\u0161mokyklinio ugdymo grupes teikiami informacin\u0117je sistemoje&nbsp;www.registruok.lt&nbsp;&gt;&nbsp;Vilniaus rajono savivaldyb\u0117. Vilniaus rajono <a href=\"https:\/\/www.ausros.vilniausr.lm.lt\/?page_id=204\" class=\"read-more\">Daugiau &#8230;<\/a><\/p>\n","protected":false},"author":3,"featured_media":0,"parent":0,"menu_order":0,"comment_status":"closed","ping_status":"closed","template":"","meta":{"footnotes":""},"class_list":["post-204","page","type-page","status-publish","hentry"],"_links":{"self":[{"href":"https:\/\/www.ausros.vilniausr.lm.lt\/index.php?rest_route=\/wp\/v2\/pages\/204","targetHints":{"allow":["GET"]}}],"collection":[{"href":"https:\/\/www.ausros.vilniausr.lm.lt\/index.php?rest_route=\/wp\/v2\/pages"}],"about":[{"href":"https:\/\/www.ausros.vilniausr.lm.lt\/index.php?rest_route=\/wp\/v2\/types\/page"}],"author":[{"embeddable":true,"href":"https:\/\/www.ausros.vilniausr.lm.lt\/index.php?rest_route=\/wp\/v2\/users\/3"}],"replies":[{"embeddable":true,"href":"https:\/\/www.ausros.vilniausr.lm.lt\/index.php?rest_route=%2Fwp%2Fv2%2Fcomments&post=204"}],"version-history":[{"count":14,"href":"https:\/\/www.ausros.vilniausr.lm.lt\/index.php?rest_route=\/wp\/v2\/pages\/204\/revisions"}],"predecessor-version":[{"id":12561,"href":"https:\/\/www.ausros.vilniausr.lm.lt\/index.php?rest_route=\/wp\/v2\/pages\/204\/revisions\/12561"}],"wp:attachment":[{"href":"https:\/\/www.ausros.vilniausr.lm.lt\/index.php?rest_route=%2Fwp%2Fv2%2Fmedia&parent=204"}],"curies":[{"name":"wp","href":"https:\/\/api.w.org\/{rel}","templated":true}]}}