{"id":206,"date":"2019-09-30T18:10:10","date_gmt":"2019-09-30T18:10:10","guid":{"rendered":"http:\/\/localhost:8080\/wordpress\/?page_id=206"},"modified":"2026-04-15T09:03:10","modified_gmt":"2026-04-15T09:03:10","slug":"gimnazijos-veiklos-kokybes-isivertinimo-rezultatai","status":"publish","type":"page","link":"https:\/\/www.ausros.vilniausr.lm.lt\/?page_id=206","title":{"rendered":"Planavimo dokumentai"},"content":{"rendered":"\n<h2 class=\"wp-block-heading\">Strateginis planas<\/h2>\n\n\n\n<p><a href=\"https:\/\/www.ausros.vilniausr.lm.lt\/wp-content\/uploads\/2026\/04\/STRATEGINIS.pdf\">Vilniaus r. Kalveli\u0173 &#8222;Au\u0161ros&#8221; gimnazijos 2026-2029 met\u0173 strateginis<\/a><\/p>\n\n\n\n<h2 class=\"wp-block-heading\">Ugdymo planas<\/h2>\n\n\n\n<p><a href=\"https:\/\/www.ausros.vilniausr.lm.lt\/wp-content\/uploads\/2025\/09\/Vilniaus-r.-Kalveliu-Ausros-gimnazijos-2025-2026-mokslo-metu-ugdymo-planas.pdf\">Vilniaus r. Kalveli\u0173 Au\u0161ros gimnazijos 2025-2026 mokslo met\u0173 ugdymo planas<\/a><\/p>\n\n\n\n<h2 class=\"wp-block-heading\">Metinis veiklos planas<\/h2>\n\n\n\n<p><a href=\"https:\/\/www.ausros.vilniausr.lm.lt\/wp-content\/uploads\/2026\/04\/Gimnazijos-veiklos-planas-2026.docx.pdf\">Vilniaus r. Kalveli\u0173 Au\u0161ros gimnazijos 2026 met\u0173 veiklos planas<\/a><\/p>\n\n\n\n<h2 class=\"wp-block-heading\">Gimnazijos veiklos kokyb\u0117s \u012fsivertinimas<\/h2>\n\n\n\n<div class=\"wp-block-file\"><a id=\"wp-block-file--media-b81189ec-3505-4601-adb6-257368b36fb8\" href=\"https:\/\/www.ausrosgimnazija.kalveliai.vilniausr.lm.lt\/wp-content\/uploads\/2025\/03\/GIMNAZIJOS-VEIKLOS-KOKYBES-ISIVERTINIMO-REZULTATAI-2025-M.pdf\" target=\"_blank\" rel=\"noreferrer noopener\">GIMNAZIJOS VEIKLOS KOKYB\u0116S \u012eSIVERTINIMO REZULTATAI 2025 M.<\/a><\/div>\n\n\n\n<div class=\"wp-block-file\"><a id=\"wp-block-file--media-4bdd6d26-cf5d-4595-93c2-541f3138a540\" href=\"https:\/\/www.ausrosgimnazija.kalveliai.vilniausr.lm.lt\/wp-content\/uploads\/2025\/03\/GIMNAZIJOS-VEIKLOS-KOKYBES-ISIVERTINIMO-REZULTATAI-2024-M.pdf\" target=\"_blank\" rel=\"noreferrer noopener\">GIMNAZIJOS VEIKLOS KOKYB\u0116S \u012eSIVERTINIMO REZULTATAI 2024 M.<\/a><\/div>\n\n\n\n<div class=\"wp-block-file\"><a id=\"wp-block-file--media-c1a9a4c3-a763-4fac-99c1-0242bf5f020c\" href=\"https:\/\/www.ausrosgimnazija.kalveliai.vilniausr.lm.lt\/wp-content\/uploads\/2024\/01\/GIMNAZIJOS-VEIKLOS-KOKYBES-ISIVERTINIMO-REZULTATAI-2023-M.pdf\">GIMNAZIJOS VEIKLOS KOKYB\u0116S \u012eSIVERTINIMO REZULTATAI 2023 M.<\/a><\/div>\n\n\n\n<div class=\"wp-block-file\"><a id=\"wp-block-file--media-57561a70-4c4c-42e4-80cd-c6002f3d2100\" href=\"http:\/\/www.ausrosgimnazija.kalveliai.vilniausr.lm.lt\/wp-content\/uploads\/2022\/09\/Audito-apibendrinimas-u\u017e-2021-2022.pdf\">GIMNAZIJOS VEIKLOS KOKYB\u0116S \u012eSIVERTINIMO REZULTATAI 2021-2022 M.M. <\/a><\/div>\n\n\n\n<div class=\"wp-block-file\"><a id=\"wp-block-file--media-929a5fe2-0a8b-4767-9326-bf18717004b0\" href=\"http:\/\/www.ausrosgimnazija.kalveliai.vilniausr.lm.lt\/wp-content\/uploads\/2021\/01\/Veiklos-kokyb\u0117s-\u012fsivertinimo-anketa-2020-m..pdf\">GIMNAZIJOS VEIKLOS KOKYB\u0116S \u012eSIVERTINIMO REZULTATAI 2020-2021 M.M. <br><\/a><\/div>\n\n\n\n<div class=\"wp-block-file\"><a id=\"wp-block-file--media-00aebdda-9164-43bc-91db-16c8478af3d4\" href=\"http:\/\/www.ausrosgimnazija.kalveliai.vilniausr.lm.lt\/wp-content\/uploads\/2020\/10\/Tinklalapis.pdf\">GIMNAZIJOS VEIKLOS KOKYB\u0116S \u012eSIVERTINIMO REZULTATAI 2019-2020 M.M. <br><\/a><\/div>\n\n\n\n<div class=\"wp-block-file\"><a id=\"wp-block-file--media-eb3c44c0-6212-40a9-8616-59fa76b32dc6\" href=\"http:\/\/www.ausrosgimnazija.kalveliai.vilniausr.lm.lt\/wp-content\/uploads\/2019\/10\/VEIKLOS-KOKYB\u0116S-\u012eSIVERTINIMO-ETAPAI.pdf\">GIMNAZIJOS VEIKLOS KOKYB\u0116S \u012eSIVERTINIMO REZULTATAI&nbsp;2018-2019 M.M. <\/a><\/div>\n\n\n\n<h2 class=\"wp-block-heading\">Gimnazijos veiklos kokyb\u0117s i\u0161orinio vertinimo rezultatai<\/h2>\n\n\n\n<div class=\"wp-block-file\"><a id=\"wp-block-file--media-68aa706d-0908-4a96-a70c-e1377b8b860e\" href=\"https:\/\/www.ausrosgimnazija.kalveliai.vilniausr.lm.lt\/wp-content\/uploads\/2022\/10\/rizikos-vertinimo-ataskaita-2-19.pdf\">Gimnazijos veiklos kokyb\u0117s i\u0161orinio vertinimo rezultatai 2022<\/a><\/div>\n\n\n\n<div class=\"wp-block-file\"><a id=\"wp-block-file--media-e66b430c-385c-479e-af74-829d7e1a7e31\" href=\"http:\/\/www.ausrosgimnazija.kalveliai.vilniausr.lm.lt\/wp-content\/uploads\/2022\/10\/Gimnazijoje-2017-m.pdf\">Gimnazijos veiklos kokyb\u0117s i\u0161orinio vertinimo rezultatai<\/a><\/div>\n\n\n\n<hr class=\"wp-block-separator has-alpha-channel-opacity\"\/>\n\n\n\n<p>Atnaujinta: 2026-04-15<\/p>\n","protected":false},"excerpt":{"rendered":"<p>Strateginis planas Vilniaus r. Kalveli\u0173 &#8222;Au\u0161ros&#8221; gimnazijos 2026-2029 met\u0173 strateginis Ugdymo planas Vilniaus r. Kalveli\u0173 Au\u0161ros gimnazijos 2025-2026 mokslo met\u0173 ugdymo planas Metinis veiklos planas Vilniaus r. Kalveli\u0173 Au\u0161ros gimnazijos 2026 met\u0173 veiklos planas Gimnazijos veiklos kokyb\u0117s \u012fsivertinimas Gimnazijos veiklos <a href=\"https:\/\/www.ausros.vilniausr.lm.lt\/?page_id=206\" class=\"read-more\">Daugiau &#8230;<\/a><\/p>\n","protected":false},"author":3,"featured_media":0,"parent":0,"menu_order":0,"comment_status":"closed","ping_status":"closed","template":"","meta":{"footnotes":""},"class_list":["post-206","page","type-page","status-publish","hentry"],"_links":{"self":[{"href":"https:\/\/www.ausros.vilniausr.lm.lt\/index.php?rest_route=\/wp\/v2\/pages\/206","targetHints":{"allow":["GET"]}}],"collection":[{"href":"https:\/\/www.ausros.vilniausr.lm.lt\/index.php?rest_route=\/wp\/v2\/pages"}],"about":[{"href":"https:\/\/www.ausros.vilniausr.lm.lt\/index.php?rest_route=\/wp\/v2\/types\/page"}],"author":[{"embeddable":true,"href":"https:\/\/www.ausros.vilniausr.lm.lt\/index.php?rest_route=\/wp\/v2\/users\/3"}],"replies":[{"embeddable":true,"href":"https:\/\/www.ausros.vilniausr.lm.lt\/index.php?rest_route=%2Fwp%2Fv2%2Fcomments&post=206"}],"version-history":[{"count":53,"href":"https:\/\/www.ausros.vilniausr.lm.lt\/index.php?rest_route=\/wp\/v2\/pages\/206\/revisions"}],"predecessor-version":[{"id":13690,"href":"https:\/\/www.ausros.vilniausr.lm.lt\/index.php?rest_route=\/wp\/v2\/pages\/206\/revisions\/13690"}],"wp:attachment":[{"href":"https:\/\/www.ausros.vilniausr.lm.lt\/index.php?rest_route=%2Fwp%2Fv2%2Fmedia&parent=206"}],"curies":[{"name":"wp","href":"https:\/\/api.w.org\/{rel}","templated":true}]}}