{"id":217,"date":"2019-09-30T18:34:36","date_gmt":"2019-09-30T18:34:36","guid":{"rendered":"http:\/\/localhost:8080\/wordpress\/?page_id=217"},"modified":"2026-04-15T08:37:05","modified_gmt":"2026-04-15T08:37:05","slug":"gimnazijos-taryba","status":"publish","type":"page","link":"https:\/\/www.ausros.vilniausr.lm.lt\/?page_id=217","title":{"rendered":"Gimnazijos taryba"},"content":{"rendered":"\n<p>Gimnazijos taryba \u2013 auk\u0161\u010diausioji gimnazijos savivaldos institucija, sudaryta i\u0161 mokini\u0173, mokytoj\u0173, t\u0117v\u0173 (glob\u0117j\u0173, r\u016bpintoj\u0173) ir vietos bendruomen\u0117s atstov\u0173. U\u017e savo veikl\u0105 gimnazijos taryba atsiskaito j\u0105 rinkusiems gimnazijos bendruomen\u0117s nariams. Taip pat gimnazijoje veikia ir kitos gimnazijos savivaldos institucijos.<\/p>\n\n\n\n<p class=\"has-text-align-center\"><strong>GIMNAZIJOS TARYBA 2026 M. <\/strong><\/p>\n\n\n\n<p><strong>MOKYTOJ\u0172 ATSTOVAI<\/strong><\/p>\n\n\n\n<ol start=\"1\" class=\"wp-block-list\">\n<li>Jolanta Pa\u0161utien\u0117 \u2013 gimnazijos tarybos pos\u0117d\u017ei\u0173 sekretor\u0117, pradinio ugdymo mokytoja metodinink\u0117;<\/li>\n\n\n\n<li>Gra\u017eina Subo\u010d \u2013 gimnazijos tarybos nar\u0117, matematikos mokytoja metodinink\u0117;<\/li>\n\n\n\n<li>Inga Meleikien\u0117 \u2013 gimnazijos tarybos nar\u0117, prie\u0161mokyklinio ugdymo mokytoja;<\/li>\n\n\n\n<li>Valentina Fedorovi\u010d \u2013 gimnazijos tarybos nar\u0117, muzikos mokytoja metodinink\u0117.<\/li>\n<\/ol>\n\n\n\n<p><strong>T\u0116V\u0172 ATSTOVAI<\/strong><\/p>\n\n\n\n<ol start=\"1\" class=\"wp-block-list\">\n<li>Regina Jaro\u0161 \u2013 gimnazijos tarybos pirminink\u0117;<\/li>\n\n\n\n<li>Bo\u017eena Glotko \u2013 gimnazijos tarybos pirminink\u0117s pavaduotoja;<\/li>\n\n\n\n<li>Daiva Puga\u010diovien\u0117 \u2013 gimnazijos&nbsp; tarybos nar\u0117.<\/li>\n<\/ol>\n\n\n\n<p><strong>MOKINI\u0172 ATSTOVAI<\/strong><\/p>\n\n\n\n<ol start=\"1\" class=\"wp-block-list\">\n<li>Eligijus \u017dydelis \u2013 II G klas\u0117s mokinys, narys<\/li>\n\n\n\n<li>Kamil\u0117 Kazlauskait\u0117 \u2013 II G klas\u0117s mokin\u0117, nar\u0117<\/li>\n\n\n\n<li>Aust\u0117ja Puga\u010diovait\u0117 \u2013 I G klas\u0117s mokin\u0117, nar\u0117<\/li>\n<\/ol>\n\n\n\n<p><strong>BENDRUOMEN\u0116S ATSTOVAI<\/strong><\/p>\n\n\n\n<ol start=\"1\" class=\"wp-block-list\">\n<li>Vilija Novicka \u2013 RDKC Kalveli\u0173 skyriaus administrator\u0117<\/li>\n\n\n\n<li>Kristina Naimovi\u010d \u2013 RDKC \u0160umsko skyriaus administrator\u0117.<\/li>\n<\/ol>\n\n\n\n<hr class=\"wp-block-separator has-css-opacity\"\/>\n\n\n\n<p><strong>GIMNAZIJOS TARYBOS VEIKLOS KRYPTYS  <\/strong><\/p>\n\n\n\n<ol class=\"wp-block-list\">\n<li>Ugdymo proceso bei nuotolinio mokymo(-si) organizavimo klausim\u0173 sprendimas. <\/li>\n\n\n\n<li>Gimnazijos bendruomen\u0117s nari\u0173 bendradarbiavimo ir bendravimo skatinimas ugdymo procese. <\/li>\n\n\n\n<li>Mokini\u0173 apr\u016bpinimo ugdymo procesui reikalingomis priemon\u0117mis klausim\u0173 sprendimas.<\/li>\n\n\n\n<li>\u012evairiapus\u0117s pagalbos teikimas, kuriant palanki\u0105 gimnazijos aplink\u0105 ir mikroklimat\u0105.<\/li>\n<\/ol>\n\n\n\n<hr class=\"wp-block-separator has-alpha-channel-opacity\"\/>\n\n\n\n<p><strong><a href=\"https:\/\/www.ausros.vilniausr.lm.lt\/wp-content\/uploads\/2026\/04\/Gimnazijos-Tarybos-veiklos-planas-.doc.pdf\">Gimnazijos tarybos veiklos planas<\/a> <\/strong><\/p>\n\n\n\n<p><strong><a href=\"https:\/\/www.ausrosgimnazija.kalveliai.vilniausr.lm.lt\/wp-content\/uploads\/2022\/11\/Gimnazijos-tarybos-nuostatai.pdf\">Gimnazijos tarybos nuostatai<\/a><\/strong><\/p>\n\n\n\n<hr class=\"wp-block-separator has-alpha-channel-opacity\"\/>\n\n\n\n<p>Atnaujinta: 2026-04-15<\/p>\n","protected":false},"excerpt":{"rendered":"<p>Gimnazijos taryba \u2013 auk\u0161\u010diausioji gimnazijos savivaldos institucija, sudaryta i\u0161 mokini\u0173, mokytoj\u0173, t\u0117v\u0173 (glob\u0117j\u0173, r\u016bpintoj\u0173) ir vietos bendruomen\u0117s atstov\u0173. U\u017e savo veikl\u0105 gimnazijos taryba atsiskaito j\u0105 rinkusiems gimnazijos bendruomen\u0117s nariams. Taip pat gimnazijoje veikia ir kitos gimnazijos savivaldos institucijos. GIMNAZIJOS TARYBA <a href=\"https:\/\/www.ausros.vilniausr.lm.lt\/?page_id=217\" class=\"read-more\">Daugiau &#8230;<\/a><\/p>\n","protected":false},"author":3,"featured_media":0,"parent":0,"menu_order":0,"comment_status":"closed","ping_status":"closed","template":"","meta":{"footnotes":""},"class_list":["post-217","page","type-page","status-publish","hentry"],"_links":{"self":[{"href":"https:\/\/www.ausros.vilniausr.lm.lt\/index.php?rest_route=\/wp\/v2\/pages\/217","targetHints":{"allow":["GET"]}}],"collection":[{"href":"https:\/\/www.ausros.vilniausr.lm.lt\/index.php?rest_route=\/wp\/v2\/pages"}],"about":[{"href":"https:\/\/www.ausros.vilniausr.lm.lt\/index.php?rest_route=\/wp\/v2\/types\/page"}],"author":[{"embeddable":true,"href":"https:\/\/www.ausros.vilniausr.lm.lt\/index.php?rest_route=\/wp\/v2\/users\/3"}],"replies":[{"embeddable":true,"href":"https:\/\/www.ausros.vilniausr.lm.lt\/index.php?rest_route=%2Fwp%2Fv2%2Fcomments&post=217"}],"version-history":[{"count":40,"href":"https:\/\/www.ausros.vilniausr.lm.lt\/index.php?rest_route=\/wp\/v2\/pages\/217\/revisions"}],"predecessor-version":[{"id":13666,"href":"https:\/\/www.ausros.vilniausr.lm.lt\/index.php?rest_route=\/wp\/v2\/pages\/217\/revisions\/13666"}],"wp:attachment":[{"href":"https:\/\/www.ausros.vilniausr.lm.lt\/index.php?rest_route=%2Fwp%2Fv2%2Fmedia&parent=217"}],"curies":[{"name":"wp","href":"https:\/\/api.w.org\/{rel}","templated":true}]}}