{"id":219,"date":"2019-09-30T18:36:44","date_gmt":"2019-09-30T18:36:44","guid":{"rendered":"http:\/\/localhost:8080\/wordpress\/?page_id=219"},"modified":"2025-03-03T09:47:06","modified_gmt":"2025-03-03T09:47:06","slug":"metodine-taryba","status":"publish","type":"page","link":"https:\/\/www.ausros.vilniausr.lm.lt\/?page_id=219","title":{"rendered":"Metodin\u0117 taryba"},"content":{"rendered":"\n<p><strong>Gra\u017eina Tama\u0161auskien\u0117<\/strong> \u2212 metodin\u0117s tarybos pirminink\u0117, pradinio ugdymo mokytoja metodinink\u0117<\/p>\n\n\n\n<p><strong>Gra\u017eina Subo\u010d <\/strong>\u2013 sekretor\u0117, matematinio, gamtamokslinio ir technologinio ugdymo metodin\u0117s grup\u0117s pirminink\u0117, matematikos mokytoja metodinink\u0117<\/p>\n\n\n\n<p><strong>Jolanta Pa\u0161utien\u0117<\/strong> \u2212 nar\u0117, prie\u0161mokyklinio ir pradinio ugdymo metodin\u0117s grup\u0117s pirminink\u0117, pradinio ugdymo mokytoja metodinink\u0117<\/p>\n\n\n\n<p><strong>Nina Ba\u0161ajevien\u0117<\/strong> \u2013 nar\u0117, kalbinio ugdymo metodin\u0117s grup\u0117s pirminink\u0117, lietuvi\u0173 kalbos ir literat\u016bros mokytoja metodinink\u0117<\/p>\n\n\n\n<p><strong>Valentina Fedorovi\u010d<\/strong> \u2013 nar\u0117, visuomeninio, meninio, fizinio ir sveikatos ugdymo metodin\u0117s grup\u0117s pirminink\u0117, muzikos mokytoja metodinink\u0117<\/p>\n\n\n\n<p><strong>Kristina U\u017eubalyt\u0117<\/strong> \u2013 nar\u0117, klasi\u0173 vadov\u0173 metodin\u0117s grup\u0117s pirminink\u0117, lietuvi\u0173 kalbos ir literat\u016bros vyresnioji mokytoja <\/p>\n\n\n\n<p><a href=\"https:\/\/www.ausrosgimnazija.kalveliai.vilniausr.lm.lt\/wp-content\/uploads\/2022\/10\/Met.-tarybos-nuost-2022-m.pdf\"><strong>Metodin\u0117s tarybos nuostatai<\/strong><\/a><\/p>\n\n\n\n<p><a href=\"https:\/\/www.ausrosgimnazija.kalveliai.vilniausr.lm.lt\/wp-content\/uploads\/2025\/02\/Metodines-tarybos-veiklos-planas-2025.pdf\"><strong>Metodin\u0117s tarybos veiklos<\/strong> <strong>planas<\/strong><\/a><\/p>\n\n\n\n<hr class=\"wp-block-separator has-css-opacity is-style-wide\"\/>\n\n\n\n<p>Atnaujinta: 2025-02-24<\/p>\n","protected":false},"excerpt":{"rendered":"<p>Gra\u017eina Tama\u0161auskien\u0117 \u2212 metodin\u0117s tarybos pirminink\u0117, pradinio ugdymo mokytoja metodinink\u0117 Gra\u017eina Subo\u010d \u2013 sekretor\u0117, matematinio, gamtamokslinio ir technologinio ugdymo metodin\u0117s grup\u0117s pirminink\u0117, matematikos mokytoja metodinink\u0117 Jolanta Pa\u0161utien\u0117 \u2212 nar\u0117, prie\u0161mokyklinio ir pradinio ugdymo metodin\u0117s grup\u0117s pirminink\u0117, pradinio ugdymo mokytoja metodinink\u0117 <a href=\"https:\/\/www.ausros.vilniausr.lm.lt\/?page_id=219\" class=\"read-more\">Daugiau &#8230;<\/a><\/p>\n","protected":false},"author":3,"featured_media":0,"parent":0,"menu_order":0,"comment_status":"closed","ping_status":"closed","template":"","meta":{"footnotes":""},"class_list":["post-219","page","type-page","status-publish","hentry"],"_links":{"self":[{"href":"https:\/\/www.ausros.vilniausr.lm.lt\/index.php?rest_route=\/wp\/v2\/pages\/219","targetHints":{"allow":["GET"]}}],"collection":[{"href":"https:\/\/www.ausros.vilniausr.lm.lt\/index.php?rest_route=\/wp\/v2\/pages"}],"about":[{"href":"https:\/\/www.ausros.vilniausr.lm.lt\/index.php?rest_route=\/wp\/v2\/types\/page"}],"author":[{"embeddable":true,"href":"https:\/\/www.ausros.vilniausr.lm.lt\/index.php?rest_route=\/wp\/v2\/users\/3"}],"replies":[{"embeddable":true,"href":"https:\/\/www.ausros.vilniausr.lm.lt\/index.php?rest_route=%2Fwp%2Fv2%2Fcomments&post=219"}],"version-history":[{"count":28,"href":"https:\/\/www.ausros.vilniausr.lm.lt\/index.php?rest_route=\/wp\/v2\/pages\/219\/revisions"}],"predecessor-version":[{"id":11481,"href":"https:\/\/www.ausros.vilniausr.lm.lt\/index.php?rest_route=\/wp\/v2\/pages\/219\/revisions\/11481"}],"wp:attachment":[{"href":"https:\/\/www.ausros.vilniausr.lm.lt\/index.php?rest_route=%2Fwp%2Fv2%2Fmedia&parent=219"}],"curies":[{"name":"wp","href":"https:\/\/api.w.org\/{rel}","templated":true}]}}