{"id":229,"date":"2019-09-30T18:54:55","date_gmt":"2019-09-30T18:54:55","guid":{"rendered":"http:\/\/localhost:8080\/wordpress\/?page_id=229"},"modified":"2025-11-13T15:26:19","modified_gmt":"2025-11-13T15:26:19","slug":"mokytoju-taryba","status":"publish","type":"page","link":"https:\/\/www.ausros.vilniausr.lm.lt\/?page_id=229","title":{"rendered":"Mokytojai ir pagalbos mokiniui specialistai"},"content":{"rendered":"\n<figure class=\"wp-block-table\"><table class=\"has-fixed-layout\"><tbody><tr><td>Eil. Nr.<\/td><td>Mokytojas<\/td><td>Kategorija<\/td><td>Aukl\u0117jamoji klas\u0117<\/td><\/tr><tr><td colspan=\"4\"><strong>Prie\u0161mokyklinis ugdymas<\/strong><strong><\/strong><\/td><\/tr><tr><td>1.<\/td><td>Inga Meleikien\u0117<\/td><td>Prie\u0161mokyklinio ugdymo grup\u0117s vyresnioji mokytoja<\/td><td>Prie\u0161mokyklin\u0117 ugdymo grup\u0117<\/td><\/tr><tr><td colspan=\"4\"><strong>Pradinis ugdymas<\/strong><strong><\/strong><\/td><\/tr><tr><td>2.<\/td><td>Stela Stanulevi\u010d<\/td><td>Pradinio ugdymo mokytoja<\/td><td>2 klas\u0117<\/td><\/tr><tr><td>3.<\/td><td>Gra\u017eina Tama\u0161auskien\u0117<\/td><td>Pradinio ugdymo mokytoja metodinink\u0117&nbsp;<\/td><td>3 klas\u0117<\/td><\/tr><tr><td>4.<\/td><td>Ana Kairien\u0117<\/td><td>Pradinio ugdymo mokytoja metodinink\u0117&nbsp;<\/td><td>4 klas\u0117<\/td><\/tr><tr><td>5.<\/td><td>Jolanta Pa\u0161utien\u0117<\/td><td>Pradinio ugdymo mokytoja metodinink\u0117&nbsp;<\/td><td>1 klas\u0117<\/td><\/tr><tr><td colspan=\"4\"><strong>Pagrindinis ir vidurinis ugdymas<\/strong><\/td><\/tr><tr><td>6.<\/td><td>Jekaterina Zvereva<\/td><td>Dorinio ugdymo\/ekonomikos ir verslumo mokytoja<\/td><td>&nbsp;<\/td><\/tr><tr><td>7.<\/td><td>Nina Ba\u0161ajevien\u0117<\/td><td>Lietuvi\u0173 kalbos ir literat\u016bros mokytoja metodinink\u0117<\/td><td>&nbsp;<\/td><\/tr><tr><td>8.<\/td><td>Kristina U\u017eubalyt\u0117<\/td><td>Lietuvi\u0173 kalbos ir literat\u016bros vyresnioji mokytoja<\/td><td>8 klas\u0117<\/td><\/tr><tr><td>9.<\/td><td>Daiva Puga\u010diovien\u0117<\/td><td>Lietuvi\u0173 kalbos ir literat\u016bros vyresnioji mokytoja<\/td><td>&nbsp;9 klas\u0117<\/td><\/tr><tr><td>10.<\/td><td>Barbara Duden<\/td><td>U\u017esienio kalbos (angl\u0173) mokytoja<\/td><td>6 klas\u0117<\/td><\/tr><tr><td>11.<\/td><td>Romualda Lap\u0161evi\u010d<\/td><td>U\u017esienio kalbos (rus\u0173) &nbsp;vyresnioji mokytoja<\/td><td>&nbsp;<\/td><\/tr><tr><td>12.<\/td><td>Irena Veli\u010dkien\u0117<\/td><td>U\u017esienio kalbos (rus\u0173) &nbsp;mokytoja metodinink\u0117<\/td><td>&nbsp;<\/td><\/tr><tr><td>13.<\/td><td>Gra\u017eina Subo\u010d<\/td><td>Matematikos mokytoja metodinink\u0117<\/td><td>&nbsp;<\/td><\/tr><tr><td>14.<\/td><td>Ana Borkovskaja<\/td><td>Matematikos vyresnioji mokytoja<\/td><td>&nbsp;<\/td><\/tr><tr><td>15.<\/td><td>Arvydas Nork\u016bnas<\/td><td>Istorijos ir pilieti\u0161kumo pagrind\u0173 vyresnysis mokytojas<\/td><td><\/td><\/tr><tr><td>16.<\/td><td>Kristina Dubonien\u0117<\/td><td>Geografijos vyresnioji mokytoja<\/td><td>&nbsp;<\/td><\/tr><tr><td>17.<\/td><td>Irena Mikulevi\u010d<\/td><td>Biologijos vyresnioji mokytoja<\/td><td><\/td><\/tr><tr><td>18.<\/td><td>Kristina Slavinska<\/td><td>Chemijos vyresnioji mokytoja<\/td><td>&nbsp;<\/td><\/tr><tr><td>19.<\/td><td>Alfred Kulakovski<\/td><td>Fizikos vyresnysis mokytojas<\/td><td>&nbsp;<\/td><\/tr><tr><td>20.<\/td><td>Valentina Fedorovi\u010d<\/td><td>Muzikos mokytoja metodinink\u0117<\/td><td>II G klas\u0117<\/td><\/tr><tr><td>21.<\/td><td>An\u017eelika Valiavi\u010dien\u0117<\/td><td>Dail\u0117s vyresnioji mokytoja, gyvenimo \u012fg\u016bd\u017ei\u0173 vyresnioji mokytoja<\/td><td>5 klas\u0117<\/td><\/tr><tr><td>22.<\/td><td>Valdemaras Balukonis<\/td><td>Fizinio ugdymo vyresnysis ugdymo mokytojas<\/td><td>&nbsp;<\/td><\/tr><tr><td>23.<\/td><td>Stela Stanulevi\u010d<\/td><td>\u0160okio mokytoja<\/td><td>&nbsp;<\/td><\/tr><tr><td>24.<\/td><td>Dmitrij Truk\u0161in<\/td><td>Informatikos mokytojas<\/td><td>&nbsp;7 klas\u0117<\/td><\/tr><tr><td>25.<\/td><td>Teresa Narvoi\u0161<\/td><td>Technologij\u0173 vyresnioji mokytoja<\/td><td>&nbsp;<\/td><\/tr><tr><td>26.<\/td><td>Edita Makarova<\/td><td>Technologij\u0173 vyresnioji mokytoja<\/td><td><\/td><\/tr><\/tbody><\/table><\/figure>\n\n\n\n<p><strong>Mokinio pad\u0117j\u0117jai:<\/strong><\/p>\n\n\n\n<ol class=\"wp-block-list\">\n<li>Evelina Duden (1 et.)<\/li>\n\n\n\n<li>Viktorija Duden (1 et.)<\/li>\n\n\n\n<li>Ana Stefanovi\u010d (1 et.)<\/li>\n\n\n\n<li>Marija Jasevi\u010dien\u0117 (0,5 et.)<\/li>\n<\/ol>\n\n\n\n<p><strong>Mokytojo pad\u0117j\u0117jas:<\/strong><\/p>\n\n\n\n<ol class=\"wp-block-list\">\n<li>Kristina Dudy\u0161eva (1 et.)<\/li>\n<\/ol>\n\n\n\n<p><strong>\u0160vietimo pagalbos specialistai:<\/strong><\/p>\n\n\n\n<ol class=\"wp-block-list\">\n<li>Edita Makarova, socialin\u0117 pedagog\u0117 (1 et.)<\/li>\n\n\n\n<li>An\u017eelika Valiavi\u010dien\u0117, spec. pedagog\u0117 (0,5 et.)<\/li>\n\n\n\n<li>Oksana Raudonien\u0117, logoped\u0117 (0,5 et.)<\/li>\n\n\n\n<li>Jekaterina Zvereva, pagalbos mokiniui specialist\u0117 (0,25)<\/li>\n<\/ol>\n\n\n\n<h2 class=\"wp-block-heading\">Pareigyb\u0117s apra\u0161ymai<\/h2>\n\n\n\n<div class=\"wp-block-file\"><a id=\"wp-block-file--media-9841aac2-21c1-48a9-8651-3fafd2c1a002\" href=\"https:\/\/www.ausrosgimnazija.kalveliai.vilniausr.lm.lt\/wp-content\/uploads\/2022\/10\/MOKYTOJO.pdf\">Mokytojo pareigyb\u0117s apra\u0161ymas<\/a><\/div>\n\n\n\n<div class=\"wp-block-file\"><a id=\"wp-block-file--media-4543f48f-770d-41d0-9a7b-a049f00c26fc\" href=\"https:\/\/www.ausrosgimnazija.kalveliai.vilniausr.lm.lt\/wp-content\/uploads\/2022\/10\/PRIESMOKYKLINIO-UGDYMO-MOKYTOJO.pdf\">Priesmokyklinio ugdymo mokytojo pareigyb\u0117s apra\u0161ymas<\/a><\/div>\n\n\n\n<div class=\"wp-block-file\"><a id=\"wp-block-file--media-529d2e20-6879-4c46-a876-6fffa60595c4\" href=\"https:\/\/www.ausrosgimnazija.kalveliai.vilniausr.lm.lt\/wp-content\/uploads\/2022\/10\/SPECIALIOJO-PEDAGOGO-LOGOPEDO.pdf\">Spec.pedagogo, logopedo pareigyb\u0117s apra\u0161ymas<\/a><\/div>\n\n\n\n<p class=\"has-text-align-left\">Atnaujinta: 2025-09-01<\/p>\n","protected":false},"excerpt":{"rendered":"<p>Eil. Nr. Mokytojas Kategorija Aukl\u0117jamoji klas\u0117 Prie\u0161mokyklinis ugdymas 1. Inga Meleikien\u0117 Prie\u0161mokyklinio ugdymo grup\u0117s vyresnioji mokytoja Prie\u0161mokyklin\u0117 ugdymo grup\u0117 Pradinis ugdymas 2. Stela Stanulevi\u010d Pradinio ugdymo mokytoja 2 klas\u0117 3. Gra\u017eina Tama\u0161auskien\u0117 Pradinio ugdymo mokytoja metodinink\u0117&nbsp; 3 klas\u0117 4. Ana <a href=\"https:\/\/www.ausros.vilniausr.lm.lt\/?page_id=229\" class=\"read-more\">Daugiau &#8230;<\/a><\/p>\n","protected":false},"author":3,"featured_media":0,"parent":0,"menu_order":0,"comment_status":"closed","ping_status":"closed","template":"","meta":{"footnotes":""},"class_list":["post-229","page","type-page","status-publish","hentry"],"_links":{"self":[{"href":"https:\/\/www.ausros.vilniausr.lm.lt\/index.php?rest_route=\/wp\/v2\/pages\/229","targetHints":{"allow":["GET"]}}],"collection":[{"href":"https:\/\/www.ausros.vilniausr.lm.lt\/index.php?rest_route=\/wp\/v2\/pages"}],"about":[{"href":"https:\/\/www.ausros.vilniausr.lm.lt\/index.php?rest_route=\/wp\/v2\/types\/page"}],"author":[{"embeddable":true,"href":"https:\/\/www.ausros.vilniausr.lm.lt\/index.php?rest_route=\/wp\/v2\/users\/3"}],"replies":[{"embeddable":true,"href":"https:\/\/www.ausros.vilniausr.lm.lt\/index.php?rest_route=%2Fwp%2Fv2%2Fcomments&post=229"}],"version-history":[{"count":52,"href":"https:\/\/www.ausros.vilniausr.lm.lt\/index.php?rest_route=\/wp\/v2\/pages\/229\/revisions"}],"predecessor-version":[{"id":13003,"href":"https:\/\/www.ausros.vilniausr.lm.lt\/index.php?rest_route=\/wp\/v2\/pages\/229\/revisions\/13003"}],"wp:attachment":[{"href":"https:\/\/www.ausros.vilniausr.lm.lt\/index.php?rest_route=%2Fwp%2Fv2%2Fmedia&parent=229"}],"curies":[{"name":"wp","href":"https:\/\/api.w.org\/{rel}","templated":true}]}}