{"id":231,"date":"2019-09-30T18:55:48","date_gmt":"2019-09-30T18:55:48","guid":{"rendered":"http:\/\/localhost:8080\/wordpress\/?page_id=231"},"modified":"2023-03-02T06:46:38","modified_gmt":"2023-03-02T06:46:38","slug":"partneriai","status":"publish","type":"page","link":"https:\/\/www.ausros.vilniausr.lm.lt\/?page_id=231","title":{"rendered":"Partneriai"},"content":{"rendered":"\n<p>D\u017eiaugiam\u0117s, tur\u0117dami socialinius partnerius, su kuriais bendradarbiaujame formuojant tikslingo laisvalaikio organizavimo \u012fg\u016bd\u017eius, rengiant bendruomen\u0117s \u0161ventes. Kei\u010diam\u0117s informacija, bendradarbiaujame rengdami pokalbius ir diskusijas teisiniais, profesinio orientavimo klausimais.<br><\/p>\n\n\n\n<p>Nuo 2022 m. rugs\u0117jo m\u0117n. <a href=\"http:\/\/www.nemezis.vilniausr.lm.lt\/\">Viniaus r. Nem\u0117\u017eio \u0161v. Rapolo Kalinausko gimnazija<\/a><\/p>\n\n\n\n<p>Nuo 2022 m. rugs\u0117jo m\u0117n. <a href=\"https:\/\/www.verdenes.vilniausr.lm.lt\/\">Vilniaus r. Paber\u017e\u0117s &#8222;Verden\u0117s&#8221; gimnazija<\/a><\/p>\n\n\n\n<p>Nuo 2012 m. sausio m\u0117n. <a href=\"http:\/\/www.policija.lt\/tvs\/v\/?acc_id=129&amp;lan_id=lt&amp;sky=62&amp;nau_id=13682\" target=\"_blank\" rel=\"noreferrer noopener\">Vilniaus apskrities vyriausiojo policijos komisariato Vilniaus rajono policijos komisariato vie\u0161osios policijos skyriaus Prevencinio poskyrio Rudaminos policijos nuovada.<\/a><\/p>\n\n\n\n<p>Nuo 2011 m. spalio m\u0117n. <a href=\"http:\/\/www.vpgt.lt\/\" target=\"_blank\" rel=\"noreferrer noopener\">Vilniaus r. Savivaldyb\u0117s Prie\u0161gaisrin\u0117 gelb\u0117jimo tarnyba<\/a><\/p>\n\n\n\n<p>Nuo 2011 m. rugs\u0117jo m\u0117n. <a href=\"http:\/\/www.vilmu.lt\/index.php\/padaliniai\/kalveliu-girininkija\" target=\"_blank\" rel=\"noreferrer noopener\">Vilniaus r. Kalveli\u0173 girininkija<\/a><\/p>\n\n\n\n<p>Nuo 2011 m. rugs\u0117jo m\u0117n. <a href=\"http:\/\/www.marijampolis.vilniausr.lm.lt\/\">Vilniaus r. Marijampolio&nbsp;Meil\u0117s Luk\u0161ien\u0117s gimnazija<\/a><\/p>\n\n\n\n<p>Nuo 2011 m. rugs\u0117jo m\u0117n. <a href=\"http:\/\/www.rudamina.vilniausr.lm.lt\/\">Rudaminos &#8222;Ryto&#8221; gimnazija<\/a><\/p>\n\n\n\n<p>Nuo 2011 m. rugs\u0117jo m\u0117n. <a href=\"http:\/\/www.seimoskc.lt\/\" target=\"_blank\" rel=\"noreferrer noopener\">Vilniaus r. \u0161eimos ir vaiko krizi\u0173 centras.<\/a><\/p>\n\n\n\n<p>Nuo 2011 m. rugs\u0117jo m\u0117n. <a href=\"http:\/\/www.pasienis.lt\/lit\/Vilniaus_rinktine\/137\" target=\"_blank\" rel=\"noreferrer noopener\">Valstyb\u0117s sienos apsaugos tarnybos prie Lietuvos Respublikos vidaus reikal\u0173 ministerijos Vilniaus rinktin\u0117s Kenos u\u017ekarda.<\/a><\/p>\n\n\n\n<p>Nuo 2011 m. rugs\u0117jo m\u0117n. Vilniaus &#8222;\u017daros&#8221; vidurin\u0117 mokykla.<\/p>\n\n\n\n<p>Nuo 2011 m. rugs\u0117jo m\u0117n. <a href=\"http:\/\/www.sportomokykla.vilniausr.lm.lt\/\" target=\"_blank\" rel=\"noreferrer noopener\">Vilniaus rajono savivaldyb\u0117s sporto mokykla<\/a>.<\/p>\n\n\n\n<p>Nuo 2010 m. &nbsp;lapkri\u010dio m\u0117n. <a href=\"http:\/\/www.lka.lt\/\" target=\"_blank\" rel=\"noreferrer noopener\">Generolo Jono \u017demai\u010dio Lietuvos karo akademija<\/a>.<\/p>\n\n\n\n<p>Nuo 2009 m. rugs\u0117jo m\u0117n. Visuomenin\u0117 organizacija &#8222;Vaikai &#8211; visuomen\u0117s dalis&#8221;.<\/p>\n\n\n\n<p>Nuo 2008 m. gruod\u017eio m\u0117n. Baltarusijoje veikianti lietuvi\u0161ka Rimd\u017ei\u016bn\u0173 vidurin\u0117 mokykla.<\/p>\n\n\n\n<p>Nuo 2008 m. lapkri\u010dio m\u0117n. Vilniaus r. Kalveli\u0173 k. sporto klubas &#8222;AveKo&#8221;.<\/p>\n\n\n\n<p>Nuo 2008 m. rugs\u0117jo m\u0117n.<a href=\"http:\/\/www.moniuskos.vilniausr.lm.lt\/\" target=\"_blank\" rel=\"noreferrer noopener\"> Vilniaus r. Kalveli\u0173 Stanislavo Moniu\u0161kos gimnazija<\/a>.<\/p>\n\n\n\n<p>Nuo 2007 m. baland\u017eio m\u0117n. <a href=\"http:\/\/www.valciunai.vilniausr.lm.lt\/\" target=\"_blank\" rel=\"noreferrer noopener\">Vilniaus r. Val\u010di\u016bn\u0173 vidurin\u0117 mokykla<\/a>.<\/p>\n\n\n\n<p>Nuo 2007 m. baland\u017eio m\u0117n. Kai\u0161iadori\u0173 r. Kalvi\u0173 pagrindin\u0117 mokykla.<\/p>\n\n\n\n<p>Nuo 2006 m. rugs\u0117jo m\u0117n. Vilniaus r. Kalveli\u0173 kult\u016bros namai.<\/p>\n\n\n\n<p>Nuo 2006 m. rugs\u0117jo m\u0117n. <a href=\"http:\/\/www.vrm.lt\/index.php?id=133&amp;backPID=133&amp;pS=1149109200&amp;pL=2591999&amp;arc=1\" target=\"_blank\" rel=\"noreferrer noopener\">Lietuvos Respublikos vidaus reikal\u0173 ministerijos Vidaus tarnybos 2-asis pulkas.<\/a><\/p>\n\n\n\n<p>Nuo 2005 m. rugs\u0117jo m\u0117n. Vilniaus r. Kalveli\u0173 kaimo biblioteka.<\/p>\n\n\n\n<p>Nuo 2004 m. rugs\u0117jo m\u0117n. <a href=\"http:\/\/www.pagiriai.vilniausr.lm.lt\/istorija.htm\" target=\"_blank\" rel=\"noreferrer noopener\">Vilniaus r. Pagiri\u0173 gimnazija.<\/a><\/p>\n\n\n\n<hr class=\"wp-block-separator has-alpha-channel-opacity\"\/>\n\n\n\n<p>Atnaujinta: 2022-09-01<\/p>\n","protected":false},"excerpt":{"rendered":"<p>D\u017eiaugiam\u0117s, tur\u0117dami socialinius partnerius, su kuriais bendradarbiaujame formuojant tikslingo laisvalaikio organizavimo \u012fg\u016bd\u017eius, rengiant bendruomen\u0117s \u0161ventes. Kei\u010diam\u0117s informacija, bendradarbiaujame rengdami pokalbius ir diskusijas teisiniais, profesinio orientavimo klausimais. Nuo 2022 m. rugs\u0117jo m\u0117n. Viniaus r. Nem\u0117\u017eio \u0161v. Rapolo Kalinausko gimnazija Nuo 2022 <a href=\"https:\/\/www.ausros.vilniausr.lm.lt\/?page_id=231\" class=\"read-more\">Daugiau &#8230;<\/a><\/p>\n","protected":false},"author":3,"featured_media":0,"parent":0,"menu_order":0,"comment_status":"closed","ping_status":"closed","template":"","meta":{"footnotes":""},"class_list":["post-231","page","type-page","status-publish","hentry"],"_links":{"self":[{"href":"https:\/\/www.ausros.vilniausr.lm.lt\/index.php?rest_route=\/wp\/v2\/pages\/231","targetHints":{"allow":["GET"]}}],"collection":[{"href":"https:\/\/www.ausros.vilniausr.lm.lt\/index.php?rest_route=\/wp\/v2\/pages"}],"about":[{"href":"https:\/\/www.ausros.vilniausr.lm.lt\/index.php?rest_route=\/wp\/v2\/types\/page"}],"author":[{"embeddable":true,"href":"https:\/\/www.ausros.vilniausr.lm.lt\/index.php?rest_route=\/wp\/v2\/users\/3"}],"replies":[{"embeddable":true,"href":"https:\/\/www.ausros.vilniausr.lm.lt\/index.php?rest_route=%2Fwp%2Fv2%2Fcomments&post=231"}],"version-history":[{"count":4,"href":"https:\/\/www.ausros.vilniausr.lm.lt\/index.php?rest_route=\/wp\/v2\/pages\/231\/revisions"}],"predecessor-version":[{"id":7696,"href":"https:\/\/www.ausros.vilniausr.lm.lt\/index.php?rest_route=\/wp\/v2\/pages\/231\/revisions\/7696"}],"wp:attachment":[{"href":"https:\/\/www.ausros.vilniausr.lm.lt\/index.php?rest_route=%2Fwp%2Fv2%2Fmedia&parent=231"}],"curies":[{"name":"wp","href":"https:\/\/api.w.org\/{rel}","templated":true}]}}