{"id":235,"date":"2019-09-30T19:05:55","date_gmt":"2019-09-30T19:05:55","guid":{"rendered":"http:\/\/localhost:8080\/wordpress\/?page_id=235"},"modified":"2025-09-22T16:48:08","modified_gmt":"2025-09-22T16:48:08","slug":"atostogos-pusmeciu-grafikas","status":"publish","type":"page","link":"https:\/\/www.ausros.vilniausr.lm.lt\/?page_id=235","title":{"rendered":"Atostogos, pusme\u010di\u0173 grafikas"},"content":{"rendered":"\n<p><strong>2025-2026 m. m. mokiniams skiriamos atostogos:<\/strong><\/p>\n\n\n\n<figure class=\"wp-block-table\"><table><tbody><tr><td>\n  Rudens\n  <\/td><td>2025-11-03 \u2013 2025-11-09<\/td><\/tr><tr><td>\n  \u017diemos (Kal\u0117d\u0173)\n  <\/td><td>2025-12-24 \u2013 2026-01-04<\/td><\/tr><tr><td>\n  \u017diemos\n  <\/td><td>2026-02-16 \u2013 2026-02-22<\/td><\/tr><tr><td>\n  Pavasario (Velyk\u0173)\n  <\/td><td>2026-03-30 \u2013 2026-04-05<\/td><\/tr><\/tbody><\/table><\/figure>\n\n\n\n<p>Vasaros atostogos skiriamos pasibaigus ugdymo procesui 5-8, I-II G klasi\u0173 mokiniams. Atostog\u0173 prad\u017ei\u0105 nustato gimnazijos vadovas, suderin\u0119s su gimnazijos taryba ir Vilniaus r. savivaldyb\u0117s administracijos \u0161vietimo skyriumi. Vasaros atostogos trunka iki 2026 m. rugpj\u016b\u010dio 31 d.<\/p>\n\n\n\n<p>&nbsp;Ugdymo procesas gimnazijoje skirstomas pusme\u010diais.\nPusme\u010di\u0173 trukm\u0117 paskirstoma tolygiai ugdymo procese per mokslo metus.&nbsp; <\/p>\n\n\n\n<p>Nustatyta tokia pusme\u010di\u0173 trukm\u0117:<\/p>\n\n\n\n<p><strong>I pusmetis<\/strong>:\u00a0Nuo rugs\u0117jo 2 d. iki\u00a0 sausio 25 d.;<\/p>\n\n\n\n<p><strong>II pusmetis<\/strong>: Nuo sausio 26 d.<\/p>\n\n\n\n<p>Iki bir\u017eelio 08 d. (prie\u0161mokyklinio ugdymo grup\u0117s, 1-4 klasi\u0173 mokiniams),<\/p>\n\n\n\n<p>Iki bir\u017eelio 15 d. (5-8, I-II G klasi\u0173 mokiniams),<\/p>\n\n\n\n<hr class=\"wp-block-separator has-css-opacity\"\/>\n\n\n\n<p>Atnaujinta: 2025-09-01<\/p>\n","protected":false},"excerpt":{"rendered":"<p>2025-2026 m. m. mokiniams skiriamos atostogos: Rudens 2025-11-03 \u2013 2025-11-09 \u017diemos (Kal\u0117d\u0173) 2025-12-24 \u2013 2026-01-04 \u017diemos 2026-02-16 \u2013 2026-02-22 Pavasario (Velyk\u0173) 2026-03-30 \u2013 2026-04-05 Vasaros atostogos skiriamos pasibaigus ugdymo procesui 5-8, I-II G klasi\u0173 mokiniams. Atostog\u0173 prad\u017ei\u0105 nustato gimnazijos vadovas, <a href=\"https:\/\/www.ausros.vilniausr.lm.lt\/?page_id=235\" class=\"read-more\">Daugiau &#8230;<\/a><\/p>\n","protected":false},"author":3,"featured_media":0,"parent":0,"menu_order":0,"comment_status":"closed","ping_status":"closed","template":"","meta":{"footnotes":""},"class_list":["post-235","page","type-page","status-publish","hentry"],"_links":{"self":[{"href":"https:\/\/www.ausros.vilniausr.lm.lt\/index.php?rest_route=\/wp\/v2\/pages\/235","targetHints":{"allow":["GET"]}}],"collection":[{"href":"https:\/\/www.ausros.vilniausr.lm.lt\/index.php?rest_route=\/wp\/v2\/pages"}],"about":[{"href":"https:\/\/www.ausros.vilniausr.lm.lt\/index.php?rest_route=\/wp\/v2\/types\/page"}],"author":[{"embeddable":true,"href":"https:\/\/www.ausros.vilniausr.lm.lt\/index.php?rest_route=\/wp\/v2\/users\/3"}],"replies":[{"embeddable":true,"href":"https:\/\/www.ausros.vilniausr.lm.lt\/index.php?rest_route=%2Fwp%2Fv2%2Fcomments&post=235"}],"version-history":[{"count":20,"href":"https:\/\/www.ausros.vilniausr.lm.lt\/index.php?rest_route=\/wp\/v2\/pages\/235\/revisions"}],"predecessor-version":[{"id":12640,"href":"https:\/\/www.ausros.vilniausr.lm.lt\/index.php?rest_route=\/wp\/v2\/pages\/235\/revisions\/12640"}],"wp:attachment":[{"href":"https:\/\/www.ausros.vilniausr.lm.lt\/index.php?rest_route=%2Fwp%2Fv2%2Fmedia&parent=235"}],"curies":[{"name":"wp","href":"https:\/\/api.w.org\/{rel}","templated":true}]}}