{"id":249,"date":"2019-09-30T19:16:01","date_gmt":"2019-09-30T19:16:01","guid":{"rendered":"http:\/\/localhost:8080\/wordpress\/?page_id=249"},"modified":"2025-09-24T09:14:52","modified_gmt":"2025-09-24T09:14:52","slug":"neformalusis-svietimas","status":"publish","type":"page","link":"https:\/\/www.ausros.vilniausr.lm.lt\/?page_id=249","title":{"rendered":"Neformalusis \u0161vietimas"},"content":{"rendered":"\n<p>Neformaliojo vaik\u0173 \u0161vietimo paskirtis \u2013 tenkinti mokini\u0173 pa\u017einimo, ugdymosi ir savirai\u0161kos poreikius, pad\u0117ti jiems tapti aktyviais visuomen\u0117s nariais.<\/p>\n\n\n\n<h2 class=\"wp-block-heading\"><strong>Neformaliojo vaik\u0173 \u0161vietimo (NV\u0160) programos<\/strong><\/h2>\n\n\n\n<p>Siekiant sudaryti s\u0105lygas mokini\u0173 k\u016brybi\u0161kumo ir savirai\u0161kos poreikiams tenkinti bei padidinti neformaliojo vaik\u0173 \u0161vietimo paslaug\u0173 prieinamum\u0105, savivaldyb\u0117je \u012fgyvendinamas projektas \u201e<strong>Neformaliojo vaik\u0173 \u0161vietimo paslaug\u0173 pl\u0117tra<\/strong>\u201c, leid\u017eiantis mokiniams papildomai rinktis neformaliojo vaik\u0173 \u0161vietimo veiklas ir gauti 15\u201320 Eur per m\u0117nes\u012f kompensacij\u0105 lankomam b\u016breliui, o vidutinius, didelius ir labai didelius specialiuosius ugdymosi poreikius turintiems mokiniams skiriami 2 NV\u0160 krep\u0161eliai per m\u0117nes\u012f (30\u201340 Eur) .<\/p>\n\n\n\n<p>Vilniaus rajono savivaldyb\u0117je vykdom\u0173 Neformaliojo vaik\u0173 \u0161vietimo (NV\u0160) program\u0173 pagal projekt\u0105 ,,Neformaliojo vaik\u0173 \u0161vietimo paslaug\u0173 pl\u0117tra\u201c s\u0105ra\u0161as <a href=\"https:\/\/www.emokykla.lt\/neformalus\/edukacija\/programos-mokiniams\/vilniaus-r-sav\/462?1=1\">https:\/\/www.emokykla.lt\/neformalus\/edukacija\/programos-mokiniams\/vilniaus-r-sav\/462?1=1<\/a> bei kita informacija <a href=\"https:\/\/www.vrsa.lt\/neformalusis-vaiku-ir-suaugusiuju-svietimas\/neformalusis-vaiku-svietimas\/dokumentai\/446\">https:\/\/www.vrsa.lt\/neformalusis-vaiku-ir-suaugusiuju-svietimas\/neformalusis-vaiku-svietimas\/dokumentai\/446<\/a><\/p>\n\n\n\n<p>Be to, gimnazijoje visi mokiniai gali pasinaudoti Kult\u016bros paso paslauga (12 Eur vienam mokiniui per metus) kult\u016bros pa\u017einimo \u012fpro\u010diams ugdyti bei kult\u016bros patir\u010diai pl\u0117sti.&nbsp;<\/p>\n\n\n\n<p>Kult\u016bros pasas <a href=\"https:\/\/www.kulturospasas.lt\/kulturines-edukacijos\">https:\/\/www.kulturospasas.lt\/kulturines-edukacijos<\/a><\/p>\n\n\n\n<p>Daugiau informacijos apie neformal\u0173j\u012f vaik\u0173 \u0161vietim\u0105 Vilniaus rajono savivaldyb\u0117s interneto svetain\u0117je <a href=\"https:\/\/www.vrsa.lt\/svietimas\/neformalusis-vaiku-ir-suaugusiuju-svietimas\/438\">https:\/\/www.vrsa.lt\/svietimas\/neformalusis-vaiku-ir-suaugusiuju-svietimas\/438<\/a> bei \u0160vietimo, mokslo ir sporto ministerijos interneto svetain\u0117je <a href=\"https:\/\/smsm.lrv.lt\/lt\/veiklos-sritys-1\/smm-svietimas\/svietimas-neformalusis\">https:\/\/smsm.lrv.lt\/lt\/veiklos-sritys-1\/smm-svietimas\/svietimas-neformalusis<\/a><\/p>\n\n\n\n<p>Neformaliojo vaik\u0173 \u0161vietimo koncepcija<\/p>\n\n\n\n<p><a href=\"https:\/\/www.e-tar.lt\/portal\/lt\/legalAct\/TAR.07DF6A456513\/asr\">https:\/\/www.e-tar.lt\/portal\/lt\/legalAct\/TAR.07DF6A456513\/asr<\/a><\/p>\n\n\n\n<p>Atnaujinta: 2025-09-01<\/p>\n\n\n\n<p><\/p>\n","protected":false},"excerpt":{"rendered":"<p>Neformaliojo vaik\u0173 \u0161vietimo paskirtis \u2013 tenkinti mokini\u0173 pa\u017einimo, ugdymosi ir savirai\u0161kos poreikius, pad\u0117ti jiems tapti aktyviais visuomen\u0117s nariais. Neformaliojo vaik\u0173 \u0161vietimo (NV\u0160) programos Siekiant sudaryti s\u0105lygas mokini\u0173 k\u016brybi\u0161kumo ir savirai\u0161kos poreikiams tenkinti bei padidinti neformaliojo vaik\u0173 \u0161vietimo paslaug\u0173 prieinamum\u0105, savivaldyb\u0117je <a href=\"https:\/\/www.ausros.vilniausr.lm.lt\/?page_id=249\" class=\"read-more\">Daugiau &#8230;<\/a><\/p>\n","protected":false},"author":3,"featured_media":0,"parent":0,"menu_order":0,"comment_status":"closed","ping_status":"closed","template":"","meta":{"footnotes":""},"class_list":["post-249","page","type-page","status-publish","hentry"],"_links":{"self":[{"href":"https:\/\/www.ausros.vilniausr.lm.lt\/index.php?rest_route=\/wp\/v2\/pages\/249","targetHints":{"allow":["GET"]}}],"collection":[{"href":"https:\/\/www.ausros.vilniausr.lm.lt\/index.php?rest_route=\/wp\/v2\/pages"}],"about":[{"href":"https:\/\/www.ausros.vilniausr.lm.lt\/index.php?rest_route=\/wp\/v2\/types\/page"}],"author":[{"embeddable":true,"href":"https:\/\/www.ausros.vilniausr.lm.lt\/index.php?rest_route=\/wp\/v2\/users\/3"}],"replies":[{"embeddable":true,"href":"https:\/\/www.ausros.vilniausr.lm.lt\/index.php?rest_route=%2Fwp%2Fv2%2Fcomments&post=249"}],"version-history":[{"count":13,"href":"https:\/\/www.ausros.vilniausr.lm.lt\/index.php?rest_route=\/wp\/v2\/pages\/249\/revisions"}],"predecessor-version":[{"id":12671,"href":"https:\/\/www.ausros.vilniausr.lm.lt\/index.php?rest_route=\/wp\/v2\/pages\/249\/revisions\/12671"}],"wp:attachment":[{"href":"https:\/\/www.ausros.vilniausr.lm.lt\/index.php?rest_route=%2Fwp%2Fv2%2Fmedia&parent=249"}],"curies":[{"name":"wp","href":"https:\/\/api.w.org\/{rel}","templated":true}]}}