{"id":331,"date":"2019-10-01T20:03:58","date_gmt":"2019-10-01T20:03:58","guid":{"rendered":"http:\/\/localhost:8080\/wordpress\/?page_id=331"},"modified":"2026-01-20T06:43:54","modified_gmt":"2026-01-20T06:43:54","slug":"mokiniams","status":"publish","type":"page","link":"https:\/\/www.ausros.vilniausr.lm.lt\/?page_id=331","title":{"rendered":"Mokiniams"},"content":{"rendered":"\n<p>Lietuvos neformaliojo \u0161vietimo agent\u016bra, LINE\u0160A:<\/p>\n\n\n\n<p><a href=\"https:\/\/www.linesa.lt\">https:\/\/www.linesa.lt<\/a><\/p>\n\n\n\n<p>Olimpiados: <\/p>\n\n\n\n<p><a href=\"https:\/\/www.linesa.lt\/olimpiados\/\">https:\/\/www.linesa.lt\/olimpiados\/<\/a><\/p>\n\n\n\n<p>Ugdymas karjerai: <\/p>\n\n\n\n<p><a href=\"https:\/\/www.linesa.lt\/ugdymas-karjerai\/\">https:\/\/www.linesa.lt\/ugdymas-karjerai\/<\/a><\/p>\n\n\n\n<hr class=\"wp-block-separator has-alpha-channel-opacity\"\/>\n\n\n\n<p><strong><a href=\"https:\/\/www.ausrosgimnazija.kalveliai.vilniausr.lm.lt\/wp-content\/uploads\/2023\/10\/Vidaus-tvarkos-taisykles-mokiniams.pdf\" data-type=\"link\" data-id=\"https:\/\/www.ausrosgimnazija.kalveliai.vilniausr.lm.lt\/wp-content\/uploads\/2023\/10\/Vidaus-tvarkos-taisykles-mokiniams.pdf\">KALVELI\u0172 ,,AU\u0160ROS\u2018\u2018 GIMNAZIJOS MOKINI\u0172 VIDAUS TVARKOS TAISYKL\u0116S<\/a><\/strong><\/p>\n\n\n\n<hr class=\"wp-block-separator has-css-opacity\"\/>\n\n\n\n<div class=\"wp-block-file\"><a id=\"wp-block-file--media-c063a82e-e841-4c73-965a-1c4888115737\" href=\"http:\/\/www.ausrosgimnazija.kalveliai.vilniausr.lm.lt\/wp-content\/uploads\/2022\/03\/Kaip-pasirengti-nelaim\u0117ms.pdf\"><strong>Civilin\u0117s saugos specialist\u0173 patarimai, kaip pasir\u016bpinti saugumu<\/strong><br><\/a><\/div>\n\n\n\n<hr class=\"wp-block-separator has-css-opacity\"\/>\n\n\n\n<div class=\"wp-block-file\"><a id=\"wp-block-file--media-a6b77c9f-0204-4b8f-b5dc-5cce91f6bda6\" href=\"http:\/\/www.ausrosgimnazija.kalveliai.vilniausr.lm.lt\/wp-content\/uploads\/2020\/03\/MOKINIAMS-pdf.io_.pdf\"><strong>EFEKTYVAUS MOKYMOSI REKOMENDACIJOS MOKINIAMS<\/strong> <br><\/a><\/div>\n\n\n\n<p><\/p>\n","protected":false},"excerpt":{"rendered":"<p>Lietuvos neformaliojo \u0161vietimo agent\u016bra, LINE\u0160A: https:\/\/www.linesa.lt Olimpiados: https:\/\/www.linesa.lt\/olimpiados\/ Ugdymas karjerai: https:\/\/www.linesa.lt\/ugdymas-karjerai\/ KALVELI\u0172 ,,AU\u0160ROS\u2018\u2018 GIMNAZIJOS MOKINI\u0172 VIDAUS TVARKOS TAISYKL\u0116S<\/p>\n","protected":false},"author":3,"featured_media":0,"parent":0,"menu_order":0,"comment_status":"closed","ping_status":"closed","template":"","meta":{"footnotes":""},"class_list":["post-331","page","type-page","status-publish","hentry"],"_links":{"self":[{"href":"https:\/\/www.ausros.vilniausr.lm.lt\/index.php?rest_route=\/wp\/v2\/pages\/331","targetHints":{"allow":["GET"]}}],"collection":[{"href":"https:\/\/www.ausros.vilniausr.lm.lt\/index.php?rest_route=\/wp\/v2\/pages"}],"about":[{"href":"https:\/\/www.ausros.vilniausr.lm.lt\/index.php?rest_route=\/wp\/v2\/types\/page"}],"author":[{"embeddable":true,"href":"https:\/\/www.ausros.vilniausr.lm.lt\/index.php?rest_route=\/wp\/v2\/users\/3"}],"replies":[{"embeddable":true,"href":"https:\/\/www.ausros.vilniausr.lm.lt\/index.php?rest_route=%2Fwp%2Fv2%2Fcomments&post=331"}],"version-history":[{"count":64,"href":"https:\/\/www.ausros.vilniausr.lm.lt\/index.php?rest_route=\/wp\/v2\/pages\/331\/revisions"}],"predecessor-version":[{"id":13275,"href":"https:\/\/www.ausros.vilniausr.lm.lt\/index.php?rest_route=\/wp\/v2\/pages\/331\/revisions\/13275"}],"wp:attachment":[{"href":"https:\/\/www.ausros.vilniausr.lm.lt\/index.php?rest_route=%2Fwp%2Fv2%2Fmedia&parent=331"}],"curies":[{"name":"wp","href":"https:\/\/api.w.org\/{rel}","templated":true}]}}