{"id":335,"date":"2019-10-01T20:04:21","date_gmt":"2019-10-01T20:04:21","guid":{"rendered":"http:\/\/localhost:8080\/wordpress\/?page_id=335"},"modified":"2025-10-17T09:25:06","modified_gmt":"2025-10-17T09:25:06","slug":"mokytojams","status":"publish","type":"page","link":"https:\/\/www.ausros.vilniausr.lm.lt\/?page_id=335","title":{"rendered":"Mokytojams"},"content":{"rendered":"\n<p><a href=\"https:\/\/www.ausros.vilniausr.lm.lt\/wp-content\/uploads\/2025\/10\/Nuostatai-Ciurlionio-konkursui.pdf\">VILNIAUS RAJONO KALVELI\u0172 \u201eAU\u0160ROS\u201c GIMNAZIJOS VILNIAUS RAJONO PRADINI\u0172 KLASI\u0172 MOKINI\u0172 PIE\u0160INI\u0172 PARODOS  KONKURSO \u201eM. K. \u010cIURLIONIO K\u016aRYBOS \u012eKV\u0116PTI\u201c NUOSTATAI<\/a><\/p>\n\n\n\n<hr class=\"wp-block-separator has-alpha-channel-opacity\"\/>\n\n\n\n<div class=\"wp-block-file\"><a id=\"wp-block-file--media-1ac863c4-f279-436c-9300-c7945034fa15\" href=\"http:\/\/www.ausrosgimnazija.kalveliai.vilniausr.lm.lt\/wp-content\/uploads\/2022\/03\/Kaip-pasirengti-nelaim\u0117ms-2.pdf\"><strong>Civilin\u0117s saugos specialist\u0173 patarimai, kaip pasir\u016bpinti saugumu<\/strong><\/a><\/div>\n\n\n\n<hr class=\"wp-block-separator has-css-opacity\"\/>\n\n\n\n<div class=\"wp-block-file\"><a id=\"wp-block-file--media-f0907e5a-c06b-4688-a160-c3c7a86d1618\" href=\"http:\/\/www.ausrosgimnazija.kalveliai.vilniausr.lm.lt\/wp-content\/uploads\/2020\/03\/MOKYTOJAMS-1-pdf.io_.pdf\"><strong>REKOMENDACIJOS MOKYTOJAMS<\/strong><\/a><\/div>\n\n\n\n<hr class=\"wp-block-separator has-css-opacity\"\/>\n\n\n\n<p>Atnaujinta: 2025-10-17<\/p>\n","protected":false},"excerpt":{"rendered":"<p>VILNIAUS RAJONO KALVELI\u0172 \u201eAU\u0160ROS\u201c GIMNAZIJOS VILNIAUS RAJONO PRADINI\u0172 KLASI\u0172 MOKINI\u0172 PIE\u0160INI\u0172 PARODOS KONKURSO \u201eM. K. \u010cIURLIONIO K\u016aRYBOS \u012eKV\u0116PTI\u201c NUOSTATAI Atnaujinta: 2025-10-17<\/p>\n","protected":false},"author":3,"featured_media":0,"parent":0,"menu_order":0,"comment_status":"closed","ping_status":"closed","template":"","meta":{"footnotes":""},"class_list":["post-335","page","type-page","status-publish","hentry"],"_links":{"self":[{"href":"https:\/\/www.ausros.vilniausr.lm.lt\/index.php?rest_route=\/wp\/v2\/pages\/335","targetHints":{"allow":["GET"]}}],"collection":[{"href":"https:\/\/www.ausros.vilniausr.lm.lt\/index.php?rest_route=\/wp\/v2\/pages"}],"about":[{"href":"https:\/\/www.ausros.vilniausr.lm.lt\/index.php?rest_route=\/wp\/v2\/types\/page"}],"author":[{"embeddable":true,"href":"https:\/\/www.ausros.vilniausr.lm.lt\/index.php?rest_route=\/wp\/v2\/users\/3"}],"replies":[{"embeddable":true,"href":"https:\/\/www.ausros.vilniausr.lm.lt\/index.php?rest_route=%2Fwp%2Fv2%2Fcomments&post=335"}],"version-history":[{"count":25,"href":"https:\/\/www.ausros.vilniausr.lm.lt\/index.php?rest_route=\/wp\/v2\/pages\/335\/revisions"}],"predecessor-version":[{"id":12849,"href":"https:\/\/www.ausros.vilniausr.lm.lt\/index.php?rest_route=\/wp\/v2\/pages\/335\/revisions\/12849"}],"wp:attachment":[{"href":"https:\/\/www.ausros.vilniausr.lm.lt\/index.php?rest_route=%2Fwp%2Fv2%2Fmedia&parent=335"}],"curies":[{"name":"wp","href":"https:\/\/api.w.org\/{rel}","templated":true}]}}