{"id":3372,"date":"2021-02-01T10:39:02","date_gmt":"2021-02-01T10:39:02","guid":{"rendered":"http:\/\/www.ausrosgimnazija.kalveliai.vilniausr.lm.lt\/?page_id=3372"},"modified":"2022-10-13T07:20:52","modified_gmt":"2022-10-13T07:20:52","slug":"2020-2021-m-m-projektai","status":"publish","type":"page","link":"https:\/\/www.ausros.vilniausr.lm.lt\/?page_id=3372","title":{"rendered":"2020-2021 m.m. projektai"},"content":{"rendered":"\n<p><strong>Vykdomi projektai 2020-2021 m. m.<\/strong><\/p>\n\n\n\n<ul class=\"wp-block-list\"><li><strong>Projektas <\/strong><strong>\u201eKokyb\u0117s krep\u0161elis\u201c NR. 09.2.1-ESFA-V-719-01-0001<\/strong><strong> (<\/strong>finansuojamas Europos socialinio fondo l\u0117\u0161omis).<strong><\/strong><\/li><\/ul>\n\n\n\n<p><strong>Vykdymo trukm\u0117<\/strong> \u2013 2019-2022 m.<\/p>\n\n\n\n<ul class=\"wp-block-list\"><li><strong>Projektas <\/strong>\u201eMokykl\u0173\napr\u016bpinimas gamtos ir technologini\u0173 moksl\u0173 priemon\u0117mis\u201c (projekto kodas Nr.\n09.1.3 \u2013 CPVA_V_704-02-0001).<\/li><\/ul>\n\n\n\n<p><strong>Vykdymo\ntrukm\u0117<\/strong>\n\u2013&nbsp; 2017-2020 m. <\/p>\n\n\n\n<p><strong>Tikslas<\/strong> \u2013 didinti\nbendrojo ugdymo \u012fstaig\u0173 tinklo veiklos efektyvum\u0105.<\/p>\n\n\n\n<p><strong>U\u017edavinys\n<\/strong>\u2013&nbsp; modernizuoti gamtos ir technologini\u0173 moksl\u0173\nmokymo(si) aplink\u0105.<\/p>\n\n\n\n<p>Projekto metu gimnazija\nbus apr\u016bpinta gamtos ir technologini\u0173 moksl\u0173 (GTM) mokymo priemoni\u0173 bei \u012frangos\nkomplektais pagal mokini\u0173 skai\u010di\u0173.<\/p>\n\n\n\n<p><strong>Tikslas<\/strong> \u2013 pagerinti mokini\u0173 ugdymosi pasiekimus, \u012fgyvendinant poky\u010dius mokyklose.<\/p>\n\n\n\n<p><strong><a href=\"http:\/\/www.ausrosgimnazija.kalveliai.vilniausr.lm.lt\/?page_id=3463\">PROJEKTO \u012eGYVENDINTOS VEIKLOS<\/a><\/strong><\/p>\n\n\n\n<ul class=\"wp-block-list\"><li><strong>Projektas \u201eMokom\u0117s bendrauti\u201c, tarptautin\u0117\nprograma ,,Obuolio draugai\u201d<\/strong><\/li><\/ul>\n\n\n\n<p><strong>Vykdymo trukm\u0117<\/strong> \u2013&nbsp; 2020-2021 m. m. <\/p>\n\n\n\n<p><strong>Tikslas <\/strong>\u2013\n&nbsp;tobulinti jau turimus bei pad\u0117ti vaikui \u012fgyti\nnauj\u0173 sunkum\u0173 \u012fveikimo bei socialini\u0173 geb\u0117jim\u0173.<\/p>\n\n\n\n<p><strong>U\u017edaviniai \u2013<\/strong>&nbsp; suvokti ir\nkalb\u0117ti apie jausmus; mokyti: pasakyti tai, k\u0105 nori pasakyti; susidraugauti ir i\u0161saugoti draugyst\u0119; mokyti kreiptis pagalbos ir pad\u0117ti aplinkiniams; \u012fveikti vieni\u0161um\u0105, atst\u016bmim\u0105, paty\u010dias; lengviau i\u0161gyventi pasikeitimus ir netektis.<\/p>\n\n\n\n<p><strong>Dalyviai <\/strong>\u2013 3 klas\u0117s\nmokiniai<\/p>\n\n\n\n<ul class=\"wp-block-list\"><li><strong>Tarptautinis&nbsp;\u0161vietimo \u012fstaig\u0173 bendruomeni\u0173\nekologinio \u2013 socialinio \u0161vietimo projektas<\/strong> <strong>,,Saul\u0117to oran\u017einio\ntraukinio kelion\u0117\u201d.<\/strong><\/li><\/ul>\n\n\n\n<p><strong>Vykdymo\ntrukm\u0117<\/strong>\n\u2013&nbsp; <strong>&nbsp;<\/strong>2019 m. rugs\u0117jis \u2013 2020 m. lapkritis.<\/p>\n\n\n\n<p><strong>Tikslas<\/strong> \u2013\n&nbsp;tobulinti ekologinio \u0161vietimo projekto ,,Saul\u0117to\noran\u017einio traukinio kelion\u0117\u201c dalyvi\u0173, Lietuvos Respublikos ir u\u017esienio \u0161ali\u0173\n\u0161vietimo \u012fstaig\u0173 bendruomeni\u0173, pa\u017einimo ir gamtamokslin\u0119 kompetencijas\n\u012fgyvendinant projekto u\u017edavinius ir skatinti j\u0173 partneryst\u0119.<\/p>\n\n\n\n<p><strong>U\u017edaviniai:<\/strong><\/p>\n\n\n\n<ol class=\"wp-block-list\"><li>Suteikti vaikui pa\u017einimo d\u017eiaugsm\u0105 auginant\nmoli\u016bgus bei egzotinius augalus nuo s\u0117klyt\u0117s iki brandaus augalo kartu su\npedagogu ir (ar) bendruomen\u0117s nariais.<\/li><li>Efektyvinti pedagog\u0173 ir \u0161eimos partneryst\u0119 bei\nbendradarbiavim\u0105 organizuojant ugdom\u0105j\u0105 veikl\u0105. <\/li><li>Puosel\u0117ti vaiko dvasines, k\u016brybines galias,\nugdyti jo gamtojaut\u0105, pagarb\u0105 gyvybei ir dvasingum\u0105, ekologin\u0119 savimon\u0119, sveik\u0105\ngyvensen\u0105, pad\u0117ti vaikui pajusti gamtos vientisum\u0105 ir harmonij\u0105 globojant\ngamt\u0105, auginant ir tyrin\u0117jant augalus. <\/li><li>Prisid\u0117ti prie \u017eali\u0173j\u0173 ugdymo(-si) erdvi\u0173 k\u016brimo\nir pl\u0117tot\u0117s \u0161vietimo \u012fstaig\u0173 aplinkoje skatinant pa\u017einti artimiausi\u0105 aplink\u0105 ir\nj\u0105 k\u016brybi\u0161kai naudoti ugdymo procese. <\/li><li>Skatinti Lietuvos Respublikos ir u\u017esienio \u0161ali\u0173 \u0161vietimo \u012fstaig\u0173\nbendravim\u0105 ir bendradarbiavim\u0105, siekiant geresn\u0117s ugdymo kokyb\u0117s, dalintis\n\u012fsp\u016bd\u017eiais, patirtimi.<\/li><\/ol>\n\n\n\n<p><strong>Dalyviai<\/strong> \u2013 prie\u0161mokyklinio ugdymo grup\u0117s vaikai ir 1-4\nklasi\u0173 mokiniai.<\/p>\n\n\n\n<ul class=\"wp-block-list\"><li><strong>Projektas \u201eSveikas ir aktyvus gyvenimo b\u016bdas\u201c.<\/strong> Projektas\nfinansuojamas 2014\u20132020 met\u0173 Europos S\u0105jungos fond\u0173 investicij\u0173 veiksm\u0173\nprogramos 8 prioriteto \u201eSocialin\u0117s \u012ftraukties didinimas ir kova su skurdu\u201c\n\u012fgyvendinimo priemone 08.4.2-ESFA-K-629 \u201eBendradarbiavimo skatinimas sveikatos\nnetolygum\u0173 ma\u017einimo srityje\u201c.<\/li><\/ul>\n\n\n\n<p><strong>Vykdymo trukm\u0117<\/strong> \u2013&nbsp; <strong>&nbsp;<\/strong>2014\u20132020\nm. m.<strong><\/strong><\/p>\n\n\n\n<p><strong>Tikslas<\/strong> \u2013 skatinti vaik\u0173 ir\npaaugli\u0173 iki 18 met\u0173 am\u017eiaus sveik\u0105 ir aktyv\u0173 gyvenimo b\u016bd\u0105.<\/p>\n\n\n\n<p><strong>U\u017edavinys<\/strong> \u2013\n\u012fgyvendinti sveikos gyvensenos principus ugdan\u010dias veiklas vaikams ir\npaaugliams iki 18 met\u0173.<\/p>\n\n\n\n<p>Projekto veiklos: \u0161viet\u0117ji\u0161k\u0173\nir informacini\u0173 sveiko ir aktyvaus gyvenimo b\u016bd\u043e veikl\u0173 organizavimas; sveikos\ngyvensenos principus ugdan\u010di\u0173 veikl\u0173 organizavimas.<br>\n<strong>Dalyviai\n<\/strong>\u2013 vaikai\nir paaugliai iki 18 met\u0173 am\u017eiaus.<\/p>\n\n\n\n<ul class=\"wp-block-list\"><li><strong>Gimnazijos\nprojektas <\/strong><strong>&nbsp;\u201eSkaitau\ndraugui\u201c.<\/strong><\/li><\/ul>\n\n\n\n<p><strong>Vykdymo trukm\u0117<\/strong>\n\u2013&nbsp; <strong>&nbsp;<\/strong>2020 m. spalis \u2013 2021 m. gegu\u017e\u0117.<\/p>\n\n\n\n<p><strong>Tikslas<\/strong> \u2013 ugdyti s\u0105moning\u0105\nskaitytoj\u0105 ir klausytoj\u0105.<\/p>\n\n\n\n<p><strong>U\u017edaviniai:<\/strong><\/p>\n\n\n\n<ol class=\"wp-block-list\"><li>Susipa\u017einti\nir pagal mokini\u0173 geb\u0117jimus skaityti \u012fvairias lietuvi\u0173 liaudies ir autorines\npasakas.<\/li><li>Dalytis skaitymo patirtimi ir\naktyviai i\u0161sakyti nuomon\u0119 apie perskaityt\u0105 tekst\u0105.&nbsp;<\/li><li>Tobulinti savo skaitymo ir klausymo geb\u0117jimus.<\/li><li>Patirti skaitymo naud\u0105 ir teikiam\u0105 d\u017eiaugsm\u0105, malonum\u0105.<\/li><\/ol>\n\n\n\n<p><strong>Dalyviai<\/strong> \u2013\nprie\u0161mokyklinio ugdymo grup\u0117s vaikai ir 1-4\nklasi\u0173 mokiniai.<\/p>\n\n\n\n<ul class=\"wp-block-list\"><li>\u201eTransparency International\u201c Lietuvos skyriaus kartu su Europos Komisijos atstovybe Lietuvoje <strong><em>projektas<\/em>\u201eDalyvaujamasis biud\u017eetas mokyklose\u201c. <\/strong><\/li><\/ul>\n\n\n\n<p>Dalyvaujamasis biud\u017eetas \u2013 tai pasaulyje paplit\u0119s moksleivi\u0173 ir mokyklos bendruomen\u0117s bendradarbiavimo modelis, kai moksleiviams leid\u017eiama dalyvauti ir prisid\u0117ti sprend\u017eiant d\u0117l dalies mokyklos biud\u017eeto l\u0117\u0161\u0173 panaudojimo. <\/p>\n\n\n\n<p><strong>Prad\u017eia \u2013<\/strong>&nbsp; 2021 m. vasario \u2013 gegu\u017e\u0117s m\u0117nesiais. <\/p>\n\n\n\n<p><strong>Tikslas <\/strong>\u2013 \u012fgyvendinti dalyvaujam\u0105j\u012f biud\u017eet\u0105 Kalveli\u0173 \u201eAu\u0161ros\u201c\ngimnazijoje, kuris tapt\u0173 dar vienu geruoju pavyzd\u017eiu Lietuvoje, kai visi\ngimnazijos moksleiviai yra \u012ftraukiami \u012f vie\u0161\u0173j\u0173 sprendim\u0173 pri\u0117mim\u0105 gimnazijoje\nir prisideda prie gimnazijos biud\u017eeto dalies paskirstymo.<\/p>\n\n\n\n<p><strong>Dalyviai \u2013<\/strong> 5-8, I-IV gimnazijos\nklasi\u0173 moksleiviai.<\/p>\n","protected":false},"excerpt":{"rendered":"<p>Vykdomi projektai 2020-2021 m. m. Projektas \u201eKokyb\u0117s krep\u0161elis\u201c NR. 09.2.1-ESFA-V-719-01-0001 (finansuojamas Europos socialinio fondo l\u0117\u0161omis). Vykdymo trukm\u0117 \u2013 2019-2022 m. Projektas \u201eMokykl\u0173 apr\u016bpinimas gamtos ir technologini\u0173 moksl\u0173 priemon\u0117mis\u201c (projekto kodas Nr. 09.1.3 \u2013 CPVA_V_704-02-0001). Vykdymo trukm\u0117 \u2013&nbsp; 2017-2020 m. Tikslas <a href=\"https:\/\/www.ausros.vilniausr.lm.lt\/?page_id=3372\" class=\"read-more\">Daugiau &#8230;<\/a><\/p>\n","protected":false},"author":3,"featured_media":0,"parent":0,"menu_order":0,"comment_status":"closed","ping_status":"closed","template":"","meta":{"footnotes":""},"class_list":["post-3372","page","type-page","status-publish","hentry"],"_links":{"self":[{"href":"https:\/\/www.ausros.vilniausr.lm.lt\/index.php?rest_route=\/wp\/v2\/pages\/3372","targetHints":{"allow":["GET"]}}],"collection":[{"href":"https:\/\/www.ausros.vilniausr.lm.lt\/index.php?rest_route=\/wp\/v2\/pages"}],"about":[{"href":"https:\/\/www.ausros.vilniausr.lm.lt\/index.php?rest_route=\/wp\/v2\/types\/page"}],"author":[{"embeddable":true,"href":"https:\/\/www.ausros.vilniausr.lm.lt\/index.php?rest_route=\/wp\/v2\/users\/3"}],"replies":[{"embeddable":true,"href":"https:\/\/www.ausros.vilniausr.lm.lt\/index.php?rest_route=%2Fwp%2Fv2%2Fcomments&post=3372"}],"version-history":[{"count":5,"href":"https:\/\/www.ausros.vilniausr.lm.lt\/index.php?rest_route=\/wp\/v2\/pages\/3372\/revisions"}],"predecessor-version":[{"id":6367,"href":"https:\/\/www.ausros.vilniausr.lm.lt\/index.php?rest_route=\/wp\/v2\/pages\/3372\/revisions\/6367"}],"wp:attachment":[{"href":"https:\/\/www.ausros.vilniausr.lm.lt\/index.php?rest_route=%2Fwp%2Fv2%2Fmedia&parent=3372"}],"curies":[{"name":"wp","href":"https:\/\/api.w.org\/{rel}","templated":true}]}}