{"id":352,"date":"2019-10-01T20:53:00","date_gmt":"2019-10-01T20:53:00","guid":{"rendered":"http:\/\/localhost:8080\/wordpress\/?page_id=352"},"modified":"2025-11-17T06:38:56","modified_gmt":"2025-11-17T06:38:56","slug":"soc-pedagogas","status":"publish","type":"page","link":"https:\/\/www.ausros.vilniausr.lm.lt\/?page_id=352","title":{"rendered":"Socialinis pedagogas"},"content":{"rendered":"\n<p><strong>Socialin\u0117s pedagogin\u0117s pagalbos paskirtis<\/strong>: <\/p>\n\n\n\n<p>konsultuoti su socialiniais sunkumais susid\u016brusius asmenis, mokinius ir j\u0173 \u0161eimas; pad\u0117ti lavinti \u012fg\u016bd\u017eius, \u012fgyvendinti mokinio teis\u0119 \u012f moksl\u0105, u\u017etikrinti jo saugum\u0105 mokykloje bei sudaryti prielaidas pozityviai mokinio socializacijai ir pilietinei brandai.<\/p>\n\n\n\n<p>Socialinio pedagogo veikla grind\u017eiama vaiko ir mokinio interes\u0173, orumo, individualizavimo, visapusi\u0161kumo, prieinamumo, vaiko dalyvavimo priimant su juo susijusius sprendimus, bendradarbiavimo, konfidencialumo principais.<\/p>\n\n\n\n<p><strong>Socialinio pedagogo veiklos turinys:<\/strong><br>\n<strong>1. Vertina<\/strong>&nbsp;socialin\u0117s pedagogin\u0117s pagalbos mokiniui\nporeikius (kartu su kitais specialistais), esant b\u016btinybei gali lankytis\npamokose, neformaliojo ugdymo ir kitose veiklose;<br>\n<strong>2. Konsultuoja<\/strong>&nbsp;mokinius, j\u0173 t\u0117vus (glob\u0117jus, r\u016bpintojus),\nmokyklos bendruomen\u0119 socialini\u0173 pedagogini\u0173 problem\u0173 sprendimo, socialin\u0117s\npedagogin\u0117s pagalbos teikimo klausimais;<br>\n<strong>3. Dalyvauja<\/strong>&nbsp;sprend\u017eiant krizinius atvejus mokykloje,\nugdymo ir socialini\u0173 \u012fg\u016bd\u017ei\u0173 problemas;<br>\n<strong>4. Numato<\/strong>&nbsp;socialin\u0117s pedagogin\u0117s pagalbos teikimo\nmokiniui b\u016bdus bei formas bendradarbiaudamas su mokytojais, klasi\u0173 vadovais,\nt\u0117vais (glob\u0117jais, r\u016bpintojais), kitais specialistais, \u0161vietimo pagalbos\n\u012fstaigomis, teis\u0117saugos institucijomis, socialiniais partneriais;<br>\n<strong>5. \u0160vie\u010dia<\/strong>&nbsp;mokyklos bendruomen\u0119 socialin\u0117s pedagogin\u0117s\npagalbos teikimo, mokyklos nelankymo ir kit\u0173 neigiam\u0173 socialini\u0173 rei\u0161kini\u0173\nprevencijos, pozityviosios socializacijos klausimais;<br>\n<strong>6. Inicijuoja ir \u012fgyvendina<\/strong>&nbsp;prevencines veiklas bei\nsocialinio ugdymo projektus kartu su mokyklos Vaiko gerov\u0117s komisija ir\nmokyklos savivaldos grup\u0117mis;<br>\n<strong>7. Atlieka&nbsp;<\/strong>aktualius socialinius pedagoginius tyrimus\nmokykloje, atsi\u017evelgdamas \u012f mokyklos bendruomen\u0117s poreikius;<br>\n<strong>8. Renka, kaupia ir analizuoja informacij\u0105<\/strong>, reikaling\u0105 mokini\u0173\nproblemoms spr\u0119sti;<br>\n<strong>9. Rengia ir skleid\u017eia&nbsp;<\/strong>informacij\u0105 apie socialin\u0119 \u2013\npedagogin\u0119 pagalb\u0105.<\/p>\n\n\n\n<p class=\"has-text-align-right\">SOCIALINIS PEDAGOGAS EDITA MAKAROVA<\/p>\n\n\n\n<p class=\"has-text-align-center\"><strong>Darbo grafikas<\/strong><\/p>\n\n\n\n<figure class=\"wp-block-table\"><table class=\"has-fixed-layout\"><tbody><tr><td><strong>Savait\u0117s dienos<\/strong><\/td><td><strong>Tiesioginis darbo laikas&nbsp;<\/strong><\/td><\/tr><tr><td>Pirmadienis<\/td><td>9:00 \u2013 14:00<\/td><\/tr><tr><td>Antradienis<\/td><td>11:15 \u2013 14:15<\/td><\/tr><tr><td>Tre\u010diadienis<\/td><td>9:00 \u2013 15:00<\/td><\/tr><tr><td>Ketvirtadienis<\/td><td>8:30 \u2013 10:30<\/td><\/tr><tr><td>Penktadienis<\/td><td>9:00 \u2013 15:00<\/td><\/tr><\/tbody><\/table><\/figure>\n\n\n\n<hr class=\"wp-block-separator has-css-opacity\"\/>\n\n\n\n<p><a href=\"http:\/\/www.ausrosgimnazija.kalveliai.vilniausr.lm.lt\/wp-content\/uploads\/2011\/11\/Spalio-m\u0117nesio-kompleksin\u0117-pagalba.docx\">KOMPLEKSIN\u0116S PASLAUGOS VILNIAUS RAJONO \u0160EIMOMS<\/a><\/p>\n\n\n\n<p><a href=\"http:\/\/www.ausrosgimnazija.kalveliai.vilniausr.lm.lt\/wp-content\/uploads\/2011\/11\/PREVENCIJOS-PROGRAMA.docx\">ALKOHOLIO, TABAKO IR KIT\u0172 PSICHIK\u0104 VEIKIAN\u010cI\u0172 MED\u017dIAG\u0172 VARTOJIMO PREVENCIJOS PROGRAMA<\/a><\/p>\n\n\n\n<p>Atnaujinta: 2025-09-01<\/p>\n","protected":false},"excerpt":{"rendered":"<p>Socialin\u0117s pedagogin\u0117s pagalbos paskirtis: konsultuoti su socialiniais sunkumais susid\u016brusius asmenis, mokinius ir j\u0173 \u0161eimas; pad\u0117ti lavinti \u012fg\u016bd\u017eius, \u012fgyvendinti mokinio teis\u0119 \u012f moksl\u0105, u\u017etikrinti jo saugum\u0105 mokykloje bei sudaryti prielaidas pozityviai mokinio socializacijai ir pilietinei brandai. Socialinio pedagogo veikla grind\u017eiama vaiko <a href=\"https:\/\/www.ausros.vilniausr.lm.lt\/?page_id=352\" class=\"read-more\">Daugiau &#8230;<\/a><\/p>\n","protected":false},"author":3,"featured_media":0,"parent":0,"menu_order":0,"comment_status":"closed","ping_status":"closed","template":"","meta":{"footnotes":""},"class_list":["post-352","page","type-page","status-publish","hentry"],"_links":{"self":[{"href":"https:\/\/www.ausros.vilniausr.lm.lt\/index.php?rest_route=\/wp\/v2\/pages\/352","targetHints":{"allow":["GET"]}}],"collection":[{"href":"https:\/\/www.ausros.vilniausr.lm.lt\/index.php?rest_route=\/wp\/v2\/pages"}],"about":[{"href":"https:\/\/www.ausros.vilniausr.lm.lt\/index.php?rest_route=\/wp\/v2\/types\/page"}],"author":[{"embeddable":true,"href":"https:\/\/www.ausros.vilniausr.lm.lt\/index.php?rest_route=\/wp\/v2\/users\/3"}],"replies":[{"embeddable":true,"href":"https:\/\/www.ausros.vilniausr.lm.lt\/index.php?rest_route=%2Fwp%2Fv2%2Fcomments&post=352"}],"version-history":[{"count":7,"href":"https:\/\/www.ausros.vilniausr.lm.lt\/index.php?rest_route=\/wp\/v2\/pages\/352\/revisions"}],"predecessor-version":[{"id":13034,"href":"https:\/\/www.ausros.vilniausr.lm.lt\/index.php?rest_route=\/wp\/v2\/pages\/352\/revisions\/13034"}],"wp:attachment":[{"href":"https:\/\/www.ausros.vilniausr.lm.lt\/index.php?rest_route=%2Fwp%2Fv2%2Fmedia&parent=352"}],"curies":[{"name":"wp","href":"https:\/\/api.w.org\/{rel}","templated":true}]}}