{"id":354,"date":"2019-10-01T20:53:31","date_gmt":"2019-10-01T20:53:31","guid":{"rendered":"http:\/\/localhost:8080\/wordpress\/?page_id=354"},"modified":"2025-11-11T11:30:50","modified_gmt":"2025-11-11T11:30:50","slug":"logopedas-spec-pedagogas","status":"publish","type":"page","link":"https:\/\/www.ausros.vilniausr.lm.lt\/?page_id=354","title":{"rendered":"Logopedas, spec. pedagogas"},"content":{"rendered":"\n<p>Logopedija <strong>\u2013<\/strong> (gr. logos \u2013 kalba + paideia <strong>\u2013<\/strong> lavinimas), mokslas, tiriantis kalbos sutrikimus, vaik\u0173, kurie turi kalbos ar tarties tr\u016bkum\u0173, gydymo ir mokymo ypatybes.<\/p>\n\n\n\n<p>Pagrindinis logopedinio darbo tikslas<strong>&nbsp;\u2013&nbsp;<\/strong>teikti mokiniams krypting\u0105 ir efektyvi\u0105 speciali\u0105j\u0105 logopedin\u0119 pagalb\u0105 &nbsp;bei t\u0117vams atitinkan\u010di\u0105 informacij\u0105.<\/p>\n\n\n\n<p><strong><u>Logopedo veiklos u\u017edaviniai:<\/u><\/strong><\/p>\n\n\n\n<ul class=\"wp-block-list\">\n<li>Lavinti fonemin\u0119 klaus\u0105.<\/li>\n\n\n\n<li>\u012eveikti gars\u0173 tarimo tr\u016bkumus.<\/li>\n\n\n\n<li>Mokyti \u017eod\u017ei\u0173 garsin\u0117s analiz\u0117s ir sintez\u0117s (\u012ftvirtinti \u012fg\u016bd\u017eius).<\/li>\n\n\n\n<li>Formuoti regimuosius, erdv\u0117s ir laiko vaizdinius.<\/li>\n\n\n\n<li>Turtinti pasyv\u0173j\u012f ir aktyv\u0173j\u012f \u017eodyn\u0105.<\/li>\n\n\n\n<li>Tobulinti kalbos gramatin\u0119 sandar\u0105.<\/li>\n\n\n\n<li>Ugdyti ri\u0161li\u0105j\u0105 kalb\u0105.<\/li>\n\n\n\n<li>Taikyti mokymo turinio ir mokymo metodikos naujoves praktin\u0117je veikloje.<\/li>\n\n\n\n<li>Dirbti su t\u0117vais.<\/li>\n<\/ul>\n\n\n\n<p><strong>Logopedo pagalb\u0105 gimnazijoje teikia logoped\u0117 Oksana Raudonien\u0117<\/strong><\/p>\n\n\n\n<p>El. pa\u0161tas \u2013 oksana.raudoniene@gmail.com<\/p>\n\n\n\n<p>Dirbama pagal parengt\u0105 tvarkara\u0161t\u012f su vaikais, turin\u010diais kalbos, kalb\u0117jimo bei komunikacijos sutrikim\u0173. Logopedin\u0117s pratybos vyksta individualiai ar pogrupiais (po 3-4 vaikus), vien\u0105 kart\u0105 per savait\u0119.<\/p>\n\n\n\n<p class=\"has-text-align-center\"><strong>Darbo grafikas<\/strong><\/p>\n\n\n\n<figure class=\"wp-block-table\"><table><tbody><tr><td>&nbsp;<\/td><td><strong>Pirmadienis<\/strong><strong><\/strong> &nbsp;<\/td><td><strong>Antradienis<\/strong><\/td><td><strong>Tre\u010diadienis<\/strong><\/td><td><strong>Ketvirtadienis<\/strong><\/td><td><strong>Penktadienis<\/strong><\/td><\/tr><tr><td>I sav.<\/td><td>&nbsp;<\/td><td>7:45-15:45<\/td><td>&nbsp;<\/td><td>7:45-15:45<\/td><td>&nbsp;<\/td><\/tr><tr><td>II sav,<\/td><td>7:45-15:45<\/td><td>&nbsp;<\/td><td>&nbsp;<\/td><td>&nbsp;<\/td><td>7:45-15:45<\/td><\/tr><tr><td>III sav.<\/td><td>&nbsp;<\/td><td>7:45-15:45<\/td><td>&nbsp;<\/td><td>7:45-15:45<\/td><td>&nbsp;<\/td><\/tr><tr><td>IV sav.<\/td><td>&nbsp;<\/td><td>7:45-15:45<\/td><td>&nbsp;<\/td><td>&nbsp;<\/td><td>7:45-15:45<\/td><\/tr><\/tbody><\/table><\/figure>\n\n\n\n<p>Atnaujinta: 2025-09-01<\/p>\n","protected":false},"excerpt":{"rendered":"<p>Logopedija \u2013 (gr. logos \u2013 kalba + paideia \u2013 lavinimas), mokslas, tiriantis kalbos sutrikimus, vaik\u0173, kurie turi kalbos ar tarties tr\u016bkum\u0173, gydymo ir mokymo ypatybes. Pagrindinis logopedinio darbo tikslas&nbsp;\u2013&nbsp;teikti mokiniams krypting\u0105 ir efektyvi\u0105 speciali\u0105j\u0105 logopedin\u0119 pagalb\u0105 &nbsp;bei t\u0117vams atitinkan\u010di\u0105 informacij\u0105. <a href=\"https:\/\/www.ausros.vilniausr.lm.lt\/?page_id=354\" class=\"read-more\">Daugiau &#8230;<\/a><\/p>\n","protected":false},"author":3,"featured_media":0,"parent":0,"menu_order":0,"comment_status":"closed","ping_status":"closed","template":"","meta":{"footnotes":""},"class_list":["post-354","page","type-page","status-publish","hentry"],"_links":{"self":[{"href":"https:\/\/www.ausros.vilniausr.lm.lt\/index.php?rest_route=\/wp\/v2\/pages\/354","targetHints":{"allow":["GET"]}}],"collection":[{"href":"https:\/\/www.ausros.vilniausr.lm.lt\/index.php?rest_route=\/wp\/v2\/pages"}],"about":[{"href":"https:\/\/www.ausros.vilniausr.lm.lt\/index.php?rest_route=\/wp\/v2\/types\/page"}],"author":[{"embeddable":true,"href":"https:\/\/www.ausros.vilniausr.lm.lt\/index.php?rest_route=\/wp\/v2\/users\/3"}],"replies":[{"embeddable":true,"href":"https:\/\/www.ausros.vilniausr.lm.lt\/index.php?rest_route=%2Fwp%2Fv2%2Fcomments&post=354"}],"version-history":[{"count":7,"href":"https:\/\/www.ausros.vilniausr.lm.lt\/index.php?rest_route=\/wp\/v2\/pages\/354\/revisions"}],"predecessor-version":[{"id":12985,"href":"https:\/\/www.ausros.vilniausr.lm.lt\/index.php?rest_route=\/wp\/v2\/pages\/354\/revisions\/12985"}],"wp:attachment":[{"href":"https:\/\/www.ausros.vilniausr.lm.lt\/index.php?rest_route=%2Fwp%2Fv2%2Fmedia&parent=354"}],"curies":[{"name":"wp","href":"https:\/\/api.w.org\/{rel}","templated":true}]}}