{"id":356,"date":"2019-10-01T20:54:36","date_gmt":"2019-10-01T20:54:36","guid":{"rendered":"http:\/\/localhost:8080\/wordpress\/?page_id=356"},"modified":"2023-09-27T08:14:31","modified_gmt":"2023-09-27T08:14:31","slug":"sveikatos-prieziuros-specialistas","status":"publish","type":"page","link":"https:\/\/www.ausros.vilniausr.lm.lt\/?page_id=356","title":{"rendered":"Sveikatos prie\u017ei\u016bra"},"content":{"rendered":"\n<p>Sveikatos prie\u017ei\u016bros mokykloje paskirtis \u2212 saugoti ir stiprinti mokini\u0173 sveikat\u0105,&nbsp;aktyviai&nbsp;bendradarbiaujant su j\u0173 t\u0117vais (glob\u0117jais, r\u016bpintojais).<\/p>\n\n\n\n<p><strong>Sveikatos prie\u017ei\u016bros specialist\u0117<\/strong>: Ramun\u0117 Doveikien\u0117<\/p>\n\n\n\n<p><strong>Sveikatos prie\u017ei\u016bra \u012fstaigoje vykdoma remiantis \u0161iais teis\u0117s aktais:<\/strong><\/p>\n\n\n\n<div class=\"wp-block-file\"><a id=\"wp-block-file--media-7da40416-7a62-439e-90d7-3ab07ff1b84a\" href=\"https:\/\/www.ausrosgimnazija.kalveliai.vilniausr.lm.lt\/wp-content\/uploads\/2022\/10\/Vilniaus-r.-Kalveliu-Ausros-gimnazijos-pirmosios-pagalbos-teikimo-mokykloje-tvarkos-aprasas-1.pdf\">Vilniaus r. Kalveli\u0173 &#8222;Au\u0161ros&#8221; gimnazijos pirmosios pagalbos teikimo mokykloje tvarkos apra\u0161as<\/a><\/div>\n\n\n\n<div class=\"wp-block-file\"><a id=\"wp-block-file--media-067d7ad5-2e63-4aea-8929-6bfde390e6c0\" href=\"https:\/\/www.ausrosgimnazija.kalveliai.vilniausr.lm.lt\/wp-content\/uploads\/2022\/10\/Vilniaus-r.-Kalveliu-Ausros-gimnazijos-pagalbos-mokinio-savirupai-pagal-gydytoju-rekomendacijas-uztikrinimo-1.pdf\">Vilniaus r. Kalveli\u0173 &#8222;Au\u0161ros&#8221; pagalbos mokinio savir\u016bpai pagal gydytoj\u0173 rekomendacijas u\u017etikrinimo (vaist\u0173 laikymo, i\u0161davimo, naudojimo ir kt.), jeigu mokinys serga l\u0117tine neinfekcine liga, tvarkos apra\u0161as<\/a><\/div>\n\n\n\n<div class=\"wp-block-file\"><a id=\"wp-block-file--media-41196b78-718e-48a5-aec8-dba69b9f76f2\" href=\"https:\/\/www.ausrosgimnazija.kalveliai.vilniausr.lm.lt\/wp-content\/uploads\/2022\/10\/Vilniaus-r.-Kalveliu-Ausros-gimnazijos-darbuotoju-veiksmu-mokiniui-susirgus-ar-patyrus-trauma-mokykloje-i-1.pdf\">Vilniaus r. Kalveli\u0173 &#8222;Au\u0161ros&#8221; darbuotoj\u0173 veiksm\u0173 mokiniui susirgus ar patyrus traum\u0105 mokykloje ir teis\u0117t\u0173 mokinio atstov\u0173 informavimo apie mokykloje patirt\u0105 traum\u0105 ar \u016bm\u0173 sveikatos sutrikim\u0105 tvarkos apra\u0161as<\/a><\/div>\n\n\n\n<div class=\"wp-block-file\"><a id=\"wp-block-file--media-16dc417c-6b2d-4963-9378-f115da00491b\" href=\"https:\/\/www.ausrosgimnazija.kalveliai.vilniausr.lm.lt\/wp-content\/uploads\/2022\/10\/Vilniaus-r.-Kalveliu-Ausros-gimnazijos-mokiniu-apziuros-del-asmens-higienos-tvarkos-aprasas-1.pdf\">Vilniaus r. Kalveli\u0173 &#8222;Au\u0161ros&#8221; mokini\u0173 ap\u017ei\u016bros d\u0117l asmens higienos tvarkos apra\u0161as<\/a><\/div>\n\n\n\n<p><strong>Visuomen\u0117s sveikatos prie\u017ei\u016bros organizavimo mokykloje tvarkos apra\u0161as<\/strong><\/p>\n\n\n\n<p><a href=\"https:\/\/www.e-tar.lt\/portal\/lt\/legalAct\/TAR.D75E8D9BAEB0\/asr\">https:\/\/www.e-tar.lt\/portal\/lt\/legalAct\/TAR.D75E8D9BAEB0\/asr<\/a><\/p>\n\n\n\n<p><strong>Lietuvos Respublikos visuomen\u0117s sveikatos prie\u017ei\u016bros \u012fstatymas<\/strong><\/p>\n\n\n\n<p><a href=\"https:\/\/www.e-tar.lt\/portal\/lt\/legalAct\/TAR.DD80CF948782\">https:\/\/www.e-tar.lt\/portal\/lt\/legalAct\/TAR.DD80CF948782<\/a><\/p>\n\n\n\n<p><strong>Vilniaus visuomen\u0117s sveikatos biuras<\/strong> <a href=\"https:\/\/www.vilniussveikiau.lt\">https:\/\/www.vilniussveikiau.lt<\/a><\/p>\n\n\n\n<p><strong>Vilniaus rajono centrin\u0117 poliklinika<\/strong> <a href=\"https:\/\/www.vrcp.lt\">https:\/\/www.vrcp.lt<\/a><\/p>\n\n\n\n<p><strong>Vilniaus rajono centrin\u0117s poliklinikos ambulatorijos<\/strong> <a href=\"https:\/\/www.vrcp.lt\/ambulatorijos\">https:\/\/www.vrcp.lt\/ambulatorijos<\/a><\/p>\n\n\n\n<p><strong>Sveikatos prie\u017ei\u016bros paslaugos sutrikusios raidos ir elgesio vaikams ir j\u0173 \u0161eimoms teikiamos Vaiko raidos centre<\/strong> <a href=\"http:\/\/www.vaikuligonine.lt\/category\/centrai\/vaiko-raidos-centras\/\">http:\/\/www.vaikuligonine.lt\/category\/centrai\/vaiko-raidos-centras\/<\/a><\/p>\n\n\n\n<p>Atnaujinta: 2023-09-01<\/p>\n","protected":false},"excerpt":{"rendered":"<p>Sveikatos prie\u017ei\u016bros mokykloje paskirtis \u2212 saugoti ir stiprinti mokini\u0173 sveikat\u0105,&nbsp;aktyviai&nbsp;bendradarbiaujant su j\u0173 t\u0117vais (glob\u0117jais, r\u016bpintojais). Sveikatos prie\u017ei\u016bros specialist\u0117: Ramun\u0117 Doveikien\u0117 Sveikatos prie\u017ei\u016bra \u012fstaigoje vykdoma remiantis \u0161iais teis\u0117s aktais: Visuomen\u0117s sveikatos prie\u017ei\u016bros organizavimo mokykloje tvarkos apra\u0161as https:\/\/www.e-tar.lt\/portal\/lt\/legalAct\/TAR.D75E8D9BAEB0\/asr Lietuvos Respublikos visuomen\u0117s sveikatos <a href=\"https:\/\/www.ausros.vilniausr.lm.lt\/?page_id=356\" class=\"read-more\">Daugiau &#8230;<\/a><\/p>\n","protected":false},"author":3,"featured_media":0,"parent":0,"menu_order":0,"comment_status":"closed","ping_status":"closed","template":"","meta":{"footnotes":""},"class_list":["post-356","page","type-page","status-publish","hentry"],"_links":{"self":[{"href":"https:\/\/www.ausros.vilniausr.lm.lt\/index.php?rest_route=\/wp\/v2\/pages\/356","targetHints":{"allow":["GET"]}}],"collection":[{"href":"https:\/\/www.ausros.vilniausr.lm.lt\/index.php?rest_route=\/wp\/v2\/pages"}],"about":[{"href":"https:\/\/www.ausros.vilniausr.lm.lt\/index.php?rest_route=\/wp\/v2\/types\/page"}],"author":[{"embeddable":true,"href":"https:\/\/www.ausros.vilniausr.lm.lt\/index.php?rest_route=\/wp\/v2\/users\/3"}],"replies":[{"embeddable":true,"href":"https:\/\/www.ausros.vilniausr.lm.lt\/index.php?rest_route=%2Fwp%2Fv2%2Fcomments&post=356"}],"version-history":[{"count":10,"href":"https:\/\/www.ausros.vilniausr.lm.lt\/index.php?rest_route=\/wp\/v2\/pages\/356\/revisions"}],"predecessor-version":[{"id":8867,"href":"https:\/\/www.ausros.vilniausr.lm.lt\/index.php?rest_route=\/wp\/v2\/pages\/356\/revisions\/8867"}],"wp:attachment":[{"href":"https:\/\/www.ausros.vilniausr.lm.lt\/index.php?rest_route=%2Fwp%2Fv2%2Fmedia&parent=356"}],"curies":[{"name":"wp","href":"https:\/\/api.w.org\/{rel}","templated":true}]}}