{"id":4395,"date":"2021-10-27T19:38:12","date_gmt":"2021-10-27T19:38:12","guid":{"rendered":"http:\/\/www.ausrosgimnazija.kalveliai.vilniausr.lm.lt\/?page_id=4395"},"modified":"2025-09-24T09:20:37","modified_gmt":"2025-09-24T09:20:37","slug":"ugdymas-karjerai-2","status":"publish","type":"page","link":"https:\/\/www.ausros.vilniausr.lm.lt\/?page_id=4395","title":{"rendered":"Ugdymas karjerai"},"content":{"rendered":"\n<p><strong>TIKSLAS<\/strong><\/p>\n\n\n\n<p>&nbsp;&nbsp;&nbsp;&nbsp;&nbsp;&nbsp;&nbsp;&nbsp;&nbsp;&nbsp;&nbsp; Efektyviai teikti karjeros ugdymo\npaslaugas, panaudojant gimnazijos i\u0161teklius, sudarant palankesnes s\u0105lygas\nu\u017etikrinant, kad mokini\u0173 turimi geb\u0117jimai ir interesai sutapt\u0173 su esamomis\nmokymosi ir u\u017eimtumo galimyb\u0117mis.<\/p>\n\n\n\n<p><strong>U\u017dDAVINIAI<\/strong><\/p>\n\n\n\n<ul class=\"wp-block-list\">\n<li>Organizuoti gimnazini\u0173 klasi\u0173 ugdym\u0105, orientuojant mokinius profesinei veiklai.<\/li>\n\n\n\n<li>Motyvuoti besimokan\u010dius.<\/li>\n\n\n\n<li>Supa\u017eindinti su karjerai svarbi\u0173 asmenybi\u0173 charakteristikomis, socialine aplinka ir socialini\u0173 vaidmen\u0173 \u012fvairove.<\/li>\n\n\n\n<li>Parodyti, kaip rasti ir efektyviai naudoti karjeros informacij\u0105 bei pasinaudoti mokymosi vis\u0105 gyvenim\u0105 galimyb\u0117mis.<\/li>\n\n\n\n<li>Nagrin\u0117ti prisitaikym\u0105 prie nuolat kintan\u010di\u0173 rinkos s\u0105lyg\u0173.<\/li>\n\n\n\n<li>Konsultuoti mokinius, t\u0117vus (glob\u0117jus) profesinio orientavimo klausimais.<\/li>\n\n\n\n<li>Mokyti mokytis ir taikyti laisvalaikio veikl\u0105, tobulinant karjerai svarbiausias bendr\u0105sias kompetencijas.<\/li>\n\n\n\n<li>Bendradarbiauti su t\u0117vais (glob\u0117jais), klasi\u0173 vadovais, mokytojais, kitais vaikus ugdan\u010diais specialistais profesinio orientavimo klausimais.<\/li>\n<\/ul>\n\n\n\n<p><strong>DARBO\nGRUP\u0116<\/strong><\/p>\n\n\n\n<ol class=\"wp-block-list\">\n<li>Nina Ba\u0161ajevien\u0117, direktoriaus pavaduotoja ugdymui \u2013 koordinator\u0117<\/li>\n\n\n\n<li>Jekaterina Zvereva, bibliotekinink\u0117 \u2013 pavaduotoja<\/li>\n\n\n\n<li>Diana Iljeitien\u0117, ra\u0161tin\u0117s ved\u0117ja, nar\u0117<\/li>\n\n\n\n<li>An\u017eelika Valiavi\u010dien\u0117, spec. pedagog\u0117 &#8211; nar\u0117 <\/li>\n\n\n\n<li>Patricija Naimovi\u010di\u016bt\u0117, II G kl. mokin\u0117 \u2013 nar\u0117.<\/li>\n<\/ol>\n\n\n\n<hr class=\"wp-block-separator has-css-opacity\"\/>\n\n\n\n<h2 class=\"wp-block-heading\"><strong>Informacija stojantiesiems<\/strong><strong><\/strong><\/h2>\n\n\n\n<p>Konkursinio balo skai\u010diuokl\u0117 <a href=\"https:\/\/lamabpo.lt\/pirmosios-pakopos-ir-vientisosios-studijos\/konkursinio-balo-skaiciuokle\/\">https:\/\/lamabpo.lt\/pirmosios-pakopos-ir-vientisosios-studijos\/konkursinio-balo-skaiciuokle\/<\/a><\/p>\n\n\n\n<p>Bendrasis pri\u0117mimas \u012f Lietuvos auk\u0161t\u0105sias mokyklas ir profesinio mokymo \u012fstaigas (LAMA BPO) <a href=\"https:\/\/bakalauras.lamabpo.lt\">https:\/\/bakalauras.lamabpo.lt<\/a> &nbsp;<\/p>\n\n\n\n<p>Studij\u0173 programos (AIKOS) &nbsp;<a href=\"https:\/\/www.aikos.smm.lt\/studijuoti\/SitePages\/Noriu%20studijuoti.aspx?ss=b4284c3d-73c7-4fc8-8fc4-c9bb8d03317e\">https:\/\/www.aikos.smm.lt\/studijuoti\/SitePages\/Noriu%20studijuoti.aspx?ss=b4284c3d-73c7-4fc8-8fc4-c9bb8d03317e<\/a><\/p>\n\n\n\n<p>Valstybinis studij\u0173 fondas <a href=\"https:\/\/vsf.lrv.lt\">https:\/\/vsf.lrv.lt<\/a><\/p>\n\n\n\n<p>Studij\u0173 kokyb\u0117s vertinimo centras <a href=\"https:\/\/www.skvc.lt\">https:\/\/www.skvc.lt<\/a><\/p>\n\n\n\n<p>Studijos u\u017esienyje<\/p>\n\n\n\n<p><a href=\"https:\/\/www.kastu.lt\">https:\/\/www.kastu.lt<\/a><\/p>\n\n\n\n<p><a href=\"https:\/\/europa.eu\/europass\/select-language?destination=\/node\/1\">https:\/\/europa.eu\/europass\/select-language?destination=\/node\/1<\/a><\/p>\n\n\n\n<h2 class=\"wp-block-heading\"><strong>Darbo paie\u0161ka<\/strong><strong><\/strong><\/h2>\n\n\n\n<p>U\u017eimtumo tarnyba \u2013 Jaunimui <a href=\"https:\/\/uzt.lt\/jaunimui\/17\">https:\/\/uzt.lt\/jaunimui\/17<\/a><\/p>\n\n\n\n<p>Regioninis karjeros centras Karjeras <a href=\"https:\/\/karjerastau.lt\/youth\">https:\/\/karjerastau.lt\/youth<\/a><\/p>\n\n\n\n<p>Karjeros valdymo informacin\u0117 sistema <a href=\"https:\/\/karjera.lt\">https:\/\/karjera.lt<\/a><\/p>\n\n\n\n<p>Lietuvos karjeros portalas <a href=\"http:\/\/www.cv.lt\/\">http:\/\/www.cv.lt<\/a> &nbsp;<\/p>\n\n\n\n<p>Darbo skelbimai <a href=\"https:\/\/www.cvmarket.lt\">https:\/\/www.cvmarket.lt<\/a><\/p>\n\n\n\n<p>Mobilumo portalas EURES <a href=\"https:\/\/eures.uzt.lt\">https:\/\/eures.uzt.lt<\/a> <\/p>\n\n\n\n<p>Gyvenimo apra\u0161ymo rengimas (Europass) <a href=\"http:\/\/www.europass.lt\/cv\">http:\/\/www.europass.lt\/cv<\/a><\/p>\n\n\n\n<p>Atnaujinta: 2025-09-01<\/p>\n","protected":false},"excerpt":{"rendered":"<p>TIKSLAS &nbsp;&nbsp;&nbsp;&nbsp;&nbsp;&nbsp;&nbsp;&nbsp;&nbsp;&nbsp;&nbsp; Efektyviai teikti karjeros ugdymo paslaugas, panaudojant gimnazijos i\u0161teklius, sudarant palankesnes s\u0105lygas u\u017etikrinant, kad mokini\u0173 turimi geb\u0117jimai ir interesai sutapt\u0173 su esamomis mokymosi ir u\u017eimtumo galimyb\u0117mis. U\u017dDAVINIAI DARBO GRUP\u0116 Informacija stojantiesiems Konkursinio balo skai\u010diuokl\u0117 https:\/\/lamabpo.lt\/pirmosios-pakopos-ir-vientisosios-studijos\/konkursinio-balo-skaiciuokle\/ Bendrasis pri\u0117mimas \u012f Lietuvos <a href=\"https:\/\/www.ausros.vilniausr.lm.lt\/?page_id=4395\" class=\"read-more\">Daugiau &#8230;<\/a><\/p>\n","protected":false},"author":3,"featured_media":0,"parent":0,"menu_order":0,"comment_status":"closed","ping_status":"closed","template":"","meta":{"footnotes":""},"class_list":["post-4395","page","type-page","status-publish","hentry"],"_links":{"self":[{"href":"https:\/\/www.ausros.vilniausr.lm.lt\/index.php?rest_route=\/wp\/v2\/pages\/4395","targetHints":{"allow":["GET"]}}],"collection":[{"href":"https:\/\/www.ausros.vilniausr.lm.lt\/index.php?rest_route=\/wp\/v2\/pages"}],"about":[{"href":"https:\/\/www.ausros.vilniausr.lm.lt\/index.php?rest_route=\/wp\/v2\/types\/page"}],"author":[{"embeddable":true,"href":"https:\/\/www.ausros.vilniausr.lm.lt\/index.php?rest_route=\/wp\/v2\/users\/3"}],"replies":[{"embeddable":true,"href":"https:\/\/www.ausros.vilniausr.lm.lt\/index.php?rest_route=%2Fwp%2Fv2%2Fcomments&post=4395"}],"version-history":[{"count":17,"href":"https:\/\/www.ausros.vilniausr.lm.lt\/index.php?rest_route=\/wp\/v2\/pages\/4395\/revisions"}],"predecessor-version":[{"id":12675,"href":"https:\/\/www.ausros.vilniausr.lm.lt\/index.php?rest_route=\/wp\/v2\/pages\/4395\/revisions\/12675"}],"wp:attachment":[{"href":"https:\/\/www.ausros.vilniausr.lm.lt\/index.php?rest_route=%2Fwp%2Fv2%2Fmedia&parent=4395"}],"curies":[{"name":"wp","href":"https:\/\/api.w.org\/{rel}","templated":true}]}}