{"id":4407,"date":"2021-10-27T19:55:44","date_gmt":"2021-10-27T19:55:44","guid":{"rendered":"http:\/\/www.ausrosgimnazija.kalveliai.vilniausr.lm.lt\/?page_id=4407"},"modified":"2022-10-12T16:44:43","modified_gmt":"2022-10-12T16:44:43","slug":"prevencine-veikla","status":"publish","type":"page","link":"https:\/\/www.ausros.vilniausr.lm.lt\/?page_id=4407","title":{"rendered":"Prevencin\u0117 veikla"},"content":{"rendered":"\n<p>Gimnazijoje \u012fgyvendinamos socialini\u0173 ir emocini\u0173 \u012fg\u016bd\u017ei\u0173 bei kompetencij\u0173 ugdymo, paty\u010di\u0173, psichoaktyvi\u0173 med\u017eiag\u0173 vartojimo ir kitos prevencin\u0117s programos, sudarytos s\u0105lygos kiekvienam mokiniui dalyvauti bent vienoje nuoseklioje, ilgalaik\u0117je socialines ir emocines kompetencijas ugdan\u010dioje prevencin\u0117je programoje, apiman\u010dioje smurto, alkoholio, tabako ir kit\u0173 psichik\u0105 veikian\u010di\u0173 med\u017eiag\u0173 vartojimo prevencij\u0105 bei sveikos gyvensenos skatinim\u0105:<\/p>\n\n\n\n<p><strong>Alkoholio, tabako ir kit\u0173 psichik\u0105 veikian\u010di\u0173 med\u017eiag\u0173 vartojimo prevencijos programa<\/strong> <\/p>\n\n\n\n<p><a href=\"https:\/\/www.e-tar.lt\/portal\/lt\/legalAct\/TAR.C8B5956EC3A8\">https:\/\/www.e-tar.lt\/portal\/lt\/legalAct\/TAR.C8B5956EC3A8<\/a><\/p>\n\n\n\n<p><strong>Sveikatos ir lyti\u0161kumo ugdymo bei rengimo \u0161eimai bendroji programa<\/strong> <\/p>\n\n\n\n<p><a href=\"https:\/\/www.e-tar.lt\/portal\/lt\/legalAct\/b10c19209a9a11e69ad4c8713b612d0f\">https:\/\/www.e-tar.lt\/portal\/lt\/legalAct\/b10c19209a9a11e69ad4c8713b612d0f<\/a><\/p>\n\n\n\n<p>Gimnazijoje veikia elektronin\u0117 platforma, skirta mokiniams, j\u0173 t\u0117vams ir mokytojams anonimi\u0161kai prane\u0161ti apie paty\u010dias mokykloje ,,<strong>Paty\u010di\u0173 d\u0117\u017eut\u0117<\/strong>\u201c <a href=\"https:\/\/patyciudezute.lt\">https:\/\/patyciudezute.lt<\/a><\/p>\n\n\n\n<p><strong>Daugiau informacijos apie akcij\u0105: <\/strong><a href=\"http:\/\/www.bepatyciu.lt\">www.bepatyciu.lt<\/a><\/p>\n\n\n\n<p><strong>Draugi\u0161kas internetas<\/strong> <a href=\"https:\/\/www.draugiskasinternetas.lt\">https:\/\/www.draugiskasinternetas.lt<\/a><\/p>\n\n\n\n<p><strong>Saugumas elektronin\u0117je erdv\u0117je<\/strong> <a href=\"https:\/\/www.esaugumas.lt\">https:\/\/www.esaugumas.lt<\/a><\/p>\n\n\n\n<p>Atnaujinta: 2022-09-01<\/p>\n","protected":false},"excerpt":{"rendered":"<p>Gimnazijoje \u012fgyvendinamos socialini\u0173 ir emocini\u0173 \u012fg\u016bd\u017ei\u0173 bei kompetencij\u0173 ugdymo, paty\u010di\u0173, psichoaktyvi\u0173 med\u017eiag\u0173 vartojimo ir kitos prevencin\u0117s programos, sudarytos s\u0105lygos kiekvienam mokiniui dalyvauti bent vienoje nuoseklioje, ilgalaik\u0117je socialines ir emocines kompetencijas ugdan\u010dioje prevencin\u0117je programoje, apiman\u010dioje smurto, alkoholio, tabako ir kit\u0173 psichik\u0105 <a href=\"https:\/\/www.ausros.vilniausr.lm.lt\/?page_id=4407\" class=\"read-more\">Daugiau &#8230;<\/a><\/p>\n","protected":false},"author":3,"featured_media":0,"parent":0,"menu_order":0,"comment_status":"closed","ping_status":"closed","template":"","meta":{"footnotes":""},"class_list":["post-4407","page","type-page","status-publish","hentry"],"_links":{"self":[{"href":"https:\/\/www.ausros.vilniausr.lm.lt\/index.php?rest_route=\/wp\/v2\/pages\/4407","targetHints":{"allow":["GET"]}}],"collection":[{"href":"https:\/\/www.ausros.vilniausr.lm.lt\/index.php?rest_route=\/wp\/v2\/pages"}],"about":[{"href":"https:\/\/www.ausros.vilniausr.lm.lt\/index.php?rest_route=\/wp\/v2\/types\/page"}],"author":[{"embeddable":true,"href":"https:\/\/www.ausros.vilniausr.lm.lt\/index.php?rest_route=\/wp\/v2\/users\/3"}],"replies":[{"embeddable":true,"href":"https:\/\/www.ausros.vilniausr.lm.lt\/index.php?rest_route=%2Fwp%2Fv2%2Fcomments&post=4407"}],"version-history":[{"count":2,"href":"https:\/\/www.ausros.vilniausr.lm.lt\/index.php?rest_route=\/wp\/v2\/pages\/4407\/revisions"}],"predecessor-version":[{"id":6285,"href":"https:\/\/www.ausros.vilniausr.lm.lt\/index.php?rest_route=\/wp\/v2\/pages\/4407\/revisions\/6285"}],"wp:attachment":[{"href":"https:\/\/www.ausros.vilniausr.lm.lt\/index.php?rest_route=%2Fwp%2Fv2%2Fmedia&parent=4407"}],"curies":[{"name":"wp","href":"https:\/\/api.w.org\/{rel}","templated":true}]}}