{"id":4411,"date":"2021-10-27T19:57:43","date_gmt":"2021-10-27T19:57:43","guid":{"rendered":"http:\/\/www.ausrosgimnazija.kalveliai.vilniausr.lm.lt\/?page_id=4411"},"modified":"2025-09-24T07:06:40","modified_gmt":"2025-09-24T07:06:40","slug":"pailgintos-dienos-grupe","status":"publish","type":"page","link":"https:\/\/www.ausros.vilniausr.lm.lt\/?page_id=4411","title":{"rendered":"Pailgintos dienos grup\u0117"},"content":{"rendered":"\n<p>Siekiant u\u017etikrinti pradini\u0173 ir kit\u0173 klasi\u0173 mokini\u0173 saug\u0173 ir prasming\u0105 laiko po pamok\u0173 leidim\u0105 bei galimyb\u0119 gerinti savo mokymosi pasiekimus, o mokini\u0173 t\u0117vams (glob\u0117jams, r\u016bpintojams) sudaryti palankesnes s\u0105lygas derinti darbo ir \u0161eimos \u012fsipareigojimus, mokykloje atidaryta pailginta dienos grup\u0117.<\/p>\n\n\n\n<p><a href=\"https:\/\/www.ausrosgimnazija.kalveliai.vilniausr.lm.lt\/wp-content\/uploads\/2024\/09\/PAILGINTOS-DIENOS-GRUPE.pdf\">VILNIAUS R. KALVELI\u0172 \u201eAU\u0160ROS\u201c GIMNAZIJA PAILGINTOS DIENOS (POPAMOKIN\u0116S VEIKLOS) GRUP\u0116S PASLAUGOS TEIKIMO TVARKOS APRA\u0160AS<\/a><\/p>\n\n\n\n<h2 class=\"wp-block-heading\"><strong>PAILGINTOS GRUP\u0116S DARBO GRAFIKAS<\/strong><\/h2>\n\n\n\n<p><strong><a href=\"https:\/\/www.ausros.vilniausr.lm.lt\/wp-content\/uploads\/2025\/09\/1-klases-tvarkarastis.pdf\">PAILGINTOS GRUP\u0116S (1 KLAS\u0116S) DARBO GRAFIKAS<\/a><\/strong><\/p>\n\n\n\n<p><strong><a href=\"https:\/\/www.ausros.vilniausr.lm.lt\/wp-content\/uploads\/2025\/09\/2-klases-tvarkarastis.pdf\">PAILGINTOS GRUP\u0116S (2 KLAS\u0116S) DARBO GRAFIKAS<\/a><\/strong><\/p>\n\n\n\n<p><strong><a href=\"https:\/\/www.ausros.vilniausr.lm.lt\/wp-content\/uploads\/2025\/09\/3-4-klasiu-tvarkarastis.pdf\">PAILGINTOS GRUP\u0116S (3-4 KLASI\u0172) DARBO GRAFIKAS<\/a><\/strong><\/p>\n\n\n\n<p>Atnaujinta: 2025-09-01<\/p>\n","protected":false},"excerpt":{"rendered":"<p>Siekiant u\u017etikrinti pradini\u0173 ir kit\u0173 klasi\u0173 mokini\u0173 saug\u0173 ir prasming\u0105 laiko po pamok\u0173 leidim\u0105 bei galimyb\u0119 gerinti savo mokymosi pasiekimus, o mokini\u0173 t\u0117vams (glob\u0117jams, r\u016bpintojams) sudaryti palankesnes s\u0105lygas derinti darbo ir \u0161eimos \u012fsipareigojimus, mokykloje atidaryta pailginta dienos grup\u0117. VILNIAUS R. <a href=\"https:\/\/www.ausros.vilniausr.lm.lt\/?page_id=4411\" class=\"read-more\">Daugiau &#8230;<\/a><\/p>\n","protected":false},"author":3,"featured_media":0,"parent":0,"menu_order":0,"comment_status":"closed","ping_status":"closed","template":"","meta":{"footnotes":""},"class_list":["post-4411","page","type-page","status-publish","hentry"],"_links":{"self":[{"href":"https:\/\/www.ausros.vilniausr.lm.lt\/index.php?rest_route=\/wp\/v2\/pages\/4411","targetHints":{"allow":["GET"]}}],"collection":[{"href":"https:\/\/www.ausros.vilniausr.lm.lt\/index.php?rest_route=\/wp\/v2\/pages"}],"about":[{"href":"https:\/\/www.ausros.vilniausr.lm.lt\/index.php?rest_route=\/wp\/v2\/types\/page"}],"author":[{"embeddable":true,"href":"https:\/\/www.ausros.vilniausr.lm.lt\/index.php?rest_route=\/wp\/v2\/users\/3"}],"replies":[{"embeddable":true,"href":"https:\/\/www.ausros.vilniausr.lm.lt\/index.php?rest_route=%2Fwp%2Fv2%2Fcomments&post=4411"}],"version-history":[{"count":13,"href":"https:\/\/www.ausros.vilniausr.lm.lt\/index.php?rest_route=\/wp\/v2\/pages\/4411\/revisions"}],"predecessor-version":[{"id":12650,"href":"https:\/\/www.ausros.vilniausr.lm.lt\/index.php?rest_route=\/wp\/v2\/pages\/4411\/revisions\/12650"}],"wp:attachment":[{"href":"https:\/\/www.ausros.vilniausr.lm.lt\/index.php?rest_route=%2Fwp%2Fv2%2Fmedia&parent=4411"}],"curies":[{"name":"wp","href":"https:\/\/api.w.org\/{rel}","templated":true}]}}