{"id":4621,"date":"2021-11-24T06:28:30","date_gmt":"2021-11-24T06:28:30","guid":{"rendered":"http:\/\/www.ausrosgimnazija.kalveliai.vilniausr.lm.lt\/?page_id=4621"},"modified":"2025-03-02T15:45:47","modified_gmt":"2025-03-02T15:45:47","slug":"mokymosi-pagalbos-teikimas","status":"publish","type":"page","link":"https:\/\/www.ausros.vilniausr.lm.lt\/?page_id=4621","title":{"rendered":"Mokymosi pagalba"},"content":{"rendered":"\n<p>Mokymosi pagalb\u0105 teikia: Pagalbos mokiniui specialist\u0117 <strong>Jekaterina Zvereva<\/strong>, kiekvien\u0105 darbo dien\u0105 gimnazijos bibliotekoje nuo 14:00 iki 16:00 val.<\/p>\n\n\n\n<p><\/p>\n","protected":false},"excerpt":{"rendered":"<p>Mokymosi pagalb\u0105 teikia: Pagalbos mokiniui specialist\u0117 Jekaterina Zvereva, kiekvien\u0105 darbo dien\u0105 gimnazijos bibliotekoje nuo 14:00 iki 16:00 val.<\/p>\n","protected":false},"author":3,"featured_media":0,"parent":0,"menu_order":0,"comment_status":"closed","ping_status":"closed","template":"","meta":{"footnotes":""},"class_list":["post-4621","page","type-page","status-publish","hentry"],"_links":{"self":[{"href":"https:\/\/www.ausros.vilniausr.lm.lt\/index.php?rest_route=\/wp\/v2\/pages\/4621","targetHints":{"allow":["GET"]}}],"collection":[{"href":"https:\/\/www.ausros.vilniausr.lm.lt\/index.php?rest_route=\/wp\/v2\/pages"}],"about":[{"href":"https:\/\/www.ausros.vilniausr.lm.lt\/index.php?rest_route=\/wp\/v2\/types\/page"}],"author":[{"embeddable":true,"href":"https:\/\/www.ausros.vilniausr.lm.lt\/index.php?rest_route=\/wp\/v2\/users\/3"}],"replies":[{"embeddable":true,"href":"https:\/\/www.ausros.vilniausr.lm.lt\/index.php?rest_route=%2Fwp%2Fv2%2Fcomments&post=4621"}],"version-history":[{"count":6,"href":"https:\/\/www.ausros.vilniausr.lm.lt\/index.php?rest_route=\/wp\/v2\/pages\/4621\/revisions"}],"predecessor-version":[{"id":11462,"href":"https:\/\/www.ausros.vilniausr.lm.lt\/index.php?rest_route=\/wp\/v2\/pages\/4621\/revisions\/11462"}],"wp:attachment":[{"href":"https:\/\/www.ausros.vilniausr.lm.lt\/index.php?rest_route=%2Fwp%2Fv2%2Fmedia&parent=4621"}],"curies":[{"name":"wp","href":"https:\/\/api.w.org\/{rel}","templated":true}]}}