{"id":5532,"date":"2022-09-20T12:55:37","date_gmt":"2022-09-20T12:55:37","guid":{"rendered":"http:\/\/www.ausrosgimnazija.kalveliai.vilniausr.lm.lt\/?page_id=5532"},"modified":"2025-11-21T07:03:29","modified_gmt":"2025-11-21T07:03:29","slug":"spec-pedagogas","status":"publish","type":"page","link":"https:\/\/www.ausros.vilniausr.lm.lt\/?page_id=5532","title":{"rendered":"Spec. pedagogas"},"content":{"rendered":"\n<p><strong>Specialiojo pedagogo veikla<\/strong><\/p>\n\n\n\n<p>Specialusis pedagogas dirba su vaikais, turin\u010diais \u012fvairi\u0173 ugdymosi poreiki\u0173: mokymosi sunkum\u0173, raidos sutrikim\u0173, elgesio ir emocini\u0173 i\u0161\u0161\u016bki\u0173, sensorini\u0173 ar fizini\u0173 negali\u0173. Jo veiklos tikslas \u2013 u\u017etikrinti, kad kiekvienas vaikas gal\u0117t\u0173 maksimaliai i\u0161naudoti savo galimybes ir gauti reikiam\u0105 pagalb\u0105 ugdymo procese.<\/p>\n\n\n\n<p>Pagrindin\u0117s veiklos kryptys:<\/p>\n\n\n\n<p><strong>1. Vaiko ugdymosi poreiki\u0173 \u012fvertinimas<\/strong><\/p>\n\n\n\n<ul class=\"wp-block-list\">\n<li>Atlieka pedagogin\u012f vertinim\u0105.<\/li>\n\n\n\n<li>Stebi vaiko mokymosi pa\u017eang\u0105 ir elges\u012f.<\/li>\n\n\n\n<li>Sudaro i\u0161vadas d\u0117l reikalingos pagalbos ir pritaikym\u0173.<\/li>\n<\/ul>\n\n\n\n<p><strong>2. Individualizuoto ugdymosi planavimas<\/strong><\/p>\n\n\n\n<ul class=\"wp-block-list\">\n<li>Rengia individualius ugdymo planus (IUP).<\/li>\n\n\n\n<li>Parenka tinkamus mokymo metodus, priemones, u\u017eduo\u010di\u0173 diferencijavim\u0105.<\/li>\n<\/ul>\n\n\n\n<p><strong>3. Tiesioginis darbas su vaikais<\/strong><\/p>\n\n\n\n<ul class=\"wp-block-list\">\n<li>Veda individualias ir grupines specialiojo ugdymo pratybas.<\/li>\n\n\n\n<li>Lavina pa\u017eintinius, kalbinius, akademinius, socialinius ir savitvarkos \u012fg\u016bd\u017eius.<\/li>\n<\/ul>\n\n\n\n<p><strong>4. Konsultavimas ir bendradarbiavimas<\/strong><\/p>\n\n\n\n<ul class=\"wp-block-list\">\n<li>Konsultuoja mokytojus d\u0117l ugdymo pritaikymo klas\u0117je.<\/li>\n\n\n\n<li>Bendradarbiauja su t\u0117vais, teikia rekomendacijas d\u0117l pagalbos namuose.<\/li>\n\n\n\n<li>Dirba kartu su psichologais, logopedais, socialiniais pedagogais, mokytojais.<\/li>\n<\/ul>\n\n\n\n<p><strong>5. Pagalbos organizavimas ir koordinavimas<\/strong><\/p>\n\n\n\n<ul class=\"wp-block-list\">\n<li>Dalyvauja Vaiko gerov\u0117s komisijos darbe.<\/li>\n\n\n\n<li>Prisideda prie \u012ftraukiojo ugdymo \u012fgyvendinimo mokykloje.<\/li>\n<\/ul>\n\n\n\n<p class=\"has-text-align-center\"><strong>Gimnazijos specialiosios pedagog\u0117s An\u017eelikos Valiavi\u010dien\u0117<\/strong> <strong>tiesioginio<\/strong> <strong>darbo grafikas<\/strong><\/p>\n\n\n\n<figure class=\"wp-block-table\"><table class=\"has-fixed-layout\"><tbody><tr><td>&nbsp;<\/td><td>Tiesioginis darbas su mokiniais<\/td><\/tr><tr><td>Pirmadienis<\/td><td>08:55-11:05<\/td><\/tr><tr><td>Antradienis<\/td><td>08:55-10:00 <br>10:30-11:05<\/td><\/tr><tr><td>Tre\u010diadienis<\/td><td>08:55-09:40 <br>11:05-11:50 <br>13.00-13.45 konsultacijos t\u0117vams<\/td><\/tr><tr><td>Ketvirtadienis<\/td><td>11:05-12:55<\/td><\/tr><tr><td>Penktadienis<\/td><td>08:55-10:00 mokini\u0173 konsultacijos <br>11:05-15:50<\/td><\/tr><\/tbody><\/table><\/figure>\n\n\n\n<p>Atnaujinta: 2025-09-01<\/p>\n","protected":false},"excerpt":{"rendered":"<p>Specialiojo pedagogo veikla Specialusis pedagogas dirba su vaikais, turin\u010diais \u012fvairi\u0173 ugdymosi poreiki\u0173: mokymosi sunkum\u0173, raidos sutrikim\u0173, elgesio ir emocini\u0173 i\u0161\u0161\u016bki\u0173, sensorini\u0173 ar fizini\u0173 negali\u0173. Jo veiklos tikslas \u2013 u\u017etikrinti, kad kiekvienas vaikas gal\u0117t\u0173 maksimaliai i\u0161naudoti savo galimybes ir gauti reikiam\u0105 <a href=\"https:\/\/www.ausros.vilniausr.lm.lt\/?page_id=5532\" class=\"read-more\">Daugiau &#8230;<\/a><\/p>\n","protected":false},"author":3,"featured_media":0,"parent":0,"menu_order":0,"comment_status":"closed","ping_status":"closed","template":"","meta":{"footnotes":""},"class_list":["post-5532","page","type-page","status-publish","hentry"],"_links":{"self":[{"href":"https:\/\/www.ausros.vilniausr.lm.lt\/index.php?rest_route=\/wp\/v2\/pages\/5532","targetHints":{"allow":["GET"]}}],"collection":[{"href":"https:\/\/www.ausros.vilniausr.lm.lt\/index.php?rest_route=\/wp\/v2\/pages"}],"about":[{"href":"https:\/\/www.ausros.vilniausr.lm.lt\/index.php?rest_route=\/wp\/v2\/types\/page"}],"author":[{"embeddable":true,"href":"https:\/\/www.ausros.vilniausr.lm.lt\/index.php?rest_route=\/wp\/v2\/users\/3"}],"replies":[{"embeddable":true,"href":"https:\/\/www.ausros.vilniausr.lm.lt\/index.php?rest_route=%2Fwp%2Fv2%2Fcomments&post=5532"}],"version-history":[{"count":5,"href":"https:\/\/www.ausros.vilniausr.lm.lt\/index.php?rest_route=\/wp\/v2\/pages\/5532\/revisions"}],"predecessor-version":[{"id":13091,"href":"https:\/\/www.ausros.vilniausr.lm.lt\/index.php?rest_route=\/wp\/v2\/pages\/5532\/revisions\/13091"}],"wp:attachment":[{"href":"https:\/\/www.ausros.vilniausr.lm.lt\/index.php?rest_route=%2Fwp%2Fv2%2Fmedia&parent=5532"}],"curies":[{"name":"wp","href":"https:\/\/api.w.org\/{rel}","templated":true}]}}