{"id":5559,"date":"2022-09-22T17:11:16","date_gmt":"2022-09-22T17:11:16","guid":{"rendered":"http:\/\/www.ausrosgimnazija.kalveliai.vilniausr.lm.lt\/?page_id=5559"},"modified":"2023-03-02T06:49:09","modified_gmt":"2023-03-02T06:49:09","slug":"ikimokyklinis-ir-priesmokyklinis-ugdymas","status":"publish","type":"page","link":"https:\/\/www.ausros.vilniausr.lm.lt\/?page_id=5559","title":{"rendered":"Prie\u0161mokyklinis ugdymas"},"content":{"rendered":"\n<p>Prie\u0161mokyklinio ugdymo\npaskirtis \u2013 pad\u0117ti vaikui pasirengti s\u0117kmingai mokytis pagal pradinio ugdymo\nprogram\u0105.<\/p>\n\n\n\n<div class=\"wp-block-file\"><a id=\"wp-block-file--media-d7cb15d4-acc2-49cd-8f6a-459af60688a6\" href=\"http:\/\/www.ausrosgimnazija.kalveliai.vilniausr.lm.lt\/wp-content\/uploads\/2022\/09\/Priesmokyklinio-ugdymo-bendroji-programa-priedas-Nr.-2-20220615.pdf\">PRIESMOKYKLINIO UGDYMO BENDROJI PROGRAMA <\/a><\/div>\n\n\n\n<div class=\"wp-block-file\"><a id=\"wp-block-file--media-4f2618be-8bf1-4374-878c-cdcb8e0e9810\" href=\"http:\/\/www.ausrosgimnazija.kalveliai.vilniausr.lm.lt\/wp-content\/uploads\/2022\/09\/PU-MODELIO-APRA\u0160AS.pdf\">VILNIAUS RAJONO KALVELI\u0172 ,,AU\u0160ROS\u201c GIMNAZIJOS PRIE\u0160MOKYKLINIO<br>UGDYMO ORGANIZAVIMO APRA\u0160AS<\/a><\/div>\n\n\n\n<div class=\"wp-block-file\"><a id=\"wp-block-file--media-546a572b-33a5-4c98-a066-c136a933d4c9\" href=\"http:\/\/www.ausrosgimnazija.kalveliai.vilniausr.lm.lt\/wp-content\/uploads\/2022\/09\/II-modelis.pdf\">PRIE\u0160MOKYKLINIO UGDYMO GRUP\u0116S MODELIS <\/a><\/div>\n\n\n\n<p>Prie\u0161mokyklinio ugdymo tvarkos apra\u0161u <a href=\"https:\/\/www.e-tar.lt\/portal\/lt\/legalAct\/TAR.3BD8DC009FDA\">https:\/\/www.e-tar.lt\/portal\/lt\/legalAct\/TAR.3BD8DC009FDA<\/a> ir Prie\u0161mokyklinio ugdymo bendr\u0105ja programa <a href=\"https:\/\/www.e-tar.lt\/portal\/lt\/legalAct\/1a764050239511edb4cae1b158f98ea5\">https:\/\/www.e-tar.lt\/portal\/lt\/legalAct\/1a764050239511edb4cae1b158f98ea5<\/a> , taip pat Vilniaus rajono savivaldyb\u0117s ikimokyklinio ir bendrojo ugdymo mokykl\u0173 prie\u0161mokyklinio ugdymo organizavimo modeli\u0173 apra\u0161u <a href=\"https:\/\/www.e-tar.lt\/portal\/lt\/legalAct\/64b306c0ba0111eb8c24980b2b0e0fef\">https:\/\/www.e-tar.lt\/portal\/lt\/legalAct\/64b306c0ba0111eb8c24980b2b0e0fef<\/a><\/p>\n\n\n\n<p>Vaiko ugdymo ir ugdymosi poreiki\u0173, pa\u017eangos \u012fvertinimo tvarkos apra\u0161as<\/p>\n\n\n\n<p><a href=\"https:\/\/www.e-tar.lt\/portal\/lt\/legalAct\/ab192f1066de11eca9ac839120d251c4\">https:\/\/www.e-tar.lt\/portal\/lt\/legalAct\/ab192f1066de11eca9ac839120d251c4<\/a> nustato vaiko, kuriam prie\u0161mokyklinis ugdymas buvo prad\u0117tas teikti anks\u010diau t\u0117v\u0173 (glob\u0117j\u0173) sprendimu, bet ne anks\u010diau, negu vaikui sueina 5 metai (i\u0161skyrus vaik\u0105, kuris pagal prie\u0161mokyklinio ugdymo bendr\u0105j\u0105 program\u0105 buvo prad\u0117tas ugdyti, kai jam tais kalendoriniais metais su\u0117jo 6 metai), ugdymo ir ugdymosi poreiki\u0173, pa\u017eangos vertinimo eig\u0105.<\/p>\n\n\n\n<p>Mokestis u\u017e vaiko maitinim\u0105 ir ugdymo reikmi\u0173 tenkinim\u0105 apskai\u010diuojamas remiantis Mokes\u010dio u\u017e vaiko maitinim\u0105 ir ugdymo reikmi\u0173 tenkinim\u0105 Vilniaus rajono savivaldyb\u0117s \u0161vietimo \u012fstaigose, \u012fgyvendinan\u010diose ikimokyklinio ir prie\u0161mokyklinio ugdymo programas, nustatymo tvarkos apra\u0161u <a href=\"https:\/\/www.e-tar.lt\/portal\/lt\/legalAct\/7bf8d610608d11e79198ffdb108a3753\/asr\">https:\/\/www.e-tar.lt\/portal\/lt\/legalAct\/7bf8d610608d11e79198ffdb108a3753\/asr<\/a> &nbsp;<\/p>\n\n\n\n<p>Prie\u0161mokyklinio ugdymo grup\u0117se vadovaujam\u0117s Lietuvos higienos norma HN 75:2016 \u201eIkimokyklinio ir prie\u0161mokyklinio ugdymo program\u0173 vykdymo bendrieji sveikatos saugos reikalavimai\u201c <a href=\"https:\/\/www.e-tar.lt\/portal\/lt\/legalAct\/TAR.AF02472A1EBF\">https:\/\/www.e-tar.lt\/portal\/lt\/legalAct\/TAR.AF02472A1EBF<\/a><\/p>\n\n\n\n<p>Daugiau informacijos apie prie\u0161mokyklin\u012f ugdym\u0105 Vilniaus rajono savivaldyb\u0117s interneto svetain\u0117je <a href=\"https:\/\/www.vrsa.lt\/svietimas\/ikimokyklinis-ir-priesmokyklinis-ugdymas\/437\">https:\/\/www.vrsa.lt\/svietimas\/ikimokyklinis-ir-priesmokyklinis-ugdymas\/437<\/a> bei \u0160vietimo, mokslo ir sporto ministerijos interneto svetain\u0117je <a href=\"https:\/\/smsm.lrv.lt\/web\/lt\/smm-svietimas\/svietimas-priesmokyklinis-ugdymas\">https:\/\/smsm.lrv.lt\/web\/lt\/smm-svietimas\/svietimas-priesmokyklinis-ugdymas<\/a><\/p>\n\n\n\n<p>Vaiko brandum\u0105 mokyklai nustato Vilniaus rajono pedagogin\u0117 psichologin\u0117 tarnyba <a href=\"https:\/\/ppt.vrsa.lt\">https:\/\/ppt.vrsa.lt<\/a><\/p>\n\n\n\n<hr class=\"wp-block-separator has-alpha-channel-opacity\"\/>\n\n\n\n<p>Atnaujinta: 2023-01-09<\/p>\n","protected":false},"excerpt":{"rendered":"<p>Prie\u0161mokyklinio ugdymo paskirtis \u2013 pad\u0117ti vaikui pasirengti s\u0117kmingai mokytis pagal pradinio ugdymo program\u0105. Prie\u0161mokyklinio ugdymo tvarkos apra\u0161u https:\/\/www.e-tar.lt\/portal\/lt\/legalAct\/TAR.3BD8DC009FDA ir Prie\u0161mokyklinio ugdymo bendr\u0105ja programa https:\/\/www.e-tar.lt\/portal\/lt\/legalAct\/1a764050239511edb4cae1b158f98ea5 , taip pat Vilniaus rajono savivaldyb\u0117s ikimokyklinio ir bendrojo ugdymo mokykl\u0173 prie\u0161mokyklinio ugdymo organizavimo modeli\u0173 apra\u0161u <a href=\"https:\/\/www.ausros.vilniausr.lm.lt\/?page_id=5559\" class=\"read-more\">Daugiau &#8230;<\/a><\/p>\n","protected":false},"author":3,"featured_media":0,"parent":0,"menu_order":0,"comment_status":"closed","ping_status":"closed","template":"","meta":{"footnotes":""},"class_list":["post-5559","page","type-page","status-publish","hentry"],"_links":{"self":[{"href":"https:\/\/www.ausros.vilniausr.lm.lt\/index.php?rest_route=\/wp\/v2\/pages\/5559","targetHints":{"allow":["GET"]}}],"collection":[{"href":"https:\/\/www.ausros.vilniausr.lm.lt\/index.php?rest_route=\/wp\/v2\/pages"}],"about":[{"href":"https:\/\/www.ausros.vilniausr.lm.lt\/index.php?rest_route=\/wp\/v2\/types\/page"}],"author":[{"embeddable":true,"href":"https:\/\/www.ausros.vilniausr.lm.lt\/index.php?rest_route=\/wp\/v2\/users\/3"}],"replies":[{"embeddable":true,"href":"https:\/\/www.ausros.vilniausr.lm.lt\/index.php?rest_route=%2Fwp%2Fv2%2Fcomments&post=5559"}],"version-history":[{"count":9,"href":"https:\/\/www.ausros.vilniausr.lm.lt\/index.php?rest_route=\/wp\/v2\/pages\/5559\/revisions"}],"predecessor-version":[{"id":7699,"href":"https:\/\/www.ausros.vilniausr.lm.lt\/index.php?rest_route=\/wp\/v2\/pages\/5559\/revisions\/7699"}],"wp:attachment":[{"href":"https:\/\/www.ausros.vilniausr.lm.lt\/index.php?rest_route=%2Fwp%2Fv2%2Fmedia&parent=5559"}],"curies":[{"name":"wp","href":"https:\/\/api.w.org\/{rel}","templated":true}]}}