{"id":5568,"date":"2022-09-22T17:39:35","date_gmt":"2022-09-22T17:39:35","guid":{"rendered":"http:\/\/www.ausrosgimnazija.kalveliai.vilniausr.lm.lt\/?page_id=5568"},"modified":"2025-09-24T07:45:52","modified_gmt":"2025-09-24T07:45:52","slug":"pagrindinis-ugdymas","status":"publish","type":"page","link":"https:\/\/www.ausros.vilniausr.lm.lt\/?page_id=5568","title":{"rendered":"Pagrindinis ugdymas"},"content":{"rendered":"\n<p>Pagrindinio ugdymo paskirtis \u2013 suteikti asmeniui dorin\u0117s, sociokult\u016brin\u0117s ir pilietin\u0117s brandos pagrindus, bendr\u0105j\u012f ra\u0161tingum\u0105, technologinio ra\u0161tingumo pradmenis, ugdyti tautin\u012f s\u0105moningum\u0105, i\u0161ugdyti siekim\u0105 ir geb\u0117jim\u0105 apsispr\u0119sti, pasirinkti ir mokytis toliau.<\/p>\n\n\n\n<div class=\"wp-block-file\"><a id=\"wp-block-file--media-8bd45fe4-fce2-4e95-8686-40b6c488fdc8\" href=\"http:\/\/www.ausrosgimnazija.kalveliai.vilniausr.lm.lt\/wp-content\/uploads\/2022\/09\/AR_2016-09-01-2.pdf\">D\u0116L PRADINIO IR PAGRINDINIO UGDYMO BENDR\u0172J\u0172 PROGRAM\u0172 PATVIRTINIMO <\/a><\/div>\n\n\n\n<h2 class=\"wp-block-heading\">Pamok\u0173 tvarkara\u0161tis<\/h2>\n\n\n\n<p><a href=\"https:\/\/www.ausros.vilniausr.lm.lt\/wp-content\/uploads\/2025\/09\/5-6-kl.-1-1.pdf\">PAMOK\u0172 TVARKARA\u0160TIS 5-6 KL.<\/a><\/p>\n\n\n\n<p><a href=\"https:\/\/www.ausros.vilniausr.lm.lt\/wp-content\/uploads\/2025\/09\/7-8-kl-1.pdf\">PAMOK\u0172 TVARKARA\u0160TIS 7-8 KL.<\/a><\/p>\n\n\n\n<p><a href=\"https:\/\/www.ausros.vilniausr.lm.lt\/wp-content\/uploads\/2025\/09\/9-10-kl.-1-1.pdf\">PAMOK\u0172 TVARKARA\u0160TIS I-II G KL.<\/a><\/p>\n\n\n\n<p>Pagrindinio ugdymo programa gimnazijoje \u012fgyvendinama remiantis Pagrindinio ugdymo bendrosiomis programomis <a href=\"https:\/\/www.e-tar.lt\/portal\/lt\/legalAct\/1a764050239511edb4cae1b158f98ea5\">https:\/\/www.e-tar.lt\/portal\/lt\/legalAct\/1a764050239511edb4cae1b158f98ea5<\/a><\/p>\n\n\n\n<p>Daugiau informacijos apie pagrindin\u012f ugdym\u0105 Vilniaus rajono savivaldyb\u0117s interneto svetain\u0117je <a href=\"https:\/\/www.vrsa.lt\/svietimas\/bendrasis-ir-neformalusis-ugdymas\/bendrasis-ugdymas\/930\">https:\/\/www.vrsa.lt\/svietimas\/bendrasis-ir-neformalusis-ugdymas\/bendrasis-ugdymas\/930<\/a> bei \u0160vietimo, mokslo ir sporto ministerijos interneto svetain\u0117je <a href=\"https:\/\/smsm.lrv.lt\/lt\/veiklos-sritys-1\/smm-svietimas\/svietimas-pagrindinis-ugdymas\">https:\/\/smsm.lrv.lt\/lt\/veiklos-sritys-1\/smm-svietimas\/svietimas-pagrindinis-ugdymas<\/a><\/p>\n\n\n\n<hr class=\"wp-block-separator has-alpha-channel-opacity\"\/>\n\n\n\n<p>Atnaujinta: 2025-09-01<\/p>\n","protected":false},"excerpt":{"rendered":"<p>Pagrindinio ugdymo paskirtis \u2013 suteikti asmeniui dorin\u0117s, sociokult\u016brin\u0117s ir pilietin\u0117s brandos pagrindus, bendr\u0105j\u012f ra\u0161tingum\u0105, technologinio ra\u0161tingumo pradmenis, ugdyti tautin\u012f s\u0105moningum\u0105, i\u0161ugdyti siekim\u0105 ir geb\u0117jim\u0105 apsispr\u0119sti, pasirinkti ir mokytis toliau. Pamok\u0173 tvarkara\u0161tis PAMOK\u0172 TVARKARA\u0160TIS 5-6 KL. PAMOK\u0172 TVARKARA\u0160TIS 7-8 KL. PAMOK\u0172 <a href=\"https:\/\/www.ausros.vilniausr.lm.lt\/?page_id=5568\" class=\"read-more\">Daugiau &#8230;<\/a><\/p>\n","protected":false},"author":3,"featured_media":0,"parent":0,"menu_order":0,"comment_status":"closed","ping_status":"closed","template":"","meta":{"footnotes":""},"class_list":["post-5568","page","type-page","status-publish","hentry"],"_links":{"self":[{"href":"https:\/\/www.ausros.vilniausr.lm.lt\/index.php?rest_route=\/wp\/v2\/pages\/5568","targetHints":{"allow":["GET"]}}],"collection":[{"href":"https:\/\/www.ausros.vilniausr.lm.lt\/index.php?rest_route=\/wp\/v2\/pages"}],"about":[{"href":"https:\/\/www.ausros.vilniausr.lm.lt\/index.php?rest_route=\/wp\/v2\/types\/page"}],"author":[{"embeddable":true,"href":"https:\/\/www.ausros.vilniausr.lm.lt\/index.php?rest_route=\/wp\/v2\/users\/3"}],"replies":[{"embeddable":true,"href":"https:\/\/www.ausros.vilniausr.lm.lt\/index.php?rest_route=%2Fwp%2Fv2%2Fcomments&post=5568"}],"version-history":[{"count":20,"href":"https:\/\/www.ausros.vilniausr.lm.lt\/index.php?rest_route=\/wp\/v2\/pages\/5568\/revisions"}],"predecessor-version":[{"id":12662,"href":"https:\/\/www.ausros.vilniausr.lm.lt\/index.php?rest_route=\/wp\/v2\/pages\/5568\/revisions\/12662"}],"wp:attachment":[{"href":"https:\/\/www.ausros.vilniausr.lm.lt\/index.php?rest_route=%2Fwp%2Fv2%2Fmedia&parent=5568"}],"curies":[{"name":"wp","href":"https:\/\/api.w.org\/{rel}","templated":true}]}}