{"id":5581,"date":"2022-09-22T17:54:48","date_gmt":"2022-09-22T17:54:48","guid":{"rendered":"http:\/\/www.ausrosgimnazija.kalveliai.vilniausr.lm.lt\/?page_id=5581"},"modified":"2025-09-24T07:45:15","modified_gmt":"2025-09-24T07:45:15","slug":"vidurinis-ugdymas","status":"publish","type":"page","link":"https:\/\/www.ausros.vilniausr.lm.lt\/?page_id=5581","title":{"rendered":"Vidurinis ugdymas"},"content":{"rendered":"\n<p>Vidurinio ugdymo paskirtis\n\u2013 pad\u0117ti asmeniui \u012fgyti bendr\u0105j\u012f dalykin\u012f, sociokult\u016brin\u012f, technologin\u012f\nra\u0161tingum\u0105, dorin\u0119, tautin\u0119 ir pilietin\u0119 brand\u0105, profesin\u0117s kompetencijos\npradmenis.<\/p>\n\n\n\n<p>Vidurinio ugdymo programa gimnazijoje \u012fgyvendinama remiantis Vidurinio ugdymo bendrosiomis programomis <\/p>\n\n\n\n<div class=\"wp-block-file\"><a id=\"wp-block-file--media-2fb3103d-0678-4da1-8f09-d5b2e3299ae8\" href=\"http:\/\/www.ausrosgimnazija.kalveliai.vilniausr.lm.lt\/wp-content\/uploads\/2022\/09\/AR_2016-09-01-1.pdf\"> D\u0116L VIDURINIO UGDYMO BENDR\u0172J\u0172 PROGRAM\u0172 PATVIRTINIMO <\/a><\/div>\n\n\n\n<h2 class=\"wp-block-heading\">Pamok\u0173 tvarkara\u0161tis<\/h2>\n\n\n\n<p>Vidurinio ugdymo programa gimnazijoje \u012fgyvendinama remiantis Vidurinio ugdymo bendrosiomis programomis <a href=\"https:\/\/www.e-tar.lt\/portal\/lt\/legalAct\/1a764050239511edb4cae1b158f98ea5\">https:\/\/www.e-tar.lt\/portal\/lt\/legalAct\/1a764050239511edb4cae1b158f98ea5<\/a><\/p>\n\n\n\n<p>Daugiau informacijos apie vidurin\u012f ugdym\u0105 Vilniaus rajono savivaldyb\u0117s interneto svetain\u0117je <a href=\"https:\/\/www.vrsa.lt\/svietimas\/bendrasis-ir-neformalusis-ugdymas\/bendrasis-ugdymas\/930\">https:\/\/www.vrsa.lt\/svietimas\/bendrasis-ir-neformalusis-ugdymas\/bendrasis-ugdymas\/930<\/a> bei \u0160vietimo, mokslo ir sporto ministerijos interneto svetain\u0117je <a href=\"https:\/\/smsm.lrv.lt\/lt\/veiklos-sritys-1\/smm-svietimas\/svietimas-vidurinis-ugdymas\">https:\/\/smsm.lrv.lt\/lt\/veiklos-sritys-1\/smm-svietimas\/svietimas-vidurinis-ugdymas<\/a><\/p>\n\n\n\n<h2 class=\"wp-block-heading\">Egzaminai ir patikrinimai<\/h2>\n\n\n\n<hr class=\"wp-block-separator has-alpha-channel-opacity\"\/>\n\n\n\n<p>Atnaujinta: 2025-09-01<\/p>\n","protected":false},"excerpt":{"rendered":"<p>Vidurinio ugdymo paskirtis \u2013 pad\u0117ti asmeniui \u012fgyti bendr\u0105j\u012f dalykin\u012f, sociokult\u016brin\u012f, technologin\u012f ra\u0161tingum\u0105, dorin\u0119, tautin\u0119 ir pilietin\u0119 brand\u0105, profesin\u0117s kompetencijos pradmenis. Vidurinio ugdymo programa gimnazijoje \u012fgyvendinama remiantis Vidurinio ugdymo bendrosiomis programomis Pamok\u0173 tvarkara\u0161tis Vidurinio ugdymo programa gimnazijoje \u012fgyvendinama remiantis Vidurinio ugdymo <a href=\"https:\/\/www.ausros.vilniausr.lm.lt\/?page_id=5581\" class=\"read-more\">Daugiau &#8230;<\/a><\/p>\n","protected":false},"author":3,"featured_media":0,"parent":0,"menu_order":0,"comment_status":"closed","ping_status":"closed","template":"","meta":{"footnotes":""},"class_list":["post-5581","page","type-page","status-publish","hentry"],"_links":{"self":[{"href":"https:\/\/www.ausros.vilniausr.lm.lt\/index.php?rest_route=\/wp\/v2\/pages\/5581","targetHints":{"allow":["GET"]}}],"collection":[{"href":"https:\/\/www.ausros.vilniausr.lm.lt\/index.php?rest_route=\/wp\/v2\/pages"}],"about":[{"href":"https:\/\/www.ausros.vilniausr.lm.lt\/index.php?rest_route=\/wp\/v2\/types\/page"}],"author":[{"embeddable":true,"href":"https:\/\/www.ausros.vilniausr.lm.lt\/index.php?rest_route=\/wp\/v2\/users\/3"}],"replies":[{"embeddable":true,"href":"https:\/\/www.ausros.vilniausr.lm.lt\/index.php?rest_route=%2Fwp%2Fv2%2Fcomments&post=5581"}],"version-history":[{"count":11,"href":"https:\/\/www.ausros.vilniausr.lm.lt\/index.php?rest_route=\/wp\/v2\/pages\/5581\/revisions"}],"predecessor-version":[{"id":12661,"href":"https:\/\/www.ausros.vilniausr.lm.lt\/index.php?rest_route=\/wp\/v2\/pages\/5581\/revisions\/12661"}],"wp:attachment":[{"href":"https:\/\/www.ausros.vilniausr.lm.lt\/index.php?rest_route=%2Fwp%2Fv2%2Fmedia&parent=5581"}],"curies":[{"name":"wp","href":"https:\/\/api.w.org\/{rel}","templated":true}]}}