{"id":5701,"date":"2022-10-04T17:19:16","date_gmt":"2022-10-04T17:19:16","guid":{"rendered":"http:\/\/www.ausrosgimnazija.kalveliai.vilniausr.lm.lt\/?page_id=5701"},"modified":"2022-10-11T10:21:27","modified_gmt":"2022-10-11T10:21:27","slug":"teises-aktu-pazeidimai","status":"publish","type":"page","link":"https:\/\/www.ausros.vilniausr.lm.lt\/?page_id=5701","title":{"rendered":"Teis\u0117s akt\u0173 pa\u017eeidimai"},"content":{"rendered":"\n<p>\u0160iuo metu Vilniaus r. Kalveli\u0173 &#8222;Au\u0161ros&#8221; gimnazijoje teis\u0117s akt\u0173 pa\u017eeidim\u0173 nenustatyta. \u00a0\u00a0 <\/p>\n","protected":false},"excerpt":{"rendered":"<p>\u0160iuo metu Vilniaus r. Kalveli\u0173 &#8222;Au\u0161ros&#8221; gimnazijoje teis\u0117s akt\u0173 pa\u017eeidim\u0173 nenustatyta. \u00a0\u00a0<\/p>\n","protected":false},"author":3,"featured_media":0,"parent":0,"menu_order":0,"comment_status":"closed","ping_status":"closed","template":"","meta":{"footnotes":""},"class_list":["post-5701","page","type-page","status-publish","hentry"],"_links":{"self":[{"href":"https:\/\/www.ausros.vilniausr.lm.lt\/index.php?rest_route=\/wp\/v2\/pages\/5701","targetHints":{"allow":["GET"]}}],"collection":[{"href":"https:\/\/www.ausros.vilniausr.lm.lt\/index.php?rest_route=\/wp\/v2\/pages"}],"about":[{"href":"https:\/\/www.ausros.vilniausr.lm.lt\/index.php?rest_route=\/wp\/v2\/types\/page"}],"author":[{"embeddable":true,"href":"https:\/\/www.ausros.vilniausr.lm.lt\/index.php?rest_route=\/wp\/v2\/users\/3"}],"replies":[{"embeddable":true,"href":"https:\/\/www.ausros.vilniausr.lm.lt\/index.php?rest_route=%2Fwp%2Fv2%2Fcomments&post=5701"}],"version-history":[{"count":3,"href":"https:\/\/www.ausros.vilniausr.lm.lt\/index.php?rest_route=\/wp\/v2\/pages\/5701\/revisions"}],"predecessor-version":[{"id":6189,"href":"https:\/\/www.ausros.vilniausr.lm.lt\/index.php?rest_route=\/wp\/v2\/pages\/5701\/revisions\/6189"}],"wp:attachment":[{"href":"https:\/\/www.ausros.vilniausr.lm.lt\/index.php?rest_route=%2Fwp%2Fv2%2Fmedia&parent=5701"}],"curies":[{"name":"wp","href":"https:\/\/api.w.org\/{rel}","templated":true}]}}