{"id":5709,"date":"2022-10-04T17:23:01","date_gmt":"2022-10-04T17:23:01","guid":{"rendered":"http:\/\/www.ausrosgimnazija.kalveliai.vilniausr.lm.lt\/?page_id=5709"},"modified":"2025-03-27T17:11:35","modified_gmt":"2025-03-27T17:11:35","slug":"praneseju-apsauga","status":"publish","type":"page","link":"https:\/\/www.ausros.vilniausr.lm.lt\/?page_id=5709","title":{"rendered":"Prane\u0161\u0117j\u0173 apsauga"},"content":{"rendered":"\n<p>Lietuvos Respublikos prane\u0161\u0117j\u0173 apsaugos \u012fstatymas \u012ftvirtina asmen\u0173, pateikusi\u0173 informacij\u0105 apie pa\u017eeidim\u0105 \u012fstaigoje, su kuria juos sieja ar siejo darbo ar sutartiniai santykiai, apsaugos mechanizm\u0105, teises, pareigas, apsaugos, skatinimo ir pagalbos jiems priemones, siekiant sudaryti tinkamas galimybes prane\u0161ti apie pa\u017eeidimus, kelian\u010dius gr\u0117sm\u0119 vie\u0161ajam interesui arba j\u012f pa\u017eeid\u017eian\u010dius, u\u017etikrinti toki\u0173 pa\u017eeidim\u0173 prevencij\u0105 ir atskleidim\u0105.&nbsp;<\/p>\n\n\n\n<p>Vilniaus r. Kalveli\u0173 &#8222;Au\u0161ros&#8221; gimnazijos vidini\u0173 prane\u0161im\u0173 apie pa\u017eeidimus teikimo kanalu apie pa\u017eeidim\u0105 gali prane\u0161ti bet kuris asmuo, kur\u012f su gimnazija sieja ar siejo darbo ar sutartiniai santykiai (konsultavimo, rangos, subrangos, sta\u017euot\u0117s, praktikos, savanori\u0161kos veiklos ir pan.) arba \u012fdarbinimo ar ikisutartiniai santykiai, taip pat kiti asmenys.<\/p>\n\n\n\n<p>Rekomenduojame prane\u0161im\u0105 apie pa\u017eeidim\u0105 teikti u\u017epildant \u0161i\u0105 Prane\u0161imo apie pa\u017eeidim\u0105 form\u0105 ir si\u0173sti gimnazijos el. pa\u0161to adresu: <a href=\"mailto:info@ausros.vilniausr.lm.lt\">info@ausros.vilniausr.lm.lt<\/a> arba pristatyti \u012f \u012fstaig\u0105 atsakingam asmeniui ra\u0161tin\u0117s ved\u0117jai: <strong>Diana Iljeitien\u0117<\/strong>, tel: 052495179, el.pa\u0161tas: <a href=\"mailto:pranesk@ausrosgimnazija.kalveliai.vilniausr.lm.lt\" target=\"_blank\" rel=\"noreferrer noopener\">pranesk@ausros.vilniausr.lm.lt<\/a>, darbo laiku.<\/p>\n\n\n\n<div class=\"wp-block-file\"><a id=\"wp-block-file--media-85e80713-f650-4cae-99a6-ba35c1a7890e\" href=\"https:\/\/www.ausrosgimnazija.kalveliai.vilniausr.lm.lt\/wp-content\/uploads\/2022\/10\/Pranesimo-apie-pazeidima-forma.docx\">Prane\u0161imo apie pa\u017eeidim\u0105 forma<\/a><\/div>\n\n\n\n<p>Prane\u0161ime apie pa\u017eeidim\u0105 turi b\u016bti nurodyta:<\/p>\n\n\n\n<p>1. Kas, kada, kokiu b\u016bdu ir kok\u012f pa\u017eeidim\u0105 rengiasi daryti, daro ar padar\u0117 ir pan.;<\/p>\n\n\n\n<p>2. Su\u017einojimo apie pa\u017eeidim\u0105 data ir aplinkyb\u0117s;<\/p>\n\n\n\n<p>3. Vardas, pavard\u0117, asmens kodas, darboviet\u0117, kiti kontaktiniai duomenys;<\/p>\n\n\n\n<p>4. Jei \u012fmanoma, pateikti bet kokius turimus dokumentus, duomenis ar informacij\u0105, atskleid\u017eian\u010di\u0105 galimo pa\u017eeidimo po\u017eymius.<\/p>\n\n\n\n<p>\u012estaigos vadovo paskirtas asmuo administruoja vidin\u012f apie pa\u017eeidimus teikimo kanal\u0105 bei u\u017etikrina asmens, pateikusio informacij\u0105 apie pa\u017eeidimus, konfidencialum\u0105.<\/p>\n\n\n\n<h2 class=\"wp-block-heading\"><strong>Prane\u0161\u0117j\u0173 apsaug\u0105 reglamentuojantys teis\u0117s aktai:<\/strong><\/h2>\n\n\n\n<p>Lietuvos Respublikos prane\u0161\u0117j\u0173 apsaugos \u012fstatymas<\/p>\n\n\n\n<p><a href=\"https:\/\/www.e-tar.lt\/portal\/lt\/legalAct\/2986b360db3611e7910a89ac20768b0f\">https:\/\/www.e-tar.lt\/portal\/lt\/legalAct\/2986b360db3611e7910a89ac20768b0f<\/a><\/p>\n\n\n\n<p>Lietuvos Respublikos Vyriausyb\u0117s nutarimas ,,D\u0117l Lietuvos Respublikos prane\u0161\u0117j\u0173 apsaugos \u012fstatymo \u012fgyvendinimo\u201c<\/p>\n\n\n\n<p><a href=\"https:\/\/www.e-tar.lt\/portal\/lt\/legalAct\/c5d99180ed8a11e88568e724760eeafa\/asr\">https:\/\/www.e-tar.lt\/portal\/lt\/legalAct\/c5d99180ed8a11e88568e724760eeafa\/asr<\/a><\/p>\n\n\n\n<hr class=\"wp-block-separator has-alpha-channel-opacity\"\/>\n\n\n\n<p>Atnaujinta: 2025-03-27<\/p>\n","protected":false},"excerpt":{"rendered":"<p>Lietuvos Respublikos prane\u0161\u0117j\u0173 apsaugos \u012fstatymas \u012ftvirtina asmen\u0173, pateikusi\u0173 informacij\u0105 apie pa\u017eeidim\u0105 \u012fstaigoje, su kuria juos sieja ar siejo darbo ar sutartiniai santykiai, apsaugos mechanizm\u0105, teises, pareigas, apsaugos, skatinimo ir pagalbos jiems priemones, siekiant sudaryti tinkamas galimybes prane\u0161ti apie pa\u017eeidimus, kelian\u010dius <a href=\"https:\/\/www.ausros.vilniausr.lm.lt\/?page_id=5709\" class=\"read-more\">Daugiau &#8230;<\/a><\/p>\n","protected":false},"author":3,"featured_media":0,"parent":0,"menu_order":0,"comment_status":"closed","ping_status":"closed","template":"","meta":{"footnotes":""},"class_list":["post-5709","page","type-page","status-publish","hentry"],"_links":{"self":[{"href":"https:\/\/www.ausros.vilniausr.lm.lt\/index.php?rest_route=\/wp\/v2\/pages\/5709","targetHints":{"allow":["GET"]}}],"collection":[{"href":"https:\/\/www.ausros.vilniausr.lm.lt\/index.php?rest_route=\/wp\/v2\/pages"}],"about":[{"href":"https:\/\/www.ausros.vilniausr.lm.lt\/index.php?rest_route=\/wp\/v2\/types\/page"}],"author":[{"embeddable":true,"href":"https:\/\/www.ausros.vilniausr.lm.lt\/index.php?rest_route=\/wp\/v2\/users\/3"}],"replies":[{"embeddable":true,"href":"https:\/\/www.ausros.vilniausr.lm.lt\/index.php?rest_route=%2Fwp%2Fv2%2Fcomments&post=5709"}],"version-history":[{"count":13,"href":"https:\/\/www.ausros.vilniausr.lm.lt\/index.php?rest_route=\/wp\/v2\/pages\/5709\/revisions"}],"predecessor-version":[{"id":11811,"href":"https:\/\/www.ausros.vilniausr.lm.lt\/index.php?rest_route=\/wp\/v2\/pages\/5709\/revisions\/11811"}],"wp:attachment":[{"href":"https:\/\/www.ausros.vilniausr.lm.lt\/index.php?rest_route=%2Fwp%2Fv2%2Fmedia&parent=5709"}],"curies":[{"name":"wp","href":"https:\/\/api.w.org\/{rel}","templated":true}]}}