{"id":5727,"date":"2022-10-04T17:32:17","date_gmt":"2022-10-04T17:32:17","guid":{"rendered":"http:\/\/www.ausrosgimnazija.kalveliai.vilniausr.lm.lt\/?page_id=5727"},"modified":"2023-02-17T08:53:12","modified_gmt":"2023-02-17T08:53:12","slug":"lesos-veiklai-viesinti","status":"publish","type":"page","link":"https:\/\/www.ausros.vilniausr.lm.lt\/?page_id=5727","title":{"rendered":"L\u0117\u0161os veiklai vie\u0161inti"},"content":{"rendered":"\n<p>Vie\u0161osios informacijos reng\u0117j\u0173 ir skleid\u0117j\u0173 informacin\u0117 sistema (VIRSIS) <a href=\"https:\/\/www.virsis.lt\/\">https:\/\/www.virsis.lt\/<\/a><\/p>\n\n\n\n<p><strong>Gimnazija l\u0117\u0161\u0173 savo veiklai vie\u0161inti nenaudojo.<\/strong><\/p>\n","protected":false},"excerpt":{"rendered":"<p>Vie\u0161osios informacijos reng\u0117j\u0173 ir skleid\u0117j\u0173 informacin\u0117 sistema (VIRSIS) https:\/\/www.virsis.lt\/ Gimnazija l\u0117\u0161\u0173 savo veiklai vie\u0161inti nenaudojo.<\/p>\n","protected":false},"author":3,"featured_media":0,"parent":0,"menu_order":0,"comment_status":"closed","ping_status":"closed","template":"","meta":{"footnotes":""},"class_list":["post-5727","page","type-page","status-publish","hentry"],"_links":{"self":[{"href":"https:\/\/www.ausros.vilniausr.lm.lt\/index.php?rest_route=\/wp\/v2\/pages\/5727","targetHints":{"allow":["GET"]}}],"collection":[{"href":"https:\/\/www.ausros.vilniausr.lm.lt\/index.php?rest_route=\/wp\/v2\/pages"}],"about":[{"href":"https:\/\/www.ausros.vilniausr.lm.lt\/index.php?rest_route=\/wp\/v2\/types\/page"}],"author":[{"embeddable":true,"href":"https:\/\/www.ausros.vilniausr.lm.lt\/index.php?rest_route=\/wp\/v2\/users\/3"}],"replies":[{"embeddable":true,"href":"https:\/\/www.ausros.vilniausr.lm.lt\/index.php?rest_route=%2Fwp%2Fv2%2Fcomments&post=5727"}],"version-history":[{"count":4,"href":"https:\/\/www.ausros.vilniausr.lm.lt\/index.php?rest_route=\/wp\/v2\/pages\/5727\/revisions"}],"predecessor-version":[{"id":7572,"href":"https:\/\/www.ausros.vilniausr.lm.lt\/index.php?rest_route=\/wp\/v2\/pages\/5727\/revisions\/7572"}],"wp:attachment":[{"href":"https:\/\/www.ausros.vilniausr.lm.lt\/index.php?rest_route=%2Fwp%2Fv2%2Fmedia&parent=5727"}],"curies":[{"name":"wp","href":"https:\/\/api.w.org\/{rel}","templated":true}]}}