{"id":5744,"date":"2022-10-04T18:31:26","date_gmt":"2022-10-04T18:31:26","guid":{"rendered":"http:\/\/www.ausrosgimnazija.kalveliai.vilniausr.lm.lt\/?page_id=5744"},"modified":"2025-09-19T07:09:47","modified_gmt":"2025-09-19T07:09:47","slug":"klasiu-vadovai","status":"publish","type":"page","link":"https:\/\/www.ausros.vilniausr.lm.lt\/?page_id=5744","title":{"rendered":"Klasi\u0173 vadovai"},"content":{"rendered":"\n<figure class=\"wp-block-table\"><table class=\"has-fixed-layout\"><tbody><tr><td>Eil. Nr.<\/td><td>Klas\u0117<\/td><td>Klas\u0117s vadovo vardas, pavard\u0117<\/td><\/tr><tr><td>1.<\/td><td>Prie\u0161mokyklinio ugdymo grup\u0117<\/td><td>Inga Meleikien\u0117<\/td><\/tr><tr><td>2.<\/td><td>1 klas\u0117<\/td><td>Jolanta Pa\u0161utien\u0117<\/td><\/tr><tr><td>3.<\/td><td>2 klas\u0117<\/td><td>Stela Stanulevi\u010d<\/td><\/tr><tr><td>4.<\/td><td>3 klas\u0117<\/td><td>Gra\u017eina Tama\u0161auskien\u0117<\/td><\/tr><tr><td>5.<\/td><td>4 klas\u0117<\/td><td>Ana Kairien\u0117<\/td><\/tr><tr><td>6.<\/td><td>5 klas\u0117<\/td><td>An\u017eelika Valiavi\u010dien\u0117<\/td><\/tr><tr><td>7.<\/td><td>6 klas\u0117<\/td><td>Barbara Duden<\/td><\/tr><tr><td>8.<\/td><td>7 klas\u0117<\/td><td>Dmitrij Truk\u0161in<\/td><\/tr><tr><td>9.<\/td><td>8 klas\u0117<\/td><td>Kristina U\u017eubalyt\u0117<\/td><\/tr><tr><td>10.<\/td><td>I G klas\u0117<\/td><td>Daiva Puga\u010diovien\u0117<\/td><\/tr><tr><td>11.<\/td><td>II G klas\u0117<\/td><td>Valentina Fedorovi\u010d<\/td><\/tr><\/tbody><\/table><\/figure>\n\n\n\n<h2 class=\"wp-block-heading\">Pareigyb\u0117s apra\u0161ymas<\/h2>\n\n\n\n<div class=\"wp-block-file\"><a id=\"wp-block-file--media-a6bf444c-64d2-4b0a-9d9e-41c060d1c60f\" href=\"https:\/\/www.ausrosgimnazija.kalveliai.vilniausr.lm.lt\/wp-content\/uploads\/2022\/10\/KLASES-VADOVO.pdf\">Klas\u0117s vadovo pareigyb\u0117s apra\u0161ymas<\/a><\/div>\n\n\n\n<p>Atnaujinta: 2025-09-01<\/p>\n","protected":false},"excerpt":{"rendered":"<p>Eil. Nr. Klas\u0117 Klas\u0117s vadovo vardas, pavard\u0117 1. Prie\u0161mokyklinio ugdymo grup\u0117 Inga Meleikien\u0117 2. 1 klas\u0117 Jolanta Pa\u0161utien\u0117 3. 2 klas\u0117 Stela Stanulevi\u010d 4. 3 klas\u0117 Gra\u017eina Tama\u0161auskien\u0117 5. 4 klas\u0117 Ana Kairien\u0117 6. 5 klas\u0117 An\u017eelika Valiavi\u010dien\u0117 7. 6 <a href=\"https:\/\/www.ausros.vilniausr.lm.lt\/?page_id=5744\" class=\"read-more\">Daugiau &#8230;<\/a><\/p>\n","protected":false},"author":3,"featured_media":0,"parent":0,"menu_order":0,"comment_status":"closed","ping_status":"closed","template":"","meta":{"footnotes":""},"class_list":["post-5744","page","type-page","status-publish","hentry"],"_links":{"self":[{"href":"https:\/\/www.ausros.vilniausr.lm.lt\/index.php?rest_route=\/wp\/v2\/pages\/5744","targetHints":{"allow":["GET"]}}],"collection":[{"href":"https:\/\/www.ausros.vilniausr.lm.lt\/index.php?rest_route=\/wp\/v2\/pages"}],"about":[{"href":"https:\/\/www.ausros.vilniausr.lm.lt\/index.php?rest_route=\/wp\/v2\/types\/page"}],"author":[{"embeddable":true,"href":"https:\/\/www.ausros.vilniausr.lm.lt\/index.php?rest_route=\/wp\/v2\/users\/3"}],"replies":[{"embeddable":true,"href":"https:\/\/www.ausros.vilniausr.lm.lt\/index.php?rest_route=%2Fwp%2Fv2%2Fcomments&post=5744"}],"version-history":[{"count":13,"href":"https:\/\/www.ausros.vilniausr.lm.lt\/index.php?rest_route=\/wp\/v2\/pages\/5744\/revisions"}],"predecessor-version":[{"id":12564,"href":"https:\/\/www.ausros.vilniausr.lm.lt\/index.php?rest_route=\/wp\/v2\/pages\/5744\/revisions\/12564"}],"wp:attachment":[{"href":"https:\/\/www.ausros.vilniausr.lm.lt\/index.php?rest_route=%2Fwp%2Fv2%2Fmedia&parent=5744"}],"curies":[{"name":"wp","href":"https:\/\/api.w.org\/{rel}","templated":true}]}}