{"id":5746,"date":"2022-10-04T18:31:40","date_gmt":"2022-10-04T18:31:40","guid":{"rendered":"http:\/\/www.ausrosgimnazija.kalveliai.vilniausr.lm.lt\/?page_id=5746"},"modified":"2026-03-16T10:42:18","modified_gmt":"2026-03-16T10:42:18","slug":"kiti-darbuotojai","status":"publish","type":"page","link":"https:\/\/www.ausros.vilniausr.lm.lt\/?page_id=5746","title":{"rendered":"Kiti darbuotojai"},"content":{"rendered":"\n<figure class=\"wp-block-table\"><table><tbody><tr><td class=\"has-text-align-left\" data-align=\"left\"><strong>Eil. Nr.<\/strong><\/td><td><strong>Vardas, pavard\u0117<\/strong><\/td><td><strong>Pareigos<\/strong><\/td><\/tr><tr><td class=\"has-text-align-left\" data-align=\"left\">1<\/td><td>Milevi\u010d Franc<\/td><td>Kiemsargis, einam\u0173j\u0173 remont\u0173 darbininkas<\/td><\/tr><tr><td class=\"has-text-align-left\" data-align=\"left\">2<\/td><td>Bondareva Ana<\/td><td>Valytoja<\/td><\/tr><tr><td class=\"has-text-align-left\" data-align=\"left\">&nbsp;3<\/td><td>Iljeitien\u0117 Diana<\/td><td>Ra\u0161tin\u0117s ved\u0117ja, bibliotekinink\u0117<\/td><\/tr><tr><td class=\"has-text-align-left\" data-align=\"left\">&nbsp;4<\/td><td>Laurinavi\u010dien\u0117 Kristina<\/td><td>Naktin\u0117 sarg\u0117<\/td><\/tr><tr><td class=\"has-text-align-left\" data-align=\"left\">&nbsp;5<\/td><td>Jasevi\u010dien\u0117 Marija<\/td><td>Valytoja<\/td><\/tr><tr><td class=\"has-text-align-left\" data-align=\"left\">&nbsp;6<\/td><td>Jasiulionien\u0117 Galina<\/td><td>Valytoja<\/td><\/tr><tr><td class=\"has-text-align-left\" data-align=\"left\">&nbsp;7<\/td><td>Jaskova Ana<\/td><td>Valytoja, vir\u0117ja<\/td><\/tr><tr><td class=\"has-text-align-left\" data-align=\"left\">&nbsp;8<\/td><td>Kalesnikas Vladislovas<\/td><td>Vairuotojas, einam\u0173j\u0173 remont\u0173 darbininkas<\/td><\/tr><tr><td class=\"has-text-align-left\" data-align=\"left\">&nbsp;9<\/td><td>Kunigel Teresa<\/td><td>Valytoja<\/td><\/tr><tr><td class=\"has-text-align-left\" data-align=\"left\">&nbsp;10<\/td><td>Viktorija Jara\u0161\u016bnien\u0117<\/td><td>Skalb\u0117ja<\/td><\/tr><tr><td class=\"has-text-align-left\" data-align=\"left\">&nbsp;11<\/td><td>Veli\u010dka Janas<\/td><td>Einam\u0173j\u0173 remont\u0173 darbininkas, elektrikas-in\u017einierius<\/td><\/tr><tr><td class=\"has-text-align-left\" data-align=\"left\">&nbsp;12<\/td><td>Bra\u017eickaja Irena<\/td><td>Valytoja<\/td><\/tr><tr><td class=\"has-text-align-left\" data-align=\"left\">&nbsp;13<\/td><td>Mikulskaja Nade\u017eda<\/td><td>Vir\u0117ja<\/td><\/tr><tr><td class=\"has-text-align-left\" data-align=\"left\">&nbsp;14<\/td><td>Naimovi\u010d Marija<\/td><td>Naktin\u0117 sarg\u0117<\/td><\/tr><tr><td class=\"has-text-align-left\" data-align=\"left\">&nbsp;15<\/td><td>Zvereva Jekaterina<\/td><td>Bibliotekinink\u0117<\/td><\/tr><tr><td class=\"has-text-align-left\" data-align=\"left\">&nbsp;16<\/td><td>Ramanauskien\u0117 Svetlana<\/td><td>Vyresnioji vir\u0117ja<\/td><\/tr><tr><td class=\"has-text-align-left\" data-align=\"left\">&nbsp;17<\/td><td>Sobolevska Nelia<\/td><td>Valytoja<\/td><\/tr><tr><td class=\"has-text-align-left\" data-align=\"left\">&nbsp;18<\/td><td>Spiridovi\u010d Stanislav<\/td><td>Vairuotojas<\/td><\/tr><tr><td class=\"has-text-align-left\" data-align=\"left\">&nbsp;19<\/td><td>Truk\u0161in Dmitrij<\/td><td>Informatikas in\u017einierius<\/td><\/tr><\/tbody><\/table><\/figure>\n\n\n\n<h2 class=\"wp-block-heading\">Pareigyb\u0117s apra\u0161ymai<\/h2>\n\n\n\n<div class=\"wp-block-file\"><a id=\"wp-block-file--media-0a5a2cbb-6ad3-4f91-97d4-f6e515c5708c\" href=\"https:\/\/www.ausrosgimnazija.kalveliai.vilniausr.lm.lt\/wp-content\/uploads\/2022\/10\/BIBLIOTEKININKO.pdf\">Bibliotininko pareigyb\u0117s apra\u0161ymas<\/a><\/div>\n\n\n\n<div class=\"wp-block-file\"><a id=\"wp-block-file--media-c2e21ddd-e952-44c4-9977-7fce5ea374b8\" href=\"https:\/\/www.ausrosgimnazija.kalveliai.vilniausr.lm.lt\/wp-content\/uploads\/2022\/10\/ELEKTRIKO-PAREIGYBES.pdf\">Elektriko pareigyb\u0117s apra\u0161ymas <\/a><\/div>\n\n\n\n<div class=\"wp-block-file\"><a id=\"wp-block-file--media-92268174-aa61-4d63-884c-06e64dc7c794\" href=\"https:\/\/www.ausrosgimnazija.kalveliai.vilniausr.lm.lt\/wp-content\/uploads\/2022\/10\/INFORMACINIU-TECHNOLOGIJU.pdf\">Informatiko in\u017einieriaus pareigyb\u0117s apra\u0161ymas<\/a><\/div>\n\n\n\n<div class=\"wp-block-file\"><a id=\"wp-block-file--media-c01e88b7-17e1-4f05-8fa0-edb0d4c44be6\" href=\"https:\/\/www.ausrosgimnazija.kalveliai.vilniausr.lm.lt\/wp-content\/uploads\/2022\/10\/RASTINES-VEDEJO.pdf\">Ra\u0161tin\u0117s ved\u0117jo pareigyb\u0117s apra\u0161ymas<\/a><\/div>\n\n\n\n<div class=\"wp-block-file\"><a id=\"wp-block-file--media-2882efae-c221-442e-bfbd-de762b2daaa2\" href=\"https:\/\/www.ausrosgimnazija.kalveliai.vilniausr.lm.lt\/wp-content\/uploads\/2022\/10\/PAGALBOS-MOKINIUI-SPECIALISTO-1.pdf\">Mokytojo pad\u0117j\u0117jo, pagalbos mokiniui specialisto pareigyb\u0117s apra\u0161ymas<\/a><\/div>\n\n\n\n<div class=\"wp-block-file\"><a id=\"wp-block-file--media-1513ec7f-25fa-43ab-a0b2-8899de553248\" href=\"https:\/\/www.ausrosgimnazija.kalveliai.vilniausr.lm.lt\/wp-content\/uploads\/2022\/10\/SARGO.pdf\">Sargo pareigyb\u0117s apra\u0161ymas<\/a><\/div>\n\n\n\n<div class=\"wp-block-file\"><a id=\"wp-block-file--media-03ad40dc-2354-46d8-a6e6-1fe5bc434ef4\" href=\"https:\/\/www.ausrosgimnazija.kalveliai.vilniausr.lm.lt\/wp-content\/uploads\/2022\/10\/VYRESNIOJO-VIREJO.pdf\">Vyresnoijo vyr\u0117jo pareigyb\u0117s apra\u0161ymas <\/a><\/div>\n\n\n\n<div class=\"wp-block-file\"><a id=\"wp-block-file--media-5eec674f-733d-4846-9332-9933d5608c9e\" href=\"https:\/\/www.ausrosgimnazija.kalveliai.vilniausr.lm.lt\/wp-content\/uploads\/2022\/10\/VIREJO.pdf\">Vir\u0117jo pareigyb\u0117s apra\u0161ymas<\/a><\/div>\n\n\n\n<div class=\"wp-block-file\"><a id=\"wp-block-file--media-01903e2a-36a9-4384-9254-41709d6c38f8\" href=\"https:\/\/www.ausrosgimnazija.kalveliai.vilniausr.lm.lt\/wp-content\/uploads\/2022\/10\/VALYTOJO.pdf\">Valytojo pareigyb\u0117s apra\u0161ymas<\/a><\/div>\n\n\n\n<div class=\"wp-block-file\"><a id=\"wp-block-file--media-e8e62ce0-2fd7-484c-af8f-74b44e1c34a8\" href=\"https:\/\/www.ausrosgimnazija.kalveliai.vilniausr.lm.lt\/wp-content\/uploads\/2022\/10\/SKALBEJO.pdf\">Skalb\u0117jo pareigyb\u0117s apra\u0161ymas<\/a><\/div>\n\n\n\n<div class=\"wp-block-file\"><a id=\"wp-block-file--media-159f468d-3b4e-47f4-ab10-fa5dcea944db\" href=\"https:\/\/www.ausrosgimnazija.kalveliai.vilniausr.lm.lt\/wp-content\/uploads\/2022\/10\/STATINIU-PRIEZIUROS-DARBININKO.pdf\">Statini\u0173 prie\u017ei\u016bros darbininko pareigyb\u0117s apra\u0161ymas <\/a><\/div>\n\n\n\n<div class=\"wp-block-file\"><a id=\"wp-block-file--media-13540599-0af8-4d83-a7b9-45ebb7b00597\" href=\"https:\/\/www.ausrosgimnazija.kalveliai.vilniausr.lm.lt\/wp-content\/uploads\/2022\/10\/VAIRUOTOJO.pdf\">Vairuotojo pareigyb\u0117s apra\u0161ymas<\/a><\/div>\n\n\n\n<div class=\"wp-block-file\"><a id=\"wp-block-file--media-a7c48a8c-aa2c-46b1-ae00-f15d2bfac6ab\" href=\"https:\/\/www.ausrosgimnazija.kalveliai.vilniausr.lm.lt\/wp-content\/uploads\/2022\/10\/KIEMSARGIO.pdf\">Kiemsargio pareigyb\u0117s apra\u0161ymas<\/a><\/div>\n\n\n\n<p>Atnaujinta: 2025-03-01<\/p>\n","protected":false},"excerpt":{"rendered":"<p>Eil. Nr. Vardas, pavard\u0117 Pareigos 1 Milevi\u010d Franc Kiemsargis, einam\u0173j\u0173 remont\u0173 darbininkas 2 Bondareva Ana Valytoja &nbsp;3 Iljeitien\u0117 Diana Ra\u0161tin\u0117s ved\u0117ja, bibliotekinink\u0117 &nbsp;4 Laurinavi\u010dien\u0117 Kristina Naktin\u0117 sarg\u0117 &nbsp;5 Jasevi\u010dien\u0117 Marija Valytoja &nbsp;6 Jasiulionien\u0117 Galina Valytoja &nbsp;7 Jaskova Ana Valytoja, vir\u0117ja <a href=\"https:\/\/www.ausros.vilniausr.lm.lt\/?page_id=5746\" class=\"read-more\">Daugiau &#8230;<\/a><\/p>\n","protected":false},"author":3,"featured_media":0,"parent":0,"menu_order":0,"comment_status":"closed","ping_status":"closed","template":"","meta":{"footnotes":""},"class_list":["post-5746","page","type-page","status-publish","hentry"],"_links":{"self":[{"href":"https:\/\/www.ausros.vilniausr.lm.lt\/index.php?rest_route=\/wp\/v2\/pages\/5746","targetHints":{"allow":["GET"]}}],"collection":[{"href":"https:\/\/www.ausros.vilniausr.lm.lt\/index.php?rest_route=\/wp\/v2\/pages"}],"about":[{"href":"https:\/\/www.ausros.vilniausr.lm.lt\/index.php?rest_route=\/wp\/v2\/types\/page"}],"author":[{"embeddable":true,"href":"https:\/\/www.ausros.vilniausr.lm.lt\/index.php?rest_route=\/wp\/v2\/users\/3"}],"replies":[{"embeddable":true,"href":"https:\/\/www.ausros.vilniausr.lm.lt\/index.php?rest_route=%2Fwp%2Fv2%2Fcomments&post=5746"}],"version-history":[{"count":21,"href":"https:\/\/www.ausros.vilniausr.lm.lt\/index.php?rest_route=\/wp\/v2\/pages\/5746\/revisions"}],"predecessor-version":[{"id":13549,"href":"https:\/\/www.ausros.vilniausr.lm.lt\/index.php?rest_route=\/wp\/v2\/pages\/5746\/revisions\/13549"}],"wp:attachment":[{"href":"https:\/\/www.ausros.vilniausr.lm.lt\/index.php?rest_route=%2Fwp%2Fv2%2Fmedia&parent=5746"}],"curies":[{"name":"wp","href":"https:\/\/api.w.org\/{rel}","templated":true}]}}