{"id":5871,"date":"2022-10-09T09:07:38","date_gmt":"2022-10-09T09:07:38","guid":{"rendered":"http:\/\/www.ausrosgimnazija.kalveliai.vilniausr.lm.lt\/?page_id=5871"},"modified":"2023-03-02T06:51:19","modified_gmt":"2023-03-02T06:51:19","slug":"gabiu-vaiku-ugdymas-2","status":"publish","type":"page","link":"https:\/\/www.ausros.vilniausr.lm.lt\/?page_id=5871","title":{"rendered":"Gabi\u0173 vaik\u0173 ugdymas"},"content":{"rendered":"\n<div class=\"wp-block-file\"><a id=\"wp-block-file--media-e5dc66b3-b5cc-43e2-95ea-28c85bb8f805\" href=\"https:\/\/www.ausrosgimnazija.kalveliai.vilniausr.lm.lt\/wp-content\/uploads\/2022\/10\/gabiu-ir-talentingu-mokiniu-atpazinimo-ugdymo-ir-skatinimo-tvarkos-aprasas.pdf\">Gabi\u0173 ir talenting\u0173 mokini\u0173 atpa\u017einimo, ugdymo ir skatinimo tvarkos apra\u0161as<\/a><\/div>\n\n\n\n<p><strong>Mokini\u0173 dalykini\u0173 olimpiad\u0173, konkurs\u0173 ir kit\u0173 rengini\u0173 nuostatai<\/strong><\/p>\n\n\n\n<p><a href=\"https:\/\/www.e-tar.lt\/portal\/lt\/legalAct\/e36423c08e9a11ea9515f752ff221ec9\">https:\/\/www.e-tar.lt\/portal\/lt\/legalAct\/e36423c08e9a11ea9515f752ff221ec9<\/a><\/p>\n\n\n\n<p><strong>Lietuvos gamtos moksl\u0173 olimpiad\u0173 asociacija <\/strong><a href=\"https:\/\/olimpiados.lt\">https:\/\/olimpiados.lt<\/a> <\/p>\n\n\n\n<p><strong>Lietuvos mokini\u0173 neformaliojo \u0161vietimo centras (LMN\u0160C)<\/strong> &nbsp;<a href=\"https:\/\/www.lmnsc.lt\">https:\/\/www.lmnsc.lt<\/a><\/p>\n\n\n\n<hr class=\"wp-block-separator has-alpha-channel-opacity\"\/>\n\n\n\n<p>Atnaujinta: 2022-09-01<\/p>\n","protected":false},"excerpt":{"rendered":"<p>Mokini\u0173 dalykini\u0173 olimpiad\u0173, konkurs\u0173 ir kit\u0173 rengini\u0173 nuostatai https:\/\/www.e-tar.lt\/portal\/lt\/legalAct\/e36423c08e9a11ea9515f752ff221ec9 Lietuvos gamtos moksl\u0173 olimpiad\u0173 asociacija https:\/\/olimpiados.lt Lietuvos mokini\u0173 neformaliojo \u0161vietimo centras (LMN\u0160C) &nbsp;https:\/\/www.lmnsc.lt Atnaujinta: 2022-09-01<\/p>\n","protected":false},"author":3,"featured_media":0,"parent":0,"menu_order":0,"comment_status":"closed","ping_status":"closed","template":"","meta":{"footnotes":""},"class_list":["post-5871","page","type-page","status-publish","hentry"],"_links":{"self":[{"href":"https:\/\/www.ausros.vilniausr.lm.lt\/index.php?rest_route=\/wp\/v2\/pages\/5871","targetHints":{"allow":["GET"]}}],"collection":[{"href":"https:\/\/www.ausros.vilniausr.lm.lt\/index.php?rest_route=\/wp\/v2\/pages"}],"about":[{"href":"https:\/\/www.ausros.vilniausr.lm.lt\/index.php?rest_route=\/wp\/v2\/types\/page"}],"author":[{"embeddable":true,"href":"https:\/\/www.ausros.vilniausr.lm.lt\/index.php?rest_route=\/wp\/v2\/users\/3"}],"replies":[{"embeddable":true,"href":"https:\/\/www.ausros.vilniausr.lm.lt\/index.php?rest_route=%2Fwp%2Fv2%2Fcomments&post=5871"}],"version-history":[{"count":3,"href":"https:\/\/www.ausros.vilniausr.lm.lt\/index.php?rest_route=\/wp\/v2\/pages\/5871\/revisions"}],"predecessor-version":[{"id":7704,"href":"https:\/\/www.ausros.vilniausr.lm.lt\/index.php?rest_route=\/wp\/v2\/pages\/5871\/revisions\/7704"}],"wp:attachment":[{"href":"https:\/\/www.ausros.vilniausr.lm.lt\/index.php?rest_route=%2Fwp%2Fv2%2Fmedia&parent=5871"}],"curies":[{"name":"wp","href":"https:\/\/api.w.org\/{rel}","templated":true}]}}