{"id":5884,"date":"2022-10-09T09:27:37","date_gmt":"2022-10-09T09:27:37","guid":{"rendered":"http:\/\/www.ausrosgimnazija.kalveliai.vilniausr.lm.lt\/?page_id=5884"},"modified":"2026-03-03T09:36:39","modified_gmt":"2026-03-03T09:36:39","slug":"pasiekimu-patikrinimas","status":"publish","type":"page","link":"https:\/\/www.ausros.vilniausr.lm.lt\/?page_id=5884","title":{"rendered":"Pasiekim\u0173 patikrinimas"},"content":{"rendered":"\n<h2 class=\"wp-block-heading\">Brandos egzaminai<\/h2>\n\n\n\n<p>Mokymosi pasiekim\u0173 vertinimo paskirtis \u2013 pad\u0117ti mokiniui pasitikrinti mokymosi pa\u017eang\u0105, nustatyti jo pasiekimus ir, palyginus su bendrosiose programose nustatytais pasiekim\u0173 lygiais, pad\u0117ti priimti sprendimus d\u0117l tolesnio mokymosi ar veiklos.<\/p>\n\n\n\n<h3 class=\"wp-block-heading\"><a href=\"https:\/\/www.ausros.vilniausr.lm.lt\/wp-content\/uploads\/2025\/11\/VBEtvarkosaprasas2026.pdf\">&nbsp;VBE TVARKOS APRA\u0160AS<\/a><\/h3>\n\n\n\n<p><strong>Valstybiniai brandos egzaminai (VBE): pagrindin\u0117 informacija<\/strong><\/p>\n\n\n\n<p><a href=\"https:\/\/www.nsa.smsm.lt\/duk\/valstybiniai-brandos-egzaminai\">https:\/\/www.nsa.smsm.lt\/duk\/valstybiniai-brandos-egzaminai<\/a><\/p>\n\n\n\n<h3 class=\"wp-block-heading\">2024\u20132025 MOKSLO MET\u0172 BRANDOS EGZAMIN\u0172 IR TARPINIO PATIKRINIMO TVARKARA\u0160TIS<\/h3>\n\n\n\n<h2 class=\"wp-block-heading\">Mokyklos brandos egzamin\u0173 rezultat\u0173 tendencija:<\/h2>\n\n\n\n<p><a href=\"https:\/\/www.ausrosgimnazija.kalveliai.vilniausr.lm.lt\/wp-content\/uploads\/2024\/09\/VBE-mokyklos-rezultatu-tendenciju-ataskaita-2024.pdf\">VBE mokyklos rezultat\u0173 tendencij\u0173 ataskaita 2024<\/a><\/p>\n\n\n\n<hr class=\"wp-block-separator has-alpha-channel-opacity\"\/>\n\n\n\n<p><strong>Informacija apie egzaminus<\/strong><strong>: <\/strong><a href=\"https:\/\/www.nsa.smm.lt\/egzaminai\">https:\/\/www.nsa.smm.lt\/egzaminai<\/a><\/p>\n\n\n\n<p><strong>Brandos egzaminai <\/strong><\/p>\n\n\n\n<p><a href=\"http:\/\/www.nsa.smm.lt\/stebesenos-ir-vertinimo-departamentas\/pasiekimu-patikrinimai\/brandos-egzaminai\/\">www.nsa.smm.lt\/stebesenos-ir-vertinimo-departamentas\/pasiekimu-patikrinimai\/brandos-egzaminai\/<\/a><\/p>\n\n\n\n<p><strong>Brandos darbas <\/strong><\/p>\n\n\n\n<p><a href=\"https:\/\/www.nsa.smm.lt\/stebesenos-ir-vertinimo-departamentas\/pasiekimu-patikrinimai\/brandos-egzaminai\/brandos-darbas\">https:\/\/www.nsa.smm.lt\/stebesenos-ir-vertinimo-departamentas\/pasiekimu-patikrinimai\/brandos-egzaminai\/brandos-darbas<\/a><\/p>\n\n\n\n<p><strong>Brandos egzamin\u0173 ir lietuvi\u0173 kalbos ir literat\u016bros \u012fskaitos organizavimo ir vykdymo tvarkos apra\u0161ai <\/strong><\/p>\n\n\n\n<p><a href=\"https:\/\/www.e-tar.lt\/portal\/lt\/legalAct\/TAR.759F8EEA8302\">https:\/\/www.e-tar.lt\/portal\/lt\/legalAct\/TAR.759F8EEA8302<\/a><\/p>\n\n\n\n<p><strong>Kalb\u0173 \u012fskait\u0173, brandos egzamin\u0173 u\u017eduoties formos, vykdymo ir vertinimo instrukcij\u0173 pritaikymo mokiniams, buvusiems mokiniams ir eksternams, turintiems speciali\u0173j\u0173 ugdymosi poreiki\u0173, tvarkos apra\u0161as<\/strong><\/p>\n\n\n\n<p><a href=\"https:\/\/www.e-tar.lt\/portal\/lt\/legalAct\/TAR.A07B1A81868E\">https:\/\/www.e-tar.lt\/portal\/lt\/legalAct\/TAR.A07B1A81868E<\/a><\/p>\n\n\n\n<p><strong>Lig\u0173, galin\u010di\u0173 b\u016bti pagrindu atleisti asmenis nuo brandos egzamin\u0173, s\u0105ra\u0161as <\/strong><\/p>\n\n\n\n<p><a href=\"https:\/\/www.e-tar.lt\/portal\/lt\/legalAct\/TAR.0F7850B4E05A\">https:\/\/www.e-tar.lt\/portal\/lt\/legalAct\/TAR.0F7850B4E05A<\/a><\/p>\n\n\n\n<h2 class=\"wp-block-heading\">PUPP<\/h2>\n\n\n\n<p>Mokymosi pasiekim\u0173 vertinimo paskirtis \u2013 pad\u0117ti mokiniui pasitikrinti mokymosi pa\u017eang\u0105, nustatyti jo pasiekimus ir, palyginus su bendrosiose programose nustatytais pasiekim\u0173 lygiais, pad\u0117ti priimti sprendimus d\u0117l tolesnio mokymosi ar veiklos.<\/p>\n\n\n\n<h2 class=\"wp-block-heading\">Pagrindinio ugdymo pasiekim\u0173 patikrinimo tvarkara\u0161tis<\/h2>\n\n\n\n<p><a href=\"https:\/\/www.ausros.vilniausr.lm.lt\/wp-content\/uploads\/2025\/09\/PUPP.pdf\">2025-2026 Tvarkara\u0161tis<\/a><\/p>\n\n\n\n<p>I<strong>nformacija apie pagrindinio ugdymo pasiekim\u0173 patikrinim\u0105 (PUPP)<\/strong><\/p>\n\n\n\n<p><strong><a href=\"https:\/\/www.ausros.vilniausr.lm.lt\/wp-content\/uploads\/2025\/10\/PUPP.pdf\">Pagrindinio ugdymo pasiekim\u0173 patikrinimo organizavimo ir vykdymo tvarkos apra\u0161as <\/a><\/strong><\/p>\n\n\n\n<p><strong>Pagrindinio ugdymo pasiekim\u0173 patikrinimo u\u017eduo\u010di\u0173 apra\u0161ai<\/strong><\/p>\n\n\n\n<p><a href=\"https:\/\/www.nsa.smsm.lt\/pasiekimu-departamentas\/egzaminai-ir-pasiekimu-patikrinimai\/pagrindinio-ugdymo-pasiekimu-patikrinimai\/pupp-uzduociu-aprasai\">https:\/\/www.nsa.smsm.lt\/pasiekimu-departamentas\/egzaminai-ir-pasiekimu-patikrinimai\/pagrindinio-ugdymo-pasiekimu-patikrinimai\/pupp-uzduociu-aprasai<\/a><\/p>\n\n\n\n<p><strong>Pagrindinio ugdymo pasiekim\u0173 patikrinimas (PUPP) \u2013 pagrindin\u0117 informacija<\/strong><\/p>\n\n\n\n<p><a href=\"https:\/\/www.nsa.smsm.lt\/duk\/pupp\">https:\/\/www.nsa.smsm.lt\/duk\/pupp<\/a><\/p>\n\n\n\n<h2 class=\"wp-block-heading\">NMPP<\/h2>\n\n\n\n<h2 class=\"wp-block-heading\">Nacionalini\u0173 mokini\u0173 pasiekim\u0173 patikrinim\u0173 tvarkara\u0161tis<\/h2>\n\n\n\n<p><a href=\"https:\/\/www.ausros.vilniausr.lm.lt\/wp-content\/uploads\/2025\/09\/NMPP.pdf\">2025-2026 Tvarkara\u0161tis<\/a><\/p>\n\n\n\n<p><strong>NMPP: pagrindin\u0117 informacija<\/strong><\/p>\n\n\n\n<p><strong>&nbsp;<\/strong><a href=\"https:\/\/www.nsa.smsm.lt\/duk\/nmpp\/\">https:\/\/www.nsa.smsm.lt\/duk\/nmpp\/<\/a><\/p>\n\n\n\n<p><a href=\"https:\/\/www.nsa.smm.lt\/egzaminai-ir-pasiekimu-patikrinimai\/nmpp\/\">NMPP vykdymo tvarkos apra\u0161ai<\/a><\/p>\n\n\n\n<p><strong>NMPP teis\u0117s aktai<\/strong> <\/p>\n\n\n\n<p><a href=\"https:\/\/www.nsa.smsm.lt\/pasiekimu-departamentas\/egzaminai-ir-pasiekimu-patikrinimai\/nacionaliniai-mokiniu-pasiekimu-patikrinimai\/teises-aktai\/\" target=\"_blank\" rel=\"noreferrer noopener\">https:\/\/www.nsa.smsm.lt\/pasiekimu-departamentas\/egzaminai-ir-pasiekimu-patikrinimai\/nacionaliniai-mokiniu-pasiekimu-patikrinimai\/teises-aktai\/<\/a><\/p>\n\n\n\n<p>Atnaujinta: 2026-03-03<\/p>\n\n\n\n<p><\/p>\n","protected":false},"excerpt":{"rendered":"<p>Brandos egzaminai Mokymosi pasiekim\u0173 vertinimo paskirtis \u2013 pad\u0117ti mokiniui pasitikrinti mokymosi pa\u017eang\u0105, nustatyti jo pasiekimus ir, palyginus su bendrosiose programose nustatytais pasiekim\u0173 lygiais, pad\u0117ti priimti sprendimus d\u0117l tolesnio mokymosi ar veiklos. &nbsp;VBE TVARKOS APRA\u0160AS Valstybiniai brandos egzaminai (VBE): pagrindin\u0117 informacija <a href=\"https:\/\/www.ausros.vilniausr.lm.lt\/?page_id=5884\" class=\"read-more\">Daugiau &#8230;<\/a><\/p>\n","protected":false},"author":3,"featured_media":0,"parent":0,"menu_order":0,"comment_status":"closed","ping_status":"closed","template":"","meta":{"footnotes":""},"class_list":["post-5884","page","type-page","status-publish","hentry"],"_links":{"self":[{"href":"https:\/\/www.ausros.vilniausr.lm.lt\/index.php?rest_route=\/wp\/v2\/pages\/5884","targetHints":{"allow":["GET"]}}],"collection":[{"href":"https:\/\/www.ausros.vilniausr.lm.lt\/index.php?rest_route=\/wp\/v2\/pages"}],"about":[{"href":"https:\/\/www.ausros.vilniausr.lm.lt\/index.php?rest_route=\/wp\/v2\/types\/page"}],"author":[{"embeddable":true,"href":"https:\/\/www.ausros.vilniausr.lm.lt\/index.php?rest_route=\/wp\/v2\/users\/3"}],"replies":[{"embeddable":true,"href":"https:\/\/www.ausros.vilniausr.lm.lt\/index.php?rest_route=%2Fwp%2Fv2%2Fcomments&post=5884"}],"version-history":[{"count":47,"href":"https:\/\/www.ausros.vilniausr.lm.lt\/index.php?rest_route=\/wp\/v2\/pages\/5884\/revisions"}],"predecessor-version":[{"id":13501,"href":"https:\/\/www.ausros.vilniausr.lm.lt\/index.php?rest_route=\/wp\/v2\/pages\/5884\/revisions\/13501"}],"wp:attachment":[{"href":"https:\/\/www.ausros.vilniausr.lm.lt\/index.php?rest_route=%2Fwp%2Fv2%2Fmedia&parent=5884"}],"curies":[{"name":"wp","href":"https:\/\/api.w.org\/{rel}","templated":true}]}}