{"id":5917,"date":"2022-10-09T10:16:04","date_gmt":"2022-10-09T10:16:04","guid":{"rendered":"http:\/\/www.ausrosgimnazija.kalveliai.vilniausr.lm.lt\/?page_id=5917"},"modified":"2025-03-06T15:39:17","modified_gmt":"2025-03-06T15:39:17","slug":"sveikatos-stiprinimas","status":"publish","type":"page","link":"https:\/\/www.ausros.vilniausr.lm.lt\/?page_id=5917","title":{"rendered":"Sveikatos stiprinimas"},"content":{"rendered":"\n<h2 class=\"wp-block-heading\"><a href=\"https:\/\/www.ausrosgimnazija.kalveliai.vilniausr.lm.lt\/wp-content\/uploads\/2025\/03\/Aktyvi-m.-Fizinio-aktyvumo-planas-2025.pdf\"><strong>2025-2029 m.<\/strong> Fizinio aktyvumo skatinimo Vilniaus r. Kalveli\u0173 &#8222;Au\u0161ros&#8221; gimnazijoje planas<\/a><\/h2>\n\n\n\n<p><a href=\"https:\/\/www.ausrosgimnazija.kalveliai.vilniausr.lm.lt\/wp-content\/uploads\/2025\/03\/GSveikatos-stiprinimo-planas-2025.pdf\">SVEIKATOS STIPRINIMO PRIEMONI\u0172 PLANAS 2025 M<\/a><\/p>\n\n\n\n<figure class=\"wp-block-image size-large\"><img loading=\"lazy\" decoding=\"async\" width=\"725\" height=\"1024\" src=\"https:\/\/www.ausrosgimnazija.kalveliai.vilniausr.lm.lt\/wp-content\/uploads\/2025\/03\/AM1_Vilniaus-r-Kalveliu-Ausros-gimnazija_page-0001-725x1024.jpg\" alt=\"\" class=\"wp-image-11529\" srcset=\"https:\/\/www.ausros.vilniausr.lm.lt\/wp-content\/uploads\/2025\/03\/AM1_Vilniaus-r-Kalveliu-Ausros-gimnazija_page-0001-725x1024.jpg 725w, https:\/\/www.ausros.vilniausr.lm.lt\/wp-content\/uploads\/2025\/03\/AM1_Vilniaus-r-Kalveliu-Ausros-gimnazija_page-0001-212x300.jpg 212w, https:\/\/www.ausros.vilniausr.lm.lt\/wp-content\/uploads\/2025\/03\/AM1_Vilniaus-r-Kalveliu-Ausros-gimnazija_page-0001-768x1085.jpg 768w, https:\/\/www.ausros.vilniausr.lm.lt\/wp-content\/uploads\/2025\/03\/AM1_Vilniaus-r-Kalveliu-Ausros-gimnazija_page-0001-1087x1536.jpg 1087w, https:\/\/www.ausros.vilniausr.lm.lt\/wp-content\/uploads\/2025\/03\/AM1_Vilniaus-r-Kalveliu-Ausros-gimnazija_page-0001-191x270.jpg 191w, https:\/\/www.ausros.vilniausr.lm.lt\/wp-content\/uploads\/2025\/03\/AM1_Vilniaus-r-Kalveliu-Ausros-gimnazija_page-0001.jpg 1241w\" sizes=\"auto, (max-width: 725px) 100vw, 725px\" \/><\/figure>\n\n\n\n<p>Atnaujinta: 2025-01-06<\/p>\n","protected":false},"excerpt":{"rendered":"<p>2025-2029 m. Fizinio aktyvumo skatinimo Vilniaus r. Kalveli\u0173 &#8222;Au\u0161ros&#8221; gimnazijoje planas SVEIKATOS STIPRINIMO PRIEMONI\u0172 PLANAS 2025 M Atnaujinta: 2025-01-06<\/p>\n","protected":false},"author":3,"featured_media":0,"parent":0,"menu_order":0,"comment_status":"closed","ping_status":"closed","template":"","meta":{"footnotes":""},"class_list":["post-5917","page","type-page","status-publish","hentry"],"_links":{"self":[{"href":"https:\/\/www.ausros.vilniausr.lm.lt\/index.php?rest_route=\/wp\/v2\/pages\/5917","targetHints":{"allow":["GET"]}}],"collection":[{"href":"https:\/\/www.ausros.vilniausr.lm.lt\/index.php?rest_route=\/wp\/v2\/pages"}],"about":[{"href":"https:\/\/www.ausros.vilniausr.lm.lt\/index.php?rest_route=\/wp\/v2\/types\/page"}],"author":[{"embeddable":true,"href":"https:\/\/www.ausros.vilniausr.lm.lt\/index.php?rest_route=\/wp\/v2\/users\/3"}],"replies":[{"embeddable":true,"href":"https:\/\/www.ausros.vilniausr.lm.lt\/index.php?rest_route=%2Fwp%2Fv2%2Fcomments&post=5917"}],"version-history":[{"count":6,"href":"https:\/\/www.ausros.vilniausr.lm.lt\/index.php?rest_route=\/wp\/v2\/pages\/5917\/revisions"}],"predecessor-version":[{"id":11577,"href":"https:\/\/www.ausros.vilniausr.lm.lt\/index.php?rest_route=\/wp\/v2\/pages\/5917\/revisions\/11577"}],"wp:attachment":[{"href":"https:\/\/www.ausros.vilniausr.lm.lt\/index.php?rest_route=%2Fwp%2Fv2%2Fmedia&parent=5917"}],"curies":[{"name":"wp","href":"https:\/\/api.w.org\/{rel}","templated":true}]}}