{"id":5936,"date":"2022-10-09T10:50:10","date_gmt":"2022-10-09T10:50:10","guid":{"rendered":"http:\/\/www.ausrosgimnazija.kalveliai.vilniausr.lm.lt\/?page_id=5936"},"modified":"2024-09-16T08:29:49","modified_gmt":"2024-09-16T08:29:49","slug":"issilavinimo-pazymejimu-ir-ju-dublikatu-isdavimas","status":"publish","type":"page","link":"https:\/\/www.ausros.vilniausr.lm.lt\/?page_id=5936","title":{"rendered":"Skaitmenini\u0173 i\u0161silavinimo pa\u017eym\u0117jim\u0173 ir brandos atestat\u0173 i\u0161davimas"},"content":{"rendered":"\n<p>Pra\u0161ymus d\u0117l i\u0161silavinimo pa\u017eym\u0117jim\u0173 dublikat\u0173 i\u0161davimo priima ra\u0161tin\u0117s ved\u0117ja : <strong>Diana Iljeitien\u0117 <\/strong><\/p>\n\n\n\n<p>Pa\u017eym\u0117jim\u0173 ar brandos atestato, jo priedo, brandos atestato (diplomo) priedo, j\u0173 dublikat\u0173 tur\u0117tojas gali kreiptis d\u0117l skaitmenini\u0173 pa\u017eym\u0117jim\u0173 ar skaitmeninio brandos atestato i\u0161davimo, jei sudarytuose popieriuje ar blanke nustatytas netikslumas, klaidingas \u012fra\u0161as. Skaitmeniniai pa\u017eym\u0117jimai ar skaitmeninis brandos atestatas gali b\u016bti i\u0161duodami ir tuo atveju, jei asmuo pageidauja j\u012f gauti vietoj spausdinto popieriuje ar blanke. Pirminiai skaitmeniniai pa\u017eym\u0117jimai ir \/ ar skaitmeninis brandos atestatas, taip pat spausdintas popieriuje ar blanke, jei jo atsisakoma ir pra\u0161oma i\u0161duoti skaitmenin\u012f, laikomi negaliojan\u010diais nuo naujo skaitmeninio dokumento \u012fregistravimo Diplom\u0173, atestat\u0173 ir kvalifikacijos pa\u017eym\u0117jim\u0173 registre (i\u0161davimo).<\/p>\n\n\n\n<p>Jei asmuo pra\u0161o pakeisti pa\u017eym\u0117jimus, brandos atestat\u0105 ir jo pried\u0105, j\u0173 dublikatus, sudarytus \/ spausdintus popieriuje ar blanke, \u012f atitinkam\u0105 skaitmenin\u012f, parei\u0161k\u0117jas prie pra\u0161ymo prideda (sugr\u0105\u017eina) kei\u010diam\u0173 pa\u017eym\u0117jim\u0173 ar brandos atestato, jo priedo ar brandos atestato (diplomo) priedo original\u0105 ar dublikat\u0105.<\/p>\n\n\n\n<p><a><\/a>Vietoj tur\u0117to brandos atestato ir jo priedo, sudaryto \/ spausdinto blanke, nuo 2023 m. gegu\u017e\u0117s 1 d. i\u0161duodamas vienas dokumentas \u2013 skaitmeninis brandos atestatas.<\/p>\n\n\n\n<p>Asmeniui, praradusiam tik brandos atestato pried\u0105, sudaryt\u0105 blanke, pateikus mokyklos vadovui pra\u0161ym\u0105 ir turim\u0105 brandos atestat\u0105, i\u0161duodamas atitinkamas skaitmeninis brandos atestatas.<\/p>\n\n\n\n<p><strong><a href=\"https:\/\/www.ausrosgimnazija.kalveliai.vilniausr.lm.lt\/wp-content\/uploads\/2023\/05\/Prasymas-skaitmeninis-atestatas-pazym.docx\">Pra\u0161ymo forma d\u0117l skaitmenini\u0173 brandos atestat\u0173 ir kit\u0173 pa\u017eym\u0117jim\u0173 i\u0161davimo<\/a><\/strong><\/p>\n\n\n\n<p>Brandos atestatai ir kiti pa\u017eym\u0117jimai gimnazijoje i\u0161duodami remiantis Pa\u017eym\u0117jim\u0173 ir brandos atestat\u0173 i\u0161davimo tvarkos apra\u0161u nuo 2023 m. gegu\u017e\u0117s 1 d. <a href=\"https:\/\/www.e-tar.lt\/portal\/lt\/legalAct\/4f2538f082be11ed8df094f359a60216\">https:\/\/www.e-tar.lt\/portal\/lt\/legalAct\/4f2538f082be11ed8df094f359a60216<\/a><\/p>\n\n\n\n<p>Asmuo&nbsp;nuo 14 met\u0173, tapatyb\u0117s atpa\u017einimo priemon\u0117mis prisijung\u0119s prie&nbsp;Diplom\u0173, atestat\u0173 ir kvalifikacijos pa\u017eym\u0117jim\u0173 registro, gali pats per\u017ei\u016br\u0117ti sudaryt\u0105 ir \u012fregistruot\u0105 (i\u0161duot\u0105) mokymosi pasiekimus \u012fteisinant\u012f dokument\u0105, j\u012f atsisi\u0173sti ir (ar) atsispausdinti popieriuje.<\/p>\n\n\n\n<p><a><\/a>Pa\u017eym\u0117jimus, i\u0161duotus vaikui&nbsp;iki 14 met\u0173, arba pa\u017eym\u0117jimus ir brandos atestat\u0105, i\u0161duotus asmeniui, kuris neturi&nbsp;galimyb\u0117s&nbsp;tapatyb\u0117s atpa\u017einimo priemon\u0117mis prisijungti prie&nbsp;Diplom\u0173, atestat\u0173 ir kvalifikacijos registro,&nbsp;mokykloje susitartu b\u016bdu (pvz., pateikus asmeniui pra\u0161ym\u0105) mokykla asmeniui persiun\u010dia elektroniniu lai\u0161ku ar atspausdina (pateikia).<\/p>\n\n\n\n<p><a><\/a>Pa\u017eym\u0117jim\u0173, brandos atestat\u0173 duomen\u0173 autenti\u0161kum\u0105 galima pasitikrinti prisijungus pa\u017eym\u0117jimuose, brandos atestatuose nurodytu adresu arba nuskenavus jame esant\u012f kod\u0105.<\/p>\n\n\n\n<p>Diplom\u0173, atestat\u0173 ir kvalifikacijos pa\u017eym\u0117jim\u0173 registras <a href=\"https:\/\/www.dakpr.smm.lt\/aikos2-dakpr\/\">https:\/\/www.dakpr.smm.lt\/aikos2-dakpr\/<\/a><\/p>\n\n\n\n<p>Atnaujinta: 2024-09-02<\/p>\n","protected":false},"excerpt":{"rendered":"<p>Pra\u0161ymus d\u0117l i\u0161silavinimo pa\u017eym\u0117jim\u0173 dublikat\u0173 i\u0161davimo priima ra\u0161tin\u0117s ved\u0117ja : Diana Iljeitien\u0117 Pa\u017eym\u0117jim\u0173 ar brandos atestato, jo priedo, brandos atestato (diplomo) priedo, j\u0173 dublikat\u0173 tur\u0117tojas gali kreiptis d\u0117l skaitmenini\u0173 pa\u017eym\u0117jim\u0173 ar skaitmeninio brandos atestato i\u0161davimo, jei sudarytuose popieriuje ar blanke <a href=\"https:\/\/www.ausros.vilniausr.lm.lt\/?page_id=5936\" class=\"read-more\">Daugiau &#8230;<\/a><\/p>\n","protected":false},"author":3,"featured_media":0,"parent":0,"menu_order":0,"comment_status":"closed","ping_status":"closed","template":"","meta":{"footnotes":""},"class_list":["post-5936","page","type-page","status-publish","hentry"],"_links":{"self":[{"href":"https:\/\/www.ausros.vilniausr.lm.lt\/index.php?rest_route=\/wp\/v2\/pages\/5936","targetHints":{"allow":["GET"]}}],"collection":[{"href":"https:\/\/www.ausros.vilniausr.lm.lt\/index.php?rest_route=\/wp\/v2\/pages"}],"about":[{"href":"https:\/\/www.ausros.vilniausr.lm.lt\/index.php?rest_route=\/wp\/v2\/types\/page"}],"author":[{"embeddable":true,"href":"https:\/\/www.ausros.vilniausr.lm.lt\/index.php?rest_route=\/wp\/v2\/users\/3"}],"replies":[{"embeddable":true,"href":"https:\/\/www.ausros.vilniausr.lm.lt\/index.php?rest_route=%2Fwp%2Fv2%2Fcomments&post=5936"}],"version-history":[{"count":8,"href":"https:\/\/www.ausros.vilniausr.lm.lt\/index.php?rest_route=\/wp\/v2\/pages\/5936\/revisions"}],"predecessor-version":[{"id":10448,"href":"https:\/\/www.ausros.vilniausr.lm.lt\/index.php?rest_route=\/wp\/v2\/pages\/5936\/revisions\/10448"}],"wp:attachment":[{"href":"https:\/\/www.ausros.vilniausr.lm.lt\/index.php?rest_route=%2Fwp%2Fv2%2Fmedia&parent=5936"}],"curies":[{"name":"wp","href":"https:\/\/api.w.org\/{rel}","templated":true}]}}