{"id":5938,"date":"2022-10-09T10:52:21","date_gmt":"2022-10-09T10:52:21","guid":{"rendered":"http:\/\/www.ausrosgimnazija.kalveliai.vilniausr.lm.lt\/?page_id=5938"},"modified":"2023-09-19T05:36:25","modified_gmt":"2023-09-19T05:36:25","slug":"mokinio-pazymejimo-isdavimas","status":"publish","type":"page","link":"https:\/\/www.ausros.vilniausr.lm.lt\/?page_id=5938","title":{"rendered":"Mokinio pa\u017eym\u0117jimo i\u0161davimas"},"content":{"rendered":"\n<p>Gimnazija i\u0161duoda 1\u201312 klasi\u0173 mokiniams. Mokinio pa\u017eym\u0117jimas popierinis laminuotas.<\/p>\n\n\n\n<p>Mokinio pa\u017eym\u0117jimas (popierinis) i\u0161duodamas per 7 kalendorines dienas po kreipimosi ir &nbsp;mokinio am\u017ei\u0173 atitinkan\u010dios nuotraukos pristatymo.<\/p>\n\n\n\n<p>Mokinio pa\u017eym\u0117jim\u0105 perduoti ir naudoti kitiems asmenims draud\u017eiama.<\/p>\n\n\n\n<p>Mokinio pa\u017eym\u0117jimas galioja iki atitinkam\u0173 mokslo met\u0173 pabaigos (rugpj\u016b\u010dio 31 d.).<\/p>\n\n\n\n<p>Mokinio pa\u017eym\u0117jimo i\u0161davimo tvarkos apra\u0161as:<\/p>\n\n\n\n<p><a href=\"https:\/\/www.e-tar.lt\/portal\/lt\/legalAct\/9e2da1304b6611eb8d9fe110e148c770\">https:\/\/www.e-tar.lt\/portal\/lt\/legalAct\/9e2da1304b6611eb8d9fe110e148c770<\/a><\/p>\n","protected":false},"excerpt":{"rendered":"<p>Gimnazija i\u0161duoda 1\u201312 klasi\u0173 mokiniams. Mokinio pa\u017eym\u0117jimas popierinis laminuotas. Mokinio pa\u017eym\u0117jimas (popierinis) i\u0161duodamas per 7 kalendorines dienas po kreipimosi ir &nbsp;mokinio am\u017ei\u0173 atitinkan\u010dios nuotraukos pristatymo. Mokinio pa\u017eym\u0117jim\u0105 perduoti ir naudoti kitiems asmenims draud\u017eiama. Mokinio pa\u017eym\u0117jimas galioja iki atitinkam\u0173 mokslo met\u0173 <a href=\"https:\/\/www.ausros.vilniausr.lm.lt\/?page_id=5938\" class=\"read-more\">Daugiau &#8230;<\/a><\/p>\n","protected":false},"author":3,"featured_media":0,"parent":0,"menu_order":0,"comment_status":"closed","ping_status":"closed","template":"","meta":{"footnotes":""},"class_list":["post-5938","page","type-page","status-publish","hentry"],"_links":{"self":[{"href":"https:\/\/www.ausros.vilniausr.lm.lt\/index.php?rest_route=\/wp\/v2\/pages\/5938","targetHints":{"allow":["GET"]}}],"collection":[{"href":"https:\/\/www.ausros.vilniausr.lm.lt\/index.php?rest_route=\/wp\/v2\/pages"}],"about":[{"href":"https:\/\/www.ausros.vilniausr.lm.lt\/index.php?rest_route=\/wp\/v2\/types\/page"}],"author":[{"embeddable":true,"href":"https:\/\/www.ausros.vilniausr.lm.lt\/index.php?rest_route=\/wp\/v2\/users\/3"}],"replies":[{"embeddable":true,"href":"https:\/\/www.ausros.vilniausr.lm.lt\/index.php?rest_route=%2Fwp%2Fv2%2Fcomments&post=5938"}],"version-history":[{"count":2,"href":"https:\/\/www.ausros.vilniausr.lm.lt\/index.php?rest_route=\/wp\/v2\/pages\/5938\/revisions"}],"predecessor-version":[{"id":8709,"href":"https:\/\/www.ausros.vilniausr.lm.lt\/index.php?rest_route=\/wp\/v2\/pages\/5938\/revisions\/8709"}],"wp:attachment":[{"href":"https:\/\/www.ausros.vilniausr.lm.lt\/index.php?rest_route=%2Fwp%2Fv2%2Fmedia&parent=5938"}],"curies":[{"name":"wp","href":"https:\/\/api.w.org\/{rel}","templated":true}]}}