{"id":5948,"date":"2022-10-09T11:03:36","date_gmt":"2022-10-09T11:03:36","guid":{"rendered":"http:\/\/www.ausrosgimnazija.kalveliai.vilniausr.lm.lt\/?page_id=5948"},"modified":"2023-02-18T11:07:15","modified_gmt":"2023-02-18T11:07:15","slug":"maitinimas","status":"publish","type":"page","link":"https:\/\/www.ausros.vilniausr.lm.lt\/?page_id=5948","title":{"rendered":"Maitinimas"},"content":{"rendered":"\n<p><\/p>\n\n\n\n<p><strong>Valgyklos darbo laikas:<\/strong> Nuo 9.00 iki 14.00<\/p>\n\n\n\n<p><strong>Valgykla aptarnauja lankytojus:<\/strong> Nuo 12.30 iki 14.00<\/p>\n\n\n\n<div class=\"wp-block-file\"><a id=\"wp-block-file--media-7d0c14f4-bd9b-48b2-a91e-d605d1b4f555\" href=\"http:\/\/www.ausrosgimnazija.kalveliai.vilniausr.lm.lt\/wp-content\/uploads\/2022\/10\/Valgiarastis-2.pdf\">Valgiara\u0161tis<\/a><\/div>\n\n\n\n<p><strong>Atsakingi asmenys u\u017e maitinimo organizavim\u0105:<\/strong> Vyresnioji vir\u0117ja Svetlana Ramanauskien\u0117<\/p>\n\n\n\n<p><strong>Maitinimo organizavimo Vilniaus r. Kalveli\u0173 &#8222;Au\u0161ros&#8221; gimnazijoje tvarkos apra\u0161as:<\/strong><\/p>\n\n\n\n<div class=\"wp-block-file\"><a id=\"wp-block-file--media-46a7f46e-e73b-413e-ac32-070a7d93b365\" href=\"https:\/\/www.ausrosgimnazija.kalveliai.vilniausr.lm.lt\/wp-content\/uploads\/2022\/10\/Maitinimo-organizavimo-Vilniaus-r.-Kalveliu-Ausros-gimnazijoje-tvarkos-aprasas-2.pdf\">Maitinimo organizavimo Vilniaus r. Kalveliu Au\u0161ros gimnazijoje tvarkos apra\u0161as<\/a><\/div>\n\n\n\n<h2 class=\"wp-block-heading\">Vaik\u0173 maitinimas \u012fstaigoje organizuojamas remiantis \u0161iais teis\u0117s aktais:<\/h2>\n\n\n\n<p><strong>Vaik\u0173 maitinimo organizavimo tvarkos apra\u0161as, patvirtintas Lietuvos Respublikos sveikatos apsaugos ministro<\/strong>&nbsp;<a href=\"https:\/\/www.e-tar.lt\/portal\/lt\/legalAct\/TAR.3B14F18E2B3C\/asr\">https:\/\/www.e-tar.lt\/portal\/lt\/legalAct\/TAR.3B14F18E2B3C\/asr<\/a><\/p>\n\n\n\n<p><strong>Maitinimo organizavimo Vilniaus rajono savivaldyb\u0117s bendrojo ugdymo mokyklose tvarkos apra\u0161as<\/strong> <a href=\"https:\/\/www.e-tar.lt\/portal\/lt\/legalAct\/74662f40444811eb8d9fe110e148c770\">https:\/\/www.e-tar.lt\/portal\/lt\/legalAct\/74662f40444811eb8d9fe110e148c770<\/a><\/p>\n\n\n\n<p><strong>Mokini\u0173 nemokamo maitinimo mokyklose tvarkos apra\u0161as<\/strong><\/p>\n\n\n\n<p><a href=\"https:\/\/www.e-tar.lt\/portal\/lt\/legalAct\/75765a502e9b11e9b66f85227a03f7a3\">https:\/\/www.e-tar.lt\/portal\/lt\/legalAct\/75765a502e9b11e9b66f85227a03f7a3<\/a><\/p>\n\n\n\n<p><strong>Mokini\u0173 nemokamam maitinimui skirtiems produktams \u012fsigyti skiriam\u0173 vienai dienai vienam mokiniui l\u0117\u0161\u0173 dydis<\/strong><\/p>\n\n\n\n<p><a href=\"https:\/\/www.e-tar.lt\/portal\/lt\/legalAct\/1e7019b08cd111ed8df094f359a60216\">https:\/\/www.e-tar.lt\/portal\/lt\/legalAct\/1e7019b08cd111ed8df094f359a60216<\/a><\/p>\n\n\n\n<p><strong>Mokes\u010dio u\u017e vaiko maitinim\u0105 ir ugdymo reikmi\u0173 tenkinim\u0105 Vilniaus rajono savivaldyb\u0117s \u0161vietimo \u012fstaigose, \u012fgyvendinan\u010diose ikimokyklinio ir prie\u0161mokyklinio ugdymo programas, nustatymo tvarkos apra\u0161as<\/strong><\/p>\n\n\n\n<p><a href=\"https:\/\/www.e-tar.lt\/portal\/lt\/legalAct\/7bf8d610608d11e79198ffdb108a3753\/asr\">https:\/\/www.e-tar.lt\/portal\/lt\/legalAct\/7bf8d610608d11e79198ffdb108a3753\/asr<\/a><\/p>\n\n\n\n<div class=\"wp-block-file\"><a id=\"wp-block-file--media-572a94c4-4b53-4c87-94a0-f44de067983b\" href=\"https:\/\/www.ausrosgimnazija.kalveliai.vilniausr.lm.lt\/wp-content\/uploads\/2022\/10\/Maitinimo-organizavimo-tvarkos-aprasas-2020-1.pdf\">Vilniaus r. Kalveli\u0173 &#8222;Au\u0161ros&#8221; gimnazijos nemokamo maitinimo organizavimo tvarkos apra\u0161as<\/a><\/div>\n\n\n\n<p>Nuo rugs\u0117jo 1 d. visiems&nbsp;vaikams, ugdomiems pagal <strong>prie\u0161mokyklinio<\/strong> ugdymo program\u0105, ir <strong>pirmokams<\/strong>&nbsp;bei&nbsp;<strong>antrokams<\/strong>&nbsp;mokykloje organizuojami&nbsp;<strong>nemokami piet\u016bs<\/strong>.<\/p>\n\n\n\n<p><strong>Mokykla dalyvauja Vaisi\u0173 ir dar\u017eovi\u0173 bei pieno ir pieno produkt\u0173 vartojimo skatinimo vaik\u0173 ugdymo \u012fstaigose programoje:<\/strong><\/p>\n\n\n\n<p><strong>,,Pienas vaikams\u201c<\/strong> <a href=\"https:\/\/www.litfood.lt\/veiklos-sritys\/paramos-priemones\/pienas-vaikams\">https:\/\/www.litfood.lt\/veiklos-sritys\/paramos-priemones\/pienas-vaikams<\/a><\/p>\n\n\n\n<p><strong>,,Vaisiai mokykloms\u201c<\/strong> <a href=\"https:\/\/www.litfood.lt\/veiklos-sritys\/paramos-priemones\/vaisiai-mokykloms\">https:\/\/www.litfood.lt\/veiklos-sritys\/paramos-priemones\/vaisiai-mokykloms<\/a><\/p>\n\n\n\n<p><strong>Sveikas maistas \u2013 sveikas vaikas<\/strong> <a href=\"https:\/\/www.pienasvaisiai.lt\">https:\/\/www.pienasvaisiai.lt<\/a><\/p>\n\n\n\n<p><strong>Informacija apie mokini\u0173 maitinim\u0105 Vilniaus rajono savivaldyb\u0117s interneto svetain\u0117je <\/strong><\/p>\n\n\n\n<p><a href=\"https:\/\/www.vrsa.lt\/svietimas\/svietimo-istaigu-paslaugos\/mokiniu-maitinimas\/923\">https:\/\/www.vrsa.lt\/svietimas\/svietimo-istaigu-paslaugos\/mokiniu-maitinimas\/923<\/a><\/p>\n","protected":false},"excerpt":{"rendered":"<p>Valgyklos darbo laikas: Nuo 9.00 iki 14.00 Valgykla aptarnauja lankytojus: Nuo 12.30 iki 14.00 Atsakingi asmenys u\u017e maitinimo organizavim\u0105: Vyresnioji vir\u0117ja Svetlana Ramanauskien\u0117 Maitinimo organizavimo Vilniaus r. Kalveli\u0173 &#8222;Au\u0161ros&#8221; gimnazijoje tvarkos apra\u0161as: Vaik\u0173 maitinimas \u012fstaigoje organizuojamas remiantis \u0161iais teis\u0117s aktais: <a href=\"https:\/\/www.ausros.vilniausr.lm.lt\/?page_id=5948\" class=\"read-more\">Daugiau &#8230;<\/a><\/p>\n","protected":false},"author":3,"featured_media":0,"parent":0,"menu_order":0,"comment_status":"closed","ping_status":"closed","template":"","meta":{"footnotes":""},"class_list":["post-5948","page","type-page","status-publish","hentry"],"_links":{"self":[{"href":"https:\/\/www.ausros.vilniausr.lm.lt\/index.php?rest_route=\/wp\/v2\/pages\/5948","targetHints":{"allow":["GET"]}}],"collection":[{"href":"https:\/\/www.ausros.vilniausr.lm.lt\/index.php?rest_route=\/wp\/v2\/pages"}],"about":[{"href":"https:\/\/www.ausros.vilniausr.lm.lt\/index.php?rest_route=\/wp\/v2\/types\/page"}],"author":[{"embeddable":true,"href":"https:\/\/www.ausros.vilniausr.lm.lt\/index.php?rest_route=\/wp\/v2\/users\/3"}],"replies":[{"embeddable":true,"href":"https:\/\/www.ausros.vilniausr.lm.lt\/index.php?rest_route=%2Fwp%2Fv2%2Fcomments&post=5948"}],"version-history":[{"count":11,"href":"https:\/\/www.ausros.vilniausr.lm.lt\/index.php?rest_route=\/wp\/v2\/pages\/5948\/revisions"}],"predecessor-version":[{"id":7575,"href":"https:\/\/www.ausros.vilniausr.lm.lt\/index.php?rest_route=\/wp\/v2\/pages\/5948\/revisions\/7575"}],"wp:attachment":[{"href":"https:\/\/www.ausros.vilniausr.lm.lt\/index.php?rest_route=%2Fwp%2Fv2%2Fmedia&parent=5948"}],"curies":[{"name":"wp","href":"https:\/\/api.w.org\/{rel}","templated":true}]}}