{"id":5960,"date":"2022-10-09T11:10:36","date_gmt":"2022-10-09T11:10:36","guid":{"rendered":"http:\/\/www.ausrosgimnazija.kalveliai.vilniausr.lm.lt\/?page_id=5960"},"modified":"2022-10-28T10:25:51","modified_gmt":"2022-10-28T10:25:51","slug":"vaiku-vasaros-poilsis","status":"publish","type":"page","link":"https:\/\/www.ausros.vilniausr.lm.lt\/?page_id=5960","title":{"rendered":"Vaik\u0173 vasaros poilsis"},"content":{"rendered":"\n<p>Bir\u017eelio 13-17 dienomis gimnazijoje buvo organizuota vaik\u0173 vasaros stovykla \u201eSmagios atostogos kartu\u201c, kurioje mokiniai aktyviai, turiningai ir \u012fdomiai praleido savo laisvalaik\u012f. Vyko daug \u012fdomi\u0173 edukacini\u0173 u\u017esi\u0117mim\u0173 ir ekskursij\u0173 vaikams naujoje aplinkoje: kine, boulinge, parke, Gedimino pilyje, Trak\u0173 pilyje, Mol\u0117tuose, \u017dalvario parke, alpak\u0173 pievoje. \u00a0\u00a0Paskutin\u0119 stovyklos dien\u0105 vaikai gavo atminimo dovan\u0117l\u0119 ir gerai bei d\u017eiaugsmingai nusiteik\u0119 atsisveikino su gimnazija.<\/p>\n","protected":false},"excerpt":{"rendered":"<p>Bir\u017eelio 13-17 dienomis gimnazijoje buvo organizuota vaik\u0173 vasaros stovykla \u201eSmagios atostogos kartu\u201c, kurioje mokiniai aktyviai, turiningai ir \u012fdomiai praleido savo laisvalaik\u012f. Vyko daug \u012fdomi\u0173 edukacini\u0173 u\u017esi\u0117mim\u0173 ir ekskursij\u0173 vaikams naujoje aplinkoje: kine, boulinge, parke, Gedimino pilyje, Trak\u0173 pilyje, Mol\u0117tuose, \u017dalvario <a href=\"https:\/\/www.ausros.vilniausr.lm.lt\/?page_id=5960\" class=\"read-more\">Daugiau &#8230;<\/a><\/p>\n","protected":false},"author":3,"featured_media":0,"parent":0,"menu_order":0,"comment_status":"closed","ping_status":"closed","template":"","meta":{"footnotes":""},"class_list":["post-5960","page","type-page","status-publish","hentry"],"_links":{"self":[{"href":"https:\/\/www.ausros.vilniausr.lm.lt\/index.php?rest_route=\/wp\/v2\/pages\/5960","targetHints":{"allow":["GET"]}}],"collection":[{"href":"https:\/\/www.ausros.vilniausr.lm.lt\/index.php?rest_route=\/wp\/v2\/pages"}],"about":[{"href":"https:\/\/www.ausros.vilniausr.lm.lt\/index.php?rest_route=\/wp\/v2\/types\/page"}],"author":[{"embeddable":true,"href":"https:\/\/www.ausros.vilniausr.lm.lt\/index.php?rest_route=\/wp\/v2\/users\/3"}],"replies":[{"embeddable":true,"href":"https:\/\/www.ausros.vilniausr.lm.lt\/index.php?rest_route=%2Fwp%2Fv2%2Fcomments&post=5960"}],"version-history":[{"count":4,"href":"https:\/\/www.ausros.vilniausr.lm.lt\/index.php?rest_route=\/wp\/v2\/pages\/5960\/revisions"}],"predecessor-version":[{"id":6911,"href":"https:\/\/www.ausros.vilniausr.lm.lt\/index.php?rest_route=\/wp\/v2\/pages\/5960\/revisions\/6911"}],"wp:attachment":[{"href":"https:\/\/www.ausros.vilniausr.lm.lt\/index.php?rest_route=%2Fwp%2Fv2%2Fmedia&parent=5960"}],"curies":[{"name":"wp","href":"https:\/\/api.w.org\/{rel}","templated":true}]}}