{"id":5983,"date":"2022-10-09T11:33:59","date_gmt":"2022-10-09T11:33:59","guid":{"rendered":"http:\/\/www.ausrosgimnazija.kalveliai.vilniausr.lm.lt\/?page_id=5983"},"modified":"2022-10-21T14:10:34","modified_gmt":"2022-10-21T14:10:34","slug":"popamokine-veikla","status":"publish","type":"page","link":"https:\/\/www.ausros.vilniausr.lm.lt\/?page_id=5983","title":{"rendered":"Popamokin\u0117 veikla"},"content":{"rendered":"\n<div class=\"wp-block-file\"><a id=\"wp-block-file--media-b7052b57-d5b8-4269-96d9-97a7981f950b\" href=\"https:\/\/www.ausrosgimnazija.kalveliai.vilniausr.lm.lt\/wp-content\/uploads\/2022\/10\/Renginiu-organizavimo-tvarkos-aprasas.pdf\">Vilniaus r. Kalveli\u0173 &#8222;Au\u0161ros&#8221; gimnazijos rengini\u0173 organizavimo tvarkos apra\u0161as<\/a><\/div>\n\n\n\n<h2 class=\"wp-block-heading\"><strong>Gimnazijoje organizuojami tradiciniai renginiai ir \u0161vent\u0117s:<\/strong> <\/h2>\n\n\n\n<p><strong>Mokslo ir \u017eini\u0173 diena<\/strong><\/p>\n\n\n\n<p><strong>Mokytojo diena<\/strong><\/p>\n\n\n\n<p><strong>Rudens g\u0117rybi\u0173 \u0161vent\u0117<\/strong><\/p>\n\n\n\n<p><strong>Kal\u0117din\u0117s eglut\u0117s \u0161vent\u0117<\/strong><\/p>\n\n\n\n<p><strong>Adventin\u0117 popiet\u0117<\/strong><\/p>\n\n\n\n<p><strong>Sausio 13-osios akcija \u201cAtmintis gyva, nes liudija\u201d<\/strong><\/p>\n\n\n\n<p><strong>Vasario 16 \u2013 oji &#8211; Lietuvos valstyb\u0117s atk\u016brimo diena<\/strong><\/p>\n\n\n\n<p><strong>\u0160imtadienis<\/strong><\/p>\n\n\n\n<p><strong>U\u017egav\u0117n\u0117s<\/strong><\/p>\n\n\n\n<p><strong>Sporto ir sveikatingumo dienos<\/strong><\/p>\n\n\n\n<p><strong>Kaziuko mug\u0117<\/strong><\/p>\n\n\n\n<p><strong>Kovo 11-osios min\u0117jimas<\/strong><\/p>\n\n\n\n<p><strong>Pasaulio vaik\u0173 gynimo diena<\/strong><\/p>\n\n\n\n<p><strong>Tolerancijos diena<\/strong><\/p>\n\n\n\n<p><strong>Akcija \u201cDAROM\u201d<\/strong><\/p>\n\n\n\n<p><strong>Kalb\u0173 diena<\/strong><\/p>\n\n\n\n<p>Atnaujinta: 2022-09-01<\/p>\n","protected":false},"excerpt":{"rendered":"<p>Gimnazijoje organizuojami tradiciniai renginiai ir \u0161vent\u0117s: Mokslo ir \u017eini\u0173 diena Mokytojo diena Rudens g\u0117rybi\u0173 \u0161vent\u0117 Kal\u0117din\u0117s eglut\u0117s \u0161vent\u0117 Adventin\u0117 popiet\u0117 Sausio 13-osios akcija \u201cAtmintis gyva, nes liudija\u201d Vasario 16 \u2013 oji &#8211; Lietuvos valstyb\u0117s atk\u016brimo diena \u0160imtadienis U\u017egav\u0117n\u0117s Sporto ir <a href=\"https:\/\/www.ausros.vilniausr.lm.lt\/?page_id=5983\" class=\"read-more\">Daugiau &#8230;<\/a><\/p>\n","protected":false},"author":3,"featured_media":0,"parent":0,"menu_order":0,"comment_status":"closed","ping_status":"closed","template":"","meta":{"footnotes":""},"class_list":["post-5983","page","type-page","status-publish","hentry"],"_links":{"self":[{"href":"https:\/\/www.ausros.vilniausr.lm.lt\/index.php?rest_route=\/wp\/v2\/pages\/5983","targetHints":{"allow":["GET"]}}],"collection":[{"href":"https:\/\/www.ausros.vilniausr.lm.lt\/index.php?rest_route=\/wp\/v2\/pages"}],"about":[{"href":"https:\/\/www.ausros.vilniausr.lm.lt\/index.php?rest_route=\/wp\/v2\/types\/page"}],"author":[{"embeddable":true,"href":"https:\/\/www.ausros.vilniausr.lm.lt\/index.php?rest_route=\/wp\/v2\/users\/3"}],"replies":[{"embeddable":true,"href":"https:\/\/www.ausros.vilniausr.lm.lt\/index.php?rest_route=%2Fwp%2Fv2%2Fcomments&post=5983"}],"version-history":[{"count":3,"href":"https:\/\/www.ausros.vilniausr.lm.lt\/index.php?rest_route=\/wp\/v2\/pages\/5983\/revisions"}],"predecessor-version":[{"id":6754,"href":"https:\/\/www.ausros.vilniausr.lm.lt\/index.php?rest_route=\/wp\/v2\/pages\/5983\/revisions\/6754"}],"wp:attachment":[{"href":"https:\/\/www.ausros.vilniausr.lm.lt\/index.php?rest_route=%2Fwp%2Fv2%2Fmedia&parent=5983"}],"curies":[{"name":"wp","href":"https:\/\/api.w.org\/{rel}","templated":true}]}}