{"id":61,"date":"2019-08-31T12:07:46","date_gmt":"2019-08-31T12:07:46","guid":{"rendered":"http:\/\/localhost:8080\/wordpress\/?page_id=61"},"modified":"2025-03-27T16:56:12","modified_gmt":"2025-03-27T16:56:12","slug":"korupcijos-prevencija","status":"publish","type":"page","link":"https:\/\/www.ausros.vilniausr.lm.lt\/?page_id=61","title":{"rendered":"Korupcijos prevencija"},"content":{"rendered":"\n<p><strong>&nbsp;&nbsp;&nbsp;&nbsp;&nbsp;&nbsp;&nbsp;&nbsp;&nbsp;&nbsp;&nbsp;&nbsp;&nbsp;&nbsp;&nbsp;&nbsp;&nbsp;&nbsp;&nbsp;&nbsp;&nbsp;&nbsp;&nbsp;&nbsp;&nbsp;&nbsp;&nbsp;&nbsp;&nbsp;&nbsp;&nbsp;&nbsp;&nbsp;&nbsp;&nbsp;&nbsp;&nbsp;&nbsp;&nbsp;&nbsp;&nbsp;&nbsp;&nbsp;&nbsp;&nbsp;&nbsp;&nbsp;&nbsp;&nbsp;&nbsp;&nbsp;&nbsp;&nbsp;&nbsp;&nbsp;&nbsp;&nbsp; PRANE\u0160IMAS<\/strong><\/p>\n\n\n\n<p>Gerbiami paslaug\u0173 gav\u0117jai, primename, kad m\u016bs\u0173 darbuotojai negali priimti joki\u0173 materialini\u0173 dovan\u0173 ar pad\u0117k\u0173, \u012fskaitant pinigus, dovan\u0173 \u010dekius, maisto produktus ar kitus daiktus. J\u016bs\u0173 nuo\u0161irdi pad\u0117ka \u017eod\u017eiu\/ra\u0161tu yra did\u017eiausias \u012fvertinimas m\u016bs\u0173 darbui.<\/p>\n\n\n\n<p>&nbsp;D\u0117kojame u\u017e supratingum\u0105 ir u\u017e tai, kad prisidedate prie skaidrios, pagarbaus bendravimo kult\u016bros k\u016brimo!<\/p>\n\n\n\n<hr class=\"wp-block-separator has-alpha-channel-opacity\"\/>\n\n\n\n<p><strong>U\u017e korupcijos prevencij\u0105 Vilniaus r. Kalveli\u0173 &#8222;Au\u0161ros&#8221; gimnazijoje atsakingi:<\/strong><\/p>\n\n\n\n<p>Direktor\u0117: <strong>Irena Veli\u010dkien\u0117<\/strong>, tel: 052495179, el. pa\u0161tas: <a href=\"mailto:ausra@ausrosgimnazija.kalveliai.vilniausr.lm.lt\" target=\"_blank\" rel=\"noreferrer noopener\">irena.velickiene@ausros.vilniausr.lm.lt<\/a><\/p>\n\n\n\n<p>Direktoriaus pavaduotojas ugdymui: <strong>Nina Ba\u0161ajevien\u0117<\/strong>, tel: 052495179, el. pa\u0161tas: <a href=\"mailto:ausra@ausrosgimnazija.kalveliai.vilniausr.lm.lt\" target=\"_blank\" rel=\"noreferrer noopener\">nina.basajeviene@ausros.vilniausr.lm.lt<\/a>\u00a0<\/p>\n\n\n\n<div class=\"wp-block-file\"><a id=\"wp-block-file--media-cab2de94-5b04-4472-8c2d-fd66f01fc2b6\" href=\"http:\/\/www.ausrosgimnazija.kalveliai.vilniausr.lm.lt\/wp-content\/uploads\/2022\/10\/Rekomendacijos-del-veiksmu-susidurus-su-korupcinio-pobudzio-veikla.pdf\"><strong>Rekomendacijos d\u0117l veiksm\u0173, susid\u016brus su korupcinio pob\u016bd\u017eio veikla<\/strong><\/a><\/div>\n\n\n\n<hr class=\"wp-block-separator has-alpha-channel-opacity\"\/>\n\n\n\n<p><strong>Lietuvos Respublikos korupcijos prevencijos \u012fstatymas<\/strong><\/p>\n\n\n\n<p><a href=\"https:\/\/www.e-tar.lt\/portal\/lt\/legalActEditions\/TAR.4DBDE27621A2?faces-redirect=true\">https:\/\/www.e-tar.lt\/portal\/lt\/legalActEditions\/TAR.4DBDE27621A2?faces-redirect=true<\/a><\/p>\n\n\n\n<p><strong>2022\u20132033 met\u0173 nacionalin\u0117 darbotvark\u0117 korupcijos prevencijos klausimais<\/strong> <\/p>\n\n\n\n<p><a href=\"https:\/\/www.e-tar.lt\/portal\/lt\/legalAct\/2b958160fdbc11ec8fa7d02a65c371ad\">https:\/\/www.e-tar.lt\/portal\/lt\/legalAct\/2b958160fdbc11ec8fa7d02a65c371ad<\/a><\/p>\n\n\n\n<p>Vadovaujantis Lietuvos Respublikos korupcijos prevencijos \u012fstatymo III skyriaus nuostatomis ir 17 str. 5 dalimi, \u0161vietimo \u012fstaigos pareigyb\u0117s, d\u0117l kuri\u0173 teikiamas pra\u0161ymas Speciali\u0173j\u0173 tyrim\u0173 tarnybai pateikti informacij\u0105: direktoriaus pavaduotojas ugdymui, direktoriaus pavaduotojas \u016bkiui.<\/p>\n\n\n\n<p><strong>Apie \u012ftariamus korupcijos atvejus taip pat galite prane\u0161ti:<\/strong><strong> <\/strong><strong><\/strong><\/p>\n\n\n\n<p>Lietuvos Respublikos speciali\u0173j\u0173 tyrim\u0173 tarnyba <a href=\"https:\/\/www.stt.lt\">https:\/\/www.stt.lt<\/a><\/p>\n\n\n\n<p> Kaip prane\u0161ti apie korupcij\u0105 <a href=\"https:\/\/www.stt.lt\/pateikti-pranesima-apie-korupcija\/7425\">https:\/\/www.stt.lt\/pateikti-pranesima-apie-korupcija\/7425<\/a><\/p>\n\n\n\n<hr class=\"wp-block-separator has-css-opacity\"\/>\n\n\n\n<div class=\"wp-block-file\"><a id=\"wp-block-file--media-c1f339b8-e5a6-45be-b3f0-a636c4668f0a\" href=\"http:\/\/www.ausrosgimnazija.kalveliai.vilniausr.lm.lt\/wp-content\/uploads\/2021\/10\/LR-KORUPCIJOS-PREVENCIJOS-\u012eSTATYMAS.pdf\">LIETUVOS RESPUBLIKOS KORUPCIJOS PREVENCIJOS \u012eSTATYMAS<\/a><\/div>\n\n\n\n<hr class=\"wp-block-separator has-alpha-channel-opacity\"\/>\n\n\n\n<p>Atnaujinta: 2025-03-27<\/p>\n","protected":false},"excerpt":{"rendered":"<p>&nbsp;&nbsp;&nbsp;&nbsp;&nbsp;&nbsp;&nbsp;&nbsp;&nbsp;&nbsp;&nbsp;&nbsp;&nbsp;&nbsp;&nbsp;&nbsp;&nbsp;&nbsp;&nbsp;&nbsp;&nbsp;&nbsp;&nbsp;&nbsp;&nbsp;&nbsp;&nbsp;&nbsp;&nbsp;&nbsp;&nbsp;&nbsp;&nbsp;&nbsp;&nbsp;&nbsp;&nbsp;&nbsp;&nbsp;&nbsp;&nbsp;&nbsp;&nbsp;&nbsp;&nbsp;&nbsp;&nbsp;&nbsp;&nbsp;&nbsp;&nbsp;&nbsp;&nbsp;&nbsp;&nbsp;&nbsp;&nbsp; PRANE\u0160IMAS Gerbiami paslaug\u0173 gav\u0117jai, primename, kad m\u016bs\u0173 darbuotojai negali priimti joki\u0173 materialini\u0173 dovan\u0173 ar pad\u0117k\u0173, \u012fskaitant pinigus, dovan\u0173 \u010dekius, maisto produktus ar kitus daiktus. J\u016bs\u0173 nuo\u0161irdi pad\u0117ka \u017eod\u017eiu\/ra\u0161tu yra did\u017eiausias \u012fvertinimas m\u016bs\u0173 darbui. &nbsp;D\u0117kojame u\u017e supratingum\u0105 ir u\u017e tai, <a href=\"https:\/\/www.ausros.vilniausr.lm.lt\/?page_id=61\" class=\"read-more\">Daugiau &#8230;<\/a><\/p>\n","protected":false},"author":3,"featured_media":0,"parent":0,"menu_order":0,"comment_status":"closed","ping_status":"closed","template":"","meta":{"footnotes":""},"class_list":["post-61","page","type-page","status-publish","hentry"],"_links":{"self":[{"href":"https:\/\/www.ausros.vilniausr.lm.lt\/index.php?rest_route=\/wp\/v2\/pages\/61","targetHints":{"allow":["GET"]}}],"collection":[{"href":"https:\/\/www.ausros.vilniausr.lm.lt\/index.php?rest_route=\/wp\/v2\/pages"}],"about":[{"href":"https:\/\/www.ausros.vilniausr.lm.lt\/index.php?rest_route=\/wp\/v2\/types\/page"}],"author":[{"embeddable":true,"href":"https:\/\/www.ausros.vilniausr.lm.lt\/index.php?rest_route=\/wp\/v2\/users\/3"}],"replies":[{"embeddable":true,"href":"https:\/\/www.ausros.vilniausr.lm.lt\/index.php?rest_route=%2Fwp%2Fv2%2Fcomments&post=61"}],"version-history":[{"count":17,"href":"https:\/\/www.ausros.vilniausr.lm.lt\/index.php?rest_route=\/wp\/v2\/pages\/61\/revisions"}],"predecessor-version":[{"id":11801,"href":"https:\/\/www.ausros.vilniausr.lm.lt\/index.php?rest_route=\/wp\/v2\/pages\/61\/revisions\/11801"}],"wp:attachment":[{"href":"https:\/\/www.ausros.vilniausr.lm.lt\/index.php?rest_route=%2Fwp%2Fv2%2Fmedia&parent=61"}],"curies":[{"name":"wp","href":"https:\/\/api.w.org\/{rel}","templated":true}]}}