{"id":6319,"date":"2022-10-12T19:14:48","date_gmt":"2022-10-12T19:14:48","guid":{"rendered":"http:\/\/www.ausrosgimnazija.kalveliai.vilniausr.lm.lt\/?page_id=6319"},"modified":"2022-10-12T19:14:49","modified_gmt":"2022-10-12T19:14:49","slug":"svetaines-medis-2","status":"publish","type":"page","link":"https:\/\/www.ausros.vilniausr.lm.lt\/?page_id=6319","title":{"rendered":"Svetain\u0117s medis"},"content":{"rendered":"<div class=\"widget widget_nav_menu\"><h2 class=\"widgettitle\">Menu<\/h2><div class=\"menu-pagrindinis-virsutinis-meniu-container\"><ul id=\"menu-pagrindinis-virsutinis-meniu\" class=\"menu\"><li id=\"menu-item-299\" class=\"menu-item menu-item-type-custom menu-item-object-custom menu-item-299\"><a href=\"http:\/\/www.ausrosgimnazija.kalveliai.vilniausr.lm.lt\">Naujienos<\/a><\/li>\n<li id=\"menu-item-310\" class=\"menu-item menu-item-type-custom menu-item-object-custom menu-item-has-children menu-item-310\"><a>Strukt\u016bra ir kontaktin\u0117 informacija<\/a>\n<ul class=\"sub-menu\">\n\t<li id=\"menu-item-116\" class=\"menu-item menu-item-type-post_type menu-item-object-page menu-item-116\"><a href=\"https:\/\/www.ausros.vilniausr.lm.lt\/?page_id=113\">Kontaktin\u0117 informacija<\/a><\/li>\n\t<li id=\"menu-item-126\" class=\"menu-item menu-item-type-post_type menu-item-object-page menu-item-126\"><a href=\"https:\/\/www.ausros.vilniausr.lm.lt\/?page_id=119\">Valdymo strukt\u016bros schema<\/a><\/li>\n\t<li id=\"menu-item-5738\" class=\"menu-item menu-item-type-custom menu-item-object-custom menu-item-has-children menu-item-5738\"><a>Vadovai<\/a>\n\t<ul class=\"sub-menu\">\n\t\t<li id=\"menu-item-125\" class=\"menu-item menu-item-type-post_type menu-item-object-page menu-item-125\"><a href=\"https:\/\/www.ausros.vilniausr.lm.lt\/?page_id=118\">Direktor\u0117<\/a><\/li>\n\t\t<li id=\"menu-item-1442\" class=\"menu-item menu-item-type-post_type menu-item-object-page menu-item-1442\"><a href=\"https:\/\/www.ausros.vilniausr.lm.lt\/?page_id=1433\">Direktoriaus pavaduotojas ugdymui<\/a><\/li>\n\t\t<li id=\"menu-item-1441\" class=\"menu-item menu-item-type-post_type menu-item-object-page menu-item-1441\"><a href=\"https:\/\/www.ausros.vilniausr.lm.lt\/?page_id=1435\">L.e. direktoriaus pavaduotojas \u016bkio reikalams<\/a><\/li>\n\t<\/ul>\n<\/li>\n\t<li id=\"menu-item-5739\" class=\"menu-item menu-item-type-custom menu-item-object-custom menu-item-has-children menu-item-5739\"><a>Darbuotojai<\/a>\n\t<ul class=\"sub-menu\">\n\t\t<li id=\"menu-item-295\" class=\"menu-item menu-item-type-post_type menu-item-object-page menu-item-295\"><a href=\"https:\/\/www.ausros.vilniausr.lm.lt\/?page_id=229\">Mokytojai ir pagalbos mokiniui specialistai<\/a><\/li>\n\t\t<li id=\"menu-item-5749\" class=\"menu-item menu-item-type-post_type menu-item-object-page menu-item-5749\"><a href=\"https:\/\/www.ausros.vilniausr.lm.lt\/?page_id=5744\">Klasi\u0173 vadovai<\/a><\/li>\n\t\t<li id=\"menu-item-5748\" class=\"menu-item menu-item-type-post_type menu-item-object-page menu-item-5748\"><a href=\"https:\/\/www.ausros.vilniausr.lm.lt\/?page_id=5746\">Kiti darbuotojai<\/a><\/li>\n\t<\/ul>\n<\/li>\n\t<li id=\"menu-item-5740\" class=\"menu-item menu-item-type-custom menu-item-object-custom menu-item-has-children menu-item-5740\"><a>Savivalda<\/a>\n\t<ul class=\"sub-menu\">\n\t\t<li id=\"menu-item-298\" class=\"menu-item menu-item-type-post_type menu-item-object-page menu-item-298\"><a href=\"https:\/\/www.ausros.vilniausr.lm.lt\/?page_id=217\">Gimnazijos taryba<\/a><\/li>\n\t\t<li id=\"menu-item-6557\" class=\"menu-item menu-item-type-post_type menu-item-object-page menu-item-6557\"><a href=\"https:\/\/www.ausros.vilniausr.lm.lt\/?page_id=6555\">Darbo taryba<\/a><\/li>\n\t\t<li id=\"menu-item-6553\" class=\"menu-item menu-item-type-post_type menu-item-object-page menu-item-6553\"><a href=\"https:\/\/www.ausros.vilniausr.lm.lt\/?page_id=6548\">Mokytoj\u0173 taryba<\/a><\/li>\n\t\t<li id=\"menu-item-221\" class=\"menu-item menu-item-type-post_type menu-item-object-page menu-item-221\"><a href=\"https:\/\/www.ausros.vilniausr.lm.lt\/?page_id=219\">Metodin\u0117 taryba<\/a><\/li>\n\t\t<li id=\"menu-item-296\" class=\"menu-item menu-item-type-post_type menu-item-object-page menu-item-296\"><a href=\"https:\/\/www.ausros.vilniausr.lm.lt\/?page_id=226\">Mokini\u0173 taryba<\/a><\/li>\n\t\t<li id=\"menu-item-5406\" class=\"menu-item menu-item-type-post_type menu-item-object-page menu-item-5406\"><a href=\"https:\/\/www.ausros.vilniausr.lm.lt\/?page_id=5402\">T\u0117v\u0173 taryba<\/a><\/li>\n\t<\/ul>\n<\/li>\n\t<li id=\"menu-item-4568\" class=\"menu-item menu-item-type-post_type menu-item-object-page menu-item-4568\"><a href=\"https:\/\/www.ausros.vilniausr.lm.lt\/?page_id=4566\">Komisijos ir darbo grup\u0117s<\/a><\/li>\n\t<li id=\"menu-item-303\" class=\"menu-item menu-item-type-custom menu-item-object-custom menu-item-has-children menu-item-303\"><a>Apie mus<\/a>\n\t<ul class=\"sub-menu\">\n\t\t<li id=\"menu-item-202\" class=\"menu-item menu-item-type-post_type menu-item-object-page menu-item-202\"><a href=\"https:\/\/www.ausros.vilniausr.lm.lt\/?page_id=200\">Vizija, misija<\/a><\/li>\n\t\t<li id=\"menu-item-199\" class=\"menu-item menu-item-type-post_type menu-item-object-page menu-item-199\"><a href=\"https:\/\/www.ausros.vilniausr.lm.lt\/?page_id=197\">Gimnazijos istorija<\/a><\/li>\n\t\t<li id=\"menu-item-6357\" class=\"menu-item menu-item-type-post_type menu-item-object-page menu-item-6357\"><a href=\"https:\/\/www.ausros.vilniausr.lm.lt\/?page_id=6355\">ES projektai<\/a><\/li>\n\t\t<li id=\"menu-item-327\" class=\"menu-item menu-item-type-post_type menu-item-object-page menu-item-327\"><a href=\"https:\/\/www.ausros.vilniausr.lm.lt\/?page_id=231\">Socialiniai partneriai<\/a><\/li>\n\t\t<li id=\"menu-item-315\" class=\"menu-item menu-item-type-post_type menu-item-object-page menu-item-315\"><a href=\"https:\/\/www.ausros.vilniausr.lm.lt\/?page_id=246\">Mokini\u0173 laim\u0117jimai<\/a><\/li>\n\t\t<li id=\"menu-item-5362\" class=\"menu-item menu-item-type-post_type menu-item-object-page menu-item-5362\"><a href=\"https:\/\/www.ausros.vilniausr.lm.lt\/?page_id=4460\">Mokini\u0173 darbai<\/a><\/li>\n\t\t<li id=\"menu-item-6586\" class=\"menu-item menu-item-type-post_type menu-item-object-page menu-item-6586\"><a href=\"https:\/\/www.ausros.vilniausr.lm.lt\/?page_id=6583\">Atributika<\/a><\/li>\n\t\t<li id=\"menu-item-6735\" class=\"menu-item menu-item-type-post_type menu-item-object-page menu-item-6735\"><a href=\"https:\/\/www.ausros.vilniausr.lm.lt\/?page_id=6733\">Mokyklos himnas<\/a><\/li>\n\t\t<li id=\"menu-item-148\" class=\"menu-item menu-item-type-post_type menu-item-object-page menu-item-148\"><a href=\"https:\/\/www.ausros.vilniausr.lm.lt\/?page_id=145\">Darbo skelbimai<\/a><\/li>\n\t<\/ul>\n<\/li>\n<\/ul>\n<\/li>\n<li id=\"menu-item-311\" class=\"menu-item menu-item-type-custom menu-item-object-custom menu-item-has-children menu-item-311\"><a>Teisin\u0117 informacija<\/a>\n<ul class=\"sub-menu\">\n\t<li id=\"menu-item-6186\" class=\"menu-item menu-item-type-custom menu-item-object-custom menu-item-has-children menu-item-6186\"><a>Teis\u0117s aktai<\/a>\n\t<ul class=\"sub-menu\">\n\t\t<li id=\"menu-item-6178\" class=\"menu-item menu-item-type-post_type menu-item-object-page menu-item-6178\"><a href=\"https:\/\/www.ausros.vilniausr.lm.lt\/?page_id=6176\">Lietuvos Respublikos teis\u0117s aktai, reglamentuojantys \u0161vietim\u0105<\/a><\/li>\n\t\t<li id=\"menu-item-6181\" class=\"menu-item menu-item-type-post_type menu-item-object-page menu-item-6181\"><a href=\"https:\/\/www.ausros.vilniausr.lm.lt\/?page_id=6179\">Savivaldyb\u0117s teis\u0117s aktai, reglamentuojantys \u0161vietim\u0105<\/a><\/li>\n\t\t<li id=\"menu-item-6184\" class=\"menu-item menu-item-type-post_type menu-item-object-page menu-item-6184\"><a href=\"https:\/\/www.ausros.vilniausr.lm.lt\/?page_id=6182\">Gimnazijos tvarkos bei taisykl\u0117s<\/a><\/li>\n\t<\/ul>\n<\/li>\n\t<li id=\"menu-item-5705\" class=\"menu-item menu-item-type-post_type menu-item-object-page menu-item-5705\"><a href=\"https:\/\/www.ausros.vilniausr.lm.lt\/?page_id=5697\">Teis\u0117s akt\u0173 projektai<\/a><\/li>\n\t<li id=\"menu-item-5704\" class=\"menu-item menu-item-type-post_type menu-item-object-page menu-item-5704\"><a href=\"https:\/\/www.ausros.vilniausr.lm.lt\/?page_id=5699\">Tyrimai ir analiz\u0117s<\/a><\/li>\n\t<li id=\"menu-item-5703\" class=\"menu-item menu-item-type-post_type menu-item-object-page menu-item-5703\"><a href=\"https:\/\/www.ausros.vilniausr.lm.lt\/?page_id=5701\">Teis\u0117s akt\u0173 pa\u017eeidimai<\/a><\/li>\n\t<li id=\"menu-item-5708\" class=\"menu-item menu-item-type-post_type menu-item-object-page menu-item-5708\"><a href=\"https:\/\/www.ausros.vilniausr.lm.lt\/?page_id=5706\">Galiojan\u010dio teisinio reguliavimo poveikio ex post vertinimas<\/a><\/li>\n<\/ul>\n<\/li>\n<li id=\"menu-item-313\" class=\"menu-item menu-item-type-custom menu-item-object-custom menu-item-has-children menu-item-313\"><a>Veiklos sritys<\/a>\n<ul class=\"sub-menu\">\n\t<li id=\"menu-item-5979\" class=\"menu-item menu-item-type-custom menu-item-object-custom menu-item-has-children menu-item-5979\"><a>Ugdymas<\/a>\n\t<ul class=\"sub-menu\">\n\t\t<li id=\"menu-item-5561\" class=\"menu-item menu-item-type-post_type menu-item-object-page menu-item-5561\"><a href=\"https:\/\/www.ausros.vilniausr.lm.lt\/?page_id=5559\">Prie\u0161mokyklinis ugdymas<\/a><\/li>\n\t\t<li id=\"menu-item-5565\" class=\"menu-item menu-item-type-post_type menu-item-object-page menu-item-5565\"><a href=\"https:\/\/www.ausros.vilniausr.lm.lt\/?page_id=5562\">Pradinis ugdymas<\/a><\/li>\n\t\t<li id=\"menu-item-5580\" class=\"menu-item menu-item-type-post_type menu-item-object-page menu-item-5580\"><a href=\"https:\/\/www.ausros.vilniausr.lm.lt\/?page_id=5568\">Pagrindinis ugdymas<\/a><\/li>\n\t\t<li id=\"menu-item-5589\" class=\"menu-item menu-item-type-post_type menu-item-object-page menu-item-5589\"><a href=\"https:\/\/www.ausros.vilniausr.lm.lt\/?page_id=5581\">Vidurinis ugdymas<\/a><\/li>\n\t\t<li id=\"menu-item-5870\" class=\"menu-item menu-item-type-post_type menu-item-object-page menu-item-5870\"><a href=\"https:\/\/www.ausros.vilniausr.lm.lt\/?page_id=5868\">Speciali\u0173j\u0173 ugdymosi poreiki\u0173 mokini\u0173 ugdymas<\/a><\/li>\n\t\t<li id=\"menu-item-5873\" class=\"menu-item menu-item-type-post_type menu-item-object-page menu-item-5873\"><a href=\"https:\/\/www.ausros.vilniausr.lm.lt\/?page_id=5871\">Gabi\u0173 vaik\u0173 ugdymas<\/a><\/li>\n\t\t<li id=\"menu-item-314\" class=\"menu-item menu-item-type-post_type menu-item-object-page menu-item-314\"><a href=\"https:\/\/www.ausros.vilniausr.lm.lt\/?page_id=249\">Neformalusis \u0161vietimas<\/a><\/li>\n\t\t<li id=\"menu-item-4156\" class=\"menu-item menu-item-type-post_type menu-item-object-page menu-item-4156\"><a href=\"https:\/\/www.ausros.vilniausr.lm.lt\/?page_id=4154\">Nuotolinis ugdymas<\/a><\/li>\n\t\t<li id=\"menu-item-5882\" class=\"menu-item menu-item-type-post_type menu-item-object-page menu-item-5882\"><a href=\"https:\/\/www.ausros.vilniausr.lm.lt\/?page_id=5880\">Ugdymasis \u0161eimoje<\/a><\/li>\n\t<\/ul>\n<\/li>\n\t<li id=\"menu-item-5886\" class=\"menu-item menu-item-type-post_type menu-item-object-page menu-item-5886\"><a href=\"https:\/\/www.ausros.vilniausr.lm.lt\/?page_id=5884\">Pasiekim\u0173 patikrinimas<\/a><\/li>\n\t<li id=\"menu-item-5985\" class=\"menu-item menu-item-type-post_type menu-item-object-page menu-item-5985\"><a href=\"https:\/\/www.ausros.vilniausr.lm.lt\/?page_id=5983\">Popamokin\u0117 veikla<\/a><\/li>\n\t<li id=\"menu-item-4410\" class=\"menu-item menu-item-type-post_type menu-item-object-page menu-item-4410\"><a href=\"https:\/\/www.ausros.vilniausr.lm.lt\/?page_id=4407\">Prevencin\u0117 veikla<\/a><\/li>\n\t<li id=\"menu-item-316\" class=\"menu-item menu-item-type-custom menu-item-object-custom menu-item-has-children menu-item-316\"><a>Projektin\u0117 veikla<\/a>\n\t<ul class=\"sub-menu\">\n\t\t<li id=\"menu-item-12835\" class=\"menu-item menu-item-type-post_type menu-item-object-page menu-item-12835\"><a href=\"https:\/\/www.ausros.vilniausr.lm.lt\/?page_id=12833\">2025-2026 m. m. projektai<\/a><\/li>\n\t\t<li id=\"menu-item-10942\" class=\"menu-item menu-item-type-post_type menu-item-object-page menu-item-10942\"><a href=\"https:\/\/www.ausros.vilniausr.lm.lt\/?page_id=10940\">2024-2025 m. m. projektai<\/a><\/li>\n\t\t<li id=\"menu-item-9505\" class=\"menu-item menu-item-type-post_type menu-item-object-page menu-item-9505\"><a href=\"https:\/\/www.ausros.vilniausr.lm.lt\/?page_id=9502\">2023-2024 m. m. projektai<\/a><\/li>\n\t\t<li id=\"menu-item-6398\" class=\"menu-item menu-item-type-post_type menu-item-object-page menu-item-6398\"><a href=\"https:\/\/www.ausros.vilniausr.lm.lt\/?page_id=6396\">Archyvas 2007-2023<\/a><\/li>\n\t<\/ul>\n<\/li>\n\t<li id=\"menu-item-5919\" class=\"menu-item menu-item-type-post_type menu-item-object-page menu-item-5919\"><a href=\"https:\/\/www.ausros.vilniausr.lm.lt\/?page_id=5917\">Sveikatos stiprinimas<\/a><\/li>\n\t<li id=\"menu-item-4397\" class=\"menu-item menu-item-type-post_type menu-item-object-page menu-item-4397\"><a href=\"https:\/\/www.ausros.vilniausr.lm.lt\/?page_id=4395\">Ugdymas karjerai<\/a><\/li>\n<\/ul>\n<\/li>\n<li id=\"menu-item-5711\" class=\"menu-item menu-item-type-post_type menu-item-object-page menu-item-5711\"><a href=\"https:\/\/www.ausros.vilniausr.lm.lt\/?page_id=5709\">Prane\u0161\u0117j\u0173 apsauga<\/a><\/li>\n<li id=\"menu-item-72\" class=\"menu-item menu-item-type-post_type menu-item-object-page menu-item-72\"><a href=\"https:\/\/www.ausros.vilniausr.lm.lt\/?page_id=61\">Korupcijos prevencija<\/a><\/li>\n<li id=\"menu-item-312\" class=\"menu-item menu-item-type-custom menu-item-object-custom menu-item-has-children menu-item-312\"><a>Administracin\u0117 informacija<\/a>\n<ul class=\"sub-menu\">\n\t<li id=\"menu-item-92\" class=\"menu-item menu-item-type-post_type menu-item-object-page menu-item-92\"><a href=\"https:\/\/www.ausros.vilniausr.lm.lt\/?page_id=78\">Nuostatai<\/a><\/li>\n\t<li id=\"menu-item-797\" class=\"menu-item menu-item-type-post_type menu-item-object-page menu-item-797\"><a href=\"https:\/\/www.ausros.vilniausr.lm.lt\/?page_id=206\">Planavimo dokumentai<\/a><\/li>\n\t<li id=\"menu-item-94\" class=\"menu-item menu-item-type-post_type menu-item-object-page menu-item-94\"><a href=\"https:\/\/www.ausros.vilniausr.lm.lt\/?page_id=80\">Darbo u\u017emokestis<\/a><\/li>\n\t<li id=\"menu-item-5990\" class=\"menu-item menu-item-type-post_type menu-item-object-page menu-item-5990\"><a href=\"https:\/\/www.ausros.vilniausr.lm.lt\/?page_id=5988\">Paskatinimai ir apdovanojimai<\/a><\/li>\n\t<li id=\"menu-item-95\" class=\"menu-item menu-item-type-post_type menu-item-object-page menu-item-95\"><a href=\"https:\/\/www.ausros.vilniausr.lm.lt\/?page_id=81\">Vie\u0161ieji pirkimai<\/a><\/li>\n\t<li id=\"menu-item-12206\" class=\"menu-item menu-item-type-post_type menu-item-object-page menu-item-12206\"><a href=\"https:\/\/www.ausros.vilniausr.lm.lt\/?page_id=12204\">Veiklos ataskaita<\/a><\/li>\n\t<li id=\"menu-item-5726\" class=\"menu-item menu-item-type-post_type menu-item-object-page menu-item-5726\"><a href=\"https:\/\/www.ausros.vilniausr.lm.lt\/?page_id=5717\">Biud\u017eeto vykdymo ataskait\u0173 rinkiniai<\/a><\/li>\n\t<li id=\"menu-item-97\" class=\"menu-item menu-item-type-post_type menu-item-object-page menu-item-97\"><a href=\"https:\/\/www.ausros.vilniausr.lm.lt\/?page_id=83\">Finansini\u0173 ataskait\u0173 rinkiniai<\/a><\/li>\n\t<li id=\"menu-item-5725\" class=\"menu-item menu-item-type-post_type menu-item-object-page menu-item-5725\"><a href=\"https:\/\/www.ausros.vilniausr.lm.lt\/?page_id=5719\">\u016akio subjekt\u0173 prie\u017ei\u016bra<\/a><\/li>\n\t<li id=\"menu-item-5724\" class=\"menu-item menu-item-type-post_type menu-item-object-page menu-item-5724\"><a href=\"https:\/\/www.ausros.vilniausr.lm.lt\/?page_id=5722\">Tarnybiniai lengvieji automobiliai<\/a><\/li>\n\t<li id=\"menu-item-5729\" class=\"menu-item menu-item-type-post_type menu-item-object-page menu-item-5729\"><a href=\"https:\/\/www.ausros.vilniausr.lm.lt\/?page_id=5727\">L\u0117\u0161os veiklai vie\u0161inti<\/a><\/li>\n\t<li id=\"menu-item-5977\" class=\"menu-item menu-item-type-post_type menu-item-object-page menu-item-5977\"><a href=\"https:\/\/www.ausros.vilniausr.lm.lt\/?page_id=5972\">Da\u017eniausiai u\u017eduodami klausimai<\/a><\/li>\n\t<li id=\"menu-item-5976\" class=\"menu-item menu-item-type-post_type menu-item-object-page menu-item-5976\"><a href=\"https:\/\/www.ausros.vilniausr.lm.lt\/?page_id=5974\">Konsultavimasis su visuomene<\/a><\/li>\n<\/ul>\n<\/li>\n<li id=\"menu-item-360\" class=\"menu-item menu-item-type-custom menu-item-object-custom menu-item-has-children menu-item-360\"><a href=\"#\">Paslaugos<\/a>\n<ul class=\"sub-menu\">\n\t<li id=\"menu-item-326\" class=\"menu-item menu-item-type-post_type menu-item-object-page menu-item-326\"><a href=\"https:\/\/www.ausros.vilniausr.lm.lt\/?page_id=204\">Vaik\u0173 pri\u0117mimas \u012f gimnazij\u0105<\/a><\/li>\n\t<li id=\"menu-item-5941\" class=\"menu-item menu-item-type-post_type menu-item-object-page menu-item-5941\"><a href=\"https:\/\/www.ausros.vilniausr.lm.lt\/?page_id=5936\">Skaitmenini\u0173 i\u0161silavinimo pa\u017eym\u0117jim\u0173 ir brandos atestat\u0173 i\u0161davimas<\/a><\/li>\n\t<li id=\"menu-item-5940\" class=\"menu-item menu-item-type-post_type menu-item-object-page menu-item-5940\"><a href=\"https:\/\/www.ausros.vilniausr.lm.lt\/?page_id=5938\">Mokinio pa\u017eym\u0117jimo i\u0161davimas<\/a><\/li>\n\t<li id=\"menu-item-9451\" class=\"menu-item menu-item-type-post_type menu-item-object-page menu-item-9451\"><a href=\"https:\/\/www.ausros.vilniausr.lm.lt\/?page_id=9449\">\u012etraukusis ugdymas<\/a><\/li>\n\t<li id=\"menu-item-5943\" class=\"menu-item menu-item-type-custom menu-item-object-custom menu-item-has-children menu-item-5943\"><a>\u0160vietimo pagalba mokiniui<\/a>\n\t<ul class=\"sub-menu\">\n\t\t<li id=\"menu-item-361\" class=\"menu-item menu-item-type-post_type menu-item-object-page menu-item-361\"><a href=\"https:\/\/www.ausros.vilniausr.lm.lt\/?page_id=352\">Socialinis pedagogas<\/a><\/li>\n\t\t<li id=\"menu-item-362\" class=\"menu-item menu-item-type-post_type menu-item-object-page menu-item-362\"><a href=\"https:\/\/www.ausros.vilniausr.lm.lt\/?page_id=354\">Logopedas<\/a><\/li>\n\t\t<li id=\"menu-item-5534\" class=\"menu-item menu-item-type-post_type menu-item-object-page menu-item-5534\"><a href=\"https:\/\/www.ausros.vilniausr.lm.lt\/?page_id=5532\">Spec. pedagogas<\/a><\/li>\n\t<\/ul>\n<\/li>\n\t<li id=\"menu-item-4625\" class=\"menu-item menu-item-type-post_type menu-item-object-page menu-item-4625\"><a href=\"https:\/\/www.ausros.vilniausr.lm.lt\/?page_id=4621\">Mokymosi pagalba<\/a><\/li>\n\t<li id=\"menu-item-363\" class=\"menu-item menu-item-type-post_type menu-item-object-page menu-item-363\"><a href=\"https:\/\/www.ausros.vilniausr.lm.lt\/?page_id=356\">Sveikatos prie\u017ei\u016bra<\/a><\/li>\n\t<li id=\"menu-item-4413\" class=\"menu-item menu-item-type-post_type menu-item-object-page menu-item-4413\"><a href=\"https:\/\/www.ausros.vilniausr.lm.lt\/?page_id=4411\">Pailgintos dienos grup\u0117<\/a><\/li>\n\t<li id=\"menu-item-367\" class=\"menu-item menu-item-type-post_type menu-item-object-page menu-item-has-children menu-item-367\"><a href=\"https:\/\/www.ausros.vilniausr.lm.lt\/?page_id=365\">Biblioteka<\/a>\n\t<ul class=\"sub-menu\">\n\t\t<li id=\"menu-item-3445\" class=\"menu-item menu-item-type-post_type menu-item-object-page menu-item-3445\"><a href=\"https:\/\/www.ausros.vilniausr.lm.lt\/?page_id=3443\">Vadov\u0117liai ir priemon\u0117s<\/a><\/li>\n\t<\/ul>\n<\/li>\n\t<li id=\"menu-item-5950\" class=\"menu-item menu-item-type-post_type menu-item-object-page menu-item-5950\"><a href=\"https:\/\/www.ausros.vilniausr.lm.lt\/?page_id=5948\">Maitinimas<\/a><\/li>\n\t<li id=\"menu-item-5953\" class=\"menu-item menu-item-type-post_type menu-item-object-page menu-item-5953\"><a href=\"https:\/\/www.ausros.vilniausr.lm.lt\/?page_id=5951\">Pav\u0117\u017e\u0117jimas<\/a><\/li>\n\t<li id=\"menu-item-5966\" class=\"menu-item menu-item-type-post_type menu-item-object-page menu-item-5966\"><a href=\"https:\/\/www.ausros.vilniausr.lm.lt\/?page_id=5958\">Dvira\u010di\u0173 vairuotoj\u0173 mokymas<\/a><\/li>\n\t<li id=\"menu-item-5965\" class=\"menu-item menu-item-type-post_type menu-item-object-page menu-item-5965\"><a href=\"https:\/\/www.ausros.vilniausr.lm.lt\/?page_id=5960\">Vaik\u0173 vasaros poilsis<\/a><\/li>\n\t<li id=\"menu-item-5967\" class=\"menu-item menu-item-type-post_type menu-item-object-page menu-item-5967\"><a href=\"https:\/\/www.ausros.vilniausr.lm.lt\/?page_id=5954\">Sporto aik\u0161tynas<\/a><\/li>\n\t<li id=\"menu-item-5964\" class=\"menu-item menu-item-type-post_type menu-item-object-page menu-item-5964\"><a href=\"https:\/\/www.ausros.vilniausr.lm.lt\/?page_id=5962\">Gimnazijos bendrabutis<\/a><\/li>\n<\/ul>\n<\/li>\n<li id=\"menu-item-74\" class=\"menu-item menu-item-type-post_type menu-item-object-page menu-item-74\"><a href=\"https:\/\/www.ausros.vilniausr.lm.lt\/?page_id=64\">Asmens duomen\u0173 apsauga<\/a><\/li>\n<li id=\"menu-item-304\" class=\"menu-item menu-item-type-custom menu-item-object-custom menu-item-has-children menu-item-304\"><a>Informacija<\/a>\n<ul class=\"sub-menu\">\n\t<li id=\"menu-item-340\" class=\"menu-item menu-item-type-post_type menu-item-object-page menu-item-340\"><a href=\"https:\/\/www.ausros.vilniausr.lm.lt\/?page_id=331\">Mokiniams<\/a><\/li>\n\t<li id=\"menu-item-341\" class=\"menu-item menu-item-type-post_type menu-item-object-page menu-item-341\"><a href=\"https:\/\/www.ausros.vilniausr.lm.lt\/?page_id=333\">T\u0117vams<\/a><\/li>\n\t<li id=\"menu-item-342\" class=\"menu-item menu-item-type-post_type menu-item-object-page menu-item-has-children menu-item-342\"><a href=\"https:\/\/www.ausros.vilniausr.lm.lt\/?page_id=335\">Mokytojams<\/a>\n\t<ul class=\"sub-menu\">\n\t\t<li id=\"menu-item-4406\" class=\"menu-item menu-item-type-post_type menu-item-object-page menu-item-4406\"><a href=\"https:\/\/www.ausros.vilniausr.lm.lt\/?page_id=4403\">Planavimas<\/a><\/li>\n\t<\/ul>\n<\/li>\n\t<li id=\"menu-item-795\" class=\"menu-item menu-item-type-post_type menu-item-object-page menu-item-795\"><a href=\"https:\/\/www.ausros.vilniausr.lm.lt\/?page_id=235\">Atostogos, pusme\u010di\u0173 grafikas<\/a><\/li>\n\t<li id=\"menu-item-794\" class=\"menu-item menu-item-type-post_type menu-item-object-page menu-item-794\"><a href=\"https:\/\/www.ausros.vilniausr.lm.lt\/?page_id=239\">Tvarkara\u0161\u010diai<\/a><\/li>\n<\/ul>\n<\/li>\n<li id=\"menu-item-75\" class=\"menu-item menu-item-type-post_type menu-item-object-page menu-item-75\"><a href=\"https:\/\/www.ausros.vilniausr.lm.lt\/?page_id=65\">Nuorodos<\/a><\/li>\n<li id=\"menu-item-5063\" class=\"menu-item menu-item-type-post_type menu-item-object-page menu-item-5063\"><a href=\"https:\/\/www.ausros.vilniausr.lm.lt\/?page_id=5061\">Atviri duomenys<\/a><\/li>\n<\/ul><\/div><\/div>","protected":false},"excerpt":{"rendered":"","protected":false},"author":3,"featured_media":0,"parent":0,"menu_order":0,"comment_status":"closed","ping_status":"closed","template":"","meta":{"footnotes":""},"class_list":["post-6319","page","type-page","status-publish","hentry"],"_links":{"self":[{"href":"https:\/\/www.ausros.vilniausr.lm.lt\/index.php?rest_route=\/wp\/v2\/pages\/6319","targetHints":{"allow":["GET"]}}],"collection":[{"href":"https:\/\/www.ausros.vilniausr.lm.lt\/index.php?rest_route=\/wp\/v2\/pages"}],"about":[{"href":"https:\/\/www.ausros.vilniausr.lm.lt\/index.php?rest_route=\/wp\/v2\/types\/page"}],"author":[{"embeddable":true,"href":"https:\/\/www.ausros.vilniausr.lm.lt\/index.php?rest_route=\/wp\/v2\/users\/3"}],"replies":[{"embeddable":true,"href":"https:\/\/www.ausros.vilniausr.lm.lt\/index.php?rest_route=%2Fwp%2Fv2%2Fcomments&post=6319"}],"version-history":[{"count":2,"href":"https:\/\/www.ausros.vilniausr.lm.lt\/index.php?rest_route=\/wp\/v2\/pages\/6319\/revisions"}],"predecessor-version":[{"id":6323,"href":"https:\/\/www.ausros.vilniausr.lm.lt\/index.php?rest_route=\/wp\/v2\/pages\/6319\/revisions\/6323"}],"wp:attachment":[{"href":"https:\/\/www.ausros.vilniausr.lm.lt\/index.php?rest_route=%2Fwp%2Fv2%2Fmedia&parent=6319"}],"curies":[{"name":"wp","href":"https:\/\/api.w.org\/{rel}","templated":true}]}}