{"id":6355,"date":"2022-10-13T06:50:40","date_gmt":"2022-10-13T06:50:40","guid":{"rendered":"http:\/\/www.ausrosgimnazija.kalveliai.vilniausr.lm.lt\/?page_id=6355"},"modified":"2023-03-02T06:46:05","modified_gmt":"2023-03-02T06:46:05","slug":"es-projektai","status":"publish","type":"page","link":"https:\/\/www.ausros.vilniausr.lm.lt\/?page_id=6355","title":{"rendered":"ES projektai"},"content":{"rendered":"\n<p><strong>Europos S\u0105jungos strukt\u016brini\u0173 fond\u0173 parama mokyklai<\/strong><strong><\/strong><\/p>\n\n\n\n<p><strong>2014\u20132020 m. Europos S\u0105jungos investicijos <\/strong><\/p>\n\n\n\n<p><a href=\"https:\/\/www.esinvesticijos.lt\">https:\/\/www.esinvesticijos.lt<\/a><\/p>\n\n\n\n<h2 class=\"wp-block-heading\"><strong>Projektas \u201eKokyb\u0117s krep\u0161elis\u201c <\/strong><\/h2>\n\n\n\n<p>Gimnazija 2019\u20132023 m. dalyvauja Europos socialinio fondo finansuojamame 2014\u20132020 met\u0173 Europos S\u0105jungos fond\u0173 investicij\u0173 veiksm\u0173 programos 9 prioriteto ,,Visuomen\u0117s \u0161vietimas ir \u017emogi\u0161k\u0173j\u0173 i\u0161tekli\u0173 potencialo didinimas\u201c priemon\u0117s \u201eKokyb\u0117s krep\u0161elis\u201c projekte.<\/p>\n\n\n\n<p><strong>Projekto tikslas<\/strong> \u2013 pagerinti mokini\u0173 ugdymo pasiekimus skatinant poky\u010dius \u0161vietimo \u012fstaigos veikloje.<\/p>\n\n\n\n<p>Daugiau informacijos apie projekto \u201eKokyb\u0117s krep\u0161elis\u201c \u012fgyvendinim\u0105 galima rasti interneto adresu <a href=\"https:\/\/www.nsa.smm.lt\/projektai\/ugdymo-projektai\/projektas-kokybes-krepselis\/\">https:\/\/www.nsa.smm.lt\/projektai\/ugdymo-projektai\/projektas-kokybes-krepselis<\/a><\/p>\n\n\n\n<h2 class=\"wp-block-heading\"><strong>Projektas \u201eMokykl\u0173 apr\u016bpinimas gamtos ir technologini\u0173 moksl\u0173 priemon\u0117mis\u201c<\/strong><\/h2>\n\n\n\n<p>2017\u20132021 m. gimnazija dalyvavo Europos regionin\u0117s pl\u0117tros fondo finansuojamame 2014\u20132020 met\u0173 Europos S\u0105jungos fond\u0173 investicij\u0173 veiksm\u0173 programos 9 prioriteto ,,Visuomen\u0117s \u0161vietimas ir \u017emogi\u0161k\u0173j\u0173 i\u0161tekli\u0173 potencialo didinimas\u201c priemon\u0117s \u201e\u0160vietimo prieinamumo didinimas\u201c projekte \u201eMokykl\u0173 apr\u016bpinimas gamtos ir technologini\u0173 moksl\u0173 priemon\u0117mis\u201c.<\/p>\n\n\n\n<p>Projekto tikslas \u2013 didinti bendrojo ugdymo \u012fstaig\u0173 tinklo veiklos efektyvum\u0105, modernizuojant gamtos ir technologini\u0173 moksl\u0173 mokymo(si) aplink\u0105.<\/p>\n\n\n\n<p>Projekto \u012fgyvendinimo metu gimnazija buvo apr\u016bpinta pagal 1\u20134 ir 5\u20138 klasi\u0173 mokini\u0173 skai\u010di\u0173 gamtos ir technologini\u0173 moksl\u0173 tiriamosios ir praktin\u0117s veiklos priemoni\u0173 bei \u012frangos komplektais, taip pat kompiuterine \u012franga, reikalinga ugdymo procesui organizuoti nuotoliniu b\u016bdu, o mokytojams buvo sukurta metodin\u0117 med\u017eiaga d\u0117l mokini\u0173 geb\u0117jim\u0173 ugdymo naudojantis projekto metu gautomis mokymo priemon\u0117mis ir \u012franga, kuri\u0105 galima rasti projekto interneto svetain\u0117je ,,Vedlys\u201c <a href=\"https:\/\/www.vedlys.smm.lt\">https:\/\/www.vedlys.smm.lt<\/a>&nbsp;&nbsp;<\/p>\n\n\n\n<p>Daugiau informacijos apie projekto \u201eMokykl\u0173 apr\u016bpinimas gamtos ir technologini\u0173 moksl\u0173 priemon\u0117mis\u201c \u012fgyvendinim\u0105 galima rasti interneto adresu <a href=\"https:\/\/www.nsa.smm.lt\/ugdymo-turinio-departamentas\/projektai\/projektas-mokyklu-aprupinimas-gamtos-ir-technologiniu-mokslu-priemonemis-nr-09-1-3-cpva-v-704-02-0001\">https:\/\/www.nsa.smm.lt\/ugdymo-turinio-departamentas\/projektai\/projektas-mokyklu-aprupinimas-gamtos-ir-technologiniu-mokslu-priemonemis-nr-09-1-3-cpva-v-704-02-0001<\/a><\/p>\n\n\n\n<p><a href=\"https:\/\/www.ausrosgimnazija.kalveliai.vilniausr.lm.lt\/?page_id=1263\">Daugiau apie projekt\u0105<\/a><\/p>\n\n\n\n<h2 class=\"wp-block-heading\"><strong>Projektas ,,Bendrojo lavinimo mokykl\u0173 modernizavimas\u201c<\/strong><\/h2>\n\n\n\n<p>2009\u20132013 m. gimnazija dalyvavo Europos regionin\u0117s pl\u0117tros fondo finansuojamos 2007\u20132013 met\u0173 Sanglaudos skatinimo veiksm\u0173 programos 2 prioriteto \u201eVie\u0161\u0173j\u0173 paslaug\u0173 kokyb\u0117 ir prieinamumas: sveikatos, \u0161vietimo ir socialin\u0117 infrastrukt\u016bra\u201c priemon\u0117s \u201eBendrojo lavinimo mokykl\u0173 modernizavimas\u201c projekte ,,Bendrojo lavinimo mokykl\u0173 modernizavimas\u201c, \u012fgyvendinant ,,Mokykl\u0173 tobulinimo program\u0105 plius\u201c (MTP+).<\/p>\n\n\n\n<h2 class=\"wp-block-heading\"><strong>Projektas \u201eTechnologij\u0173, men\u0173 ir gamtos moksl\u0173 infrastrukt\u016bra\u201c<\/strong><\/h2>\n\n\n\n<p>2009\u20132013 m. gimnazija dalyvavo Europos regionin\u0117s pl\u0117tros fondo finansuojamos 2007\u20132013 met\u0173 Sanglaudos skatinimo veiksm\u0173 programos 2 prioriteto \u201eVie\u0161\u0173j\u0173 paslaug\u0173 kokyb\u0117 ir prieinamumas: sveikatos, \u0161vietimo ir socialin\u0117 infrastrukt\u016bra\u201c priemon\u0117s \u201eTechnologij\u0173, gamtos moksl\u0173, men\u0173 ir kit\u0173 moksl\u0173 mokymo infrastrukt\u016bros mokyklose pritaikymas ir atnaujinimas\u201c projekte ,,Technologij\u0173, men\u0173 ir gamtos moksl\u0173 infrastrukt\u016bra\u201c, \u012fgyvendinant ,,Mokykl\u0173 tobulinimo program\u0105 plius\u201c (MTP+).<\/p>\n\n\n\n<p>Atnaujinta: 2022-09-01<\/p>\n","protected":false},"excerpt":{"rendered":"<p>Europos S\u0105jungos strukt\u016brini\u0173 fond\u0173 parama mokyklai 2014\u20132020 m. Europos S\u0105jungos investicijos https:\/\/www.esinvesticijos.lt Projektas \u201eKokyb\u0117s krep\u0161elis\u201c Gimnazija 2019\u20132023 m. dalyvauja Europos socialinio fondo finansuojamame 2014\u20132020 met\u0173 Europos S\u0105jungos fond\u0173 investicij\u0173 veiksm\u0173 programos 9 prioriteto ,,Visuomen\u0117s \u0161vietimas ir \u017emogi\u0161k\u0173j\u0173 i\u0161tekli\u0173 potencialo didinimas\u201c <a href=\"https:\/\/www.ausros.vilniausr.lm.lt\/?page_id=6355\" class=\"read-more\">Daugiau &#8230;<\/a><\/p>\n","protected":false},"author":3,"featured_media":0,"parent":0,"menu_order":0,"comment_status":"closed","ping_status":"closed","template":"","meta":{"footnotes":""},"class_list":["post-6355","page","type-page","status-publish","hentry"],"_links":{"self":[{"href":"https:\/\/www.ausros.vilniausr.lm.lt\/index.php?rest_route=\/wp\/v2\/pages\/6355","targetHints":{"allow":["GET"]}}],"collection":[{"href":"https:\/\/www.ausros.vilniausr.lm.lt\/index.php?rest_route=\/wp\/v2\/pages"}],"about":[{"href":"https:\/\/www.ausros.vilniausr.lm.lt\/index.php?rest_route=\/wp\/v2\/types\/page"}],"author":[{"embeddable":true,"href":"https:\/\/www.ausros.vilniausr.lm.lt\/index.php?rest_route=\/wp\/v2\/users\/3"}],"replies":[{"embeddable":true,"href":"https:\/\/www.ausros.vilniausr.lm.lt\/index.php?rest_route=%2Fwp%2Fv2%2Fcomments&post=6355"}],"version-history":[{"count":8,"href":"https:\/\/www.ausros.vilniausr.lm.lt\/index.php?rest_route=\/wp\/v2\/pages\/6355\/revisions"}],"predecessor-version":[{"id":7695,"href":"https:\/\/www.ausros.vilniausr.lm.lt\/index.php?rest_route=\/wp\/v2\/pages\/6355\/revisions\/7695"}],"wp:attachment":[{"href":"https:\/\/www.ausros.vilniausr.lm.lt\/index.php?rest_route=%2Fwp%2Fv2%2Fmedia&parent=6355"}],"curies":[{"name":"wp","href":"https:\/\/api.w.org\/{rel}","templated":true}]}}