{"id":64,"date":"2019-08-31T12:07:46","date_gmt":"2019-08-31T12:07:46","guid":{"rendered":"http:\/\/localhost:8080\/wordpress\/?page_id=64"},"modified":"2025-03-27T16:54:08","modified_gmt":"2025-03-27T16:54:08","slug":"asmens-duomenu-apsauga","status":"publish","type":"page","link":"https:\/\/www.ausros.vilniausr.lm.lt\/?page_id=64","title":{"rendered":"Asmens duomen\u0173 apsauga"},"content":{"rendered":"\n<p class=\"has-text-align-center\"><strong>Vilniaus r. Kalveli\u0173 \u201eAu\u0161ros\u201c gimnazijos Duomen\u0173\napsaugos pareig\u016bnas<\/strong><\/p>\n\n\n\n<p>\u012egyvendinant Bendrojo duomen\u0173 apsaugos reglamento reikalavimus Vilniaus r. Kalveli\u0173 \u201eAu\u0161ros\u201c gimnazijos Duomen\u0173 apsaugos pareig\u016bnu paskirtas informacini\u0173 technologij\u0173 mokytojas <strong>Dmitrij Truk\u0161in<\/strong><br><\/p>\n\n\n\n<p>Duomen\u0173 apsaugos pareig\u016bnas vykdo u\u017eduotis vadovaujantis 2016 m. baland\u017eio 27 d. patvirtinto Europos Parlamento ir Tarybos reglamento (ES) Nr. 2016\/679 39 straipsniu. &nbsp;<\/p>\n\n\n\n<p>Duomen\u0173 apsaugos pareig\u016bnas, vykdydamas savo u\u017eduotis, tinkamai \u012fvertina gimnazijoje su duomen\u0173 tvarkymo operacijomis susijus\u012f pavoj\u0173, atsi\u017evelgdamas \u012f duomen\u0173 tvarkymo pob\u016bd\u012f, apr\u0117pt\u012f, kontekst\u0105 ir tikslus. <br><\/p>\n\n\n\n<p>Asmenys (duomen\u0173 subjektai) visais klausimais, susijusiais su j\u0173 asmens duomen\u0173 tvarkymu ir naudojimusi savo teis\u0117mis pagal Bendr\u0105j\u012f duomen\u0173 apsaugos reglament\u0105, gali kreiptis \u012f Vilniaus r. Kalveli\u0173 \u201eAu\u0161ros\u201c gimnazijos duomen\u0173 apsaugos pareig\u016bn\u0105 \u2013 informatikos mokytoj\u0105, <strong>Dmitrij\u0173 Truk\u0161in\u0105<\/strong>, tel. (8 5) 495179, el. pa\u0161to adresu: duomenu.apsauga@ausros.vilniausr.lm.lt , Margi\u0173 g. 1a, Kalveli\u0173 k., Vilniaus r.<\/p>\n\n\n\n<hr class=\"wp-block-separator has-css-opacity\"\/>\n\n\n\n<div class=\"wp-block-file\"><a id=\"wp-block-file--media-c4991ff3-cdcf-4dad-9412-ce9f236f09cd\" href=\"http:\/\/www.ausrosgimnazija.kalveliai.vilniausr.lm.lt\/wp-content\/uploads\/2022\/04\/DARBUOTOJ\u0172-ASMENS-DUOMEN\u0172-SAUGOJIMO-POLITIKA.pdf\">DARBUOTOJ\u0172 ASMENS DUOMEN\u0172 SAUGOJIMO POLITIKA<\/a><\/div>\n\n\n\n<div class=\"wp-block-file\"><a id=\"wp-block-file--media-ba1fb92a-704b-4829-a2ad-e44a32da2d2a\" href=\"https:\/\/www.ausrosgimnazija.kalveliai.vilniausr.lm.lt\/wp-content\/uploads\/2022\/11\/Privatumo-politika.pdf\">PRIVATUMO POLITIKA<\/a><\/div>\n\n\n\n<div class=\"wp-block-file\"><a id=\"wp-block-file--media-f760a3a8-e0f7-4f59-ad2e-dd4681033f91\" href=\"https:\/\/www.ausrosgimnazija.kalveliai.vilniausr.lm.lt\/wp-content\/uploads\/2024\/11\/7-Priedas-Vaizdo-duomenu-tvarkymo-taisykles-2.pdf\" target=\"_blank\" rel=\"noreferrer noopener\">VAIZDO DUOMEN\u0172 TVARKYMO TAISYKL\u0116S<\/a><\/div>\n\n\n\n<div class=\"wp-block-file\"><a id=\"wp-block-file--media-e0206aa0-e414-4f0d-9413-e123d5a858cf\" href=\"http:\/\/www.ausrosgimnazija.kalveliai.vilniausr.lm.lt\/wp-content\/uploads\/2022\/04\/INFORMACINI\u0172-IR-KOMUNIKACINI\u0172-TECHNOLOGIJ\u0172-NAUDOJIMO-BEI-DARBUOTOJ\u0172-STEB\u0116SENOS-IR-KONTROL\u0116S-DARBO-VIETOJE-TVARKOS-APRA\u0160AS.pdf\">INFORMACINI\u0172 IR KOMUNIKACINI\u0172 TECHNOLOGIJ\u0172 NAUDOJIMO BEI DARBUOTOJ\u0172 STEB\u0116SENOS IR KONTROL\u0116S DARBO VIETOJE TVARKOS APRA\u0160AS<\/a><\/div>\n\n\n\n<div class=\"wp-block-file\"><a id=\"wp-block-file--media-d9adc095-803d-4e5d-b1fe-2c900bd8ea3a\" href=\"https:\/\/www.ausrosgimnazija.kalveliai.vilniausr.lm.lt\/wp-content\/uploads\/2024\/11\/15-Priedas-Duomenu-subjektu-teisiu-igyvendinimo-tvarka-2-1.pdf\" target=\"_blank\" rel=\"noreferrer noopener\">DUOMEN\u0172 SUBJEKT\u0172 TEISI\u0172 \u012eGYVENDINIMO TVARKA<\/a><\/div>\n\n\n\n<div class=\"wp-block-file\"><a id=\"wp-block-file--media-29a3eb74-6ebe-4e21-9a2f-aee419f96a69\" href=\"http:\/\/www.ausrosgimnazija.kalveliai.vilniausr.lm.lt\/wp-content\/uploads\/2022\/01\/Pareigybi\u0173-s\u0105ra\u0161as.pdf\">PAREIGYBI\u0172 S\u0104RA\u0160AS<\/a><\/div>\n\n\n\n<p><strong>Asmens duomen\u0173 apsaug\u0105 reglamentuojantys teis\u0117s aktai<\/strong><strong><\/strong><\/p>\n\n\n\n<p><a href=\"https:\/\/mail.vrsa.lt\/owa\/redir.aspx?C=1t2UQgOUtnhLKaSfoDKik1aVGKbMSdw2dmsrplzhaPxtRsTv5yXaCA..&amp;URL=http%3a%2f%2fwww2020.vu.lt%2fwp-content%2fuploads%2f2020%2f02%2fBendrasis-asmens-duomenu-apsaugos-reglamentas.pdf\" target=\"_blank\" rel=\"noreferrer noopener\">Bendrasis duomen\u0173 apsaugos reglamentas<\/a>&nbsp;(BDAR)<\/p>\n\n\n\n<p><a href=\"https:\/\/eur-lex.europa.eu\/legal-content\/LT\/TXT\/PDF\/?uri=CELEX:32016R0679&amp;from=LT\">https:\/\/eur-lex.europa.eu\/legal-content\/LT\/TXT\/PDF\/?uri=CELEX:32016R0679&amp;from=LT<\/a><\/p>\n\n\n\n<p><a href=\"https:\/\/mail.vrsa.lt\/owa\/redir.aspx?C=TY870CFcZQq5N6IVgvf7RKilK5CN9wLbBX1fXn9vjV5tRsTv5yXaCA..&amp;URL=http%3a%2f%2fwww2020.vu.lt%2fwp-content%2fuploads%2f2020%2f02%2fLR-asmens-duomenu-teisines-apsaugos-istatymas.pdf\" target=\"_blank\" rel=\"noreferrer noopener\">Lietuvos Respublikos asmens duomen\u0173 teisin\u0117s apsaugos \u012fstatymas<\/a><\/p>\n\n\n\n<p><a href=\"https:\/\/www.e-tar.lt\/portal\/lt\/legalActEditions\/TAR.5368B592234C?faces-redirect=true\">https:\/\/www.e-tar.lt\/portal\/lt\/legalActEditions\/TAR.5368B592234C?faces-redirect=true<\/a><\/p>\n\n\n\n<p>U\u017e Bendrojo duomen\u0173 apsaugos reglamento (BDAR) taikymo steb\u0117sen\u0105 Lietuvos Respublikoje atsakinga Valstybin\u0117 asmens duomen\u0173 apsaugos inspekcija <a href=\"https:\/\/vdai.lrv.lt\">https:\/\/vdai.lrv.lt<\/a><\/p>\n\n\n\n<p>Atmintin\u0117 asmenims, ketinantiems kreiptis \u012f Valstybin\u0119 duomen\u0173 apsaugos inspekcij\u0105 <a href=\"https:\/\/vdai.lrv.lt\/atmintine-asmenims-ketinantiems-kreiptis-i-valstybine-duomenu-apsaugos-inspekcija-del-skundo-pateikimo\">https:\/\/vdai.lrv.lt\/atmintine-asmenims-ketinantiems-kreiptis-i-valstybine-duomenu-apsaugos-inspekcija-del-skundo-pateikimo<\/a><\/p>\n\n\n\n<hr class=\"wp-block-separator has-alpha-channel-opacity\"\/>\n\n\n\n<p>Atnaujinta: 2022-09-01<\/p>\n","protected":false},"excerpt":{"rendered":"<p>Vilniaus r. Kalveli\u0173 \u201eAu\u0161ros\u201c gimnazijos Duomen\u0173 apsaugos pareig\u016bnas \u012egyvendinant Bendrojo duomen\u0173 apsaugos reglamento reikalavimus Vilniaus r. Kalveli\u0173 \u201eAu\u0161ros\u201c gimnazijos Duomen\u0173 apsaugos pareig\u016bnu paskirtas informacini\u0173 technologij\u0173 mokytojas Dmitrij Truk\u0161in Duomen\u0173 apsaugos pareig\u016bnas vykdo u\u017eduotis vadovaujantis 2016 m. baland\u017eio 27 d. patvirtinto <a href=\"https:\/\/www.ausros.vilniausr.lm.lt\/?page_id=64\" class=\"read-more\">Daugiau &#8230;<\/a><\/p>\n","protected":false},"author":3,"featured_media":0,"parent":0,"menu_order":0,"comment_status":"closed","ping_status":"closed","template":"","meta":{"footnotes":""},"class_list":["post-64","page","type-page","status-publish","hentry"],"_links":{"self":[{"href":"https:\/\/www.ausros.vilniausr.lm.lt\/index.php?rest_route=\/wp\/v2\/pages\/64","targetHints":{"allow":["GET"]}}],"collection":[{"href":"https:\/\/www.ausros.vilniausr.lm.lt\/index.php?rest_route=\/wp\/v2\/pages"}],"about":[{"href":"https:\/\/www.ausros.vilniausr.lm.lt\/index.php?rest_route=\/wp\/v2\/types\/page"}],"author":[{"embeddable":true,"href":"https:\/\/www.ausros.vilniausr.lm.lt\/index.php?rest_route=\/wp\/v2\/users\/3"}],"replies":[{"embeddable":true,"href":"https:\/\/www.ausros.vilniausr.lm.lt\/index.php?rest_route=%2Fwp%2Fv2%2Fcomments&post=64"}],"version-history":[{"count":33,"href":"https:\/\/www.ausros.vilniausr.lm.lt\/index.php?rest_route=\/wp\/v2\/pages\/64\/revisions"}],"predecessor-version":[{"id":11800,"href":"https:\/\/www.ausros.vilniausr.lm.lt\/index.php?rest_route=\/wp\/v2\/pages\/64\/revisions\/11800"}],"wp:attachment":[{"href":"https:\/\/www.ausros.vilniausr.lm.lt\/index.php?rest_route=%2Fwp%2Fv2%2Fmedia&parent=64"}],"curies":[{"name":"wp","href":"https:\/\/api.w.org\/{rel}","templated":true}]}}