{"id":65,"date":"2019-08-31T12:07:46","date_gmt":"2019-08-31T12:07:46","guid":{"rendered":"http:\/\/localhost:8080\/wordpress\/?page_id=65"},"modified":"2023-05-18T07:47:06","modified_gmt":"2023-05-18T07:47:06","slug":"nuorodos","status":"publish","type":"page","link":"https:\/\/www.ausros.vilniausr.lm.lt\/?page_id=65","title":{"rendered":"Nuorodos"},"content":{"rendered":"\n<p><strong>Elektroninis dienynas <\/strong><\/p>\n\n\n\n<p> <a href=\"https:\/\/www.tamo.lt\">https:\/\/www.tamo.lt<\/a> , <a href=\"https:\/\/www.manodienynas.lt\">https:\/\/www.manodienynas.lt<\/a> <\/p>\n\n\n\n<p><strong>Skaitmenin\u0117 mokymosi aplinka <\/strong><\/p>\n\n\n\n<p><a href=\"https:\/\/www.eduka.lt\">https:\/\/www.eduka.lt<\/a> , <a href=\"https:\/\/emapamokos.lt\">https:\/\/emapamokos.lt<\/a> , <a href=\"https:\/\/egzaminatorius.lt\">https:\/\/egzaminatorius.lt<\/a> <\/p>\n\n\n\n<p><strong>Vilniaus rajono registracija \u012f ikimokyklinio ir prie\u0161mokyklinio ugdymo grupes&nbsp; <\/strong><\/p>\n\n\n\n<p><a href=\"https:\/\/www.registruok.lt\/go.php\/VILNIAUS-RAJONO-SAVIVALDYBE19015221898\">https:\/\/www.registruok.lt\/go.php\/vilniaus-rajono-savivaldybe19015221898<\/a><\/p>\n\n\n\n<p><strong>Vilniaus rajono savivaldyb\u0117<\/strong> <\/p>\n\n\n\n<p><a href=\"http:\/\/www.vrsa.lt\">www.vrsa.lt<\/a><\/p>\n\n\n\n<p><strong>Vilniaus rajono pedagogin\u0117 psichologin\u0117 tarnyba <\/strong><\/p>\n\n\n\n<p><a href=\"https:\/\/ppt.vrsa.lt\">https:\/\/ppt.vrsa.lt<\/a><\/p>\n\n\n\n<p><strong>Vilniaus visuomen\u0117s sveikatos biuras<\/strong> <\/p>\n\n\n\n<p><a href=\"https:\/\/www.vilniussveikiau.lt\">https:\/\/www.vilniussveikiau.lt<\/a><\/p>\n\n\n\n<p><strong>Vilniaus rajono centrin\u0117 poliklinika<\/strong> <\/p>\n\n\n\n<p><a href=\"https:\/\/www.vrcp.lt\">https:\/\/www.vrcp.lt<\/a><\/p>\n\n\n\n<p><strong>Vaiko raidos centras<\/strong> <\/p>\n\n\n\n<p><a href=\"http:\/\/www.vaikuligonine.lt\/category\/centrai\/vaiko-raidos-centras\/\">http:\/\/www.vaikuligonine.lt\/category\/centrai\/vaiko-raidos-centras\/<\/a><\/p>\n\n\n\n<p><strong>Vilniaus rajono savivaldyb\u0117s centrin\u0117 biblioteka<\/strong> <\/p>\n\n\n\n<p><a href=\"https:\/\/vrscb.lt\/\">https:\/\/vrscb.lt<\/a>&nbsp;&nbsp; &nbsp;<\/p>\n\n\n\n<p><strong>\u0160vietimo, mokslo&nbsp;ir sporto&nbsp;ministerija<\/strong> <\/p>\n\n\n\n<p><a href=\"https:\/\/smsm.lrv.lt\/\">https:\/\/smsm.lrv.lt<\/a><\/p>\n\n\n\n<p><strong>(Naujas \u0160MSM logotipas su ministerijos pavadinimo trumpiniu \u0160MSM yra pagrindinis, jo variantus galima atsisi\u0173sti i\u0161 \u010dia<\/strong> <a href=\"https:\/\/smsm.lrv.lt\/smsm-logotipas\">https:\/\/smsm.lrv.lt\/smsm-logotipas<\/a> )<\/p>\n\n\n\n<p><strong>Nacionalin\u0117 \u0161vietimo agent\u016bra<\/strong>&nbsp;<\/p>\n\n\n\n<p><a rel=\"noreferrer noopener\" href=\"http:\/\/www.nsa.smm.lt\/\" target=\"_blank\">www.nsa.smm.lt<\/a><\/p>\n\n\n\n<p><strong>\u0160vietimo portalas emokykla<\/strong> <\/p>\n\n\n\n<p><a href=\"http:\/\/www.emokykla.lt\">www.emokykla.lt<\/a><\/p>\n\n\n\n<p><strong>Atvira informavimo, konsultavimo ir orientavimo sistema<\/strong> <\/p>\n\n\n\n<p><a href=\"http:\/\/www.aikos.smm.lt\">www.aikos.smm.lt<\/a><\/p>\n\n\n\n<p><strong>\u0160vietimo main\u0173 paramos fondas<\/strong> <\/p>\n\n\n\n<p><a href=\"https:\/\/www.smpf.lt\/lt\">https:\/\/www.smpf.lt\/lt<\/a><\/p>\n\n\n\n<p><strong>Lyderi\u0173 laikas<\/strong> <\/p>\n\n\n\n<p><a href=\"http:\/\/www.lyderiulaikas.smm.lt\">http:\/\/www.lyderiulaikas.smm.lt<\/a><\/p>\n\n\n\n<p><strong>Mokykl\u0173 tobulinimo centras<\/strong> <\/p>\n\n\n\n<p><a href=\"https:\/\/www.mtc.lt\">https:\/\/www.mtc.lt<\/a><\/p>\n\n\n\n<p><strong>\u0160vietimo naujien\u0173 portalas<\/strong> <\/p>\n\n\n\n<p><a href=\"https:\/\/tinklas.lt\">https:\/\/tinklas.lt<\/a><\/p>\n\n\n\n<p><strong>Ikimokyklinio ugdymo portalas<\/strong> <\/p>\n\n\n\n<p><a href=\"https:\/\/www.ikimokyklinis.lt\">https:\/\/www.ikimokyklinis.lt<\/a><\/p>\n\n\n\n<p><strong>\u0160vietimo naujienos<\/strong> <\/p>\n\n\n\n<p><a href=\"https:\/\/www.svietimonaujienos.lt\">https:\/\/www.svietimonaujienos.lt<\/a><\/p>\n\n\n\n<p><strong>Valstybin\u0117 lietuvi\u0173 kalbos komisija<\/strong> <\/p>\n\n\n\n<p><a href=\"http:\/\/www.vlkk.lt\">http:\/\/www.vlkk.lt<\/a> &nbsp;<\/p>\n\n\n\n<p><strong>Lietuvos vaik\u0173 ir jaunimo centras (LVJC)<\/strong> <\/p>\n\n\n\n<p><a href=\"https:\/\/lvjc.lt\">https:\/\/lvjc.lt<\/a><\/p>\n\n\n\n<p><strong>Lietuvos mokini\u0173 neformaliojo \u0161vietimo centras (LMN\u0160C)<\/strong> <\/p>\n\n\n\n<p><a href=\"https:\/\/www.lmnsc.lt\">https:\/\/www.lmnsc.lt<\/a><\/p>\n\n\n\n<p><strong>Kult\u016bros pasas<\/strong> <\/p>\n\n\n\n<p><a href=\"https:\/\/lrkm.lrv.lt\/lt\/veikla\/kulturos-pasas\/kulturos-pasas-1\">https:\/\/lrkm.lrv.lt\/lt\/veikla\/kulturos-pasas\/kulturos-pasas-1<\/a><\/p>\n\n\n\n<p><strong>Lietuvos moksleivi\u0173 s\u0105junga<\/strong> <\/p>\n\n\n\n<p><a href=\"https:\/\/www.moksleiviai.lt\">https:\/\/www.moksleiviai.lt<\/a><\/p>\n\n\n\n<p><strong>Valstyb\u0117s vaiko teisi\u0173 apsaugos ir \u012fvaikinimo tarnyba<\/strong> <\/p>\n\n\n\n<p><a href=\"https:\/\/vaikoteises.lt\">https:\/\/vaikoteises.lt<\/a><\/p>\n\n\n\n<p><strong>Lietuvos Respublikos vaiko teisi\u0173 apsaugos kontrolieriaus \u012fstaiga<\/strong><\/p>\n\n\n\n<p> <a href=\"http:\/\/vtaki.lt\">http:\/\/vtaki.lt<\/a><\/p>\n\n\n\n<p><strong>Socialin\u0117s paramos \u0161eimai informacin\u0117 sistema (SPIS)<\/strong> <\/p>\n\n\n\n<p><a href=\"https:\/\/www.spis.lt\">https:\/\/www.spis.lt<\/a><\/p>\n\n\n\n<p><strong>Lietuvos auk\u0161t\u0173j\u0173 mokykl\u0173 asociacija bendrajam pri\u0117mimui organizuoti (LAMA BPO) <\/strong><a href=\"https:\/\/bakalauras.lamabpo.lt\">https:\/\/bakalauras.lamabpo.lt<\/a><\/p>\n\n\n\n<h2 class=\"wp-block-heading\">Pagalba skirtingais gyvenimo atvejais:<\/h2>\n\n\n\n<p><strong>Be paty\u010di\u0173<\/strong> <a rel=\"noreferrer noopener\" href=\"http:\/\/www.bepatyciu.lt\/\" target=\"_blank\">www.bepatyciu.lt<\/a><\/p>\n\n\n\n<p><strong>Vaik\u0173 linija<\/strong> <a href=\"https:\/\/www.vaikulinija.lt\">https:\/\/www.vaikulinija.lt<\/a><\/p>\n\n\n\n<p><strong>Paty\u010di\u0173 d\u0117\u017eut\u0117<\/strong> <a href=\"https:\/\/patyciudezute.lt\">https:\/\/patyciudezute.lt<\/a><\/p>\n\n\n\n<p><strong>Pagalbos vaikams linija<\/strong> <a href=\"https:\/\/pagalbavaikams.lt\">https:\/\/pagalbavaikams.lt<\/a><\/p>\n\n\n\n<p><strong>Jaunimo linija<\/strong> <a href=\"https:\/\/www.jaunimolinija.lt\">https:\/\/www.jaunimolinija.lt<\/a><\/p>\n\n\n\n<p><strong>T\u0117v\u0173 linija<\/strong> <a href=\"https:\/\/pvc.lt\/tevu-linija\/apie-projekta\/\">https:\/\/pvc.lt\/tevu-linija\/apie-projekta\/<\/a><\/p>\n\n\n\n<p><strong>Vis\u0173 reikalas<\/strong> <a href=\"https:\/\/www.visureikalas.lt\">https:\/\/www.visureikalas.lt<\/a><\/p>\n\n\n\n<p><strong>Tu ne vienas <\/strong><a href=\"http:\/\/tunevienas.lt\">http:\/\/tunevienas.lt<\/a><\/p>\n\n\n\n<p><strong>Tu esi <\/strong><a href=\"https:\/\/tuesi.lt\">https:\/\/tuesi.lt<\/a><\/p>\n\n\n\n<p><strong>Paramos vaikams centras<\/strong> <a href=\"https:\/\/pvc.lt\/\">https:\/\/pvc.lt\/<\/a><\/p>\n\n\n\n<p><strong>Pagalbos linijos<\/strong> <a href=\"https:\/\/pagalbasau.lt\/pagalbos-linijos\">https:\/\/pagalbasau.lt\/pagalbos-linijos<\/a><\/p>\n\n\n\n<p><strong>Bendrasis pagalbos centras<\/strong> <a href=\"https:\/\/112.lt\">https:\/\/112.lt<\/a><\/p>\n\n\n\n<p><strong>Civilin\u0117 sauga<\/strong> <a href=\"https:\/\/www.lt72.lt\">https:\/\/www.lt72.lt<\/a><\/p>\n\n\n\n<p><strong>Narkotik\u0173, tabako ir alkoholio kontrol\u0117s departamentas<\/strong> <a href=\"https:\/\/ntakd.lrv.lt\">https:\/\/ntakd.lrv.lt<\/a><\/p>\n\n\n\n<p><strong>A\u0161 kriti\u0161kas<\/strong> <a href=\"https:\/\/askritiskas.lt\">https:\/\/askritiskas.lt<\/a><\/p>\n\n\n\n<p><strong>Draugi\u0161kas internetas<\/strong> <a href=\"https:\/\/www.draugiskasinternetas.lt\">https:\/\/www.draugiskasinternetas.lt<\/a><\/p>\n\n\n\n<p><strong>Saugumas elektronin\u0117je erdv\u0117je<\/strong> <a href=\"https:\/\/www.esaugumas.lt\">https:\/\/www.esaugumas.lt<\/a><\/p>\n\n\n\n<p><strong>U\u017e saugi\u0105 Lietuv\u0105<\/strong> <a href=\"http:\/\/uzsaugialietuva.lt\/\">http:\/\/uzsaugialietuva.lt\/<\/a><\/p>\n\n\n\n<p><strong>Teis\u0117s akt\u0173 registras<\/strong> <a href=\"http:\/\/www.e-tar.lt\">www.e-tar.lt<\/a>&nbsp;<\/p>\n\n\n\n<p><strong>Lietuvos Respublikos Seimo teis\u0117s aktai<\/strong> <a href=\"https:\/\/e-seimas.lrs.lt\">https:\/\/e-seimas.lrs.lt<\/a> <\/p>\n\n\n\n<p><strong>Elektroniniai vald\u017eios vartai<\/strong> <a href=\"https:\/\/www.epaslaugos.lt\">https:\/\/www.epaslaugos.lt<\/a><\/p>\n\n\n\n<p><strong>Aktualiausia informacija d\u0117l pagalbos nukent\u0117jusiems asmenims<\/strong> <a href=\"https:\/\/socmin.lrv.lt\/lt\/veiklos-sritys\/socialine-integracija\/pagalba-nuo-nusikalstamos-veikos-nukentejusiems-asmenims\">https:\/\/socmin.lrv.lt\/lt\/veiklos-sritys\/socialine-integracija\/pagalba-nuo-nusikalstamos-veikos-nukentejusiems-asmenims<\/a><\/p>\n\n\n\n<p>\u00a0<strong>K\u0105 turi \u017einoti nukent\u0117j\u0119s asmuo?<\/strong> &#8211; <a href=\"https:\/\/socmin.lrv.lt\/lt\/veiklos-sritys\/socialine-integracija\/pagalba-nuo-nusikalstamos-veikos-nukentejusiems-asmenims\/elektroninis-leidinys-ka-turi-zinoti-nukentejes-asmuo\">https:\/\/socmin.lrv.lt\/lt\/veiklos-sritys\/socialine-integracija\/pagalba-nuo-nusikalstamos-veikos-nukentejusiems-asmenims\/elektroninis-leidinys-ka-turi-zinoti-nukentejes-asmuo<\/a><\/p>\n\n\n\n<p><strong>Nemokama ir konfidenciali pagalba nukent\u0117jusiems nuo nusikalstam\u0173 veik\u0173 <\/strong><a href=\"https:\/\/socmin.lrv.lt\/lt\/veiklos-sritys\/socialine-integracija\/pagalba-nuo-nusikalstamos-veikos-nukentejusiems-asmenims\/pagalba-teikiancios-tarnybos-2023-m\">https:\/\/socmin.lrv.lt\/lt\/veiklos-sritys\/socialine-integracija\/pagalba-nuo-nusikalstamos-veikos-nukentejusiems-asmenims\/pagalba-teikiancios-tarnybos-2023-m<\/a><\/p>\n\n\n\n<p>Atnaujinta: 2023-05-01<\/p>\n","protected":false},"excerpt":{"rendered":"<p>Elektroninis dienynas https:\/\/www.tamo.lt , https:\/\/www.manodienynas.lt Skaitmenin\u0117 mokymosi aplinka https:\/\/www.eduka.lt , https:\/\/emapamokos.lt , https:\/\/egzaminatorius.lt Vilniaus rajono registracija \u012f ikimokyklinio ir prie\u0161mokyklinio ugdymo grupes&nbsp; https:\/\/www.registruok.lt\/go.php\/vilniaus-rajono-savivaldybe19015221898 Vilniaus rajono savivaldyb\u0117 www.vrsa.lt Vilniaus rajono pedagogin\u0117 psichologin\u0117 tarnyba https:\/\/ppt.vrsa.lt Vilniaus visuomen\u0117s sveikatos biuras https:\/\/www.vilniussveikiau.lt Vilniaus rajono <a href=\"https:\/\/www.ausros.vilniausr.lm.lt\/?page_id=65\" class=\"read-more\">Daugiau &#8230;<\/a><\/p>\n","protected":false},"author":3,"featured_media":0,"parent":0,"menu_order":0,"comment_status":"closed","ping_status":"closed","template":"","meta":{"footnotes":""},"class_list":["post-65","page","type-page","status-publish","hentry"],"_links":{"self":[{"href":"https:\/\/www.ausros.vilniausr.lm.lt\/index.php?rest_route=\/wp\/v2\/pages\/65","targetHints":{"allow":["GET"]}}],"collection":[{"href":"https:\/\/www.ausros.vilniausr.lm.lt\/index.php?rest_route=\/wp\/v2\/pages"}],"about":[{"href":"https:\/\/www.ausros.vilniausr.lm.lt\/index.php?rest_route=\/wp\/v2\/types\/page"}],"author":[{"embeddable":true,"href":"https:\/\/www.ausros.vilniausr.lm.lt\/index.php?rest_route=\/wp\/v2\/users\/3"}],"replies":[{"embeddable":true,"href":"https:\/\/www.ausros.vilniausr.lm.lt\/index.php?rest_route=%2Fwp%2Fv2%2Fcomments&post=65"}],"version-history":[{"count":19,"href":"https:\/\/www.ausros.vilniausr.lm.lt\/index.php?rest_route=\/wp\/v2\/pages\/65\/revisions"}],"predecessor-version":[{"id":8345,"href":"https:\/\/www.ausros.vilniausr.lm.lt\/index.php?rest_route=\/wp\/v2\/pages\/65\/revisions\/8345"}],"wp:attachment":[{"href":"https:\/\/www.ausros.vilniausr.lm.lt\/index.php?rest_route=%2Fwp%2Fv2%2Fmedia&parent=65"}],"curies":[{"name":"wp","href":"https:\/\/api.w.org\/{rel}","templated":true}]}}