{"id":6548,"date":"2022-10-15T11:41:44","date_gmt":"2022-10-15T11:41:44","guid":{"rendered":"https:\/\/www.ausrosgimnazija.kalveliai.vilniausr.lm.lt\/?page_id=6548"},"modified":"2025-03-06T15:43:38","modified_gmt":"2025-03-06T15:43:38","slug":"mokytoju-taryba-2","status":"publish","type":"page","link":"https:\/\/www.ausros.vilniausr.lm.lt\/?page_id=6548","title":{"rendered":"Mokytoj\u0173 taryba"},"content":{"rendered":"\n<h2 class=\"wp-block-heading has-text-align-center\">Mokytoj\u0173 taryba 2025 M.<\/h2>\n\n\n\n<p>Pirminink\u0117 \u2013&nbsp;Nina Ba\u0161ajevien\u0117, direktoriaus pavaduotoja ugdymui<\/p>\n\n\n\n<p>Pavaduotoja \u2013&nbsp;Gra\u017eina Tama\u0161auskien\u0117, metodin\u0117s tarybos pirminink\u0117<\/p>\n\n\n\n<p>Sekretor\u0117 \u2013&nbsp;&nbsp;An\u017eelika&nbsp;Valiavi\u010dien\u0117,&nbsp;spec. pedagog\u0117&nbsp;<\/p>\n\n\n\n<p>Nariai&nbsp;<\/p>\n\n\n\n<p>Jolanta Pa\u0161utien\u0117, prie\u0161mokyklinio ir pradinio ugdymo metodin\u0117s grup\u0117s pirminink\u0117<\/p>\n\n\n\n<p>Gra\u017eina Subo\u010d, matematinio, gamtamokslinio ir technologinio ugdymo metodin\u0117s grup\u0117s pirminink\u0117<\/p>\n\n\n\n<p>Valentina Fedorovi\u010d, visuomeninio ugdymo, meninio, fizinio ir sveikatos ugdymo grup\u0117s pirminink\u0117.<\/p>\n\n\n\n<p><strong><a href=\"https:\/\/www.ausrosgimnazija.kalveliai.vilniausr.lm.lt\/wp-content\/uploads\/2025\/02\/Mokytoju-T-veiklos-planas2025-2.pdf\">Mokytoj\u0173 tarybos veiklos planas<\/a><\/strong><\/p>\n\n\n\n<p><strong><a href=\"https:\/\/www.ausrosgimnazija.kalveliai.vilniausr.lm.lt\/wp-content\/uploads\/2025\/03\/Mokytoju-tarybos-nuostatai-20241.pdf\">Mokytoj\u0173 tarybos nuostatai<\/a><\/strong><\/p>\n\n\n\n<hr class=\"wp-block-separator has-alpha-channel-opacity\"\/>\n\n\n\n<p>Atnaujinta: 2025-02-25<\/p>\n","protected":false},"excerpt":{"rendered":"<p>Mokytoj\u0173 taryba 2025 M. Pirminink\u0117 \u2013&nbsp;Nina Ba\u0161ajevien\u0117, direktoriaus pavaduotoja ugdymui Pavaduotoja \u2013&nbsp;Gra\u017eina Tama\u0161auskien\u0117, metodin\u0117s tarybos pirminink\u0117 Sekretor\u0117 \u2013&nbsp;&nbsp;An\u017eelika&nbsp;Valiavi\u010dien\u0117,&nbsp;spec. pedagog\u0117&nbsp; Nariai&nbsp; Jolanta Pa\u0161utien\u0117, prie\u0161mokyklinio ir pradinio ugdymo metodin\u0117s grup\u0117s pirminink\u0117 Gra\u017eina Subo\u010d, matematinio, gamtamokslinio ir technologinio ugdymo metodin\u0117s grup\u0117s pirminink\u0117 Valentina <a href=\"https:\/\/www.ausros.vilniausr.lm.lt\/?page_id=6548\" class=\"read-more\">Daugiau &#8230;<\/a><\/p>\n","protected":false},"author":3,"featured_media":0,"parent":0,"menu_order":0,"comment_status":"closed","ping_status":"closed","template":"","meta":{"footnotes":""},"class_list":["post-6548","page","type-page","status-publish","hentry"],"_links":{"self":[{"href":"https:\/\/www.ausros.vilniausr.lm.lt\/index.php?rest_route=\/wp\/v2\/pages\/6548","targetHints":{"allow":["GET"]}}],"collection":[{"href":"https:\/\/www.ausros.vilniausr.lm.lt\/index.php?rest_route=\/wp\/v2\/pages"}],"about":[{"href":"https:\/\/www.ausros.vilniausr.lm.lt\/index.php?rest_route=\/wp\/v2\/types\/page"}],"author":[{"embeddable":true,"href":"https:\/\/www.ausros.vilniausr.lm.lt\/index.php?rest_route=\/wp\/v2\/users\/3"}],"replies":[{"embeddable":true,"href":"https:\/\/www.ausros.vilniausr.lm.lt\/index.php?rest_route=%2Fwp%2Fv2%2Fcomments&post=6548"}],"version-history":[{"count":19,"href":"https:\/\/www.ausros.vilniausr.lm.lt\/index.php?rest_route=\/wp\/v2\/pages\/6548\/revisions"}],"predecessor-version":[{"id":11582,"href":"https:\/\/www.ausros.vilniausr.lm.lt\/index.php?rest_route=\/wp\/v2\/pages\/6548\/revisions\/11582"}],"wp:attachment":[{"href":"https:\/\/www.ausros.vilniausr.lm.lt\/index.php?rest_route=%2Fwp%2Fv2%2Fmedia&parent=6548"}],"curies":[{"name":"wp","href":"https:\/\/api.w.org\/{rel}","templated":true}]}}